{"id":47304,"date":"2025-06-03T17:12:26","date_gmt":"2025-06-03T15:12:26","guid":{"rendered":"https:\/\/www.nagel-group.com\/?page_id=47304"},"modified":"2025-09-02T08:56:33","modified_gmt":"2025-09-02T06:56:33","slug":"kariera","status":"publish","type":"page","link":"https:\/\/www.nagel-group.com\/pl\/nagel-polska\/kariera\/","title":{"rendered":"Kariera"},"content":{"rendered":"<div class=\"wpb-content-wrapper\"><p>[vc_row full_width=&#8221;stretch_row_content_no_spaces&#8221; el_class=&#8221;count-list-top nag-location-banner polska-page-style&#8221;][vc_column]<div class=\"top-banner lazyload\" style=\"background-image:inherit;\" data-bg-image=\"url(https:\/\/www.nagel-group.com\/wp-content\/uploads\/2025\/06\/2022-Gewinner-Azubi-Fotowettbewerb-_1.jpg)\"><\/div>[\/vc_column][\/vc_row][vc_row el_class=&#8221;list&#8211;style nag&#8211;inner&#8211;c polska-page-style&#8221;][vc_column][vc_column_text css=&#8221;&#8221;]<\/p>\n<h1>Kariera<\/h1>\n<h2>Kariera w Nagel Polska<\/h2>\n<p>W Nagel Polska wierzymy, \u017ce ka\u017cdy z nas wnosi unikalne do\u015bwiadczenia, pasj\u0119 i energi\u0119 \u2013 to one tworz\u0105 nasze dynamiczne, inspiruj\u0105ce \u015brodowisko pracy. Ka\u017cdego dnia dostarczamy \u017cywno\u015b\u0107 milionom ludzi, maj\u0105c realny wp\u0142yw na ich \u017cycie i zdrowie. To ogromna odpowiedzialno\u015b\u0107, ale te\u017c \u017ar\u00f3d\u0142o du\u017cej satysfakcji.<\/p>\n<p>Razem budujemy spo\u0142eczno\u015b\u0107 opart\u0105 na wsp\u00f3\u0142pracy, r\u00f3\u017cnorodno\u015bci, wzajemnym szacunku i kreatywno\u015bci.<\/p>\n<p>Nasze warto\u015bci to fundament mocnych relacji zar\u00f3wno w firmie, jak i z klientami oraz partnerami biznesowymi. Dzi\u0119ki temu nie tylko osi\u0105gamy ambitne cele, ale tak\u017ce wspieramy si\u0119 w rozwoju i inspirujemy do ci\u0105g\u0142ego doskonalenia.[\/vc_column_text][\/vc_column][\/vc_row][vc_row el_class=&#8221;list&#8211;style nag&#8211;inner&#8211;c polska-page-style&#8221;][vc_column][vc_column_text css=&#8221;&#8221;]<\/p>\n<h2>Dlaczego warto do nas do\u0142\u0105czy\u0107?<\/h2>\n<ul>\n<li><strong><span style=\"color: #0063af\">Rozw\u00f3j i szkolenia:<\/span><\/strong> oferujemy r\u00f3\u017cnorodne programy rozwojowe, kt\u00f3re pozwalaj\u0105 naszym pracownikom zdobywa\u0107 nowe umiej\u0119tno\u015bci i rozwija\u0107 swoj\u0105 karier\u0119.<\/li>\n<li><span style=\"color: #0063af\"><strong>Wsp\u00f3\u0142praca w zespole: <\/strong><\/span>jeste\u015bmy dru\u017cyn\u0105, kt\u00f3ra wsp\u00f3lnie pokonuje wyzwania i dzieli si\u0119 swoimi pomys\u0142ami.<\/li>\n<li><span style=\"color: #0063af\"><strong>Innowacyjne projekty:<\/strong><\/span> anga\u017cujemy naszych pracownik\u00f3w w innowacyjne projekty, kt\u00f3re maj\u0105 realny wp\u0142yw na rozw\u00f3j logistyki w Europie.<\/li>\n<li><span style=\"color: #0063af\"><strong>Przyjazne \u015brodowisko pracy:<\/strong><\/span> dbamy o dobr\u0105 atmosfer\u0119 w pracy, oferuj\u0105c przestrze\u0144 do wyra\u017cania pomys\u0142\u00f3w i inicjatyw.<\/li>\n<\/ul>\n<p>[\/vc_column_text][\/vc_column][\/vc_row][vc_row el_class=&#8221;list&#8211;style nag&#8211;inner&#8211;c polska-page-style&#8221;][vc_column][vc_column_text css=&#8221;&#8221;]<\/p>\n<h2>Rozw\u00f3j<\/h2>\n<p>Tworzymy \u015brodowisko, w kt\u00f3rym ka\u017cdy ma przestrze\u0144 do nauki, rozwoju i realizacji w\u0142asnych pomys\u0142\u00f3w. Jako firma cenimy otwarto\u015b\u0107 na zmiany i nieustanne doskonalenie, co pozwala nam nie tylko utrzyma\u0107 pozycj\u0119 lidera, ale te\u017c wyznacza\u0107 nowe standardy w bran\u017cy i inspirowa\u0107 innych.<\/p>\n<p>Nasza <strong>Akademia Nagel Polska<\/strong> to miejsce, gdzie znajdziesz szeroki wachlarz szkole\u0144, warsztat\u00f3w i program\u00f3w rozwojowych dopasowanych do r\u00f3\u017cnych potrzeb i etap\u00f3w kariery.<\/p>\n<p>Oferujemy m.in.:<\/p>\n<ul>\n<li>\n<div><strong><span style=\"color: #0063af\">szkolenia wdro\u017ceniowe<\/span><\/strong> dla nowych pracownik\u00f3w<\/div>\n<\/li>\n<li>\n<div><strong><span style=\"color: #0063af\">Akademi\u0119 Logistyka <\/span><\/strong>\u2013 roczny program rozwojowy dla os\u00f3b z co najmniej rocznym sta\u017cem, kt\u00f3ry porz\u0105dkuje wiedz\u0119 z zakresu logistyki i pomaga lepiej zrozumie\u0107 kluczowe procesy operacyjne.<\/div>\n<\/li>\n<li>\n<div><strong><span style=\"color: #0063af\">Akademia Lidera<\/span><\/strong> \u2013 roczny program rozwojowy dedykowany \u015bredniej kadrze menad\u017cerskiej oraz liderom operacyjnym.<\/div>\n<\/li>\n<li>\n<div><span style=\"color: #0063af\"><strong>kafeterie szkole\u0144 otwartych<\/strong><\/span> z zakresu rozwoju osobistego, negocjacji oraz obs\u0142ugi program\u00f3w MS Office.<\/div>\n<\/li>\n<\/ul>\n<p>[\/vc_column_text][\/vc_column][\/vc_row][vc_row el_class=&#8221;list&#8211;style nag&#8211;inner&#8211;c polska-page-style&#8221;][vc_column][vc_column_text css=&#8221;&#8221;]<\/p>\n<h2>Benefity<\/h2>\n<p>Dbamy o naszych pracownik\u00f3w, oferuj\u0105c szerok\u0105 gam\u0119 benefit\u00f3w, kt\u00f3re wspieraj\u0105 ich zar\u00f3wno w \u017cyciu zawodowym, jak i prywatnym. Nasza oferta obejmuje:<\/p>\n<ul>\n<li><strong><span style=\"color: #0063af\">Prywatn\u0105 opiek\u0119 medyczn\u0105,<\/span><\/strong> zapewniaj\u0105c\u0105 dost\u0119p do szerokiej sieci specjalist\u00f3w.<\/li>\n<li><span style=\"color: #0063af\"><strong>Dofinansowanie do kart sportowych,<\/strong><\/span> wspieraj\u0105ce aktywno\u015b\u0107 fizyczn\u0105 i dbanie o zdrowie. Programy wsparcia zdrowia fizycznego i psychicznego, kt\u00f3re pomagaj\u0105 w utrzymaniu r\u00f3wnowagi i dobrego samopoczucia.<\/li>\n<li><span style=\"color: #0062ae\"><strong>Programy wsparcia zdrowia fizycznego i psychicznego<\/strong><\/span>, kt\u00f3re pomagaj\u0105 w utrzymaniu r\u00f3wnowagi i dobrego samopoczucia.<\/li>\n<li><span style=\"color: #0062ae\"><strong>Ubezpieczenie na \u017cycie,<\/strong><\/span>\u00a0daj\u0105ce poczucie bezpiecze\u0144stwa Tobie i Twoim bliskim.<\/li>\n<li><span style=\"color: #0063af\"><strong>Spotkania integracyjne i pikniki firmowe,<\/strong><\/span>\u00a0kt\u00f3re pomagaj\u0105 w budowaniu relacji i dobrej atmosfery w zespole.<\/li>\n<li><span style=\"color: #0062ae\"><strong>PPK <\/strong><\/span>&#8211; wspieramy d\u0142ugoterminowe oszcz\u0119dzanie i bezpiecze\u0144stwo finansowe na przysz\u0142o\u015b\u0107.<\/li>\n<li><span style=\"color: #0063af\"><strong>Program rekomendacji pracownik\u00f3w, <\/strong><\/span>nagradzaj\u0105cy tych, kt\u00f3rzy przyci\u0105gaj\u0105 nowych talent\u00f3w do firmy.<\/li>\n<\/ul>\n<p>Nasze benefity maj\u0105 na celu wspieranie r\u00f3wnowagi mi\u0119dzy \u017cyciem zawodowym a prywatnym oraz dbanie o zdrowie i komfort naszych pracownik\u00f3w.[\/vc_column_text][vc_empty_space][vc_column_text css=&#8221;&#8221;]<a class=\"custom-btn\" href=\"https:\/\/pracodawcy.pracuj.pl\/profile\/nagel-polska-sp-z-o-o,g5ghq7b,pl\"><strong>Aplikuj teraz!<\/strong><\/a>[\/vc_column_text][vc_empty_space]<div class=\"imgslider--section\"><div class=\"small-cc\"><\/div><div class=\"imgslider--content\"><div class=\"each-imgslider-row\"><div class=\"imgslider--right same\"><div class=\"img-slider-bg lazyload\" style=\"background-image:inherit;\" data-bg-image=\"url(https:\/\/www.nagel-group.com\/wp-content\/uploads\/2025\/07\/Nagel-sesja-25-140.jpg)\"><\/div><\/div><\/div><div class=\"each-imgslider-row\"><div class=\"imgslider--right same\"><div class=\"img-slider-bg lazyload\" style=\"background-image:inherit;\" data-bg-image=\"url(https:\/\/www.nagel-group.com\/wp-content\/uploads\/2025\/07\/Nagel-sesja-biuro-31-scaled.jpg)\"><\/div><\/div><\/div><div class=\"each-imgslider-row\"><div class=\"imgslider--right same\"><div class=\"img-slider-bg lazyload\" style=\"background-image:inherit;\" data-bg-image=\"url(https:\/\/www.nagel-group.com\/wp-content\/uploads\/2025\/07\/Nagel-sesja-25-209.jpg)\"><\/div><\/div><\/div><div class=\"each-imgslider-row\"><div class=\"imgslider--right same\"><div class=\"img-slider-bg lazyload\" style=\"background-image:inherit;\" data-bg-image=\"url(https:\/\/www.nagel-group.com\/wp-content\/uploads\/2025\/07\/Nagel-sesja-25-187.jpg)\"><\/div><\/div><\/div><div class=\"each-imgslider-row\"><div class=\"imgslider--right same\"><div class=\"img-slider-bg lazyload\" style=\"background-image:inherit;\" data-bg-image=\"url(https:\/\/www.nagel-group.com\/wp-content\/uploads\/2025\/07\/Nagel-sesja-25-180.jpg)\"><\/div><\/div><\/div>\n<\/div><\/div>[\/vc_column][\/vc_row][vc_row el_class=&#8221;list&#8211;style nag-polska-gradient-box&#8221;][vc_column][vc_column_text css=&#8221;&#8221;]<\/p>\n<h2>Proces rekrutacji<\/h2>\n<p>[\/vc_column_text][vc_column_text css=&#8221;&#8221;]Nasz proces rekrutacji zosta\u0142 zaprojektowany tak, aby w kilku przejrzystych etapach pozna\u0107 Twoje kompetencje, do\u015bwiadczenie oraz sprawdzi\u0107, na ile wsp\u00f3lnie mo\u017cemy realizowa\u0107 warto\u015bci i cele Nagel Polska.[\/vc_column_text][vc_column_text css=&#8221;&#8221; el_class=&#8221;polska-gradient-texts&#8221;]<\/p>\n<h4>ETAP 1 &#8211; <strong>Analiza aplikacji.<\/strong><\/h4>\n<p>W pierwszym etapie wnikliwie analizujemy wszystkie nades\u0142ane zg\u0142oszenia, dokonuj\u0105c wyboru kandydat\u00f3w najlepiej odpowiadaj\u0105cych aktualnym wymaganiom stanowiska. Wybrane osoby zostaj\u0105 zaproszone do udzia\u0142u w kolejnych etapach procesu rekrutacyjnego.<\/p>\n<h4>ETAP 2 &#8211; Spotkanie rekrutacyjne<\/h4>\n<p>W pierwszym etapie wnikliwie analizujemy wszystkie nades\u0142ane zg\u0142oszenia, dokonuj\u0105c wyboru kandydat\u00f3w najlepiej odpowiadaj\u0105cych aktualnym wymaganiom stanowiska. Wybrane osoby zostaj\u0105 zaproszone do udzia\u0142u w kolejnych etapach procesu rekrutacyjnego.<\/p>\n<h4>ETAP 3 &#8211; <strong>Decyzja i zaproszenie do wsp\u00f3\u0142pracy.<\/strong><\/h4>\n<p>Po zako\u0144czeniu wszystkich etap\u00f3w procesu podejmowana jest decyzja dotycz\u0105ca wyboru kandydata. Wybranej osobie przedstawiana jest oferta wsp\u00f3\u0142pracy. W przypadku niezakwalifikowania do dalszego etapu zach\u0119camy do udzia\u0142u w przysz\u0142ych procesach rekrutacyjnych prowadzonych przez Nagel Polska.<\/p>\n<p>W pierwszym etapie wnikliwie analizujemy wszystkie nades\u0142ane zg\u0142oszenia, dokonuj\u0105c wyboru kandydat\u00f3w najlepiej odpowiadaj\u0105cych aktualnym wymaganiom stanowiska. Wybrane osoby zostaj\u0105 zaproszone do udzia\u0142u w kolejnych etapach procesu rekrutacyjnego.[\/vc_column_text][vc_btn title=&#8221;Do\u0142\u0105cz do nas&#8221; align=&#8221;right&#8221; css=&#8221;&#8221; link=&#8221;url:https%3A%2F%2Fpracodawcy.pracuj.pl%2Fprofile%2Fnagel-polska-sp-z-o-o%2Cg5ghq7b%2Cpl|title:Aplikuj%20teraz|target:_blank&#8221;][\/vc_column][\/vc_row]<\/p>\n<\/div>","protected":false},"excerpt":{"rendered":"<p> Kariera Kariera w Nagel Polska W Nagel Polska wierzymy, \u017ce ka\u017cdy<\/p>\n","protected":false},"author":2,"featured_media":0,"parent":47240,"menu_order":0,"comment_status":"closed","ping_status":"closed","template":"","meta":{"_acf_changed":false,"inline_featured_image":false,"footnotes":""},"class_list":["post-47304","page","type-page","status-publish","hentry"],"acf":[],"yoast_head":"<!-- This site is optimized with the Yoast SEO plugin v26.8 - https:\/\/yoast.com\/product\/yoast-seo-wordpress\/ -->\n<title>Kariera - Nagel-Group<\/title>\n<meta name=\"description\" content=\"Nagel-Group Kariera -\" \/>\n<meta name=\"robots\" content=\"index, follow, max-snippet:-1, max-image-preview:large, max-video-preview:-1\" \/>\n<link rel=\"canonical\" href=\"https:\/\/www.nagel-group.com\/pl\/nagel-polska\/kariera\/\" \/>\n<meta property=\"og:locale\" content=\"pl_PL\" \/>\n<meta property=\"og:type\" content=\"article\" \/>\n<meta property=\"og:title\" content=\"Kariera - Nagel-Group\" \/>\n<meta property=\"og:description\" content=\"Nagel-Group Kariera -\" \/>\n<meta property=\"og:url\" content=\"https:\/\/www.nagel-group.com\/pl\/nagel-polska\/kariera\/\" \/>\n<meta property=\"og:site_name\" content=\"Nagel-Group\" \/>\n<meta property=\"article:publisher\" content=\"https:\/\/www.facebook.com\/Nagel-Group-1686584368272784\" \/>\n<meta property=\"article:modified_time\" content=\"2025-09-02T06:56:33+00:00\" \/>\n<meta name=\"twitter:card\" content=\"summary_large_image\" \/>\n<meta name=\"twitter:site\" content=\"@NagelGroup\" \/>\n<meta name=\"twitter:label1\" content=\"Szacowany czas czytania\" \/>\n\t<meta name=\"twitter:data1\" content=\"5 minut\" \/>\n<script type=\"application\/ld+json\" class=\"yoast-schema-graph\">{\"@context\":\"https:\/\/schema.org\",\"@graph\":[{\"@type\":\"WebPage\",\"@id\":\"https:\/\/www.nagel-group.com\/pl\/nagel-polska\/kariera\/\",\"url\":\"https:\/\/www.nagel-group.com\/pl\/nagel-polska\/kariera\/\",\"name\":\"Kariera - Nagel-Group\",\"isPartOf\":{\"@id\":\"https:\/\/www.nagel-group.com\/#website\"},\"datePublished\":\"2025-06-03T15:12:26+00:00\",\"dateModified\":\"2025-09-02T06:56:33+00:00\",\"description\":\"Nagel-Group Kariera -\",\"breadcrumb\":{\"@id\":\"https:\/\/www.nagel-group.com\/pl\/nagel-polska\/kariera\/#breadcrumb\"},\"inLanguage\":\"pl-PL\",\"potentialAction\":[{\"@type\":\"ReadAction\",\"target\":[\"https:\/\/www.nagel-group.com\/pl\/nagel-polska\/kariera\/\"]}]},{\"@type\":\"BreadcrumbList\",\"@id\":\"https:\/\/www.nagel-group.com\/pl\/nagel-polska\/kariera\/#breadcrumb\",\"itemListElement\":[{\"@type\":\"ListItem\",\"position\":1,\"name\":\"Startseite\",\"item\":\"https:\/\/www.nagel-group.com\/\"},{\"@type\":\"ListItem\",\"position\":2,\"name\":\"Nagel Polska\",\"item\":\"https:\/\/www.nagel-group.com\/pl\/nagel-polska\/\"},{\"@type\":\"ListItem\",\"position\":3,\"name\":\"Kariera\"}]},{\"@type\":\"WebSite\",\"@id\":\"https:\/\/www.nagel-group.com\/#website\",\"url\":\"https:\/\/www.nagel-group.com\/\",\"name\":\"Nagel-Group\",\"description\":\"Connecting the world of food\u00ae\",\"publisher\":{\"@id\":\"https:\/\/www.nagel-group.com\/#organization\"},\"potentialAction\":[{\"@type\":\"SearchAction\",\"target\":{\"@type\":\"EntryPoint\",\"urlTemplate\":\"https:\/\/www.nagel-group.com\/?s={search_term_string}\"},\"query-input\":{\"@type\":\"PropertyValueSpecification\",\"valueRequired\":true,\"valueName\":\"search_term_string\"}}],\"inLanguage\":\"pl-PL\"},{\"@type\":\"Organization\",\"@id\":\"https:\/\/www.nagel-group.com\/#organization\",\"name\":\"Nagel-Group\",\"url\":\"https:\/\/www.nagel-group.com\/\",\"logo\":{\"@type\":\"ImageObject\",\"inLanguage\":\"pl-PL\",\"@id\":\"https:\/\/www.nagel-group.com\/#\/schema\/logo\/image\/\",\"url\":\"https:\/\/www.nagel-group.com\/wp-content\/uploads\/2020\/09\/Nagel-Group_Logo@2x.png\",\"contentUrl\":\"https:\/\/www.nagel-group.com\/wp-content\/uploads\/2020\/09\/Nagel-Group_Logo@2x.png\",\"width\":361,\"height\":100,\"caption\":\"Nagel-Group\"},\"image\":{\"@id\":\"https:\/\/www.nagel-group.com\/#\/schema\/logo\/image\/\"},\"sameAs\":[\"https:\/\/www.facebook.com\/Nagel-Group-1686584368272784\",\"https:\/\/x.com\/NagelGroup\",\"https:\/\/www.instagram.com\/nagelgroup\/\",\"https:\/\/www.linkedin.com\/company\/nagel-group\",\"https:\/\/de.wikipedia.org\/wiki\/Nagel-Group\"]}]}<\/script>\n<!-- \/ Yoast SEO plugin. -->","yoast_head_json":{"title":"Kariera - Nagel-Group","description":"Nagel-Group Kariera -","robots":{"index":"index","follow":"follow","max-snippet":"max-snippet:-1","max-image-preview":"max-image-preview:large","max-video-preview":"max-video-preview:-1"},"canonical":"https:\/\/www.nagel-group.com\/pl\/nagel-polska\/kariera\/","og_locale":"pl_PL","og_type":"article","og_title":"Kariera - Nagel-Group","og_description":"Nagel-Group Kariera -","og_url":"https:\/\/www.nagel-group.com\/pl\/nagel-polska\/kariera\/","og_site_name":"Nagel-Group","article_publisher":"https:\/\/www.facebook.com\/Nagel-Group-1686584368272784","article_modified_time":"2025-09-02T06:56:33+00:00","twitter_card":"summary_large_image","twitter_site":"@NagelGroup","twitter_misc":{"Szacowany czas czytania":"5 minut"},"schema":{"@context":"https:\/\/schema.org","@graph":[{"@type":"WebPage","@id":"https:\/\/www.nagel-group.com\/pl\/nagel-polska\/kariera\/","url":"https:\/\/www.nagel-group.com\/pl\/nagel-polska\/kariera\/","name":"Kariera - Nagel-Group","isPartOf":{"@id":"https:\/\/www.nagel-group.com\/#website"},"datePublished":"2025-06-03T15:12:26+00:00","dateModified":"2025-09-02T06:56:33+00:00","description":"Nagel-Group Kariera -","breadcrumb":{"@id":"https:\/\/www.nagel-group.com\/pl\/nagel-polska\/kariera\/#breadcrumb"},"inLanguage":"pl-PL","potentialAction":[{"@type":"ReadAction","target":["https:\/\/www.nagel-group.com\/pl\/nagel-polska\/kariera\/"]}]},{"@type":"BreadcrumbList","@id":"https:\/\/www.nagel-group.com\/pl\/nagel-polska\/kariera\/#breadcrumb","itemListElement":[{"@type":"ListItem","position":1,"name":"Startseite","item":"https:\/\/www.nagel-group.com\/"},{"@type":"ListItem","position":2,"name":"Nagel Polska","item":"https:\/\/www.nagel-group.com\/pl\/nagel-polska\/"},{"@type":"ListItem","position":3,"name":"Kariera"}]},{"@type":"WebSite","@id":"https:\/\/www.nagel-group.com\/#website","url":"https:\/\/www.nagel-group.com\/","name":"Nagel-Group","description":"Connecting the world of food\u00ae","publisher":{"@id":"https:\/\/www.nagel-group.com\/#organization"},"potentialAction":[{"@type":"SearchAction","target":{"@type":"EntryPoint","urlTemplate":"https:\/\/www.nagel-group.com\/?s={search_term_string}"},"query-input":{"@type":"PropertyValueSpecification","valueRequired":true,"valueName":"search_term_string"}}],"inLanguage":"pl-PL"},{"@type":"Organization","@id":"https:\/\/www.nagel-group.com\/#organization","name":"Nagel-Group","url":"https:\/\/www.nagel-group.com\/","logo":{"@type":"ImageObject","inLanguage":"pl-PL","@id":"https:\/\/www.nagel-group.com\/#\/schema\/logo\/image\/","url":"https:\/\/www.nagel-group.com\/wp-content\/uploads\/2020\/09\/Nagel-Group_Logo@2x.png","contentUrl":"https:\/\/www.nagel-group.com\/wp-content\/uploads\/2020\/09\/Nagel-Group_Logo@2x.png","width":361,"height":100,"caption":"Nagel-Group"},"image":{"@id":"https:\/\/www.nagel-group.com\/#\/schema\/logo\/image\/"},"sameAs":["https:\/\/www.facebook.com\/Nagel-Group-1686584368272784","https:\/\/x.com\/NagelGroup","https:\/\/www.instagram.com\/nagelgroup\/","https:\/\/www.linkedin.com\/company\/nagel-group","https:\/\/de.wikipedia.org\/wiki\/Nagel-Group"]}]}},"_links":{"self":[{"href":"https:\/\/www.nagel-group.com\/pl\/wp-json\/wp\/v2\/pages\/47304","targetHints":{"allow":["GET"]}}],"collection":[{"href":"https:\/\/www.nagel-group.com\/pl\/wp-json\/wp\/v2\/pages"}],"about":[{"href":"https:\/\/www.nagel-group.com\/pl\/wp-json\/wp\/v2\/types\/page"}],"author":[{"embeddable":true,"href":"https:\/\/www.nagel-group.com\/pl\/wp-json\/wp\/v2\/users\/2"}],"replies":[{"embeddable":true,"href":"https:\/\/www.nagel-group.com\/pl\/wp-json\/wp\/v2\/comments?post=47304"}],"version-history":[{"count":19,"href":"https:\/\/www.nagel-group.com\/pl\/wp-json\/wp\/v2\/pages\/47304\/revisions"}],"predecessor-version":[{"id":49749,"href":"https:\/\/www.nagel-group.com\/pl\/wp-json\/wp\/v2\/pages\/47304\/revisions\/49749"}],"up":[{"embeddable":true,"href":"https:\/\/www.nagel-group.com\/pl\/wp-json\/wp\/v2\/pages\/47240"}],"wp:attachment":[{"href":"https:\/\/www.nagel-group.com\/pl\/wp-json\/wp\/v2\/media?parent=47304"}],"curies":[{"name":"wp","href":"https:\/\/api.w.org\/{rel}","templated":true}]}}