{"id":47249,"date":"2025-06-03T12:16:52","date_gmt":"2025-06-03T10:16:52","guid":{"rendered":"https:\/\/www.nagel-group.com\/?page_id=47249"},"modified":"2026-02-17T14:20:20","modified_gmt":"2026-02-17T13:20:20","slug":"uslugi","status":"publish","type":"page","link":"https:\/\/www.nagel-group.com\/pl\/nagel-polska\/uslugi\/","title":{"rendered":"Us\u0142ugi"},"content":{"rendered":"<div class=\"wpb-content-wrapper\"><p>[vc_row full_width=&#8221;stretch_row_content_no_spaces&#8221; el_class=&#8221;count-list-top nag-location-banner polska-page-style&#8221;][vc_column]<div class=\"top-banner lazyload\" style=\"background-image:inherit;\" data-bg-image=\"url(https:\/\/www.nagel-group.com\/wp-content\/uploads\/2025\/06\/LKW-Flotte-Logo-2016-scaled.jpg)\"><\/div>[\/vc_column][\/vc_row][vc_row el_class=&#8221;list&#8211;style nag&#8211;inner&#8211;c polska-page-style&#8221;][vc_column][vc_column_text css=&#8221;&#8221;]<\/p>\n<h1>Us\u0142ugi<\/h1>\n<p>Zapewniamy kompleksowe us\u0142ugi logistyczne, dopasowane do Twoich potrzeb &#8211; od pojedynczej przesy\u0142ki po z\u0142o\u017cone operacje mi\u0119dzynarodowe. Oferujemy transport drogowy, transport mi\u0119dzynarodowy oraz logistyk\u0119 kontraktow\u0105, zawsze dbaj\u0105c o efektywno\u015b\u0107 i optymalizacj\u0119 koszt\u00f3w na ka\u017cdym etapie wsp\u00f3\u0142pracy.<\/p>\n<p>&nbsp;<\/p>\n<h2>Transport Drogowy:<\/h2>\n<p>Nasze rozwi\u0105zania w transporcie drogowym gwarantuj\u0105 najwy\u017cszy standard bezpiecze\u0144stwa oraz pe\u0142n\u0105 kontrol\u0119 nad \u0142a\u0144cuchem ch\u0142odniczym. Korzystamy z nowoczesnej floty wyposa\u017conej w:<\/p>\n<ul style=\"font-weight: 400\">\n<li>podw\u00f3jne przegrody, kt\u00f3re umo\u017cliwiaj\u0105 jednoczesny transport towar\u00f3w w r\u00f3\u017cnych temperaturach,<\/li>\n<li>windy i podw\u00f3jne pok\u0142ady, zwi\u0119kszaj\u0105ce elastyczno\u015b\u0107 za\u0142adunku oraz lepsze wykorzystanie przestrzeni,<\/li>\n<li>monitoring satelitarny, zapewniaj\u0105cy pe\u0142n\u0105 kontrol\u0119 lokalizacji przesy\u0142ki w czasie rzeczywistym,<\/li>\n<li>automatyczny zapis temperatury z podzia\u0142em na strefy: ch\u0142odzenie, temperatura zadana, nawiew, \u015brodek, ty\u0142 i powr\u00f3t powietrza,<\/li>\n<li>zatwierdzenie ATP, potwierdzaj\u0105ce zgodno\u015b\u0107 z mi\u0119dzynarodowymi standardami przewozu produkt\u00f3w spo\u017cywczych,<\/li>\n<li>w\u00f3zki wid\u0142owe na wyposa\u017ceniu \u2013 szczeg\u00f3lnie przydatne w transporcie dystrybucyjnym.<\/li>\n<\/ul>\n<p>[\/vc_column_text][\/vc_column][\/vc_row][vc_row el_class=&#8221;list&#8211;style nag&#8211;inner&#8211;c polska-page-style&#8221;][vc_column][vc_column_text css=&#8221;&#8221;]<\/p>\n<h2><b>Transport mi\u0119dzynarodowy<\/b><\/h2>\n<p>Realizujemy terminowe i niezawodne dostawy na terenie ca\u0142ej Europy, ze szczeg\u00f3lnym uwzgl\u0119dnieniem takich kraj\u00f3w jak:<\/p>\n<ul>\n<li>Niemcy, Czechy (dostawy A\u2013C)<\/li>\n<li>S\u0142owacja, W\u0119gry, Belgia, Holandia, Francja, W\u0142ochy oraz Anglia (dostawy A\u2013D)<\/li>\n<li>dostarczamy \u015brednio od 600 do 650 palet ka\u017cdego dnia<\/li>\n<li>od 1 marca 2025 r. uruchomili\u015bmy nowa lini\u0119 transportow\u0105 z Komornik do W\u0142och, co pozwala na jeszcze sprawniejsz\u0105 obs\u0142ug\u0119 dostaw do tego regionu.<\/li>\n<li>z dniem 1 sierpnia 2025 r. uruchamiamy now\u0105 lini\u0119 transportow\u0105 z Komornik do kraj\u00f3w Beneluksu \u2013 Belgii, Holandii i Luksemburgu.<\/li>\n<\/ul>\n<p>[\/vc_column_text][\/vc_column][\/vc_row][vc_row][vc_column][vc_single_image image=&#8221;49724&#8243; img_size=&#8221;full&#8221; css=&#8221;&#8221;][\/vc_column][\/vc_row][vc_row el_class=&#8221;list&#8211;style nag&#8211;inner&#8211;c polska-page-style&#8221;][vc_column][vc_column_text css=&#8221;&#8221;]<\/p>\n<h2>Logistyka kontraktowa<\/h2>\n<p>Oferujemy kompleksow\u0105 obs\u0142ug\u0119 logistyczn\u0105 produkt\u00f3w spo\u017cywczych, dostosowan\u0105 do indywidualnych potrzeb naszych Klient\u00f3w.<\/p>\n<p>W ramach logistyki kontraktowej zapewniamy:<\/p>\n<ul>\n<li>magazynowanie \u017cywno\u015bci w r\u00f3\u017cnych zakresach temperatur<\/li>\n<li>zarz\u0105dzanie stanami magazynowymi \u2013 w tym kontrol\u0119 rotacji i optymalizacj\u0119 zapas\u00f3w<\/li>\n<li>realizacj\u0119 przyj\u0119\u0107 i wyda\u0144 towaru zgodnie z precyzyjnymi wytycznymi Klienta<\/li>\n<li>us\u0142ugi VAS (Value Added Services), takie jak: co-packing, budowa stand\u00f3w, kompletowanie zestaw\u00f3w promocyjnych, mieszanie smak\u00f3w, etykietowanie, zgrzewanie czy przepakowywanie<\/li>\n<li>obs\u0142ug\u0119 proces\u00f3w e-commerce \u2013 z szybkim kompletowaniem zam\u00f3wie\u0144 i sprawn\u0105 wysy\u0142k\u0105 do Klienta ko\u0144cowego.<\/li>\n<\/ul>\n<p>Dzi\u0119ki naszemu do\u015bwiadczeniu w logistyce produkt\u00f3w wra\u017cliwych oraz elastycznemu podej\u015bciu, skutecznie wspieramy zar\u00f3wno du\u017ce sieci handlowe, jak i mniejsze marki.[\/vc_column_text][\/vc_column][\/vc_row][vc_row el_class=&#8221;list&#8211;style nag&#8211;inner&#8211;c polska-page-style&#8221;][vc_column][vc_column_text css=&#8221;&#8221;]<\/p>\n<h2>Kontrolowana temperatura w ca\u0142ym \u0142a\u0144cuchu dostaw<\/h2>\n<p>Logistyka \u015bwie\u017cej \u017cywno\u015bci to jedno z najbardziej wymagaj\u0105cych ogniw \u0142a\u0144cucha dostaw \u2013 tu nie ma miejsca na b\u0142\u0119dy. Zarz\u0105dzanie produktami o kr\u00f3tkim terminie przydatno\u015bci, wra\u017cliwymi na wahania temperatury, wymaga nie tylko specjalistycznego zaplecza, ale przede wszystkim do\u015bwiadczenia, precyzyjnego planowania i szybkiego reagowania.<\/p>\n<p>Dysponujemy nowoczesn\u0105 infrastruktur\u0105, zaawansowanymi systemami kontroli temperatury oraz zespo\u0142em ekspert\u00f3w, kt\u00f3rzy czuwaj\u0105 nad ka\u017cdym etapem procesu &#8211; od przyj\u0119cia towaru, przez magazynowanie i kompletacj\u0119, a\u017c po dostaw\u0119 do punktu sprzeda\u017cy. Naszymi priorytetami s\u0105 jako\u015b\u0107, terminowo\u015b\u0107 i bezpiecze\u0144stwo dostaw. Dzi\u0119ki temu produkty naszych Klient\u00f3w trafiaj\u0105 na sklepowe p\u00f3\u0142ki w idealnym stanie -\u015bwie\u017ce, zgodne z wymaganiami i gotowe do sprzeda\u017cy.<\/p>\n<p>Specjalizujemy si\u0119 w kompleksowej obs\u0142udze logistycznej \u015bwie\u017cej \u017cywno\u015bci, wymagaj\u0105cej precyzyjnie kontrolowanej temperatury na ka\u017cdym etapie \u0142a\u0144cucha dostaw &#8211; w zakresie od 0\u00b0C do +21\u00b0C.[\/vc_column_text][\/vc_column][\/vc_row][vc_row][vc_column]<div class=\"temperature_boxes--box\"><div class=\"small-cc\"><div class=\"each-temperature-box\"><div class=\"img--wrap-temperature\"><div class=\"img-centre\"><img decoding=\"async\" data-src=\"https:\/\/www.nagel-group.com\/wp-content\/uploads\/2025\/07\/Temperaturbereich_Zucker_AdobeStock_1304314135-scaled.jpg\" alt=\"Temperaturbereich_Zucker_AdobeStock_1304314135\" src=\"data:image\/svg+xml;base64,PHN2ZyB3aWR0aD0iMSIgaGVpZ2h0PSIxIiB4bWxucz0iaHR0cDovL3d3dy53My5vcmcvMjAwMC9zdmciPjwvc3ZnPg==\" class=\"lazyload\" style=\"--smush-placeholder-width: 2048px; --smush-placeholder-aspect-ratio: 2048\/1148;\"><\/div><\/div><div class=\"content-c-tab\"><h4>Suche (bez kontroli temperatur)<br \/>\n(&gt;0\u00b0 C)<\/h4><div class=\"content\"><p>konserwy, makaron, ry\u017c, m\u0105ka, cukier<\/p>\n<\/div><\/div><\/div><div class=\"each-temperature-box\"><div class=\"img--wrap-temperature\"><div class=\"img-centre\"><img decoding=\"async\" data-src=\"https:\/\/www.nagel-group.com\/wp-content\/uploads\/2020\/11\/Leistung_Temperaturbereiche_Ultrafrische_396x255px.png\" alt=\"Nudeln\" src=\"data:image\/svg+xml;base64,PHN2ZyB3aWR0aD0iMSIgaGVpZ2h0PSIxIiB4bWxucz0iaHR0cDovL3d3dy53My5vcmcvMjAwMC9zdmciPjwvc3ZnPg==\" class=\"lazyload\" style=\"--smush-placeholder-width: 396px; --smush-placeholder-aspect-ratio: 396\/255;\"><\/div><\/div><div class=\"content-c-tab\"><h4>Ultra \u015bwie\u017ce<br \/>\n(0\u00b0 C do +4\u00b0 C)<\/h4><div class=\"content\"><p>Gotowe sa\u0142atki, wrapy, surowe produkty makaronowe, mi\u0119so, dr\u00f3b<\/p>\n<\/div><\/div><\/div><div class=\"each-temperature-box\"><div class=\"img--wrap-temperature\"><div class=\"img-centre\"><img decoding=\"async\" data-src=\"https:\/\/www.nagel-group.com\/wp-content\/uploads\/2025\/07\/AdobeStock_357816639-scaled.jpeg\" alt=\"Set of sausage, salami and smoked meat with rosemary and spices on a black stone background. Top view. Free space for text.\" src=\"data:image\/svg+xml;base64,PHN2ZyB3aWR0aD0iMSIgaGVpZ2h0PSIxIiB4bWxucz0iaHR0cDovL3d3dy53My5vcmcvMjAwMC9zdmciPjwvc3ZnPg==\" class=\"lazyload\" style=\"--smush-placeholder-width: 2048px; --smush-placeholder-aspect-ratio: 2048\/1152;\"><\/div><\/div><div class=\"content-c-tab\"><h4>\u015awie\u017ce<br \/>\n(+2\u00b0 C do +6\u00b0 C)<\/h4><div class=\"content\"><p>ser, w\u0119dzony, surowa szynka<\/p>\n<\/div><\/div><\/div><div class=\"each-temperature-box\"><div class=\"img--wrap-temperature\"><div class=\"img-centre\"><img decoding=\"async\" data-src=\"https:\/\/www.nagel-group.com\/wp-content\/uploads\/2020\/11\/Leistung_Temperaturbereiche_Ambient_396x255px.png\" alt=\"Temperaturbereiche\" src=\"data:image\/svg+xml;base64,PHN2ZyB3aWR0aD0iMSIgaGVpZ2h0PSIxIiB4bWxucz0iaHR0cDovL3d3dy53My5vcmcvMjAwMC9zdmciPjwvc3ZnPg==\" class=\"lazyload\" style=\"--smush-placeholder-width: 396px; --smush-placeholder-aspect-ratio: 396\/255;\"><\/div><\/div><div class=\"content-c-tab\"><h4>Suche (ambient)<br \/>\n(+14\u00b0 C do +21\u00b0 C)<\/h4><div class=\"content\"><p>kawa, przek\u0105ski, czekolada, s\u0142odycze<\/p>\n<\/div><\/div><\/div>\n<\/div><\/div>[\/vc_column][\/vc_row]<\/p>\n<\/div>","protected":false},"excerpt":{"rendered":"<p> Us\u0142ugi Zapewniamy kompleksowe us\u0142ugi logistyczne, dopasowane do Twoich potrzeb &#8211; od<\/p>\n","protected":false},"author":2,"featured_media":0,"parent":47240,"menu_order":0,"comment_status":"closed","ping_status":"closed","template":"","meta":{"_acf_changed":false,"inline_featured_image":false,"footnotes":""},"class_list":["post-47249","page","type-page","status-publish","hentry"],"acf":[],"yoast_head":"<!-- This site is optimized with the Yoast SEO plugin v26.8 - https:\/\/yoast.com\/product\/yoast-seo-wordpress\/ -->\n<title>Us\u0142ugi - Nagel-Group<\/title>\n<meta name=\"description\" content=\"Nagel-Group Us\u0142ugi -\" \/>\n<meta name=\"robots\" content=\"index, follow, max-snippet:-1, max-image-preview:large, max-video-preview:-1\" \/>\n<link rel=\"canonical\" href=\"https:\/\/www.nagel-group.com\/pl\/nagel-polska\/uslugi\/\" \/>\n<meta property=\"og:locale\" content=\"pl_PL\" \/>\n<meta property=\"og:type\" content=\"article\" \/>\n<meta property=\"og:title\" content=\"Us\u0142ugi - Nagel-Group\" \/>\n<meta property=\"og:description\" content=\"Nagel-Group Us\u0142ugi -\" \/>\n<meta property=\"og:url\" content=\"https:\/\/www.nagel-group.com\/pl\/nagel-polska\/uslugi\/\" \/>\n<meta property=\"og:site_name\" content=\"Nagel-Group\" \/>\n<meta property=\"article:publisher\" content=\"https:\/\/www.facebook.com\/Nagel-Group-1686584368272784\" \/>\n<meta property=\"article:modified_time\" content=\"2026-02-17T13:20:20+00:00\" \/>\n<meta name=\"twitter:card\" content=\"summary_large_image\" \/>\n<meta name=\"twitter:site\" content=\"@NagelGroup\" \/>\n<meta name=\"twitter:label1\" content=\"Szacowany czas czytania\" \/>\n\t<meta name=\"twitter:data1\" content=\"3 minuty\" \/>\n<script type=\"application\/ld+json\" class=\"yoast-schema-graph\">{\"@context\":\"https:\/\/schema.org\",\"@graph\":[{\"@type\":\"WebPage\",\"@id\":\"https:\/\/www.nagel-group.com\/pl\/nagel-polska\/uslugi\/\",\"url\":\"https:\/\/www.nagel-group.com\/pl\/nagel-polska\/uslugi\/\",\"name\":\"Us\u0142ugi - Nagel-Group\",\"isPartOf\":{\"@id\":\"https:\/\/www.nagel-group.com\/#website\"},\"datePublished\":\"2025-06-03T10:16:52+00:00\",\"dateModified\":\"2026-02-17T13:20:20+00:00\",\"description\":\"Nagel-Group Us\u0142ugi -\",\"breadcrumb\":{\"@id\":\"https:\/\/www.nagel-group.com\/pl\/nagel-polska\/uslugi\/#breadcrumb\"},\"inLanguage\":\"pl-PL\",\"potentialAction\":[{\"@type\":\"ReadAction\",\"target\":[\"https:\/\/www.nagel-group.com\/pl\/nagel-polska\/uslugi\/\"]}]},{\"@type\":\"BreadcrumbList\",\"@id\":\"https:\/\/www.nagel-group.com\/pl\/nagel-polska\/uslugi\/#breadcrumb\",\"itemListElement\":[{\"@type\":\"ListItem\",\"position\":1,\"name\":\"Startseite\",\"item\":\"https:\/\/www.nagel-group.com\/\"},{\"@type\":\"ListItem\",\"position\":2,\"name\":\"Nagel Polska\",\"item\":\"https:\/\/www.nagel-group.com\/pl\/nagel-polska\/\"},{\"@type\":\"ListItem\",\"position\":3,\"name\":\"Us\u0142ugi\"}]},{\"@type\":\"WebSite\",\"@id\":\"https:\/\/www.nagel-group.com\/#website\",\"url\":\"https:\/\/www.nagel-group.com\/\",\"name\":\"Nagel-Group\",\"description\":\"Connecting the world of food\u00ae\",\"publisher\":{\"@id\":\"https:\/\/www.nagel-group.com\/#organization\"},\"potentialAction\":[{\"@type\":\"SearchAction\",\"target\":{\"@type\":\"EntryPoint\",\"urlTemplate\":\"https:\/\/www.nagel-group.com\/?s={search_term_string}\"},\"query-input\":{\"@type\":\"PropertyValueSpecification\",\"valueRequired\":true,\"valueName\":\"search_term_string\"}}],\"inLanguage\":\"pl-PL\"},{\"@type\":\"Organization\",\"@id\":\"https:\/\/www.nagel-group.com\/#organization\",\"name\":\"Nagel-Group\",\"url\":\"https:\/\/www.nagel-group.com\/\",\"logo\":{\"@type\":\"ImageObject\",\"inLanguage\":\"pl-PL\",\"@id\":\"https:\/\/www.nagel-group.com\/#\/schema\/logo\/image\/\",\"url\":\"https:\/\/www.nagel-group.com\/wp-content\/uploads\/2020\/09\/Nagel-Group_Logo@2x.png\",\"contentUrl\":\"https:\/\/www.nagel-group.com\/wp-content\/uploads\/2020\/09\/Nagel-Group_Logo@2x.png\",\"width\":361,\"height\":100,\"caption\":\"Nagel-Group\"},\"image\":{\"@id\":\"https:\/\/www.nagel-group.com\/#\/schema\/logo\/image\/\"},\"sameAs\":[\"https:\/\/www.facebook.com\/Nagel-Group-1686584368272784\",\"https:\/\/x.com\/NagelGroup\",\"https:\/\/www.instagram.com\/nagelgroup\/\",\"https:\/\/www.linkedin.com\/company\/nagel-group\",\"https:\/\/de.wikipedia.org\/wiki\/Nagel-Group\"]}]}<\/script>\n<!-- \/ Yoast SEO plugin. -->","yoast_head_json":{"title":"Us\u0142ugi - Nagel-Group","description":"Nagel-Group Us\u0142ugi -","robots":{"index":"index","follow":"follow","max-snippet":"max-snippet:-1","max-image-preview":"max-image-preview:large","max-video-preview":"max-video-preview:-1"},"canonical":"https:\/\/www.nagel-group.com\/pl\/nagel-polska\/uslugi\/","og_locale":"pl_PL","og_type":"article","og_title":"Us\u0142ugi - Nagel-Group","og_description":"Nagel-Group Us\u0142ugi -","og_url":"https:\/\/www.nagel-group.com\/pl\/nagel-polska\/uslugi\/","og_site_name":"Nagel-Group","article_publisher":"https:\/\/www.facebook.com\/Nagel-Group-1686584368272784","article_modified_time":"2026-02-17T13:20:20+00:00","twitter_card":"summary_large_image","twitter_site":"@NagelGroup","twitter_misc":{"Szacowany czas czytania":"3 minuty"},"schema":{"@context":"https:\/\/schema.org","@graph":[{"@type":"WebPage","@id":"https:\/\/www.nagel-group.com\/pl\/nagel-polska\/uslugi\/","url":"https:\/\/www.nagel-group.com\/pl\/nagel-polska\/uslugi\/","name":"Us\u0142ugi - Nagel-Group","isPartOf":{"@id":"https:\/\/www.nagel-group.com\/#website"},"datePublished":"2025-06-03T10:16:52+00:00","dateModified":"2026-02-17T13:20:20+00:00","description":"Nagel-Group Us\u0142ugi -","breadcrumb":{"@id":"https:\/\/www.nagel-group.com\/pl\/nagel-polska\/uslugi\/#breadcrumb"},"inLanguage":"pl-PL","potentialAction":[{"@type":"ReadAction","target":["https:\/\/www.nagel-group.com\/pl\/nagel-polska\/uslugi\/"]}]},{"@type":"BreadcrumbList","@id":"https:\/\/www.nagel-group.com\/pl\/nagel-polska\/uslugi\/#breadcrumb","itemListElement":[{"@type":"ListItem","position":1,"name":"Startseite","item":"https:\/\/www.nagel-group.com\/"},{"@type":"ListItem","position":2,"name":"Nagel Polska","item":"https:\/\/www.nagel-group.com\/pl\/nagel-polska\/"},{"@type":"ListItem","position":3,"name":"Us\u0142ugi"}]},{"@type":"WebSite","@id":"https:\/\/www.nagel-group.com\/#website","url":"https:\/\/www.nagel-group.com\/","name":"Nagel-Group","description":"Connecting the world of food\u00ae","publisher":{"@id":"https:\/\/www.nagel-group.com\/#organization"},"potentialAction":[{"@type":"SearchAction","target":{"@type":"EntryPoint","urlTemplate":"https:\/\/www.nagel-group.com\/?s={search_term_string}"},"query-input":{"@type":"PropertyValueSpecification","valueRequired":true,"valueName":"search_term_string"}}],"inLanguage":"pl-PL"},{"@type":"Organization","@id":"https:\/\/www.nagel-group.com\/#organization","name":"Nagel-Group","url":"https:\/\/www.nagel-group.com\/","logo":{"@type":"ImageObject","inLanguage":"pl-PL","@id":"https:\/\/www.nagel-group.com\/#\/schema\/logo\/image\/","url":"https:\/\/www.nagel-group.com\/wp-content\/uploads\/2020\/09\/Nagel-Group_Logo@2x.png","contentUrl":"https:\/\/www.nagel-group.com\/wp-content\/uploads\/2020\/09\/Nagel-Group_Logo@2x.png","width":361,"height":100,"caption":"Nagel-Group"},"image":{"@id":"https:\/\/www.nagel-group.com\/#\/schema\/logo\/image\/"},"sameAs":["https:\/\/www.facebook.com\/Nagel-Group-1686584368272784","https:\/\/x.com\/NagelGroup","https:\/\/www.instagram.com\/nagelgroup\/","https:\/\/www.linkedin.com\/company\/nagel-group","https:\/\/de.wikipedia.org\/wiki\/Nagel-Group"]}]}},"_links":{"self":[{"href":"https:\/\/www.nagel-group.com\/pl\/wp-json\/wp\/v2\/pages\/47249","targetHints":{"allow":["GET"]}}],"collection":[{"href":"https:\/\/www.nagel-group.com\/pl\/wp-json\/wp\/v2\/pages"}],"about":[{"href":"https:\/\/www.nagel-group.com\/pl\/wp-json\/wp\/v2\/types\/page"}],"author":[{"embeddable":true,"href":"https:\/\/www.nagel-group.com\/pl\/wp-json\/wp\/v2\/users\/2"}],"replies":[{"embeddable":true,"href":"https:\/\/www.nagel-group.com\/pl\/wp-json\/wp\/v2\/comments?post=47249"}],"version-history":[{"count":40,"href":"https:\/\/www.nagel-group.com\/pl\/wp-json\/wp\/v2\/pages\/47249\/revisions"}],"predecessor-version":[{"id":53620,"href":"https:\/\/www.nagel-group.com\/pl\/wp-json\/wp\/v2\/pages\/47249\/revisions\/53620"}],"up":[{"embeddable":true,"href":"https:\/\/www.nagel-group.com\/pl\/wp-json\/wp\/v2\/pages\/47240"}],"wp:attachment":[{"href":"https:\/\/www.nagel-group.com\/pl\/wp-json\/wp\/v2\/media?parent=47249"}],"curies":[{"name":"wp","href":"https:\/\/api.w.org\/{rel}","templated":true}]}}