{"id":47240,"date":"2025-06-02T23:19:34","date_gmt":"2025-06-02T21:19:34","guid":{"rendered":"https:\/\/www.nagel-group.com\/?page_id=47240"},"modified":"2026-02-06T14:59:24","modified_gmt":"2026-02-06T13:59:24","slug":"nagel-polska","status":"publish","type":"page","link":"https:\/\/www.nagel-group.com\/pl\/nagel-polska\/","title":{"rendered":"Nagel Polska"},"content":{"rendered":"<div class=\"wpb-content-wrapper\"><p>[vc_row full_width=&#8221;stretch_row_content_no_spaces&#8221; el_class=&#8221;nag-location-banner&#8221;][vc_column]<div class=\"top-banner lazyload\" style=\"background-image:inherit;\" data-bg-image=\"url(https:\/\/www.nagel-group.com\/wp-content\/uploads\/2023\/10\/PL05-Wroclaw.png)\"><\/div>[\/vc_column][\/vc_row][vc_row el_class=&#8221;list&#8211;style nag-danmark-title&#8221;][vc_column][vc_column_text css=&#8221;&#8221;]<\/p>\n<h1>Nagel Polska<\/h1>\n<h2>Tw\u00f3j partner w logistyce \u017cywno\u015bci<\/h2>\n<p>Jeste\u015bmy cz\u0119\u015bci\u0105 mi\u0119dzynarodowej grupy logistycznej Nagel-Group. W Polsce jeste\u015bmy obecni od 2002 roku, a od 2017 roku &#8211; we wsp\u00f3\u0142pracy z Nagel Cesko, Nagel Slovensko i Nagel Hungary &#8211; tworzymy jeden z kluczowych region\u00f3w Grupy Nagel, obejmuj\u0105cy Europ\u0119 \u015arodkowo-Wschodni\u0105 (CEE \u2013 Central and Eastern Europe). Dzi\u0119ki po\u0142\u0105czeniu si\u0142 w regionie CEE zyskali\u015bmy mo\u017cliwo\u015b\u0107 efektywniejszego dzielenia si\u0119 wiedz\u0105, wykorzystywania synergii kompetencji oraz sprawnego wdra\u017cania innowacyjnych rozwi\u0105za\u0144 operacyjnych.<\/p>\n<p>Naszym Klientom oferujemy elastyczne rozwi\u0105zania transportowe (od przewoz\u00f3w ca\u0142opojazdowych FTL i cz\u0119\u015bciowych LTL, po efektywn\u0105 logistyk\u0119 kontraktow\u0105 i mi\u0119dzynarodow\u0105) &#8211; precyzyjnie dostosowane do specyfiki ich dzia\u0142alno\u015bci.<\/p>\n<p>Sprawnie \u0142\u0105czymy r\u00f3wnie\u017c do\u015bwiadczenie z nowoczesnymi technologiami, dbaj\u0105c o wydajno\u015b\u0107 proces\u00f3w, zr\u00f3wnowa\u017cony rozw\u00f3j i redukcj\u0119 emisji CO\u2082. Dzi\u0119ki temu Klienci zyskuj\u0105 dost\u0119p do zintegrowanych us\u0142ug, stabilnych \u0142a\u0144cuch\u00f3w dostaw i kompleksowego wsparcia na terenie ca\u0142ej Europy.<\/p>\n<p>Za sukcesem Nagel Polska stoi do\u015bwiadczony zesp\u00f3\u0142 blisko 790 os\u00f3b oraz rozbudowana sie\u0107 oddzia\u0142\u00f3w w kluczowych lokalizacjach w kraju. Dysponujemy ponad 91,500 m\u00b2 powierzchni magazynowej, co pozwala nam obs\u0142ugiwa\u0107 zar\u00f3wno du\u017ce, jak i mniejsze projekty zawsze na najwy\u017cszym poziomie.<\/p>\n<p>Cenimy sobie otwart\u0105 komunikacj\u0119, partnerstwo i odpowiedzialno\u015b\u0107, kt\u00f3re stanowi\u0105 fundamenty naszej codziennej pracy i buduj\u0105 relacje biznesowe.<\/p>\n<p>Porozmawiajmy o rozwi\u0105zaniach dla Twojej firmy \u2013 zapraszamy do wsp\u00f3\u0142pracy![\/vc_column_text][\/vc_column][\/vc_row][vc_row el_class=&#8221;list&#8211;style nag&#8211;inner&#8211;c dan&#8211;mid&#8221;][vc_column]<div class=\"country--box\"><div class=\"small-cc\"><div class=\"each-c-box inherit\"><div class=\"content-c-tab\"><h3>Us\u0142ugi<\/h3>\n<p><strong>Kompleksowa logistyka \u017cywno\u015bci!<br \/>\n<\/strong>Oferujemy szeroki zakres us\u0142ug \u2013 od transportu krajowego i mi\u0119dzynarodowego, przez magazynowanie, a\u017c po nowoczesn\u0105 logistyk\u0119 kontraktow\u0105.<\/p>\n<\/div><a class=\"box-c-link inherit\" href=\"https:\/\/www.nagel-group.com\/pl\/uslugi\/\">Wi\u0119cej<\/a><\/div><div class=\"each-c-box inherit\"><div class=\"content-c-tab\"><h3>Oddzia\u0142y<\/h3>\n<p><strong>Jeste\u015bmy blisko Twojego biznesu!<br \/>\n<\/strong>Rozbudowana sie\u0107 oddzia\u0142\u00f3w i magazyn\u00f3w w ca\u0142ej Polsce gwarantuje szybkie wsparcie oraz elastyczno\u015b\u0107 w dzia\u0142aniu.<\/p>\n<\/div><a class=\"box-c-link inherit\" href=\"https:\/\/www.nagel-group.com\/pl\/oddzialy\/\">Wi\u0119cej<\/a><\/div><div class=\"each-c-box inherit\"><div class=\"content-c-tab\"><h3>Certyfikaty<\/h3>\n<p><strong>Potwierdzona jako\u015b\u0107!<br \/>\n<\/strong>Dbamy o bezpiecze\u0144stwo i wysok\u0105 jako\u015b\u0107, co potwierdzaj\u0105 nasze certyfikaty oraz pozytywne wyniki audyt\u00f3w bran\u017cowych.<\/p>\n<\/div><a class=\"box-c-link inherit\" href=\"https:\/\/www.nagel-group.com\/zertifikate\/\">Wi\u0119cej<\/a><\/div><div class=\"each-c-box inherit\"><div class=\"content-c-tab\"><h3><b><span lang=\"PL\">Kariera<\/span><\/b><\/h3>\n<p><strong>Rozwijaj si\u0119 z Nagel Polska!<\/strong><br \/>\nDo\u0142\u0105cz do naszego zespo\u0142u i buduj swoj\u0105 karier\u0119 w stabilnej, mi\u0119dzynarodowej firmie.<\/p>\n<\/div><a class=\"box-c-link inherit\" href=\"https:\/\/www.nagel-group.com\/pl\/nagel-polska\/kariera\/\">Wi\u0119cej<\/a><\/div>\n<\/div><\/div>[\/vc_column][\/vc_row]<\/p>\n<\/div>","protected":false},"excerpt":{"rendered":"<p> Nagel Polska Tw\u00f3j partner w logistyce \u017cywno\u015bci Jeste\u015bmy cz\u0119\u015bci\u0105 mi\u0119dzynarodowej grupy logistycznej Nagel-Group. W<\/p>\n","protected":false},"author":2,"featured_media":0,"parent":0,"menu_order":0,"comment_status":"closed","ping_status":"closed","template":"","meta":{"_acf_changed":false,"inline_featured_image":false,"footnotes":""},"class_list":["post-47240","page","type-page","status-publish","hentry"],"acf":[],"yoast_head":"<!-- This site is optimized with the Yoast SEO plugin v26.8 - https:\/\/yoast.com\/product\/yoast-seo-wordpress\/ -->\n<title>Nagel Polska - Nagel-Group<\/title>\n<meta name=\"description\" content=\"Nagel-Group Nagel Polska -\" \/>\n<meta name=\"robots\" content=\"index, follow, max-snippet:-1, max-image-preview:large, max-video-preview:-1\" \/>\n<link rel=\"canonical\" href=\"https:\/\/www.nagel-group.com\/pl\/nagel-polska\/\" \/>\n<meta property=\"og:locale\" content=\"pl_PL\" \/>\n<meta property=\"og:type\" content=\"article\" \/>\n<meta property=\"og:title\" content=\"Nagel Polska - Nagel-Group\" \/>\n<meta property=\"og:description\" content=\"Nagel-Group Nagel Polska -\" \/>\n<meta property=\"og:url\" content=\"https:\/\/www.nagel-group.com\/pl\/nagel-polska\/\" \/>\n<meta property=\"og:site_name\" content=\"Nagel-Group\" \/>\n<meta property=\"article:publisher\" content=\"https:\/\/www.facebook.com\/Nagel-Group-1686584368272784\" \/>\n<meta property=\"article:modified_time\" content=\"2026-02-06T13:59:24+00:00\" \/>\n<meta name=\"twitter:card\" content=\"summary_large_image\" \/>\n<meta name=\"twitter:site\" content=\"@NagelGroup\" \/>\n<meta name=\"twitter:label1\" content=\"Szacowany czas czytania\" \/>\n\t<meta name=\"twitter:data1\" content=\"2 minuty\" \/>\n<script type=\"application\/ld+json\" class=\"yoast-schema-graph\">{\"@context\":\"https:\/\/schema.org\",\"@graph\":[{\"@type\":\"WebPage\",\"@id\":\"https:\/\/www.nagel-group.com\/pl\/nagel-polska\/\",\"url\":\"https:\/\/www.nagel-group.com\/pl\/nagel-polska\/\",\"name\":\"Nagel Polska - Nagel-Group\",\"isPartOf\":{\"@id\":\"https:\/\/www.nagel-group.com\/#website\"},\"datePublished\":\"2025-06-02T21:19:34+00:00\",\"dateModified\":\"2026-02-06T13:59:24+00:00\",\"description\":\"Nagel-Group Nagel Polska -\",\"breadcrumb\":{\"@id\":\"https:\/\/www.nagel-group.com\/pl\/nagel-polska\/#breadcrumb\"},\"inLanguage\":\"pl-PL\",\"potentialAction\":[{\"@type\":\"ReadAction\",\"target\":[\"https:\/\/www.nagel-group.com\/pl\/nagel-polska\/\"]}]},{\"@type\":\"BreadcrumbList\",\"@id\":\"https:\/\/www.nagel-group.com\/pl\/nagel-polska\/#breadcrumb\",\"itemListElement\":[{\"@type\":\"ListItem\",\"position\":1,\"name\":\"Startseite\",\"item\":\"https:\/\/www.nagel-group.com\/\"},{\"@type\":\"ListItem\",\"position\":2,\"name\":\"Nagel Polska\"}]},{\"@type\":\"WebSite\",\"@id\":\"https:\/\/www.nagel-group.com\/#website\",\"url\":\"https:\/\/www.nagel-group.com\/\",\"name\":\"Nagel-Group\",\"description\":\"Connecting the world of food\u00ae\",\"publisher\":{\"@id\":\"https:\/\/www.nagel-group.com\/#organization\"},\"potentialAction\":[{\"@type\":\"SearchAction\",\"target\":{\"@type\":\"EntryPoint\",\"urlTemplate\":\"https:\/\/www.nagel-group.com\/?s={search_term_string}\"},\"query-input\":{\"@type\":\"PropertyValueSpecification\",\"valueRequired\":true,\"valueName\":\"search_term_string\"}}],\"inLanguage\":\"pl-PL\"},{\"@type\":\"Organization\",\"@id\":\"https:\/\/www.nagel-group.com\/#organization\",\"name\":\"Nagel-Group\",\"url\":\"https:\/\/www.nagel-group.com\/\",\"logo\":{\"@type\":\"ImageObject\",\"inLanguage\":\"pl-PL\",\"@id\":\"https:\/\/www.nagel-group.com\/#\/schema\/logo\/image\/\",\"url\":\"https:\/\/www.nagel-group.com\/wp-content\/uploads\/2020\/09\/Nagel-Group_Logo@2x.png\",\"contentUrl\":\"https:\/\/www.nagel-group.com\/wp-content\/uploads\/2020\/09\/Nagel-Group_Logo@2x.png\",\"width\":361,\"height\":100,\"caption\":\"Nagel-Group\"},\"image\":{\"@id\":\"https:\/\/www.nagel-group.com\/#\/schema\/logo\/image\/\"},\"sameAs\":[\"https:\/\/www.facebook.com\/Nagel-Group-1686584368272784\",\"https:\/\/x.com\/NagelGroup\",\"https:\/\/www.instagram.com\/nagelgroup\/\",\"https:\/\/www.linkedin.com\/company\/nagel-group\",\"https:\/\/de.wikipedia.org\/wiki\/Nagel-Group\"]}]}<\/script>\n<!-- \/ Yoast SEO plugin. -->","yoast_head_json":{"title":"Nagel Polska - Nagel-Group","description":"Nagel-Group Nagel Polska -","robots":{"index":"index","follow":"follow","max-snippet":"max-snippet:-1","max-image-preview":"max-image-preview:large","max-video-preview":"max-video-preview:-1"},"canonical":"https:\/\/www.nagel-group.com\/pl\/nagel-polska\/","og_locale":"pl_PL","og_type":"article","og_title":"Nagel Polska - Nagel-Group","og_description":"Nagel-Group Nagel Polska -","og_url":"https:\/\/www.nagel-group.com\/pl\/nagel-polska\/","og_site_name":"Nagel-Group","article_publisher":"https:\/\/www.facebook.com\/Nagel-Group-1686584368272784","article_modified_time":"2026-02-06T13:59:24+00:00","twitter_card":"summary_large_image","twitter_site":"@NagelGroup","twitter_misc":{"Szacowany czas czytania":"2 minuty"},"schema":{"@context":"https:\/\/schema.org","@graph":[{"@type":"WebPage","@id":"https:\/\/www.nagel-group.com\/pl\/nagel-polska\/","url":"https:\/\/www.nagel-group.com\/pl\/nagel-polska\/","name":"Nagel Polska - Nagel-Group","isPartOf":{"@id":"https:\/\/www.nagel-group.com\/#website"},"datePublished":"2025-06-02T21:19:34+00:00","dateModified":"2026-02-06T13:59:24+00:00","description":"Nagel-Group Nagel Polska -","breadcrumb":{"@id":"https:\/\/www.nagel-group.com\/pl\/nagel-polska\/#breadcrumb"},"inLanguage":"pl-PL","potentialAction":[{"@type":"ReadAction","target":["https:\/\/www.nagel-group.com\/pl\/nagel-polska\/"]}]},{"@type":"BreadcrumbList","@id":"https:\/\/www.nagel-group.com\/pl\/nagel-polska\/#breadcrumb","itemListElement":[{"@type":"ListItem","position":1,"name":"Startseite","item":"https:\/\/www.nagel-group.com\/"},{"@type":"ListItem","position":2,"name":"Nagel Polska"}]},{"@type":"WebSite","@id":"https:\/\/www.nagel-group.com\/#website","url":"https:\/\/www.nagel-group.com\/","name":"Nagel-Group","description":"Connecting the world of food\u00ae","publisher":{"@id":"https:\/\/www.nagel-group.com\/#organization"},"potentialAction":[{"@type":"SearchAction","target":{"@type":"EntryPoint","urlTemplate":"https:\/\/www.nagel-group.com\/?s={search_term_string}"},"query-input":{"@type":"PropertyValueSpecification","valueRequired":true,"valueName":"search_term_string"}}],"inLanguage":"pl-PL"},{"@type":"Organization","@id":"https:\/\/www.nagel-group.com\/#organization","name":"Nagel-Group","url":"https:\/\/www.nagel-group.com\/","logo":{"@type":"ImageObject","inLanguage":"pl-PL","@id":"https:\/\/www.nagel-group.com\/#\/schema\/logo\/image\/","url":"https:\/\/www.nagel-group.com\/wp-content\/uploads\/2020\/09\/Nagel-Group_Logo@2x.png","contentUrl":"https:\/\/www.nagel-group.com\/wp-content\/uploads\/2020\/09\/Nagel-Group_Logo@2x.png","width":361,"height":100,"caption":"Nagel-Group"},"image":{"@id":"https:\/\/www.nagel-group.com\/#\/schema\/logo\/image\/"},"sameAs":["https:\/\/www.facebook.com\/Nagel-Group-1686584368272784","https:\/\/x.com\/NagelGroup","https:\/\/www.instagram.com\/nagelgroup\/","https:\/\/www.linkedin.com\/company\/nagel-group","https:\/\/de.wikipedia.org\/wiki\/Nagel-Group"]}]}},"_links":{"self":[{"href":"https:\/\/www.nagel-group.com\/pl\/wp-json\/wp\/v2\/pages\/47240","targetHints":{"allow":["GET"]}}],"collection":[{"href":"https:\/\/www.nagel-group.com\/pl\/wp-json\/wp\/v2\/pages"}],"about":[{"href":"https:\/\/www.nagel-group.com\/pl\/wp-json\/wp\/v2\/types\/page"}],"author":[{"embeddable":true,"href":"https:\/\/www.nagel-group.com\/pl\/wp-json\/wp\/v2\/users\/2"}],"replies":[{"embeddable":true,"href":"https:\/\/www.nagel-group.com\/pl\/wp-json\/wp\/v2\/comments?post=47240"}],"version-history":[{"count":23,"href":"https:\/\/www.nagel-group.com\/pl\/wp-json\/wp\/v2\/pages\/47240\/revisions"}],"predecessor-version":[{"id":49452,"href":"https:\/\/www.nagel-group.com\/pl\/wp-json\/wp\/v2\/pages\/47240\/revisions\/49452"}],"wp:attachment":[{"href":"https:\/\/www.nagel-group.com\/pl\/wp-json\/wp\/v2\/media?parent=47240"}],"curies":[{"name":"wp","href":"https:\/\/api.w.org\/{rel}","templated":true}]}}