{"id":16926,"date":"2022-02-14T15:07:11","date_gmt":"2022-02-14T14:07:11","guid":{"rendered":"https:\/\/www.nagel-group.com\/?page_id=16926"},"modified":"2022-07-06T10:43:05","modified_gmt":"2022-07-06T09:43:05","slug":"zastosowanie-kierowca","status":"publish","type":"page","link":"https:\/\/www.nagel-group.com\/pl\/zastosowanie-kierowca\/","title":{"rendered":"Berufskraftfahrer"},"content":{"rendered":"<div class=\"wpb-content-wrapper\"><p>[vc_row full_width=&#8221;stretch_row_content_no_spaces&#8221; el_class=&#8221;kontakt&#8211;top&#8221;][vc_column]<div class=\"inner-top--inner lazyload\" style=\"background-image:inherit;\" data-bg-image=\"url(https:\/\/www.nagel-group.com\/wp-content\/uploads\/2020\/11\/LKW_gespiegelt-1-scaled.jpg)\"><div class=\"big-content-center\"><div class=\"inner_top-left bg-inherit\"><h1 class=\"text-inherit\">Poszukiwany kierowca!<\/h1><h2 class=\"text-inherit\"><\/h2><p>Chcia\u0142by\u015b zmierzy\u0107 si\u0119 z czym\u015b du\u017cym, najlepiej kilkutonowym?<br \/>\nAplikuj teraz, w kilka minut- mo\u017cesz zosta\u0107 zawodowym kierowc\u0105!<\/p>\n<p>Do\u0142\u0105cz do zespo\u0142u Nagel-Group!<\/p>\n<\/div><\/div><\/div>[\/vc_column][\/vc_row][vc_row el_class=&#8221;kontakt&#8211;second&#8221;][vc_column][vc_column_text]<\/p>\n<h1><strong>Twoje zg\u0142oszenie<\/strong><\/h1>\n<p>&nbsp;<\/p>\n<p>A tak to dzia\u0142a: Wype\u0142nij formularz i wy\u015blij! Odezwiemy si\u0119 tak szybko, jak to mo\u017cliwe!<\/p>\n<p>Masz nadal pytania dotycz\u0105ce niekt\u00f3rych kwalifikacji?\u00a0 Napisz do nas e-mail na adres <a href=\"mailto:jobs@nagel-group.com\">jobs@nagel-group.com<\/a>[\/vc_column_text][vc_empty_space][vc_empty_space][vc_empty_space][\/vc_column][\/vc_row][vc_row el_class=&#8221;kontakt&#8211;second&#8221;][vc_column]\n<div class=\"wpcf7 no-js\" id=\"wpcf7-f16905-o1\" lang=\"en-US\" dir=\"ltr\" data-wpcf7-id=\"16905\">\n<div class=\"screen-reader-response\"><p role=\"status\" aria-live=\"polite\" aria-atomic=\"true\"><\/p> <ul><\/ul><\/div>\n<form action=\"\/pl\/wp-json\/wp\/v2\/pages\/16926#wpcf7-f16905-o1\" method=\"post\" class=\"wpcf7-form init wpcf7-acceptance-as-validation\" aria-label=\"Contact form\" novalidate=\"novalidate\" data-status=\"init\">\n<fieldset class=\"hidden-fields-container\"><input type=\"hidden\" name=\"_wpcf7\" value=\"16905\" \/><input type=\"hidden\" name=\"_wpcf7_version\" value=\"6.1.5\" \/><input type=\"hidden\" name=\"_wpcf7_locale\" value=\"en_US\" \/><input type=\"hidden\" name=\"_wpcf7_unit_tag\" value=\"wpcf7-f16905-o1\" \/><input type=\"hidden\" name=\"_wpcf7_container_post\" value=\"0\" \/><input type=\"hidden\" name=\"_wpcf7_posted_data_hash\" value=\"\" \/><input type=\"hidden\" name=\"_wpcf7cf_hidden_group_fields\" value=\"[]\" \/><input type=\"hidden\" name=\"_wpcf7cf_hidden_groups\" value=\"[]\" \/><input type=\"hidden\" name=\"_wpcf7cf_visible_groups\" value=\"[]\" \/><input type=\"hidden\" name=\"_wpcf7cf_repeaters\" value=\"[]\" \/><input type=\"hidden\" name=\"_wpcf7cf_steps\" value=\"{}\" \/><input type=\"hidden\" name=\"_wpcf7cf_options\" value=\"{&quot;form_id&quot;:16905,&quot;conditions&quot;:[],&quot;settings&quot;:{&quot;animation&quot;:&quot;yes&quot;,&quot;animation_intime&quot;:200,&quot;animation_outtime&quot;:200,&quot;conditions_ui&quot;:&quot;normal&quot;,&quot;notice_dismissed&quot;:false,&quot;notice_dismissed_update-cf7-6.1.4&quot;:true}}\" \/><input type=\"hidden\" name=\"_wpcf7_recaptcha_response\" value=\"\" \/>\n<\/fieldset>\n<h2>Kwalifikacje:\n<\/h2>\n<p>Kt\u00f3r\u0105 klas\u0119 prawa jazdy Pan\/ Pani posiada?<br \/>\n<span class=\"wpcf7-form-control-wrap\" data-name=\"Fuehrerscheinklasse\"><span class=\"wpcf7-form-control wpcf7-radio\"><span class=\"wpcf7-list-item first\"><label><input type=\"radio\" name=\"Fuehrerscheinklasse\" value=\"C1\" checked=\"checked\" \/><span class=\"wpcf7-list-item-label\">C1<\/span><\/label><\/span><span class=\"wpcf7-list-item\"><label><input type=\"radio\" name=\"Fuehrerscheinklasse\" value=\"C\" \/><span class=\"wpcf7-list-item-label\">C<\/span><\/label><\/span><span class=\"wpcf7-list-item\"><label><input type=\"radio\" name=\"Fuehrerscheinklasse\" value=\"C1E\" \/><span class=\"wpcf7-list-item-label\">C1E<\/span><\/label><\/span><span class=\"wpcf7-list-item last\"><label><input type=\"radio\" name=\"Fuehrerscheinklasse\" value=\"CE\" \/><span class=\"wpcf7-list-item-label\">CE<\/span><\/label><\/span><\/span><\/span>\n<\/p>\n<p>Ile ton mo\u017ce Pan\/ Pani przewozi\u0107?<br \/>\n<span class=\"wpcf7-form-control-wrap\" data-name=\"Tonnen\"><span class=\"wpcf7-form-control wpcf7-radio\"><span class=\"wpcf7-list-item first\"><label><input type=\"radio\" name=\"Tonnen\" value=\"7,5 t\" checked=\"checked\" \/><span class=\"wpcf7-list-item-label\">7,5 t<\/span><\/label><\/span><span class=\"wpcf7-list-item\"><label><input type=\"radio\" name=\"Tonnen\" value=\"12 t\" \/><span class=\"wpcf7-list-item-label\">12 t<\/span><\/label><\/span><span class=\"wpcf7-list-item\"><label><input type=\"radio\" name=\"Tonnen\" value=\"18 t\" \/><span class=\"wpcf7-list-item-label\">18 t<\/span><\/label><\/span><span class=\"wpcf7-list-item last\"><label><input type=\"radio\" name=\"Tonnen\" value=\"40 t\" \/><span class=\"wpcf7-list-item-label\">40 t<\/span><\/label><\/span><\/span><\/span>\n<\/p>\n<p>Kiedy uzyska\u0142 Pan\/ Pani prawo jazdy?<br \/>\n<span class=\"wpcf7-form-control-wrap\" data-name=\"FuehrerscheinErwerb\"><input class=\"wpcf7-form-control wpcf7-date wpcf7-validates-as-date\" aria-invalid=\"false\" value=\"2021-10-10\" type=\"date\" name=\"FuehrerscheinErwerb\" \/><\/span>\n<\/p>\n<p>Czy posiada Pan\/ Pani inne kwalifikacje?<br \/>\n<span class=\"wpcf7-form-control-wrap\" data-name=\"Qualifikationen\"><span class=\"wpcf7-form-control wpcf7-radio\"><span class=\"wpcf7-list-item first\"><input type=\"radio\" name=\"Qualifikationen\" value=\"Uprawnienia na w\u00f3zki wid\u0142owe\" checked=\"checked\" \/><span class=\"wpcf7-list-item-label\">Uprawnienia na w\u00f3zki wid\u0142owe<\/span><\/span><span class=\"wpcf7-list-item\"><input type=\"radio\" name=\"Qualifikationen\" value=\"ADR\" \/><span class=\"wpcf7-list-item-label\">ADR<\/span><\/span><span class=\"wpcf7-list-item\"><input type=\"radio\" name=\"Qualifikationen\" value=\"Inne\" \/><span class=\"wpcf7-list-item-label\">Inne<\/span><\/span><span class=\"wpcf7-list-item last\"><input type=\"radio\" name=\"Qualifikationen\" value=\"Nie\" \/><span class=\"wpcf7-list-item-label\">Nie<\/span><\/span><\/span><\/span>\n<\/p>\n<p>Czy posiada Pan\/ Pani kart\u0119 kierowcy?<br \/>\n<span class=\"wpcf7-form-control-wrap\" data-name=\"Fahrerkarte\"><select class=\"wpcf7-form-control wpcf7-select wpcf7-validates-as-required\" aria-required=\"true\" aria-invalid=\"false\" name=\"Fahrerkarte\"><option value=\"Tak\">Tak<\/option><option value=\"Nie\">Nie<\/option><\/select><\/span>\n<\/p>\n<p>Czy kod 95 jest wpisany w prawie jazdy?<br \/>\n<span class=\"wpcf7-form-control-wrap\" data-name=\"Schluessel95\"><select class=\"wpcf7-form-control wpcf7-select\" aria-invalid=\"false\" name=\"Schluessel95\"><option value=\"Tak\">Tak<\/option><option value=\"Nie\">Nie<\/option><\/select><\/span>\n<\/p>\n<p>Jak\u0105 dyspozycyjno\u015b\u0107 pracy Pan\/ Pani preferuje?<br \/>\n<span class=\"wpcf7-form-control-wrap\" data-name=\"UmkreisEinsatz\"><select class=\"wpcf7-form-control wpcf7-select wpcf7-validates-as-required\" aria-required=\"true\" aria-invalid=\"false\" name=\"UmkreisEinsatz\"><option value=\"Transport lokalny\">Transport lokalny<\/option><option value=\"Transport dalekobie\u017cny\">Transport dalekobie\u017cny<\/option><option value=\"Transport liniowy tzw. mi\u0119dzyoddzia\u0142owy\">Transport liniowy tzw. mi\u0119dzyoddzia\u0142owy<\/option><\/select><\/span>\n<\/p>\n<p>Preferowane miejsce pracy oddalone od miejsca zamieszkania:<br \/>\n<span class=\"wpcf7-form-control-wrap\" data-name=\"Umkreis\"><span class=\"wpcf7-form-control wpcf7-radio\"><span class=\"wpcf7-list-item first\"><label><input type=\"radio\" name=\"Umkreis\" value=\"do 30 km\" checked=\"checked\" \/><span class=\"wpcf7-list-item-label\">do 30 km<\/span><\/label><\/span><span class=\"wpcf7-list-item\"><label><input type=\"radio\" name=\"Umkreis\" value=\"do 50 km\" \/><span class=\"wpcf7-list-item-label\">do 50 km<\/span><\/label><\/span><span class=\"wpcf7-list-item\"><label><input type=\"radio\" name=\"Umkreis\" value=\"do 75 km\" \/><span class=\"wpcf7-list-item-label\">do 75 km<\/span><\/label><\/span><span class=\"wpcf7-list-item last\"><label><input type=\"radio\" name=\"Umkreis\" value=\"oboj\u0119tnie\" \/><span class=\"wpcf7-list-item-label\">oboj\u0119tnie<\/span><\/label><\/span><\/span><\/span>\n<\/p>\n<p>Czy posiada Pan\/ Pani do\u015bwiadczenie w prowadzeniu ci\u0119\u017car\u00f3wki przegubowej?<br \/>\n<span class=\"wpcf7-form-control-wrap\" data-name=\"SattelzugErfahrung\"><span class=\"wpcf7-form-control wpcf7-radio\"><span class=\"wpcf7-list-item first\"><label><input type=\"radio\" name=\"SattelzugErfahrung\" value=\"Tak\" checked=\"checked\" \/><span class=\"wpcf7-list-item-label\">Tak<\/span><\/label><\/span><span class=\"wpcf7-list-item last\"><label><input type=\"radio\" name=\"SattelzugErfahrung\" value=\"Nie\" \/><span class=\"wpcf7-list-item-label\">Nie<\/span><\/label><\/span><\/span><\/span>\n<\/p>\n<p>Czy posiada Pan\/ Pani do\u015bwiadczenie w prowadzeniu zestaw\u00f3w?<br \/>\n<span class=\"wpcf7-form-control-wrap\" data-name=\"GliederzugErfahrung\"><span class=\"wpcf7-form-control wpcf7-radio\"><span class=\"wpcf7-list-item first\"><label><input type=\"radio\" name=\"GliederzugErfahrung\" value=\"Tak\" checked=\"checked\" \/><span class=\"wpcf7-list-item-label\">Tak<\/span><\/label><\/span><span class=\"wpcf7-list-item last\"><label><input type=\"radio\" name=\"GliederzugErfahrung\" value=\"Nie\" \/><span class=\"wpcf7-list-item-label\">Nie<\/span><\/label><\/span><\/span><\/span>\n<\/p>\n<p>Czy posiada Pan\/ Pani do\u015bwiadczenie w transporcie ch\u0142odniczym?<br \/>\n<span class=\"wpcf7-form-control-wrap\" data-name=\"Kuehltransporte\"><span class=\"wpcf7-form-control wpcf7-radio\"><span class=\"wpcf7-list-item first\"><label><input type=\"radio\" name=\"Kuehltransporte\" value=\"Tak\" checked=\"checked\" \/><span class=\"wpcf7-list-item-label\">Tak<\/span><\/label><\/span><span class=\"wpcf7-list-item last\"><label><input type=\"radio\" name=\"Kuehltransporte\" value=\"Nie\" \/><span class=\"wpcf7-list-item-label\">Nie<\/span><\/label><\/span><\/span><\/span>\n<\/p>\n<p>Znajomo\u015b\u0107 j\u0119zyka niemieckiego?<br \/>\n<span class=\"wpcf7-form-control-wrap\" data-name=\"Deutschkenntnisse\"><select class=\"wpcf7-form-control wpcf7-select\" aria-invalid=\"false\" name=\"Deutschkenntnisse\"><option value=\"Wiedza podstawowa\">Wiedza podstawowa<\/option><option value=\"Nie\">Nie<\/option><option value=\"Tak\">Tak<\/option><\/select><\/span>\n<\/p>\n<h2>Kontaktt:\n<\/h2>\n<div class=\"each--line\">\n\t<p><span class=\"wpcf7-form-control-wrap\" data-name=\"radio-695\"><span class=\"wpcf7-form-control wpcf7-radio\"><span class=\"wpcf7-list-item first\"><label><input type=\"radio\" name=\"radio-695\" value=\"Pani\" \/><span class=\"wpcf7-list-item-label\">Pani<\/span><\/label><\/span><span class=\"wpcf7-list-item last\"><label><input type=\"radio\" name=\"radio-695\" value=\"Pan\" \/><span class=\"wpcf7-list-item-label\">Pan<\/span><\/label><\/span><\/span><\/span>\n\t<\/p>\n<\/div>\n<div class=\"each--line\">\n\t<p><span class=\"wpcf7-form-control-wrap\" data-name=\"your-firstname\"><input size=\"40\" maxlength=\"400\" class=\"wpcf7-form-control wpcf7-text wpcf7-validates-as-required\" aria-required=\"true\" aria-invalid=\"false\" placeholder=\"Imi\u0119*\" value=\"\" type=\"text\" name=\"your-firstname\" \/><\/span>\n\t<\/p>\n<\/div>\n<div class=\"each--line\">\n\t<p><span class=\"wpcf7-form-control-wrap\" data-name=\"your-lastname\"><input size=\"40\" maxlength=\"400\" class=\"wpcf7-form-control wpcf7-text wpcf7-validates-as-required\" aria-required=\"true\" aria-invalid=\"false\" placeholder=\"Nazwisko*\" value=\"\" type=\"text\" name=\"your-lastname\" \/><\/span>\n\t<\/p>\n<\/div>\n<div class=\"each--line\">\n\t<p><span class=\"wpcf7-form-control-wrap\" data-name=\"your-wohnort\"><input size=\"40\" maxlength=\"400\" class=\"wpcf7-form-control wpcf7-text wpcf7-validates-as-required\" aria-required=\"true\" aria-invalid=\"false\" placeholder=\"Miejscowo\u015b\u0107\" value=\"\" type=\"text\" name=\"your-wohnort\" \/><\/span>\n\t<\/p>\n<\/div>\n<div class=\"each--line\">\n\t<p><span class=\"wpcf7-form-control-wrap\" data-name=\"your-plz\"><input size=\"40\" maxlength=\"400\" class=\"wpcf7-form-control wpcf7-text wpcf7-validates-as-required\" aria-required=\"true\" aria-invalid=\"false\" placeholder=\"Kod pocztowy\" value=\"\" type=\"text\" name=\"your-plz\" \/><\/span>\n\t<\/p>\n<\/div>\n<div class=\"each--line\">\n\t<p><span class=\"wpcf7-form-control-wrap\" data-name=\"email-346\"><input size=\"40\" maxlength=\"400\" class=\"wpcf7-form-control wpcf7-email wpcf7-validates-as-required wpcf7-text wpcf7-validates-as-email\" aria-required=\"true\" aria-invalid=\"false\" placeholder=\"E-Mail*\" value=\"\" type=\"email\" name=\"email-346\" \/><\/span>\n\t<\/p>\n<\/div>\n<div class=\"each--line\">\n\t<p><span class=\"wpcf7-form-control-wrap\" data-name=\"tel-991\"><input size=\"40\" maxlength=\"400\" class=\"wpcf7-form-control wpcf7-tel wpcf7-validates-as-required wpcf7-text wpcf7-validates-as-tel\" aria-required=\"true\" aria-invalid=\"false\" placeholder=\"Telefon\" value=\"\" type=\"tel\" name=\"tel-991\" \/><\/span>\n\t<\/p>\n<\/div>\n<div class=\"each--line\">\n\t<p><span class=\"wpcf7-form-control-wrap\" data-name=\"Verfgbarab\"><input size=\"40\" maxlength=\"400\" class=\"wpcf7-form-control wpcf7-text wpcf7-validates-as-required\" aria-required=\"true\" aria-invalid=\"false\" value=\"Dost\u0119pny od\" type=\"text\" name=\"Verfgbarab\" \/><\/span>\n\t<\/p>\n<\/div>\n<div class=\"each--line\">\n\t<p><span class=\"wpcf7-form-control-wrap\" data-name=\"acceptance-831\"><span class=\"wpcf7-form-control wpcf7-acceptance\"><span class=\"wpcf7-list-item\"><label><input type=\"checkbox\" name=\"acceptance-831\" value=\"1\" aria-invalid=\"false\" \/><span class=\"wpcf7-list-item-label\">Wyra\u017cam zgod\u0119 na gromadzenie i przetwarzanie podanych przeze mnie danych drog\u0105 elektroniczn\u0105. Dane zostan\u0105 wykorzystane wy\u0142\u0105cznie w celu przetworzenia mojego zg\u0142oszenia. Zapozna\u0142em si\u0119 z <a href=\"https:\/\/www.nagel-group.com\/datenschutzerklarung\/\">Polityk\u0105 Prywatno\u015bci<\/a> zur Kenntnis genommen.<\/span><\/label><\/span><\/span><\/span>\n\t<\/p>\n<\/div>\n<div class=\"each--line submit--line\">\n\t<p><button class=\"send-button contact--button\"><span>Wy\u015blij<\/span><\/button><input class=\"wpcf7-form-control wpcf7-submit has-spinner\" type=\"submit\" value=\"Senden\" \/>\n\t<\/p>\n<\/div><div class=\"wpcf7-response-output\" aria-hidden=\"true\"><\/div>\n<\/form>\n<\/div>\n[\/vc_column][\/vc_row]<\/p>\n<\/div>","protected":false},"excerpt":{"rendered":"<p> Twoje zg\u0142oszenie &nbsp; A tak to dzia\u0142a: Wype\u0142nij formularz i wy\u015blij! Odezwiemy si\u0119 tak szybko, jak<\/p>\n","protected":false},"author":26,"featured_media":16927,"parent":0,"menu_order":0,"comment_status":"closed","ping_status":"closed","template":"","meta":{"_acf_changed":false,"inline_featured_image":false,"footnotes":""},"class_list":["post-16926","page","type-page","status-publish","has-post-thumbnail","hentry"],"acf":[],"yoast_head":"<!-- This site is optimized with the Yoast SEO plugin v26.8 - https:\/\/yoast.com\/product\/yoast-seo-wordpress\/ -->\n<title>Berufskraftfahrer - Nagel-Group<\/title>\n<meta name=\"description\" content=\"Nagel-Group Berufskraftfahrer -\" \/>\n<meta name=\"robots\" content=\"index, follow, max-snippet:-1, max-image-preview:large, max-video-preview:-1\" \/>\n<link rel=\"canonical\" href=\"https:\/\/www.nagel-group.com\/pl\/zastosowanie-kierowca\/\" \/>\n<meta property=\"og:locale\" content=\"pl_PL\" \/>\n<meta property=\"og:type\" content=\"article\" \/>\n<meta property=\"og:title\" content=\"Berufskraftfahrer - Nagel-Group\" \/>\n<meta property=\"og:description\" content=\"Nagel-Group Berufskraftfahrer -\" \/>\n<meta property=\"og:url\" content=\"https:\/\/www.nagel-group.com\/pl\/zastosowanie-kierowca\/\" \/>\n<meta property=\"og:site_name\" content=\"Nagel-Group\" \/>\n<meta property=\"article:publisher\" content=\"https:\/\/www.facebook.com\/Nagel-Group-1686584368272784\" \/>\n<meta property=\"article:modified_time\" content=\"2022-07-06T09:43:05+00:00\" \/>\n<meta property=\"og:image\" content=\"https:\/\/www.nagel-group.com\/wp-content\/uploads\/2021\/11\/TB23736_Nagel-Oktober-2019-scaled.jpg\" \/>\n\t<meta property=\"og:image:width\" content=\"2048\" \/>\n\t<meta property=\"og:image:height\" content=\"1365\" \/>\n\t<meta property=\"og:image:type\" content=\"image\/jpeg\" \/>\n<meta name=\"twitter:card\" content=\"summary_large_image\" \/>\n<meta name=\"twitter:site\" content=\"@NagelGroup\" \/>\n<meta name=\"twitter:label1\" content=\"Szacowany czas czytania\" \/>\n\t<meta name=\"twitter:data1\" content=\"1 minuta\" \/>\n<script type=\"application\/ld+json\" class=\"yoast-schema-graph\">{\"@context\":\"https:\/\/schema.org\",\"@graph\":[{\"@type\":\"WebPage\",\"@id\":\"https:\/\/www.nagel-group.com\/pl\/zastosowanie-kierowca\/\",\"url\":\"https:\/\/www.nagel-group.com\/pl\/zastosowanie-kierowca\/\",\"name\":\"Berufskraftfahrer - Nagel-Group\",\"isPartOf\":{\"@id\":\"https:\/\/www.nagel-group.com\/#website\"},\"primaryImageOfPage\":{\"@id\":\"https:\/\/www.nagel-group.com\/pl\/zastosowanie-kierowca\/#primaryimage\"},\"image\":{\"@id\":\"https:\/\/www.nagel-group.com\/pl\/zastosowanie-kierowca\/#primaryimage\"},\"thumbnailUrl\":\"https:\/\/www.nagel-group.com\/wp-content\/uploads\/2021\/11\/TB23736_Nagel-Oktober-2019-scaled.jpg\",\"datePublished\":\"2022-02-14T14:07:11+00:00\",\"dateModified\":\"2022-07-06T09:43:05+00:00\",\"description\":\"Nagel-Group Berufskraftfahrer -\",\"breadcrumb\":{\"@id\":\"https:\/\/www.nagel-group.com\/pl\/zastosowanie-kierowca\/#breadcrumb\"},\"inLanguage\":\"pl-PL\",\"potentialAction\":[{\"@type\":\"ReadAction\",\"target\":[\"https:\/\/www.nagel-group.com\/pl\/zastosowanie-kierowca\/\"]}]},{\"@type\":\"ImageObject\",\"inLanguage\":\"pl-PL\",\"@id\":\"https:\/\/www.nagel-group.com\/pl\/zastosowanie-kierowca\/#primaryimage\",\"url\":\"https:\/\/www.nagel-group.com\/wp-content\/uploads\/2021\/11\/TB23736_Nagel-Oktober-2019-scaled.jpg\",\"contentUrl\":\"https:\/\/www.nagel-group.com\/wp-content\/uploads\/2021\/11\/TB23736_Nagel-Oktober-2019-scaled.jpg\",\"width\":2048,\"height\":1365},{\"@type\":\"BreadcrumbList\",\"@id\":\"https:\/\/www.nagel-group.com\/pl\/zastosowanie-kierowca\/#breadcrumb\",\"itemListElement\":[{\"@type\":\"ListItem\",\"position\":1,\"name\":\"Startseite\",\"item\":\"https:\/\/www.nagel-group.com\/\"},{\"@type\":\"ListItem\",\"position\":2,\"name\":\"Berufskraftfahrer\"}]},{\"@type\":\"WebSite\",\"@id\":\"https:\/\/www.nagel-group.com\/#website\",\"url\":\"https:\/\/www.nagel-group.com\/\",\"name\":\"Nagel-Group\",\"description\":\"Connecting the world of food\u00ae\",\"publisher\":{\"@id\":\"https:\/\/www.nagel-group.com\/#organization\"},\"potentialAction\":[{\"@type\":\"SearchAction\",\"target\":{\"@type\":\"EntryPoint\",\"urlTemplate\":\"https:\/\/www.nagel-group.com\/?s={search_term_string}\"},\"query-input\":{\"@type\":\"PropertyValueSpecification\",\"valueRequired\":true,\"valueName\":\"search_term_string\"}}],\"inLanguage\":\"pl-PL\"},{\"@type\":\"Organization\",\"@id\":\"https:\/\/www.nagel-group.com\/#organization\",\"name\":\"Nagel-Group\",\"url\":\"https:\/\/www.nagel-group.com\/\",\"logo\":{\"@type\":\"ImageObject\",\"inLanguage\":\"pl-PL\",\"@id\":\"https:\/\/www.nagel-group.com\/#\/schema\/logo\/image\/\",\"url\":\"https:\/\/www.nagel-group.com\/wp-content\/uploads\/2020\/09\/Nagel-Group_Logo@2x.png\",\"contentUrl\":\"https:\/\/www.nagel-group.com\/wp-content\/uploads\/2020\/09\/Nagel-Group_Logo@2x.png\",\"width\":361,\"height\":100,\"caption\":\"Nagel-Group\"},\"image\":{\"@id\":\"https:\/\/www.nagel-group.com\/#\/schema\/logo\/image\/\"},\"sameAs\":[\"https:\/\/www.facebook.com\/Nagel-Group-1686584368272784\",\"https:\/\/x.com\/NagelGroup\",\"https:\/\/www.instagram.com\/nagelgroup\/\",\"https:\/\/www.linkedin.com\/company\/nagel-group\",\"https:\/\/de.wikipedia.org\/wiki\/Nagel-Group\"]}]}<\/script>\n<!-- \/ Yoast SEO plugin. -->","yoast_head_json":{"title":"Berufskraftfahrer - Nagel-Group","description":"Nagel-Group Berufskraftfahrer -","robots":{"index":"index","follow":"follow","max-snippet":"max-snippet:-1","max-image-preview":"max-image-preview:large","max-video-preview":"max-video-preview:-1"},"canonical":"https:\/\/www.nagel-group.com\/pl\/zastosowanie-kierowca\/","og_locale":"pl_PL","og_type":"article","og_title":"Berufskraftfahrer - Nagel-Group","og_description":"Nagel-Group Berufskraftfahrer -","og_url":"https:\/\/www.nagel-group.com\/pl\/zastosowanie-kierowca\/","og_site_name":"Nagel-Group","article_publisher":"https:\/\/www.facebook.com\/Nagel-Group-1686584368272784","article_modified_time":"2022-07-06T09:43:05+00:00","og_image":[{"width":2048,"height":1365,"url":"https:\/\/www.nagel-group.com\/wp-content\/uploads\/2021\/11\/TB23736_Nagel-Oktober-2019-scaled.jpg","type":"image\/jpeg"}],"twitter_card":"summary_large_image","twitter_site":"@NagelGroup","twitter_misc":{"Szacowany czas czytania":"1 minuta"},"schema":{"@context":"https:\/\/schema.org","@graph":[{"@type":"WebPage","@id":"https:\/\/www.nagel-group.com\/pl\/zastosowanie-kierowca\/","url":"https:\/\/www.nagel-group.com\/pl\/zastosowanie-kierowca\/","name":"Berufskraftfahrer - Nagel-Group","isPartOf":{"@id":"https:\/\/www.nagel-group.com\/#website"},"primaryImageOfPage":{"@id":"https:\/\/www.nagel-group.com\/pl\/zastosowanie-kierowca\/#primaryimage"},"image":{"@id":"https:\/\/www.nagel-group.com\/pl\/zastosowanie-kierowca\/#primaryimage"},"thumbnailUrl":"https:\/\/www.nagel-group.com\/wp-content\/uploads\/2021\/11\/TB23736_Nagel-Oktober-2019-scaled.jpg","datePublished":"2022-02-14T14:07:11+00:00","dateModified":"2022-07-06T09:43:05+00:00","description":"Nagel-Group Berufskraftfahrer -","breadcrumb":{"@id":"https:\/\/www.nagel-group.com\/pl\/zastosowanie-kierowca\/#breadcrumb"},"inLanguage":"pl-PL","potentialAction":[{"@type":"ReadAction","target":["https:\/\/www.nagel-group.com\/pl\/zastosowanie-kierowca\/"]}]},{"@type":"ImageObject","inLanguage":"pl-PL","@id":"https:\/\/www.nagel-group.com\/pl\/zastosowanie-kierowca\/#primaryimage","url":"https:\/\/www.nagel-group.com\/wp-content\/uploads\/2021\/11\/TB23736_Nagel-Oktober-2019-scaled.jpg","contentUrl":"https:\/\/www.nagel-group.com\/wp-content\/uploads\/2021\/11\/TB23736_Nagel-Oktober-2019-scaled.jpg","width":2048,"height":1365},{"@type":"BreadcrumbList","@id":"https:\/\/www.nagel-group.com\/pl\/zastosowanie-kierowca\/#breadcrumb","itemListElement":[{"@type":"ListItem","position":1,"name":"Startseite","item":"https:\/\/www.nagel-group.com\/"},{"@type":"ListItem","position":2,"name":"Berufskraftfahrer"}]},{"@type":"WebSite","@id":"https:\/\/www.nagel-group.com\/#website","url":"https:\/\/www.nagel-group.com\/","name":"Nagel-Group","description":"Connecting the world of food\u00ae","publisher":{"@id":"https:\/\/www.nagel-group.com\/#organization"},"potentialAction":[{"@type":"SearchAction","target":{"@type":"EntryPoint","urlTemplate":"https:\/\/www.nagel-group.com\/?s={search_term_string}"},"query-input":{"@type":"PropertyValueSpecification","valueRequired":true,"valueName":"search_term_string"}}],"inLanguage":"pl-PL"},{"@type":"Organization","@id":"https:\/\/www.nagel-group.com\/#organization","name":"Nagel-Group","url":"https:\/\/www.nagel-group.com\/","logo":{"@type":"ImageObject","inLanguage":"pl-PL","@id":"https:\/\/www.nagel-group.com\/#\/schema\/logo\/image\/","url":"https:\/\/www.nagel-group.com\/wp-content\/uploads\/2020\/09\/Nagel-Group_Logo@2x.png","contentUrl":"https:\/\/www.nagel-group.com\/wp-content\/uploads\/2020\/09\/Nagel-Group_Logo@2x.png","width":361,"height":100,"caption":"Nagel-Group"},"image":{"@id":"https:\/\/www.nagel-group.com\/#\/schema\/logo\/image\/"},"sameAs":["https:\/\/www.facebook.com\/Nagel-Group-1686584368272784","https:\/\/x.com\/NagelGroup","https:\/\/www.instagram.com\/nagelgroup\/","https:\/\/www.linkedin.com\/company\/nagel-group","https:\/\/de.wikipedia.org\/wiki\/Nagel-Group"]}]}},"_links":{"self":[{"href":"https:\/\/www.nagel-group.com\/pl\/wp-json\/wp\/v2\/pages\/16926","targetHints":{"allow":["GET"]}}],"collection":[{"href":"https:\/\/www.nagel-group.com\/pl\/wp-json\/wp\/v2\/pages"}],"about":[{"href":"https:\/\/www.nagel-group.com\/pl\/wp-json\/wp\/v2\/types\/page"}],"author":[{"embeddable":true,"href":"https:\/\/www.nagel-group.com\/pl\/wp-json\/wp\/v2\/users\/26"}],"replies":[{"embeddable":true,"href":"https:\/\/www.nagel-group.com\/pl\/wp-json\/wp\/v2\/comments?post=16926"}],"version-history":[{"count":6,"href":"https:\/\/www.nagel-group.com\/pl\/wp-json\/wp\/v2\/pages\/16926\/revisions"}],"predecessor-version":[{"id":53441,"href":"https:\/\/www.nagel-group.com\/pl\/wp-json\/wp\/v2\/pages\/16926\/revisions\/53441"}],"wp:featuredmedia":[{"embeddable":true,"href":"https:\/\/www.nagel-group.com\/pl\/wp-json\/wp\/v2\/media\/16927"}],"wp:attachment":[{"href":"https:\/\/www.nagel-group.com\/pl\/wp-json\/wp\/v2\/media?parent=16926"}],"curies":[{"name":"wp","href":"https:\/\/api.w.org\/{rel}","templated":true}]}}