{"id":9577,"date":"2021-02-08T16:41:10","date_gmt":"2021-02-08T15:41:10","guid":{"rendered":"https:\/\/www.nagel-group.com\/?page_id=9577"},"modified":"2023-08-11T10:12:59","modified_gmt":"2023-08-11T09:12:59","slug":"nagel-hungaria-ihr-lager-im-herzen-europas","status":"publish","type":"page","link":"https:\/\/www.nagel-group.com\/hu\/nagel-hungaria-ihr-lager-im-herzen-europas\/","title":{"rendered":"Nagel Hungaria &#8211; Ihr Lager im Herzen Europas"},"content":{"rendered":"<div class=\"wpb-content-wrapper\"><p>[vc_row full_width=&#8221;stretch_row_content_no_spaces&#8221; el_class=&#8221;lager&#8211;top&#8221;][vc_column]<div class=\"inner-top--inner lazyload\" style=\"background-image:inherit;\" data-bg-image=\"url(https:\/\/www.nagel-group.com\/wp-content\/uploads\/2021\/01\/QBA_9041-scaled.jpg)\"><div class=\"big-content-center\"><div class=\"inner_top-left bg-inherit\"><h1 class=\"text-inherit\">Az \u00d6n rakt\u00e1ra Eur\u00f3pa sz\u00edv\u00e9ben<\/h1><h2 class=\"text-inherit\">\u00daj lehet\u0151s\u00e9gek a Nagel Hung\u00e1ri\u00e1val<\/h2><p>A Nagel Hung\u00e1ria lehet az \u00d6n versenyel\u0151nye Eur\u00f3pa k\u00f6zep\u00e9n! Gyorsan \u00e9s megb\u00edzhat\u00f3an l\u00e1thatja el term\u00e9keivel Eur\u00f3pa minden fontos piac\u00e1t, bele\u00e9rtve Kelet- \u00e9s D\u00e9l-Eur\u00f3p\u00e1t is a \u00a0strat\u00e9giailag kedvez\u0151 elhelyezked\u00e9s\u0171 rakt\u00e1runkb\u00f3l.<\/p>\n<p>Friss-, temper\u00e1lt- vagy sz\u00e1raz\u00e1ru: az Als\u00f3n\u00e9mediben elhelyezked\u0151 rakt\u00e1runkban az \u00e9lelmiszerek valamennyi h\u0151m\u00e9rs\u00e9kleti tartom\u00e1nyban t\u00e1rolhat\u00f3k. A telephely k\u00fcl\u00f6n\u00f6sen alkalmas \u00a0FMCG-logisztik\u00e1ra. Rakt\u00e1runk az ide\u00e1lis v\u00e1laszt\u00e1s a nemzetk\u00f6zi l\u00e1ncok (Lidl, ALDI, METRO, Penny, TESCO, SPAR) disztrib\u00faci\u00f3s k\u00f6zpontjainak kiszolg\u00e1l\u00e1s\u00e1ra, napi sz\u00e1ll\u00edt\u00e1ssal a k\u00f6zponti rakt\u00e1rakba, boltokba, nagykeresked\u00e9sekbe, sz\u00e1llod\u00e1kba, \u00e9ttermekbe \u00e9s a gy\u00e1rt\u00f3 c\u00e9gekhez.<\/p>\n<\/div><\/div><\/div>[\/vc_column][\/vc_row][vc_row el_class=&#8221;logistik&#8211;second list&#8211;style first&#8221;][vc_column][vc_column_text]<\/p>\n<h2>A region\u00e1lis, orsz\u00e1gos \u00e9s az eur\u00f3pai h\u00e1l\u00f3zatok t\u00f6k\u00e9letesen kapcsol\u00f3d\u00e1sa<\/h2>\n<p><img decoding=\"async\" class=\"wp-image-9640 alignleft lazyload\" data-src=\"https:\/\/www.nagel-group.com\/wp-content\/uploads\/2021\/02\/Ungarn_2021.png\" alt=\"\" width=\"483\" height=\"308\" data-srcset=\"https:\/\/www.nagel-group.com\/wp-content\/uploads\/2021\/02\/Ungarn_2021.png 300w, https:\/\/www.nagel-group.com\/wp-content\/uploads\/2021\/02\/Ungarn_2021.png 740w\" data-sizes=\"(max-width: 483px) 100vw, 483px\" src=\"data:image\/svg+xml;base64,PHN2ZyB3aWR0aD0iMSIgaGVpZ2h0PSIxIiB4bWxucz0iaHR0cDovL3d3dy53My5vcmcvMjAwMC9zdmciPjwvc3ZnPg==\" style=\"--smush-placeholder-width: 483px; --smush-placeholder-aspect-ratio: 483\/308;\" \/><\/p>\n<p>A kereskedelem k\u00f6zels\u00e9ge csak az egyik fontos el\u0151nye az \u00faj rakt\u00e1rnak. Emellett a Nagel-csoport kiterjedt nemzetk\u00f6zi h\u00e1l\u00f3zat\u00e1nak k\u00f6sz\u00f6nhet\u0151en az \u00d6n c\u00e9ge Magyarorsz\u00e1gr\u00f3l Eur\u00f3pa b\u00e1rmely c\u00e9lpiac\u00e1t gyorsan el\u00e9rheti. Az M0 \u00e9s az M5 aut\u00f3p\u00e1ly\u00e1k k\u00f6zels\u00e9ge biztos\u00edtja, hogy az eur\u00f3pai nagyv\u00e1rosokat k\u00f6z\u00faton probl\u00e9mamentesen \u00e9s gyorsan el\u00e9rj\u00fck.[\/vc_column_text][\/vc_column][\/vc_row][vc_row full_width=&#8221;stretch_row_content_no_spaces&#8221; el_class=&#8221;blue&#8211;inner logistik&#8211;text&#8221;][vc_column][vc_column_text el_class=&#8221;site-content-center&#8221;]<\/p>\n<h2>Hat\u00e9kony \u00e9s egyedi logisztikai koncepci\u00f3k<\/h2>\n<p>A Nagel Hung\u00e1ria az \u00d6n partnere az \u00e9lelmiszer-logisztika minden fontos ter\u00fclet\u00e9n. Csaknem 20.000 n\u00e9gyzetm\u00e9ternyi rakt\u00e1rter\u00fclettel \u00e9s 6 dep\u00f3nkkal a szolg\u00e1ltat\u00e1saink Magyarorsz\u00e1g teljes ter\u00fclet\u00e9t lefedik. Rakt\u00e1roz\u00e1s, \u00e9rt\u00e9kn\u00f6vel\u0151 szolg\u00e1ltat\u00e1sok, komissi\u00f3z\u00e1s \u00e9s er\u0151s h\u00e1tt\u00e9rinformatika: cs\u00facsszezonban is t\u00e1maszkodhat a megb\u00edzhat\u00f3 folyamatainkra. Sz\u00e1munkra nagyon fontos az ell\u00e1t\u00e1si l\u00e1nc teljes spektrum\u00e1ban az \u00fcgyf\u00e9l-orient\u00e1lt hozz\u00e1\u00e1ll\u00e1s \u00e9s az operat\u00edv szervezet nagyfok\u00fa rugalmass\u00e1ga. Csak \u00edgy tudunk prec\u00edzen \u00e9s pontosan reag\u00e1lni minden v\u00e1s\u00e1rl\u00f3i ig\u00e9nyre \u00e9s a term\u00e9kek saj\u00e1toss\u00e1gaira. \u00dcgyf\u00e9lszolg\u00e1latunkon az \u00d6n \u00e1lland\u00f3 kapcsolattart\u00f3ja v\u00e1laszolja meg minden felmer\u00fcl\u0151 k\u00e9rd\u00e9s\u00e9t.<\/p>\n<p>&nbsp;<\/p>\n<h2><img decoding=\"async\" class=\"aligncenter wp-image-9352 size-full lazyload\" data-src=\"https:\/\/www.nagel-group.com\/wp-content\/uploads\/2021\/01\/Nagel-Ungarn-Lager1400x559.jpg\" alt=\"\" width=\"1400\" height=\"559\" data-srcset=\"https:\/\/www.nagel-group.com\/wp-content\/uploads\/2021\/01\/Nagel-Ungarn-Lager1400x559.jpg 300w, https:\/\/www.nagel-group.com\/wp-content\/uploads\/2021\/01\/Nagel-Ungarn-Lager1400x559.jpg 1024w, https:\/\/www.nagel-group.com\/wp-content\/uploads\/2021\/01\/Nagel-Ungarn-Lager1400x559.jpg 768w, https:\/\/www.nagel-group.com\/wp-content\/uploads\/2021\/01\/Nagel-Ungarn-Lager1400x559.jpg 1320w, https:\/\/www.nagel-group.com\/wp-content\/uploads\/2021\/01\/Nagel-Ungarn-Lager1400x559.jpg 1400w\" data-sizes=\"(max-width: 1400px) 100vw, 1400px\" src=\"data:image\/svg+xml;base64,PHN2ZyB3aWR0aD0iMSIgaGVpZ2h0PSIxIiB4bWxucz0iaHR0cDovL3d3dy53My5vcmcvMjAwMC9zdmciPjwvc3ZnPg==\" style=\"--smush-placeholder-width: 1400px; --smush-placeholder-aspect-ratio: 1400\/559;\" \/><\/h2>\n<h2>Szem\u00e9lyre szabott informatikai megold\u00e1sok<\/h2>\n<p>A Nagel-csoport a hat\u00e9konys\u00e1g folyamatos n\u00f6vel\u00e9se \u00e9rdek\u00e9ben korszer\u0171 informatikai rendszereket haszn\u00e1l. Saj\u00e1t szoftverc\u00e9g\u00fcnk, a CAL Consult megold\u00e1sai gyors reakci\u00f3id\u0151t \u00e9s nagy rugalmass\u00e1got tesznek lehet\u0151v\u00e9 a fejleszt\u00e9sekben. A bev\u00e1lt interf\u00e9szek \u00e9s az EDI megold\u00e1sok cs\u00f6kkentik az \u00d6n c\u00e9g\u00e9nek a k\u00f6lts\u00e9geit, rendszereink kialak\u00edt\u00e1sa garancia a folyamatos, \u00fczembiztos m\u0171k\u00f6d\u00e9sre. Folyamataink \u00e1lland\u00f3 fejleszt\u00e9s\u00e9vel seg\u00edt\u00fcnk abban, hogy a c\u00e9ge a logisztikai folyamatokban a lehet\u0151 legnagyobb hat\u00e9konys\u00e1got \u00e9rje el.[\/vc_column_text][\/vc_column][\/vc_row][vc_row el_class=&#8221;logistik&#8211;second list&#8211;style&#8221;][vc_column][vc_column_text]<\/p>\n<h2>A magas elv\u00e1r\u00e1sok magas sz\u00ednvonalat ig\u00e9nyelnek<\/h2>\n<p>Egys\u00e9ges min\u0151s\u00e9gi el\u0151\u00edr\u00e1sok, saj\u00e1t min\u0151s\u00e9gir\u00e1ny\u00edt\u00e1si \u00e9s ellen\u0151rz\u00e9si rendszer, \u00e1lland\u00f3 \u00e9s automatiz\u00e1lt h\u0151m\u00e9rs\u00e9klet-szab\u00e1lyoz\u00e1s: a szolg\u00e1ltat\u00e1s min\u0151s\u00e9ge a munk\u00e1nk alapja. A legmagasabb szint\u0171 \u00e9lelmiszerbiztons\u00e1ghoz elengedhetetlen a folyamatok, a rendszerek illetve munkat\u00e1rsaink \u00e1lland\u00f3 fejleszt\u00e9se c\u00e9ljaink el\u00e9r\u00e9se \u00e9rdek\u00e9ben. Ebb\u0151l a gondolkod\u00e1sm\u00f3db\u00f3l sz\u00e1rmazik az a v\u00e1llalati filoz\u00f3fia, amelyb\u0151l \u00fcgyfeleink \u00a0Eur\u00f3pa-szerte profit\u00e1lnak.<\/p>\n<h2>Haszn\u00e1lja ki a szinergi\u00e1kat, optimaliz\u00e1lja\u00a0 logisztik\u00e1j\u00e1t<\/h2>\n<p>B\u00edzzon szakembereinkben. Eur\u00f3pa egyik legnagyobb \u00e9lelmiszer-logisztikai v\u00e1llalatak\u00e9nt profit\u00e1ljon \u00f6n is\u00a0 szak\u00e9rtelm\u00fcnkb\u0151l, hat\u00e9kony folyamatainkb\u00f3l \u00e9s\u00a0 fejlett infrastrukt\u00far\u00e1nkb\u00f3l. Nagy jelent\u0151s\u00e9get tulajdon\u00edtunk a CO2-kibocs\u00e1t\u00e1s hat\u00e9kony cs\u00f6kkent\u00e9s\u00e9nek, az energiahat\u00e9konys\u00e1gnak \u00e9s a fenntarthat\u00f3s\u00e1gnak \u2013 amelyet t\u00f6bbek k\u00f6z\u00f6tt t\u00fckr\u00f6z a Lean &amp; Green csillagunk is. Egy\u00fcttm\u0171k\u00f6d\u00e9s\u00fcnk sor\u00e1n biztos lehet benne, hogy \u00e9lelmiszer-logisztik\u00e1ja minden tekintetben a legjobb k\u00e9zben van.<\/p>\n<p>&nbsp;<\/p>\n<h2><strong>Nyisson \u00faj piacokat &#8211; a Nagel Hung\u00e1ri\u00e1val!<\/strong><\/h2>\n<p>[\/vc_column_text][vc_column_text]<\/p>\n<h2><strong><a href=\"https:\/\/wenerate.com\/publicprofile\/NAGH\">Annual report &#8211; ENCO Auditor Kft.<\/a><\/strong><\/h2>\n<p>[\/vc_column_text][\/vc_column][\/vc_row][vc_row full_width=&#8221;stretch_row_content_no_spaces&#8221; el_class=&#8221;logistik log&#8211;bottom&#8221;][vc_column][vc_row_inner][vc_column_inner width=&#8221;1\/3&#8243;]<div class=\"img-text-section \"><div class=\"each--img-text\"><div class=\"imgtxt-img lazyload\" style=\"background-image:inherit;\" data-bg-image=\"url(https:\/\/www.nagel-group.com\/wp-content\/uploads\/2020\/09\/Bildflache@2x-2.png)\"><\/div><div class=\"each--infos\"><h3 class=\"inherit\">Ismerje meg rakt\u00e1roz\u00e1si tev\u00e9kenys\u00e9geinket!<\/h3><div class=\"box--content\"><p>G\u00e1bor Prazs\u00e1k, Sales Manager<\/p>\n<p><a href=\"mailto:sales.H10@nagel-group.com\">sales.H10@nagel-group.com<\/a><\/p>\n<p>Tel.: <a href=\"tel:+36 30 8944 522\">+36 30 8944 522<\/a><\/p>\n<\/div><\/div><\/div><\/div>[\/vc_column_inner][vc_column_inner width=&#8221;1\/3&#8243;]<div class=\"img-text-section \"><a class=\"full-box-link\" href=\"https:\/\/www.nagel-group.com\/nagel-hungaria\/\"><\/a><div class=\"each--img-text\"><div class=\"imgtxt-img lazyload\" style=\"background-image:inherit;\" data-bg-image=\"url(https:\/\/www.nagel-group.com\/wp-content\/uploads\/2021\/01\/ungarn_1438_80x100.jpg)\"><\/div><div class=\"each--infos\"><h3 class=\"inherit\">Nagel Hung\u00e1ria<\/h3><div class=\"box--content\"><p>A t\u00f6k\u00e9letes helysz\u00edn, amely k\u00f6zel hozza az eur\u00f3pai piacokat.<\/p>\n<\/div><a class=\"box--link inherit\" href=\"https:\/\/www.nagel-group.com\/nagel-hungaria\/\">T\u00f6bb<\/a><\/div><\/div><\/div>[\/vc_column_inner][vc_column_inner width=&#8221;1\/3&#8243;]<div class=\"img-text-section \"><a class=\"full-box-link\" href=\"https:\/\/www.nagel-group.com\/temperaturbereiche\/\"><\/a><div class=\"each--img-text\"><div class=\"imgtxt-img lazyload\" style=\"background-image:inherit;\" data-bg-image=\"url(https:\/\/www.nagel-group.com\/wp-content\/uploads\/2020\/11\/Leistung_Temperaturbereiche_Tiefkuehl_396x255px.png)\"><\/div><div class=\"each--infos\"><h3 class=\"inherit\">Megb\u00edzhat\u00f3s\u00e1g minden h\u0151m\u00e9rs\u00e9klet tartom\u00e1nyban<\/h3><div class=\"box--content\"><p>Az \u00e9lelmiszerlogisztika egyben h\u0151m\u00e9rs\u00e9klet-logisztika is. Tapasztalja meg a Nagel-csoport szak\u00e9rtelm\u00e9t!<\/p>\n<\/div><a class=\"box--link inherit\" href=\"https:\/\/www.nagel-group.com\/temperaturbereiche\/\">T\u00f6bb<\/a><\/div><\/div><\/div>[\/vc_column_inner][\/vc_row_inner][\/vc_column][\/vc_row]<\/p>\n<\/div>","protected":false},"excerpt":{"rendered":"<p> A region\u00e1lis, orsz\u00e1gos \u00e9s az eur\u00f3pai h\u00e1l\u00f3zatok t\u00f6k\u00e9letesen kapcsol\u00f3d\u00e1sa A kereskedelem k\u00f6zels\u00e9ge csak az<\/p>\n","protected":false},"author":4,"featured_media":0,"parent":0,"menu_order":202,"comment_status":"closed","ping_status":"closed","template":"","meta":{"_acf_changed":false,"inline_featured_image":false,"footnotes":""},"class_list":["post-9577","page","type-page","status-publish","hentry"],"acf":[],"yoast_head":"<!-- This site is optimized with the Yoast SEO plugin v26.8 - https:\/\/yoast.com\/product\/yoast-seo-wordpress\/ -->\n<title>Nagel Hungaria - Ihr Lager im Herzen Europas - Nagel-Group<\/title>\n<meta name=\"description\" content=\"Nagel-Group Nagel Hungaria - Ihr Lager im Herzen Europas -\" \/>\n<meta name=\"robots\" content=\"index, follow, max-snippet:-1, max-image-preview:large, max-video-preview:-1\" \/>\n<link rel=\"canonical\" href=\"https:\/\/www.nagel-group.com\/hu\/nagel-hungaria-ihr-lager-im-herzen-europas\/\" \/>\n<meta property=\"og:locale\" content=\"hu_HU\" \/>\n<meta property=\"og:type\" content=\"article\" \/>\n<meta property=\"og:title\" content=\"Nagel Hungaria - Ihr Lager im Herzen Europas - Nagel-Group\" \/>\n<meta property=\"og:description\" content=\"Nagel-Group Nagel Hungaria - Ihr Lager im Herzen Europas -\" \/>\n<meta property=\"og:url\" content=\"https:\/\/www.nagel-group.com\/hu\/nagel-hungaria-ihr-lager-im-herzen-europas\/\" \/>\n<meta property=\"og:site_name\" content=\"Nagel-Group\" \/>\n<meta property=\"article:publisher\" content=\"https:\/\/www.facebook.com\/Nagel-Group-1686584368272784\" \/>\n<meta property=\"article:modified_time\" content=\"2023-08-11T09:12:59+00:00\" \/>\n<meta property=\"og:image\" content=\"https:\/\/www.nagel-group.com\/wp-content\/uploads\/2021\/02\/Ungarn_2021.png\" \/>\n<meta name=\"twitter:card\" content=\"summary_large_image\" \/>\n<meta name=\"twitter:site\" content=\"@NagelGroup\" \/>\n<meta name=\"twitter:label1\" content=\"Becs\u00fclt olvas\u00e1si id\u0151\" \/>\n\t<meta name=\"twitter:data1\" content=\"4 perc\" \/>\n<script type=\"application\/ld+json\" class=\"yoast-schema-graph\">{\"@context\":\"https:\/\/schema.org\",\"@graph\":[{\"@type\":\"WebPage\",\"@id\":\"https:\/\/www.nagel-group.com\/hu\/nagel-hungaria-ihr-lager-im-herzen-europas\/\",\"url\":\"https:\/\/www.nagel-group.com\/hu\/nagel-hungaria-ihr-lager-im-herzen-europas\/\",\"name\":\"Nagel Hungaria - Ihr Lager im Herzen Europas - Nagel-Group\",\"isPartOf\":{\"@id\":\"https:\/\/www.nagel-group.com\/#website\"},\"primaryImageOfPage\":{\"@id\":\"https:\/\/www.nagel-group.com\/hu\/nagel-hungaria-ihr-lager-im-herzen-europas\/#primaryimage\"},\"image\":{\"@id\":\"https:\/\/www.nagel-group.com\/hu\/nagel-hungaria-ihr-lager-im-herzen-europas\/#primaryimage\"},\"thumbnailUrl\":\"https:\/\/www.nagel-group.com\/wp-content\/uploads\/2021\/02\/Ungarn_2021.png\",\"datePublished\":\"2021-02-08T15:41:10+00:00\",\"dateModified\":\"2023-08-11T09:12:59+00:00\",\"description\":\"Nagel-Group Nagel Hungaria - Ihr Lager im Herzen Europas -\",\"breadcrumb\":{\"@id\":\"https:\/\/www.nagel-group.com\/hu\/nagel-hungaria-ihr-lager-im-herzen-europas\/#breadcrumb\"},\"inLanguage\":\"hu\",\"potentialAction\":[{\"@type\":\"ReadAction\",\"target\":[\"https:\/\/www.nagel-group.com\/hu\/nagel-hungaria-ihr-lager-im-herzen-europas\/\"]}]},{\"@type\":\"ImageObject\",\"inLanguage\":\"hu\",\"@id\":\"https:\/\/www.nagel-group.com\/hu\/nagel-hungaria-ihr-lager-im-herzen-europas\/#primaryimage\",\"url\":\"https:\/\/www.nagel-group.com\/wp-content\/uploads\/2021\/02\/Ungarn_2021.png\",\"contentUrl\":\"https:\/\/www.nagel-group.com\/wp-content\/uploads\/2021\/02\/Ungarn_2021.png\"},{\"@type\":\"BreadcrumbList\",\"@id\":\"https:\/\/www.nagel-group.com\/hu\/nagel-hungaria-ihr-lager-im-herzen-europas\/#breadcrumb\",\"itemListElement\":[{\"@type\":\"ListItem\",\"position\":1,\"name\":\"Startseite\",\"item\":\"https:\/\/www.nagel-group.com\/\"},{\"@type\":\"ListItem\",\"position\":2,\"name\":\"Nagel Hungaria &#8211; Ihr Lager im Herzen Europas\"}]},{\"@type\":\"WebSite\",\"@id\":\"https:\/\/www.nagel-group.com\/#website\",\"url\":\"https:\/\/www.nagel-group.com\/\",\"name\":\"Nagel-Group\",\"description\":\"Connecting the world of food\u00ae\",\"publisher\":{\"@id\":\"https:\/\/www.nagel-group.com\/#organization\"},\"potentialAction\":[{\"@type\":\"SearchAction\",\"target\":{\"@type\":\"EntryPoint\",\"urlTemplate\":\"https:\/\/www.nagel-group.com\/?s={search_term_string}\"},\"query-input\":{\"@type\":\"PropertyValueSpecification\",\"valueRequired\":true,\"valueName\":\"search_term_string\"}}],\"inLanguage\":\"hu\"},{\"@type\":\"Organization\",\"@id\":\"https:\/\/www.nagel-group.com\/#organization\",\"name\":\"Nagel-Group\",\"url\":\"https:\/\/www.nagel-group.com\/\",\"logo\":{\"@type\":\"ImageObject\",\"inLanguage\":\"hu\",\"@id\":\"https:\/\/www.nagel-group.com\/#\/schema\/logo\/image\/\",\"url\":\"https:\/\/www.nagel-group.com\/wp-content\/uploads\/2020\/09\/Nagel-Group_Logo@2x.png\",\"contentUrl\":\"https:\/\/www.nagel-group.com\/wp-content\/uploads\/2020\/09\/Nagel-Group_Logo@2x.png\",\"width\":361,\"height\":100,\"caption\":\"Nagel-Group\"},\"image\":{\"@id\":\"https:\/\/www.nagel-group.com\/#\/schema\/logo\/image\/\"},\"sameAs\":[\"https:\/\/www.facebook.com\/Nagel-Group-1686584368272784\",\"https:\/\/x.com\/NagelGroup\",\"https:\/\/www.instagram.com\/nagelgroup\/\",\"https:\/\/www.linkedin.com\/company\/nagel-group\",\"https:\/\/de.wikipedia.org\/wiki\/Nagel-Group\"]}]}<\/script>\n<!-- \/ Yoast SEO plugin. -->","yoast_head_json":{"title":"Nagel Hungaria - Ihr Lager im Herzen Europas - Nagel-Group","description":"Nagel-Group Nagel Hungaria - Ihr Lager im Herzen Europas -","robots":{"index":"index","follow":"follow","max-snippet":"max-snippet:-1","max-image-preview":"max-image-preview:large","max-video-preview":"max-video-preview:-1"},"canonical":"https:\/\/www.nagel-group.com\/hu\/nagel-hungaria-ihr-lager-im-herzen-europas\/","og_locale":"hu_HU","og_type":"article","og_title":"Nagel Hungaria - Ihr Lager im Herzen Europas - Nagel-Group","og_description":"Nagel-Group Nagel Hungaria - Ihr Lager im Herzen Europas -","og_url":"https:\/\/www.nagel-group.com\/hu\/nagel-hungaria-ihr-lager-im-herzen-europas\/","og_site_name":"Nagel-Group","article_publisher":"https:\/\/www.facebook.com\/Nagel-Group-1686584368272784","article_modified_time":"2023-08-11T09:12:59+00:00","og_image":[{"url":"https:\/\/www.nagel-group.com\/wp-content\/uploads\/2021\/02\/Ungarn_2021.png","type":"","width":"","height":""}],"twitter_card":"summary_large_image","twitter_site":"@NagelGroup","twitter_misc":{"Becs\u00fclt olvas\u00e1si id\u0151":"4 perc"},"schema":{"@context":"https:\/\/schema.org","@graph":[{"@type":"WebPage","@id":"https:\/\/www.nagel-group.com\/hu\/nagel-hungaria-ihr-lager-im-herzen-europas\/","url":"https:\/\/www.nagel-group.com\/hu\/nagel-hungaria-ihr-lager-im-herzen-europas\/","name":"Nagel Hungaria - Ihr Lager im Herzen Europas - Nagel-Group","isPartOf":{"@id":"https:\/\/www.nagel-group.com\/#website"},"primaryImageOfPage":{"@id":"https:\/\/www.nagel-group.com\/hu\/nagel-hungaria-ihr-lager-im-herzen-europas\/#primaryimage"},"image":{"@id":"https:\/\/www.nagel-group.com\/hu\/nagel-hungaria-ihr-lager-im-herzen-europas\/#primaryimage"},"thumbnailUrl":"https:\/\/www.nagel-group.com\/wp-content\/uploads\/2021\/02\/Ungarn_2021.png","datePublished":"2021-02-08T15:41:10+00:00","dateModified":"2023-08-11T09:12:59+00:00","description":"Nagel-Group Nagel Hungaria - Ihr Lager im Herzen Europas -","breadcrumb":{"@id":"https:\/\/www.nagel-group.com\/hu\/nagel-hungaria-ihr-lager-im-herzen-europas\/#breadcrumb"},"inLanguage":"hu","potentialAction":[{"@type":"ReadAction","target":["https:\/\/www.nagel-group.com\/hu\/nagel-hungaria-ihr-lager-im-herzen-europas\/"]}]},{"@type":"ImageObject","inLanguage":"hu","@id":"https:\/\/www.nagel-group.com\/hu\/nagel-hungaria-ihr-lager-im-herzen-europas\/#primaryimage","url":"https:\/\/www.nagel-group.com\/wp-content\/uploads\/2021\/02\/Ungarn_2021.png","contentUrl":"https:\/\/www.nagel-group.com\/wp-content\/uploads\/2021\/02\/Ungarn_2021.png"},{"@type":"BreadcrumbList","@id":"https:\/\/www.nagel-group.com\/hu\/nagel-hungaria-ihr-lager-im-herzen-europas\/#breadcrumb","itemListElement":[{"@type":"ListItem","position":1,"name":"Startseite","item":"https:\/\/www.nagel-group.com\/"},{"@type":"ListItem","position":2,"name":"Nagel Hungaria &#8211; Ihr Lager im Herzen Europas"}]},{"@type":"WebSite","@id":"https:\/\/www.nagel-group.com\/#website","url":"https:\/\/www.nagel-group.com\/","name":"Nagel-Group","description":"Connecting the world of food\u00ae","publisher":{"@id":"https:\/\/www.nagel-group.com\/#organization"},"potentialAction":[{"@type":"SearchAction","target":{"@type":"EntryPoint","urlTemplate":"https:\/\/www.nagel-group.com\/?s={search_term_string}"},"query-input":{"@type":"PropertyValueSpecification","valueRequired":true,"valueName":"search_term_string"}}],"inLanguage":"hu"},{"@type":"Organization","@id":"https:\/\/www.nagel-group.com\/#organization","name":"Nagel-Group","url":"https:\/\/www.nagel-group.com\/","logo":{"@type":"ImageObject","inLanguage":"hu","@id":"https:\/\/www.nagel-group.com\/#\/schema\/logo\/image\/","url":"https:\/\/www.nagel-group.com\/wp-content\/uploads\/2020\/09\/Nagel-Group_Logo@2x.png","contentUrl":"https:\/\/www.nagel-group.com\/wp-content\/uploads\/2020\/09\/Nagel-Group_Logo@2x.png","width":361,"height":100,"caption":"Nagel-Group"},"image":{"@id":"https:\/\/www.nagel-group.com\/#\/schema\/logo\/image\/"},"sameAs":["https:\/\/www.facebook.com\/Nagel-Group-1686584368272784","https:\/\/x.com\/NagelGroup","https:\/\/www.instagram.com\/nagelgroup\/","https:\/\/www.linkedin.com\/company\/nagel-group","https:\/\/de.wikipedia.org\/wiki\/Nagel-Group"]}]}},"_links":{"self":[{"href":"https:\/\/www.nagel-group.com\/hu\/wp-json\/wp\/v2\/pages\/9577","targetHints":{"allow":["GET"]}}],"collection":[{"href":"https:\/\/www.nagel-group.com\/hu\/wp-json\/wp\/v2\/pages"}],"about":[{"href":"https:\/\/www.nagel-group.com\/hu\/wp-json\/wp\/v2\/types\/page"}],"author":[{"embeddable":true,"href":"https:\/\/www.nagel-group.com\/hu\/wp-json\/wp\/v2\/users\/4"}],"replies":[{"embeddable":true,"href":"https:\/\/www.nagel-group.com\/hu\/wp-json\/wp\/v2\/comments?post=9577"}],"version-history":[{"count":7,"href":"https:\/\/www.nagel-group.com\/hu\/wp-json\/wp\/v2\/pages\/9577\/revisions"}],"predecessor-version":[{"id":32507,"href":"https:\/\/www.nagel-group.com\/hu\/wp-json\/wp\/v2\/pages\/9577\/revisions\/32507"}],"wp:attachment":[{"href":"https:\/\/www.nagel-group.com\/hu\/wp-json\/wp\/v2\/media?parent=9577"}],"curies":[{"name":"wp","href":"https:\/\/api.w.org\/{rel}","templated":true}]}}