{"id":7890,"date":"2020-11-25T11:05:10","date_gmt":"2020-11-25T10:05:10","guid":{"rendered":"https:\/\/www.nagel-group.com\/?page_id=7890"},"modified":"2020-11-25T11:05:10","modified_gmt":"2020-11-25T10:05:10","slug":"your-application-at-the-nagel-group","status":"publish","type":"page","link":"https:\/\/www.nagel-group.com\/en\/your-application-at-the-nagel-group\/","title":{"rendered":"Your application at the Nagel-Group"},"content":{"rendered":"<div class=\"wpb-content-wrapper\"><p>[vc_row full_width=&#8221;stretch_row_content_no_spaces&#8221; el_class=&#8221;bewstip&#8221;][vc_column]<div class=\"simple-top-section  bg-inherit\"><div class=\"small-cc\"><div class=\"site-content-center\"><div class=\"simple-top-content inherit\"><h1>Deine Bewerbung bei der Nagel-Group<\/h1>\n<\/div><\/div><\/div><\/div>[\/vc_column][\/vc_row][vc_row el_class=&#8221;ein&#8211;second list&#8211;style&#8221;][vc_column][vc_column_text]<\/p>\n<h2>Schulungen<\/h2>\n<p>Bei uns kannst Du Dich innerhalb von drei Minuten digital bewerben \u2013 und sparst Dir die Portokosten. Alle erforderlichen Unterlagen findest Du unten in der Checkliste.<\/p>\n<p><strong>TIPP<\/strong>: Der empfohlene Zeitpunkt f\u00fcr Deine Bewerbung ist ein Jahr vor Ausbildungsbeginn. Falls Du fr\u00fcher oder sp\u00e4ter dran bist \u2013 bewirb Dich einfach trotzdem<\/p>\n<h2>Sichtung der Bewerbung<\/h2>\n<p>Deine Unterlagen werden von uns gesichtet und nat\u00fcrlich streng vertraulich behandelt. Wir nehmen uns Zeit, anhand Deiner Unterlagen einzusch\u00e4tzen, ob wir zueinander passen.<\/p>\n<p><strong>TIPP: Erfrage gern jederzeit den Status Deiner Bewerbung<\/strong><\/p>\n<h2>Vorstellungsgespr\u00e4ch und Einstellungstests<\/h2>\n<p>Je nach Berufsbild laden wir Dich zu einem Vorstellungsgespr\u00e4ch, einem Assessment-Center oder einem Einstellungstest ein.<\/p>\n<p><strong>TIPP: Bereite Dich gut vor und mach Dir im Vorfeld Gedanken \u00fcber Deine St\u00e4rken und Deine Erwartungen<\/strong><\/p>\n<h2>Einstellung<\/h2>\n<p>Du hast alle H\u00fcrden genommen? Wir w\u00fcnschen Dir einen guten Start und freuen uns auf Dich![\/vc_column_text][\/vc_column][\/vc_row]<\/p>\n<\/div>","protected":false},"excerpt":{"rendered":"<p> Schulungen Bei uns kannst Du Dich innerhalb von drei Minuten digital bewerben \u2013 und sparst<\/p>\n","protected":false},"author":4,"featured_media":0,"parent":0,"menu_order":5,"comment_status":"closed","ping_status":"closed","template":"","meta":{"_acf_changed":false,"inline_featured_image":false,"footnotes":""},"class_list":["post-7890","page","type-page","status-publish","hentry"],"acf":[],"yoast_head":"<!-- This site is optimized with the Yoast SEO plugin v26.8 - https:\/\/yoast.com\/product\/yoast-seo-wordpress\/ -->\n<title>Your application at the Nagel-Group - Nagel-Group<\/title>\n<meta name=\"description\" content=\"Nagel-Group Your application at the Nagel-Group -\" \/>\n<meta name=\"robots\" content=\"index, follow, max-snippet:-1, max-image-preview:large, max-video-preview:-1\" \/>\n<link rel=\"canonical\" href=\"https:\/\/www.nagel-group.com\/en\/your-application-at-the-nagel-group\/\" \/>\n<meta property=\"og:locale\" content=\"en_US\" \/>\n<meta property=\"og:type\" content=\"article\" \/>\n<meta property=\"og:title\" content=\"Your application at the Nagel-Group - Nagel-Group\" \/>\n<meta property=\"og:description\" content=\"Nagel-Group Your application at the Nagel-Group -\" \/>\n<meta property=\"og:url\" content=\"https:\/\/www.nagel-group.com\/en\/your-application-at-the-nagel-group\/\" \/>\n<meta property=\"og:site_name\" content=\"Nagel-Group\" \/>\n<meta property=\"article:publisher\" content=\"https:\/\/www.facebook.com\/Nagel-Group-1686584368272784\" \/>\n<meta name=\"twitter:card\" content=\"summary_large_image\" \/>\n<meta name=\"twitter:site\" content=\"@NagelGroup\" \/>\n<meta name=\"twitter:label1\" content=\"Est. reading time\" \/>\n\t<meta name=\"twitter:data1\" content=\"1 minute\" \/>\n<script type=\"application\/ld+json\" class=\"yoast-schema-graph\">{\"@context\":\"https:\/\/schema.org\",\"@graph\":[{\"@type\":\"WebPage\",\"@id\":\"https:\/\/www.nagel-group.com\/en\/your-application-at-the-nagel-group\/\",\"url\":\"https:\/\/www.nagel-group.com\/en\/your-application-at-the-nagel-group\/\",\"name\":\"Your application at the Nagel-Group - Nagel-Group\",\"isPartOf\":{\"@id\":\"https:\/\/www.nagel-group.com\/#website\"},\"datePublished\":\"2020-11-25T10:05:10+00:00\",\"description\":\"Nagel-Group Your application at the Nagel-Group -\",\"breadcrumb\":{\"@id\":\"https:\/\/www.nagel-group.com\/en\/your-application-at-the-nagel-group\/#breadcrumb\"},\"inLanguage\":\"en-US\",\"potentialAction\":[{\"@type\":\"ReadAction\",\"target\":[\"https:\/\/www.nagel-group.com\/en\/your-application-at-the-nagel-group\/\"]}]},{\"@type\":\"BreadcrumbList\",\"@id\":\"https:\/\/www.nagel-group.com\/en\/your-application-at-the-nagel-group\/#breadcrumb\",\"itemListElement\":[{\"@type\":\"ListItem\",\"position\":1,\"name\":\"Startseite\",\"item\":\"https:\/\/www.nagel-group.com\/en\/\"},{\"@type\":\"ListItem\",\"position\":2,\"name\":\"Your application at the Nagel-Group\"}]},{\"@type\":\"WebSite\",\"@id\":\"https:\/\/www.nagel-group.com\/#website\",\"url\":\"https:\/\/www.nagel-group.com\/\",\"name\":\"Nagel-Group\",\"description\":\"Connecting the world of food\u00ae\",\"publisher\":{\"@id\":\"https:\/\/www.nagel-group.com\/#organization\"},\"potentialAction\":[{\"@type\":\"SearchAction\",\"target\":{\"@type\":\"EntryPoint\",\"urlTemplate\":\"https:\/\/www.nagel-group.com\/?s={search_term_string}\"},\"query-input\":{\"@type\":\"PropertyValueSpecification\",\"valueRequired\":true,\"valueName\":\"search_term_string\"}}],\"inLanguage\":\"en-US\"},{\"@type\":\"Organization\",\"@id\":\"https:\/\/www.nagel-group.com\/#organization\",\"name\":\"Nagel-Group\",\"url\":\"https:\/\/www.nagel-group.com\/\",\"logo\":{\"@type\":\"ImageObject\",\"inLanguage\":\"en-US\",\"@id\":\"https:\/\/www.nagel-group.com\/#\/schema\/logo\/image\/\",\"url\":\"https:\/\/www.nagel-group.com\/wp-content\/uploads\/2020\/09\/Nagel-Group_Logo@2x.png\",\"contentUrl\":\"https:\/\/www.nagel-group.com\/wp-content\/uploads\/2020\/09\/Nagel-Group_Logo@2x.png\",\"width\":361,\"height\":100,\"caption\":\"Nagel-Group\"},\"image\":{\"@id\":\"https:\/\/www.nagel-group.com\/#\/schema\/logo\/image\/\"},\"sameAs\":[\"https:\/\/www.facebook.com\/Nagel-Group-1686584368272784\",\"https:\/\/x.com\/NagelGroup\",\"https:\/\/www.instagram.com\/nagelgroup\/\",\"https:\/\/www.linkedin.com\/company\/nagel-group\",\"https:\/\/de.wikipedia.org\/wiki\/Nagel-Group\"]}]}<\/script>\n<!-- \/ Yoast SEO plugin. -->","yoast_head_json":{"title":"Your application at the Nagel-Group - Nagel-Group","description":"Nagel-Group Your application at the Nagel-Group -","robots":{"index":"index","follow":"follow","max-snippet":"max-snippet:-1","max-image-preview":"max-image-preview:large","max-video-preview":"max-video-preview:-1"},"canonical":"https:\/\/www.nagel-group.com\/en\/your-application-at-the-nagel-group\/","og_locale":"en_US","og_type":"article","og_title":"Your application at the Nagel-Group - Nagel-Group","og_description":"Nagel-Group Your application at the Nagel-Group -","og_url":"https:\/\/www.nagel-group.com\/en\/your-application-at-the-nagel-group\/","og_site_name":"Nagel-Group","article_publisher":"https:\/\/www.facebook.com\/Nagel-Group-1686584368272784","twitter_card":"summary_large_image","twitter_site":"@NagelGroup","twitter_misc":{"Est. reading time":"1 minute"},"schema":{"@context":"https:\/\/schema.org","@graph":[{"@type":"WebPage","@id":"https:\/\/www.nagel-group.com\/en\/your-application-at-the-nagel-group\/","url":"https:\/\/www.nagel-group.com\/en\/your-application-at-the-nagel-group\/","name":"Your application at the Nagel-Group - Nagel-Group","isPartOf":{"@id":"https:\/\/www.nagel-group.com\/#website"},"datePublished":"2020-11-25T10:05:10+00:00","description":"Nagel-Group Your application at the Nagel-Group -","breadcrumb":{"@id":"https:\/\/www.nagel-group.com\/en\/your-application-at-the-nagel-group\/#breadcrumb"},"inLanguage":"en-US","potentialAction":[{"@type":"ReadAction","target":["https:\/\/www.nagel-group.com\/en\/your-application-at-the-nagel-group\/"]}]},{"@type":"BreadcrumbList","@id":"https:\/\/www.nagel-group.com\/en\/your-application-at-the-nagel-group\/#breadcrumb","itemListElement":[{"@type":"ListItem","position":1,"name":"Startseite","item":"https:\/\/www.nagel-group.com\/en\/"},{"@type":"ListItem","position":2,"name":"Your application at the Nagel-Group"}]},{"@type":"WebSite","@id":"https:\/\/www.nagel-group.com\/#website","url":"https:\/\/www.nagel-group.com\/","name":"Nagel-Group","description":"Connecting the world of food\u00ae","publisher":{"@id":"https:\/\/www.nagel-group.com\/#organization"},"potentialAction":[{"@type":"SearchAction","target":{"@type":"EntryPoint","urlTemplate":"https:\/\/www.nagel-group.com\/?s={search_term_string}"},"query-input":{"@type":"PropertyValueSpecification","valueRequired":true,"valueName":"search_term_string"}}],"inLanguage":"en-US"},{"@type":"Organization","@id":"https:\/\/www.nagel-group.com\/#organization","name":"Nagel-Group","url":"https:\/\/www.nagel-group.com\/","logo":{"@type":"ImageObject","inLanguage":"en-US","@id":"https:\/\/www.nagel-group.com\/#\/schema\/logo\/image\/","url":"https:\/\/www.nagel-group.com\/wp-content\/uploads\/2020\/09\/Nagel-Group_Logo@2x.png","contentUrl":"https:\/\/www.nagel-group.com\/wp-content\/uploads\/2020\/09\/Nagel-Group_Logo@2x.png","width":361,"height":100,"caption":"Nagel-Group"},"image":{"@id":"https:\/\/www.nagel-group.com\/#\/schema\/logo\/image\/"},"sameAs":["https:\/\/www.facebook.com\/Nagel-Group-1686584368272784","https:\/\/x.com\/NagelGroup","https:\/\/www.instagram.com\/nagelgroup\/","https:\/\/www.linkedin.com\/company\/nagel-group","https:\/\/de.wikipedia.org\/wiki\/Nagel-Group"]}]}},"_links":{"self":[{"href":"https:\/\/www.nagel-group.com\/en\/wp-json\/wp\/v2\/pages\/7890","targetHints":{"allow":["GET"]}}],"collection":[{"href":"https:\/\/www.nagel-group.com\/en\/wp-json\/wp\/v2\/pages"}],"about":[{"href":"https:\/\/www.nagel-group.com\/en\/wp-json\/wp\/v2\/types\/page"}],"author":[{"embeddable":true,"href":"https:\/\/www.nagel-group.com\/en\/wp-json\/wp\/v2\/users\/4"}],"replies":[{"embeddable":true,"href":"https:\/\/www.nagel-group.com\/en\/wp-json\/wp\/v2\/comments?post=7890"}],"version-history":[{"count":1,"href":"https:\/\/www.nagel-group.com\/en\/wp-json\/wp\/v2\/pages\/7890\/revisions"}],"predecessor-version":[{"id":7891,"href":"https:\/\/www.nagel-group.com\/en\/wp-json\/wp\/v2\/pages\/7890\/revisions\/7891"}],"wp:attachment":[{"href":"https:\/\/www.nagel-group.com\/en\/wp-json\/wp\/v2\/media?parent=7890"}],"curies":[{"name":"wp","href":"https:\/\/api.w.org\/{rel}","templated":true}]}}