{"id":5468,"date":"2020-11-22T22:50:59","date_gmt":"2020-11-22T21:50:59","guid":{"rendered":"https:\/\/www.nagel-group.com\/?page_id=5468"},"modified":"2026-02-06T14:36:30","modified_gmt":"2026-02-06T13:36:30","slug":"nagel-hungaria","status":"publish","type":"page","link":"https:\/\/www.nagel-group.com\/en\/nagel-hungaria\/","title":{"rendered":"Nagel Hungaria"},"content":{"rendered":"<div class=\"wpb-content-wrapper\"><p>[vc_row full_width=&#8221;stretch_row_content_no_spaces&#8221; el_class=&#8221;count-list-top&#8221;][vc_column]<div class=\"top-banner big overlay--top lazyload\" style=\"background-image:inherit;\" data-bg-image=\"url(https:\/\/www.nagel-group.com\/wp-content\/uploads\/2020\/10\/Hintergrund-Fonssd.jpg)\"><div class=\"small-cc\"><h1>Nagel Hung\u00e1ria<\/h1><\/div><\/div>[\/vc_column][\/vc_row][vc_row el_class=&#8221;list&#8211;style nag&#8211;inner&#8211;c&#8221;][vc_column][vc_column_text]<\/p>\n<ul>\n<li>\n<div>Direct services to the most significant urban centres in Europe<\/div>\n<\/li>\n<li>\n<div>Connection to Nagel-Group\u2019s Europe-wide network with delivery options specific to each region<\/div>\n<\/li>\n<li>\n<div>Daily connections to central and eastern European countries, among others:<\/div>\n<div>Poland, Slovakia, Czech Republic, Austria<\/div>\n<\/li>\n<li>\n<div>Short journey times in Europe<\/div>\n<\/li>\n<\/ul>\n<p>[\/vc_column_text][vc_column_text]<\/p>\n<h2><strong><a href=\"https:\/\/wenerate.com\/publicprofile\/NAGH\">Annual report &#8211; ENCO Auditor Kft.<\/a><\/strong><\/h2>\n<p>[\/vc_column_text][vc_column_text css=&#8221;&#8221;]<\/p>\n<h2><strong><a href=\"https:\/\/www.nagel-group.com\/wp-content\/uploads\/2024\/09\/General-Terms-and-Conditions_EN_20251101_FINAL.pdf\">General Terms and Conditions \u2013 Transportation <\/a><\/strong><\/h2>\n<h2><\/h2>\n<p>[\/vc_column_text][vc_column_text css=&#8221;&#8221;]<\/p>\n<h2><strong><a href=\"https:\/\/www.nagel-group.com\/wp-content\/uploads\/2023\/10\/Altalanos-Szerzodesi-Feltetelek_10_07_II.pdf\">\u00c1ltal\u00e1nos Szerz\u0151d\u00e9si Felt\u00e9telek \u2013 Sz\u00e1ll\u00edtm\u00e1nyoz\u00e1s <\/a><\/strong><\/h2>\n<p>[\/vc_column_text]       \r\n       <div class=\"standorte--table  \">\r\n       \t   <div class=\"stan-table-top bg-inherit\">\r\n                              \t\t<div class=\"stan-left\">\r\n                  \t\t<h3>18.000 m<sup>2<\/sup><\/h3>\r\n                  \t\t<p>Storage area<\/p>\r\n                  \t<\/div>\r\n                                               \t\t<div class=\"stan-right\">\r\n                  \t\t<h3>160<\/h3>   \t\t\r\n                  \t\t<p>Employees<\/p>\r\n                  \t<\/div>\r\n                      \t\t<\/div>\r\n       <div class=\"stan-table-bot\">\r\n       \t       \t        <div class=\"table-bot-inner inherit\">\r\n       \t        \t<div class=\"bot--first\">Nagel Hung\u00e1ria<\/div>\r\n       \t        \t       \t        \t\t<div class=\"bot--mid link--to--maps\">\r\n                                                        <a href=\"https:\/\/www.google.com\/maps\/search\/?api=1&query=Nagel%2BHung%C3%A1ria%2BTankcsapda%2Butca%2B2HU-2351%2BAls%C3%B3n%C3%A9medi\" target=\"_blank\">\r\n                                Nagel Hung\u00e1ria Logisztikai Kft.<br \/>\r\nTankcsapda utca 2<br \/>\r\nHU-2351 Als\u00f3n\u00e9medi                            <\/a> \r\n                        <\/div>\r\n       \t        \t       \t        \t<div class=\"bot-right\"><p><span>T:<\/span> <a href=\"tel:+36 29 886 200\">+36 29 886 200<\/a><br \/>\n<span>F:<\/span> +36 29 886 201<br \/>\n<span>E:<\/span> <a href=\"mailto:budapest@nagel-group.com\">budapest@nagel-group.com<\/a><\/p>\n<\/div>\r\n       \t        <\/div>\r\n       \t               <\/div>\r\n       \t\t\r\n       <\/div>\r\n       \r\n             \r\n      [\/vc_column][\/vc_row]<\/p>\n<\/div>","protected":false},"excerpt":{"rendered":"<p> Direct services to the most significant urban centres in Europe Connection to Nagel-Group\u2019s Europe-wide network<\/p>\n","protected":false},"author":2,"featured_media":8352,"parent":0,"menu_order":181,"comment_status":"closed","ping_status":"closed","template":"","meta":{"_acf_changed":false,"inline_featured_image":false,"footnotes":""},"class_list":["post-5468","page","type-page","status-publish","has-post-thumbnail","hentry"],"acf":[],"yoast_head":"<!-- This site is optimized with the Yoast SEO plugin v26.8 - https:\/\/yoast.com\/product\/yoast-seo-wordpress\/ -->\n<title>Nagel Hungaria - Nagel-Group<\/title>\n<meta name=\"description\" content=\"Nagel-Group Nagel Hungaria -\" \/>\n<meta name=\"robots\" content=\"index, follow, max-snippet:-1, max-image-preview:large, max-video-preview:-1\" \/>\n<link rel=\"canonical\" href=\"https:\/\/www.nagel-group.com\/en\/nagel-hungaria\/\" \/>\n<meta property=\"og:locale\" content=\"en_US\" \/>\n<meta property=\"og:type\" content=\"article\" \/>\n<meta property=\"og:title\" content=\"Nagel Hungaria - Nagel-Group\" \/>\n<meta property=\"og:description\" content=\"Nagel-Group Nagel Hungaria -\" \/>\n<meta property=\"og:url\" content=\"https:\/\/www.nagel-group.com\/en\/nagel-hungaria\/\" \/>\n<meta property=\"og:site_name\" content=\"Nagel-Group\" \/>\n<meta property=\"article:publisher\" content=\"https:\/\/www.facebook.com\/Nagel-Group-1686584368272784\" \/>\n<meta property=\"article:modified_time\" content=\"2026-02-06T13:36:30+00:00\" \/>\n<meta property=\"og:image\" content=\"https:\/\/www.nagel-group.com\/wp-content\/uploads\/2020\/12\/Nagel-Hungaria.jpg\" \/>\n\t<meta property=\"og:image:width\" content=\"1920\" \/>\n\t<meta property=\"og:image:height\" content=\"587\" \/>\n\t<meta property=\"og:image:type\" content=\"image\/jpeg\" \/>\n<meta name=\"twitter:card\" content=\"summary_large_image\" \/>\n<meta name=\"twitter:site\" content=\"@NagelGroup\" \/>\n<meta name=\"twitter:label1\" content=\"Est. reading time\" \/>\n\t<meta name=\"twitter:data1\" content=\"1 minute\" \/>\n<script type=\"application\/ld+json\" class=\"yoast-schema-graph\">{\"@context\":\"https:\/\/schema.org\",\"@graph\":[{\"@type\":\"WebPage\",\"@id\":\"https:\/\/www.nagel-group.com\/en\/nagel-hungaria\/\",\"url\":\"https:\/\/www.nagel-group.com\/en\/nagel-hungaria\/\",\"name\":\"Nagel Hungaria - Nagel-Group\",\"isPartOf\":{\"@id\":\"https:\/\/www.nagel-group.com\/#website\"},\"primaryImageOfPage\":{\"@id\":\"https:\/\/www.nagel-group.com\/en\/nagel-hungaria\/#primaryimage\"},\"image\":{\"@id\":\"https:\/\/www.nagel-group.com\/en\/nagel-hungaria\/#primaryimage\"},\"thumbnailUrl\":\"https:\/\/www.nagel-group.com\/wp-content\/uploads\/2020\/12\/Nagel-Hungaria.jpg\",\"datePublished\":\"2020-11-22T21:50:59+00:00\",\"dateModified\":\"2026-02-06T13:36:30+00:00\",\"description\":\"Nagel-Group Nagel Hungaria -\",\"breadcrumb\":{\"@id\":\"https:\/\/www.nagel-group.com\/en\/nagel-hungaria\/#breadcrumb\"},\"inLanguage\":\"en-US\",\"potentialAction\":[{\"@type\":\"ReadAction\",\"target\":[\"https:\/\/www.nagel-group.com\/en\/nagel-hungaria\/\"]}]},{\"@type\":\"ImageObject\",\"inLanguage\":\"en-US\",\"@id\":\"https:\/\/www.nagel-group.com\/en\/nagel-hungaria\/#primaryimage\",\"url\":\"https:\/\/www.nagel-group.com\/wp-content\/uploads\/2020\/12\/Nagel-Hungaria.jpg\",\"contentUrl\":\"https:\/\/www.nagel-group.com\/wp-content\/uploads\/2020\/12\/Nagel-Hungaria.jpg\",\"width\":1920,\"height\":587,\"caption\":\"Nagel Ungarn\"},{\"@type\":\"BreadcrumbList\",\"@id\":\"https:\/\/www.nagel-group.com\/en\/nagel-hungaria\/#breadcrumb\",\"itemListElement\":[{\"@type\":\"ListItem\",\"position\":1,\"name\":\"Startseite\",\"item\":\"https:\/\/www.nagel-group.com\/en\/\"},{\"@type\":\"ListItem\",\"position\":2,\"name\":\"Nagel Hungaria\"}]},{\"@type\":\"WebSite\",\"@id\":\"https:\/\/www.nagel-group.com\/#website\",\"url\":\"https:\/\/www.nagel-group.com\/\",\"name\":\"Nagel-Group\",\"description\":\"Connecting the world of food\u00ae\",\"publisher\":{\"@id\":\"https:\/\/www.nagel-group.com\/#organization\"},\"potentialAction\":[{\"@type\":\"SearchAction\",\"target\":{\"@type\":\"EntryPoint\",\"urlTemplate\":\"https:\/\/www.nagel-group.com\/?s={search_term_string}\"},\"query-input\":{\"@type\":\"PropertyValueSpecification\",\"valueRequired\":true,\"valueName\":\"search_term_string\"}}],\"inLanguage\":\"en-US\"},{\"@type\":\"Organization\",\"@id\":\"https:\/\/www.nagel-group.com\/#organization\",\"name\":\"Nagel-Group\",\"url\":\"https:\/\/www.nagel-group.com\/\",\"logo\":{\"@type\":\"ImageObject\",\"inLanguage\":\"en-US\",\"@id\":\"https:\/\/www.nagel-group.com\/#\/schema\/logo\/image\/\",\"url\":\"https:\/\/www.nagel-group.com\/wp-content\/uploads\/2020\/09\/Nagel-Group_Logo@2x.png\",\"contentUrl\":\"https:\/\/www.nagel-group.com\/wp-content\/uploads\/2020\/09\/Nagel-Group_Logo@2x.png\",\"width\":361,\"height\":100,\"caption\":\"Nagel-Group\"},\"image\":{\"@id\":\"https:\/\/www.nagel-group.com\/#\/schema\/logo\/image\/\"},\"sameAs\":[\"https:\/\/www.facebook.com\/Nagel-Group-1686584368272784\",\"https:\/\/x.com\/NagelGroup\",\"https:\/\/www.instagram.com\/nagelgroup\/\",\"https:\/\/www.linkedin.com\/company\/nagel-group\",\"https:\/\/de.wikipedia.org\/wiki\/Nagel-Group\"]}]}<\/script>\n<!-- \/ Yoast SEO plugin. -->","yoast_head_json":{"title":"Nagel Hungaria - Nagel-Group","description":"Nagel-Group Nagel Hungaria -","robots":{"index":"index","follow":"follow","max-snippet":"max-snippet:-1","max-image-preview":"max-image-preview:large","max-video-preview":"max-video-preview:-1"},"canonical":"https:\/\/www.nagel-group.com\/en\/nagel-hungaria\/","og_locale":"en_US","og_type":"article","og_title":"Nagel Hungaria - Nagel-Group","og_description":"Nagel-Group Nagel Hungaria -","og_url":"https:\/\/www.nagel-group.com\/en\/nagel-hungaria\/","og_site_name":"Nagel-Group","article_publisher":"https:\/\/www.facebook.com\/Nagel-Group-1686584368272784","article_modified_time":"2026-02-06T13:36:30+00:00","og_image":[{"width":1920,"height":587,"url":"https:\/\/www.nagel-group.com\/wp-content\/uploads\/2020\/12\/Nagel-Hungaria.jpg","type":"image\/jpeg"}],"twitter_card":"summary_large_image","twitter_site":"@NagelGroup","twitter_misc":{"Est. reading time":"1 minute"},"schema":{"@context":"https:\/\/schema.org","@graph":[{"@type":"WebPage","@id":"https:\/\/www.nagel-group.com\/en\/nagel-hungaria\/","url":"https:\/\/www.nagel-group.com\/en\/nagel-hungaria\/","name":"Nagel Hungaria - Nagel-Group","isPartOf":{"@id":"https:\/\/www.nagel-group.com\/#website"},"primaryImageOfPage":{"@id":"https:\/\/www.nagel-group.com\/en\/nagel-hungaria\/#primaryimage"},"image":{"@id":"https:\/\/www.nagel-group.com\/en\/nagel-hungaria\/#primaryimage"},"thumbnailUrl":"https:\/\/www.nagel-group.com\/wp-content\/uploads\/2020\/12\/Nagel-Hungaria.jpg","datePublished":"2020-11-22T21:50:59+00:00","dateModified":"2026-02-06T13:36:30+00:00","description":"Nagel-Group Nagel Hungaria -","breadcrumb":{"@id":"https:\/\/www.nagel-group.com\/en\/nagel-hungaria\/#breadcrumb"},"inLanguage":"en-US","potentialAction":[{"@type":"ReadAction","target":["https:\/\/www.nagel-group.com\/en\/nagel-hungaria\/"]}]},{"@type":"ImageObject","inLanguage":"en-US","@id":"https:\/\/www.nagel-group.com\/en\/nagel-hungaria\/#primaryimage","url":"https:\/\/www.nagel-group.com\/wp-content\/uploads\/2020\/12\/Nagel-Hungaria.jpg","contentUrl":"https:\/\/www.nagel-group.com\/wp-content\/uploads\/2020\/12\/Nagel-Hungaria.jpg","width":1920,"height":587,"caption":"Nagel Ungarn"},{"@type":"BreadcrumbList","@id":"https:\/\/www.nagel-group.com\/en\/nagel-hungaria\/#breadcrumb","itemListElement":[{"@type":"ListItem","position":1,"name":"Startseite","item":"https:\/\/www.nagel-group.com\/en\/"},{"@type":"ListItem","position":2,"name":"Nagel Hungaria"}]},{"@type":"WebSite","@id":"https:\/\/www.nagel-group.com\/#website","url":"https:\/\/www.nagel-group.com\/","name":"Nagel-Group","description":"Connecting the world of food\u00ae","publisher":{"@id":"https:\/\/www.nagel-group.com\/#organization"},"potentialAction":[{"@type":"SearchAction","target":{"@type":"EntryPoint","urlTemplate":"https:\/\/www.nagel-group.com\/?s={search_term_string}"},"query-input":{"@type":"PropertyValueSpecification","valueRequired":true,"valueName":"search_term_string"}}],"inLanguage":"en-US"},{"@type":"Organization","@id":"https:\/\/www.nagel-group.com\/#organization","name":"Nagel-Group","url":"https:\/\/www.nagel-group.com\/","logo":{"@type":"ImageObject","inLanguage":"en-US","@id":"https:\/\/www.nagel-group.com\/#\/schema\/logo\/image\/","url":"https:\/\/www.nagel-group.com\/wp-content\/uploads\/2020\/09\/Nagel-Group_Logo@2x.png","contentUrl":"https:\/\/www.nagel-group.com\/wp-content\/uploads\/2020\/09\/Nagel-Group_Logo@2x.png","width":361,"height":100,"caption":"Nagel-Group"},"image":{"@id":"https:\/\/www.nagel-group.com\/#\/schema\/logo\/image\/"},"sameAs":["https:\/\/www.facebook.com\/Nagel-Group-1686584368272784","https:\/\/x.com\/NagelGroup","https:\/\/www.instagram.com\/nagelgroup\/","https:\/\/www.linkedin.com\/company\/nagel-group","https:\/\/de.wikipedia.org\/wiki\/Nagel-Group"]}]}},"_links":{"self":[{"href":"https:\/\/www.nagel-group.com\/en\/wp-json\/wp\/v2\/pages\/5468","targetHints":{"allow":["GET"]}}],"collection":[{"href":"https:\/\/www.nagel-group.com\/en\/wp-json\/wp\/v2\/pages"}],"about":[{"href":"https:\/\/www.nagel-group.com\/en\/wp-json\/wp\/v2\/types\/page"}],"author":[{"embeddable":true,"href":"https:\/\/www.nagel-group.com\/en\/wp-json\/wp\/v2\/users\/2"}],"replies":[{"embeddable":true,"href":"https:\/\/www.nagel-group.com\/en\/wp-json\/wp\/v2\/comments?post=5468"}],"version-history":[{"count":10,"href":"https:\/\/www.nagel-group.com\/en\/wp-json\/wp\/v2\/pages\/5468\/revisions"}],"predecessor-version":[{"id":53452,"href":"https:\/\/www.nagel-group.com\/en\/wp-json\/wp\/v2\/pages\/5468\/revisions\/53452"}],"wp:featuredmedia":[{"embeddable":true,"href":"https:\/\/www.nagel-group.com\/en\/wp-json\/wp\/v2\/media\/8352"}],"wp:attachment":[{"href":"https:\/\/www.nagel-group.com\/en\/wp-json\/wp\/v2\/media?parent=5468"}],"curies":[{"name":"wp","href":"https:\/\/api.w.org\/{rel}","templated":true}]}}