{"id":5466,"date":"2020-11-22T22:49:30","date_gmt":"2020-11-22T21:49:30","guid":{"rendered":"https:\/\/www.nagel-group.com\/?page_id=5466"},"modified":"2026-02-06T14:20:06","modified_gmt":"2026-02-06T13:20:06","slug":"nagel-cesko","status":"publish","type":"page","link":"https:\/\/www.nagel-group.com\/en\/nagel-cesko\/","title":{"rendered":"Nagel Cesko"},"content":{"rendered":"<div class=\"wpb-content-wrapper\"><p>[vc_row full_width=&#8221;stretch_row_content_no_spaces&#8221; el_class=&#8221;count-list-top&#8221;][vc_column]<div class=\"top-banner big lazyload\" style=\"background-image:inherit;\" data-bg-image=\"url(https:\/\/www.nagel-group.com\/wp-content\/uploads\/2020\/11\/200819_Raetzke_NAGEL_GROUP_0951-scaled-e1604936868178-scaled.jpg)\"><div class=\"small-cc\"><h1>Nagel \u010cesko<\/h1><\/div><\/div>[\/vc_column][\/vc_row][vc_row el_class=&#8221;list&#8211;style nag&#8211;inner&#8211;c&#8221;][vc_column][vc_column_text]<\/p>\n<ul>\n<li>\n<div>Direct services to the most significant urban centres in Europe<\/div>\n<\/li>\n<li>\n<div>Connection to Nagel-Group\u2019s Europe-wide network with delivery options specific to each region<\/div>\n<\/li>\n<li>\n<div>Regular direct services to all neighbouring countries<\/div>\n<\/li>\n<\/ul>\n<p>[\/vc_column_text]       \r\n       <div class=\"standorte--table  \">\r\n       \t   <div class=\"stan-table-top bg-inherit\">\r\n                              \t\t<div class=\"stan-left\">\r\n                  \t\t<h3>20.700 m<sup>2<\/sup><\/h3>\r\n                  \t\t<p>Storage area<\/p>\r\n                  \t<\/div>\r\n                                               \t\t<div class=\"stan-right\">\r\n                  \t\t<h3>180<\/h3>   \t\t\r\n                  \t\t<p>Employees<\/p>\r\n                  \t<\/div>\r\n                      \t\t<\/div>\r\n       <div class=\"stan-table-bot\">\r\n       \t       \t        <div class=\"table-bot-inner inherit\">\r\n       \t        \t<div class=\"bot--first\">Nagel \u010cesko &#8211; \u0158\u00ed\u010dany<\/div>\r\n       \t        \t       \t        \t\t<div class=\"bot--mid link--to--maps\">\r\n                                                        <a href=\"https:\/\/www.google.com\/maps\/search\/?api=1&query=Nagel%2B%C4%8Cesko%2B%26%238211%3B%2B%C5%98%C3%AD%C4%8Dany%2BD1%2BLogistics%2BCommerce%2BParkZd%C4%9Bbradsk%C3%A1%2B68CZ-251%2B01%2B%C5%98%C3%AD%C4%8Dany-Ja%C5%BElovice\" target=\"_blank\">\r\n                                Nagel \u010cesko s.r.o. <br \/>\r\nD1 Logistics Commerce Park<br \/>\r\nZd\u011bbradsk\u00e1 68<br \/>\r\nCZ-251 01 \u0158\u00ed\u010dany-Ja\u017elovice                            <\/a> \r\n                        <\/div>\r\n       \t        \t       \t        \t<div class=\"bot-right\"><p><span>T:<\/span> <a href=\"tel:+420 323 576000\">+420 323 576 000<\/a><br \/>\n<span>F:<\/span> +420 323 576 014<br \/>\n<span>E:<\/span> <a href=\"mailto:info.cz@nagel-group.com\">info.cz@nagel-group.com; <\/a><br \/>\n<span>E:<\/span> <a href=\"mailto:obchod.cz.sk@nagel-group.com\">obchod.cz.sk@nagel-group.com<\/a><\/p>\n<\/div>\r\n       \t        <\/div>\r\n       \t               \t        <div class=\"table-bot-inner inherit\">\r\n       \t        \t<div class=\"bot--first\">Nagel \u010cesko Olomouc-Hnevotin<\/div>\r\n       \t        \t       \t        \t\t<div class=\"bot--mid link--to--maps\">\r\n                                                        <a href=\"https:\/\/www.google.com\/maps\/search\/?api=1&query=Nagel%2B%C4%8Cesko%2BOlomouc-Hnevotin%2BVGP%2BPARK%2C%2BHALA%2BAulice%2BNa%2BStatk%C3%A1ch%2B595%2F19CZ%2B-%2B783%2B01%2BOlomouc-Slavon%C3%ADn\" target=\"_blank\">\r\n                                Nagel \u010cesko s.r.o.<br \/>\r\nVGP PARK, HALA A<br \/>\r\nNa Statk\u00e1ch 595\/19<br \/>\r\nCZ - 783 01 Olomouc-Hn\u011bvot\u00edn                            <\/a> \r\n                        <\/div>\r\n       \t        \t       \t        \t<div class=\"bot-right\"><p><span>T:<\/span> <a href=\"tel:+420 588 188 967\">+420 588 188 967<\/a><br \/>\n<span>F:<\/span> +420 588 188 954<br \/>\n<span>E:<\/span> <a href=\"mailto:olomouc.cz@nagel-group.com\">olomouc.cz@nagel-group.com<\/a><\/p>\n<\/div>\r\n       \t        <\/div>\r\n       \t               <\/div>\r\n       \t\t\r\n       <\/div>\r\n       \r\n             \r\n      [\/vc_column][\/vc_row]<\/p>\n<\/div>","protected":false},"excerpt":{"rendered":"<p> Direct services to the most significant urban centres in Europe Connection to Nagel-Group\u2019s Europe-wide network<\/p>\n","protected":false},"author":2,"featured_media":0,"parent":0,"menu_order":184,"comment_status":"closed","ping_status":"closed","template":"","meta":{"_acf_changed":false,"inline_featured_image":false,"footnotes":""},"class_list":["post-5466","page","type-page","status-publish","hentry"],"acf":[],"yoast_head":"<!-- This site is optimized with the Yoast SEO plugin v26.8 - https:\/\/yoast.com\/product\/yoast-seo-wordpress\/ -->\n<title>Nagel Cesko - Nagel-Group<\/title>\n<meta name=\"description\" content=\"Nagel-Group Nagel Cesko -\" \/>\n<meta name=\"robots\" content=\"index, follow, max-snippet:-1, max-image-preview:large, max-video-preview:-1\" \/>\n<link rel=\"canonical\" href=\"https:\/\/www.nagel-group.com\/en\/nagel-cesko\/\" \/>\n<meta property=\"og:locale\" content=\"en_US\" \/>\n<meta property=\"og:type\" content=\"article\" \/>\n<meta property=\"og:title\" content=\"Nagel Cesko - Nagel-Group\" \/>\n<meta property=\"og:description\" content=\"Nagel-Group Nagel Cesko -\" \/>\n<meta property=\"og:url\" content=\"https:\/\/www.nagel-group.com\/en\/nagel-cesko\/\" \/>\n<meta property=\"og:site_name\" content=\"Nagel-Group\" \/>\n<meta property=\"article:publisher\" content=\"https:\/\/www.facebook.com\/Nagel-Group-1686584368272784\" \/>\n<meta property=\"article:modified_time\" content=\"2026-02-06T13:20:06+00:00\" \/>\n<meta name=\"twitter:card\" content=\"summary_large_image\" \/>\n<meta name=\"twitter:site\" content=\"@NagelGroup\" \/>\n<meta name=\"twitter:label1\" content=\"Est. reading time\" \/>\n\t<meta name=\"twitter:data1\" content=\"1 minute\" \/>\n<script type=\"application\/ld+json\" class=\"yoast-schema-graph\">{\"@context\":\"https:\/\/schema.org\",\"@graph\":[{\"@type\":\"WebPage\",\"@id\":\"https:\/\/www.nagel-group.com\/en\/nagel-cesko\/\",\"url\":\"https:\/\/www.nagel-group.com\/en\/nagel-cesko\/\",\"name\":\"Nagel Cesko - Nagel-Group\",\"isPartOf\":{\"@id\":\"https:\/\/www.nagel-group.com\/#website\"},\"datePublished\":\"2020-11-22T21:49:30+00:00\",\"dateModified\":\"2026-02-06T13:20:06+00:00\",\"description\":\"Nagel-Group Nagel Cesko -\",\"breadcrumb\":{\"@id\":\"https:\/\/www.nagel-group.com\/en\/nagel-cesko\/#breadcrumb\"},\"inLanguage\":\"en-US\",\"potentialAction\":[{\"@type\":\"ReadAction\",\"target\":[\"https:\/\/www.nagel-group.com\/en\/nagel-cesko\/\"]}]},{\"@type\":\"BreadcrumbList\",\"@id\":\"https:\/\/www.nagel-group.com\/en\/nagel-cesko\/#breadcrumb\",\"itemListElement\":[{\"@type\":\"ListItem\",\"position\":1,\"name\":\"Startseite\",\"item\":\"https:\/\/www.nagel-group.com\/en\/\"},{\"@type\":\"ListItem\",\"position\":2,\"name\":\"Nagel Cesko\"}]},{\"@type\":\"WebSite\",\"@id\":\"https:\/\/www.nagel-group.com\/#website\",\"url\":\"https:\/\/www.nagel-group.com\/\",\"name\":\"Nagel-Group\",\"description\":\"Connecting the world of food\u00ae\",\"publisher\":{\"@id\":\"https:\/\/www.nagel-group.com\/#organization\"},\"potentialAction\":[{\"@type\":\"SearchAction\",\"target\":{\"@type\":\"EntryPoint\",\"urlTemplate\":\"https:\/\/www.nagel-group.com\/?s={search_term_string}\"},\"query-input\":{\"@type\":\"PropertyValueSpecification\",\"valueRequired\":true,\"valueName\":\"search_term_string\"}}],\"inLanguage\":\"en-US\"},{\"@type\":\"Organization\",\"@id\":\"https:\/\/www.nagel-group.com\/#organization\",\"name\":\"Nagel-Group\",\"url\":\"https:\/\/www.nagel-group.com\/\",\"logo\":{\"@type\":\"ImageObject\",\"inLanguage\":\"en-US\",\"@id\":\"https:\/\/www.nagel-group.com\/#\/schema\/logo\/image\/\",\"url\":\"https:\/\/www.nagel-group.com\/wp-content\/uploads\/2020\/09\/Nagel-Group_Logo@2x.png\",\"contentUrl\":\"https:\/\/www.nagel-group.com\/wp-content\/uploads\/2020\/09\/Nagel-Group_Logo@2x.png\",\"width\":361,\"height\":100,\"caption\":\"Nagel-Group\"},\"image\":{\"@id\":\"https:\/\/www.nagel-group.com\/#\/schema\/logo\/image\/\"},\"sameAs\":[\"https:\/\/www.facebook.com\/Nagel-Group-1686584368272784\",\"https:\/\/x.com\/NagelGroup\",\"https:\/\/www.instagram.com\/nagelgroup\/\",\"https:\/\/www.linkedin.com\/company\/nagel-group\",\"https:\/\/de.wikipedia.org\/wiki\/Nagel-Group\"]}]}<\/script>\n<!-- \/ Yoast SEO plugin. -->","yoast_head_json":{"title":"Nagel Cesko - Nagel-Group","description":"Nagel-Group Nagel Cesko -","robots":{"index":"index","follow":"follow","max-snippet":"max-snippet:-1","max-image-preview":"max-image-preview:large","max-video-preview":"max-video-preview:-1"},"canonical":"https:\/\/www.nagel-group.com\/en\/nagel-cesko\/","og_locale":"en_US","og_type":"article","og_title":"Nagel Cesko - Nagel-Group","og_description":"Nagel-Group Nagel Cesko -","og_url":"https:\/\/www.nagel-group.com\/en\/nagel-cesko\/","og_site_name":"Nagel-Group","article_publisher":"https:\/\/www.facebook.com\/Nagel-Group-1686584368272784","article_modified_time":"2026-02-06T13:20:06+00:00","twitter_card":"summary_large_image","twitter_site":"@NagelGroup","twitter_misc":{"Est. reading time":"1 minute"},"schema":{"@context":"https:\/\/schema.org","@graph":[{"@type":"WebPage","@id":"https:\/\/www.nagel-group.com\/en\/nagel-cesko\/","url":"https:\/\/www.nagel-group.com\/en\/nagel-cesko\/","name":"Nagel Cesko - Nagel-Group","isPartOf":{"@id":"https:\/\/www.nagel-group.com\/#website"},"datePublished":"2020-11-22T21:49:30+00:00","dateModified":"2026-02-06T13:20:06+00:00","description":"Nagel-Group Nagel Cesko -","breadcrumb":{"@id":"https:\/\/www.nagel-group.com\/en\/nagel-cesko\/#breadcrumb"},"inLanguage":"en-US","potentialAction":[{"@type":"ReadAction","target":["https:\/\/www.nagel-group.com\/en\/nagel-cesko\/"]}]},{"@type":"BreadcrumbList","@id":"https:\/\/www.nagel-group.com\/en\/nagel-cesko\/#breadcrumb","itemListElement":[{"@type":"ListItem","position":1,"name":"Startseite","item":"https:\/\/www.nagel-group.com\/en\/"},{"@type":"ListItem","position":2,"name":"Nagel Cesko"}]},{"@type":"WebSite","@id":"https:\/\/www.nagel-group.com\/#website","url":"https:\/\/www.nagel-group.com\/","name":"Nagel-Group","description":"Connecting the world of food\u00ae","publisher":{"@id":"https:\/\/www.nagel-group.com\/#organization"},"potentialAction":[{"@type":"SearchAction","target":{"@type":"EntryPoint","urlTemplate":"https:\/\/www.nagel-group.com\/?s={search_term_string}"},"query-input":{"@type":"PropertyValueSpecification","valueRequired":true,"valueName":"search_term_string"}}],"inLanguage":"en-US"},{"@type":"Organization","@id":"https:\/\/www.nagel-group.com\/#organization","name":"Nagel-Group","url":"https:\/\/www.nagel-group.com\/","logo":{"@type":"ImageObject","inLanguage":"en-US","@id":"https:\/\/www.nagel-group.com\/#\/schema\/logo\/image\/","url":"https:\/\/www.nagel-group.com\/wp-content\/uploads\/2020\/09\/Nagel-Group_Logo@2x.png","contentUrl":"https:\/\/www.nagel-group.com\/wp-content\/uploads\/2020\/09\/Nagel-Group_Logo@2x.png","width":361,"height":100,"caption":"Nagel-Group"},"image":{"@id":"https:\/\/www.nagel-group.com\/#\/schema\/logo\/image\/"},"sameAs":["https:\/\/www.facebook.com\/Nagel-Group-1686584368272784","https:\/\/x.com\/NagelGroup","https:\/\/www.instagram.com\/nagelgroup\/","https:\/\/www.linkedin.com\/company\/nagel-group","https:\/\/de.wikipedia.org\/wiki\/Nagel-Group"]}]}},"_links":{"self":[{"href":"https:\/\/www.nagel-group.com\/en\/wp-json\/wp\/v2\/pages\/5466","targetHints":{"allow":["GET"]}}],"collection":[{"href":"https:\/\/www.nagel-group.com\/en\/wp-json\/wp\/v2\/pages"}],"about":[{"href":"https:\/\/www.nagel-group.com\/en\/wp-json\/wp\/v2\/types\/page"}],"author":[{"embeddable":true,"href":"https:\/\/www.nagel-group.com\/en\/wp-json\/wp\/v2\/users\/2"}],"replies":[{"embeddable":true,"href":"https:\/\/www.nagel-group.com\/en\/wp-json\/wp\/v2\/comments?post=5466"}],"version-history":[{"count":2,"href":"https:\/\/www.nagel-group.com\/en\/wp-json\/wp\/v2\/pages\/5466\/revisions"}],"predecessor-version":[{"id":53449,"href":"https:\/\/www.nagel-group.com\/en\/wp-json\/wp\/v2\/pages\/5466\/revisions\/53449"}],"wp:attachment":[{"href":"https:\/\/www.nagel-group.com\/en\/wp-json\/wp\/v2\/media?parent=5466"}],"curies":[{"name":"wp","href":"https:\/\/api.w.org\/{rel}","templated":true}]}}