{"id":5383,"date":"2020-11-20T22:27:17","date_gmt":"2020-11-20T21:27:17","guid":{"rendered":"https:\/\/www.nagel-group.com\/?page_id=5383"},"modified":"2025-06-02T16:29:56","modified_gmt":"2025-06-02T14:29:56","slug":"compliance","status":"publish","type":"page","link":"https:\/\/www.nagel-group.com\/en\/compliance\/","title":{"rendered":"Compliance"},"content":{"rendered":"<div class=\"wpb-content-wrapper\"><p>[vc_row full_width=&#8221;stretch_row_content_no_spaces&#8221; el_class=&#8221;compliance-top&#8221;][vc_column]<div class=\"simple-top-section  bg-inherit\"><div class=\"small-cc\"><div class=\"site-content-center\"><div class=\"simple-top-content inherit\"><h1>Compliance at Nagel-Group<\/h1>\n<h2>Whistleblowing system | Complaints procedure LkSG of the Nagel-Group.<\/h2>\n<p>Thank you for your interest in the whistleblowing system \/ complaints procedure LkSG of the Nagel-Group.<\/p>\n<p>The Nagel-Group stands for integrity and transparency.<\/p>\n<p>In order to avoid or uncover legal violations and to guarantee an EU-wide standard for the protection of whistleblowers, the European Union has issued the EU Whistleblower Directive ((EU) 2019\/1937). In addition, the Supply Chain Due Diligence Act came into force in Germany to strengthen the protection of human rights and certain aspects of the environment along supply chains.<\/p>\n<p>The implementation of the directive and the requirements of the LkSG regarding a complaints procedure is carried out at the Nagel-Group through the establishment of a corresponding reporting system, consisting of a reporting portal and hotline.<\/p>\n<p>Our employees and third parties who have contact with the Nagel-Group in the course of their professional activities can use the reporting system to report violations of the law and of the Nagel-Group Code of Conduct and, in accordance with \u00a7\u00a7 8, 9 LkSG, to report violations of human rights or environmental obligations that have arisen as a result of the economic activities of our company in its own business area or of a direct or indirect supplier. Reports can be submitted anonymously and confidentially. The report reaches Integrity GmbH as the ombudsman&#8217;s office externally commissioned with handling tips.<\/p>\n<p>Further information is available on the whistle-blower portal.<\/p>\n<p>&nbsp;<\/p>\n<p>NOTE: Please note that our whistleblowing system is not intended for general complaints. If you are dissatisfied with regard to any service provided by Nagel-Group, please contact the appropriate contact person.<\/p>\n<\/div><\/div><\/div><\/div>[\/vc_column][\/vc_row][vc_row el_class=&#8221;compliance-second&#8221;][vc_column][vc_row_inner][vc_column_inner width=&#8221;1\/3&#8243;]<div class=\"img-text-section \"><a class=\"full-box-link\" href=\"http:\/\/www.insider-report.org\"><\/a><div class=\"each--img-text\"><div class=\"each--infos\"><h3 class=\"inherit\">Integrity GmbH<\/h3><h4 class=\"inherit\">Whistleblowing Portal<\/h4><div class=\"box--content\"><p>Phone: <a href=\"tel:+49173 459 11 96\">+49173 459 11 96 <\/a><\/p>\n<p>Further information is available here<\/p>\n<\/div><a class=\"box--link inherit\" href=\"http:\/\/www.insider-report.org\">More<\/a><\/div><\/div><\/div>[\/vc_column_inner][vc_column_inner width=&#8221;1\/3&#8243;]<div class=\"img-text-section \"><a class=\"full-box-link\" href=\"https:\/\/www.nagel-group.com\/wp-content\/uploads\/2020\/10\/EU-Hinweisgeberrichtlinie_DE.pdf\"><\/a><div class=\"each--img-text\"><div class=\"each--infos\"><h3 class=\"inherit\">EU Whistle-blower Directive<\/h3><h4 class=\"inherit\">German<\/h4><div class=\"box--content\"><p>The EU Whistleblowing Directive is available in German via the link below.<\/p>\n<p>&nbsp;<\/p>\n<\/div><a class=\"box--link inherit\" href=\"https:\/\/www.nagel-group.com\/wp-content\/uploads\/2020\/10\/EU-Hinweisgeberrichtlinie_DE.pdf\">More<\/a><\/div><\/div><\/div>[\/vc_column_inner][vc_column_inner width=&#8221;1\/3&#8243;]<div class=\"img-text-section \"><a class=\"full-box-link\" href=\"https:\/\/www.nagel-group.com\/wp-content\/uploads\/2020\/10\/EU-Whistleblowing-Directive_EN.pdf\"><\/a><div class=\"each--img-text\"><div class=\"each--infos\"><h3 class=\"inherit\">EU Whistle-blower Directive<\/h3><h4 class=\"inherit\">English<\/h4><div class=\"box--content\"><p>The EU Whistleblowing Directive is available in English via the link below.<\/p>\n<p>&nbsp;<\/p>\n<\/div><a class=\"box--link inherit\" href=\"https:\/\/www.nagel-group.com\/wp-content\/uploads\/2020\/10\/EU-Whistleblowing-Directive_EN.pdf\">More<\/a><\/div><\/div><\/div>[\/vc_column_inner][\/vc_row_inner][vc_empty_space][vc_empty_space][\/vc_column][\/vc_row][vc_row el_class=&#8221;compliance-second&#8221;][vc_column][vc_row_inner][vc_column_inner width=&#8221;1\/3&#8243;]<div class=\"img-text-section \"><a class=\"full-box-link\" href=\"https:\/\/www.nagel-group.com\/wp-content\/uploads\/2024\/09\/Policy-Statement-of-the-Human-Rights-Strategy.pdf\"><\/a><div class=\"each--img-text\"><div class=\"each--infos\"><h3 class=\"inherit\">Policy Statement on the Human Rights Strategy<\/h3><h4 class=\"inherit\">English<\/h4><div class=\"box--content\"><p>Our commitment to respect human rights and environmental responsibilities.<\/p>\n<\/div><a class=\"box--link inherit\" href=\"https:\/\/www.nagel-group.com\/wp-content\/uploads\/2024\/09\/Policy-Statement-of-the-Human-Rights-Strategy.pdf\">More<\/a><\/div><\/div><\/div>[\/vc_column_inner][vc_column_inner width=&#8221;1\/3&#8243;]<div class=\"img-text-section \"><a class=\"full-box-link\" href=\"https:\/\/www.nagel-group.com\/wp-content\/uploads\/2023\/03\/Whistleblower-System-Complaints-Procedure_Rules-of-Procedure_Policy.pdf\"><\/a><div class=\"each--img-text\"><div class=\"each--infos\"><h3 class=\"inherit\">Directive Whistleblower System \/ Complaints Procedure (Rules of Procedure)<\/h3><h4 class=\"inherit\">English<\/h4><div class=\"box--content\"><p>Our rules of procedure for the complaints procedure according to \u00a78 LkSG (Supply Chain Due Diligence Act).<\/p>\n<\/div><a class=\"box--link inherit\" href=\"https:\/\/www.nagel-group.com\/wp-content\/uploads\/2023\/03\/Whistleblower-System-Complaints-Procedure_Rules-of-Procedure_Policy.pdf\">More<\/a><\/div><\/div><\/div>[\/vc_column_inner][vc_column_inner width=&#8221;1\/3&#8243;][\/vc_column_inner][\/vc_row_inner][\/vc_column][\/vc_row][vc_row content_placement=&#8221;top&#8221; el_class=&#8221;list&#8211;style nag&#8211;inner&#8211;c big-top&#8221;][vc_column][vc_column_text css=&#8221;&#8221;]<\/p>\n<h3>Whistleblower guidelines of the countries<\/h3>\n<p>[\/vc_column_text][vc_column_text css=&#8221;&#8221;]<\/p>\n<h3>Denmark \/ D\u00e4nemark \/ Danmark<\/h3>\n<p>[\/vc_column_text]<div class=\"download-top-section style333 inherit\"><div class=\"small-cc\"><a download href=\"https:\/\/www.nagel-group.com\/wp-content\/uploads\/2023\/10\/Whistleblower-System-hos-Nagel-Danmark-og-Nagel-Liller-.pdf\">Whistleblower System hos Nagel Danmark og Nagel Liller<\/a><\/div><\/div>[vc_empty_space][vc_column_text css=&#8221;&#8221;]<\/p>\n<h3>Netherlands \/ Niederlande \/ Nederland<\/h3>\n<p>[\/vc_column_text]<div class=\"download-top-section style333 inherit\"><div class=\"small-cc\"><a download href=\"https:\/\/www.nagel-group.com\/wp-content\/uploads\/2024\/09\/20250318_Klokkenluidersregeling-bij-CAL-Consult-Nederland-BV.pdf\">Klokkenluidersregeling bij CAL Consult Nederland B.V.<\/a><\/div><\/div>[vc_empty_space][vc_column_text css=&#8221;&#8221;]<\/p>\n<h3>Poland \/ Polen \/ Polska<\/h3>\n<p>[\/vc_column_text]<div class=\"download-top-section style333 inherit\"><div class=\"small-cc\"><a download href=\"https:\/\/www.nagel-group.com\/wp-content\/uploads\/2023\/10\/20250108_PROCEDURA-ZGLOSZEN-WEWNETRZNYCH.pdf\">PROCEDURA ZG\u0141OSZE\u0143 WEWN\u0118TRZNYCH<\/a><\/div><\/div>[vc_empty_space][vc_column_text css=&#8221;&#8221;]<\/p>\n<h3>Slovenia \/ Slowenien \/ Slovensko<\/h3>\n<p>[\/vc_column_text]<div class=\"download-top-section style333 inherit\"><div class=\"small-cc\"><a download href=\"https:\/\/www.nagel-group.com\/wp-content\/uploads\/2023\/10\/System-oznamovania-protispolocenskeho-konania-v-spolocnosti-Nagel-Slovensko-s.r.o.pdf\">Syst\u00e9m oznamovania protispolo\u010densk\u00e9ho konania v spolo\u010dnosti Nagel Slovensko s.r.o.<\/a><\/div><\/div>[vc_empty_space][vc_column_text css=&#8221;&#8221;]<\/p>\n<h3>Czech Republic \/ Tschechien \/ \u010cesk\u00e1 republika \u010cesky<\/h3>\n<p>[\/vc_column_text]<div class=\"download-top-section style333 inherit\"><div class=\"small-cc\"><a download href=\"https:\/\/www.nagel-group.com\/wp-content\/uploads\/2020\/10\/SYSTEM-OCHRANY-OZNAMOVATELU-VE-SPOLECNOSTI-NAGEL-CESKO-S.R.O.pdf\">Syst\u00e9m ochrany oznamovatel\u016f ve spole\u010dnosti nagel \u010desko s.r.o.<\/a><\/div><\/div>[vc_empty_space][vc_column_text css=&#8221;&#8221;]<\/p>\n<h3>Hungary \/ Ungarn \/ Magyarorsz\u00e1g<\/h3>\n<p>[\/vc_column_text]<div class=\"download-top-section style333 inherit\"><div class=\"small-cc\"><a download href=\"https:\/\/www.nagel-group.com\/wp-content\/uploads\/2020\/10\/VISSZAELES-BEJELENTESI-RENDSZER-A-NAGEL-HUNGARIANAL-1.pdf\">Vissza\u00e9l\u00e9s-bejelent\u00e9si rendszer a nagel hung\u00e1ri\u00e1n\u00e1l<\/a><\/div><\/div><div class=\"download-top-section style333 inherit\"><div class=\"small-cc\"><a download href=\"https:\/\/www.nagel-group.com\/wp-content\/uploads\/2020\/10\/Visszaeles-bejelentesek-tajekoztato-a-NAGEL-bejelentok-reszere-1.pdf\">Bels\u0151 vissza\u00e9l\u00e9s-bejelent\u00e9si rendszer a bejelent\u0151k t\u00e1j\u00e9koztat\u00e1sa az elj\u00e1r\u00e1si szab\u00e1lyokr\u00f3l \u00e9s a szem\u00e9lyes adatok v\u00e9delm\u00e9r\u0151l<\/a><\/div><\/div>[vc_empty_space][\/vc_column][\/vc_row]<\/p>\n<\/div>","protected":false},"excerpt":{"rendered":"<p> Whistleblower guidelines of the<\/p>\n","protected":false},"author":2,"featured_media":0,"parent":0,"menu_order":191,"comment_status":"closed","ping_status":"closed","template":"","meta":{"_acf_changed":false,"inline_featured_image":false,"footnotes":""},"class_list":["post-5383","page","type-page","status-publish","hentry"],"acf":[],"yoast_head":"<!-- This site is optimized with the Yoast SEO plugin v26.8 - https:\/\/yoast.com\/product\/yoast-seo-wordpress\/ -->\n<title>Compliance - Nagel-Group<\/title>\n<meta name=\"description\" content=\"Nagel-Group Compliance -\" \/>\n<meta name=\"robots\" content=\"index, follow, max-snippet:-1, max-image-preview:large, max-video-preview:-1\" \/>\n<link rel=\"canonical\" href=\"https:\/\/www.nagel-group.com\/en\/compliance\/\" \/>\n<meta property=\"og:locale\" content=\"en_US\" \/>\n<meta property=\"og:type\" content=\"article\" \/>\n<meta property=\"og:title\" content=\"Compliance - Nagel-Group\" \/>\n<meta property=\"og:description\" content=\"Nagel-Group Compliance -\" \/>\n<meta property=\"og:url\" content=\"https:\/\/www.nagel-group.com\/en\/compliance\/\" \/>\n<meta property=\"og:site_name\" content=\"Nagel-Group\" \/>\n<meta property=\"article:publisher\" content=\"https:\/\/www.facebook.com\/Nagel-Group-1686584368272784\" \/>\n<meta property=\"article:modified_time\" content=\"2025-06-02T14:29:56+00:00\" \/>\n<meta name=\"twitter:card\" content=\"summary_large_image\" \/>\n<meta name=\"twitter:site\" content=\"@NagelGroup\" \/>\n<meta name=\"twitter:label1\" content=\"Est. reading time\" \/>\n\t<meta name=\"twitter:data1\" content=\"3 minutes\" \/>\n<script type=\"application\/ld+json\" class=\"yoast-schema-graph\">{\"@context\":\"https:\/\/schema.org\",\"@graph\":[{\"@type\":\"WebPage\",\"@id\":\"https:\/\/www.nagel-group.com\/en\/compliance\/\",\"url\":\"https:\/\/www.nagel-group.com\/en\/compliance\/\",\"name\":\"Compliance - Nagel-Group\",\"isPartOf\":{\"@id\":\"https:\/\/www.nagel-group.com\/#website\"},\"datePublished\":\"2020-11-20T21:27:17+00:00\",\"dateModified\":\"2025-06-02T14:29:56+00:00\",\"description\":\"Nagel-Group Compliance -\",\"breadcrumb\":{\"@id\":\"https:\/\/www.nagel-group.com\/en\/compliance\/#breadcrumb\"},\"inLanguage\":\"en-US\",\"potentialAction\":[{\"@type\":\"ReadAction\",\"target\":[\"https:\/\/www.nagel-group.com\/en\/compliance\/\"]}]},{\"@type\":\"BreadcrumbList\",\"@id\":\"https:\/\/www.nagel-group.com\/en\/compliance\/#breadcrumb\",\"itemListElement\":[{\"@type\":\"ListItem\",\"position\":1,\"name\":\"Startseite\",\"item\":\"https:\/\/www.nagel-group.com\/en\/\"},{\"@type\":\"ListItem\",\"position\":2,\"name\":\"Compliance\"}]},{\"@type\":\"WebSite\",\"@id\":\"https:\/\/www.nagel-group.com\/#website\",\"url\":\"https:\/\/www.nagel-group.com\/\",\"name\":\"Nagel-Group\",\"description\":\"Connecting the world of food\u00ae\",\"publisher\":{\"@id\":\"https:\/\/www.nagel-group.com\/#organization\"},\"potentialAction\":[{\"@type\":\"SearchAction\",\"target\":{\"@type\":\"EntryPoint\",\"urlTemplate\":\"https:\/\/www.nagel-group.com\/?s={search_term_string}\"},\"query-input\":{\"@type\":\"PropertyValueSpecification\",\"valueRequired\":true,\"valueName\":\"search_term_string\"}}],\"inLanguage\":\"en-US\"},{\"@type\":\"Organization\",\"@id\":\"https:\/\/www.nagel-group.com\/#organization\",\"name\":\"Nagel-Group\",\"url\":\"https:\/\/www.nagel-group.com\/\",\"logo\":{\"@type\":\"ImageObject\",\"inLanguage\":\"en-US\",\"@id\":\"https:\/\/www.nagel-group.com\/#\/schema\/logo\/image\/\",\"url\":\"https:\/\/www.nagel-group.com\/wp-content\/uploads\/2020\/09\/Nagel-Group_Logo@2x.png\",\"contentUrl\":\"https:\/\/www.nagel-group.com\/wp-content\/uploads\/2020\/09\/Nagel-Group_Logo@2x.png\",\"width\":361,\"height\":100,\"caption\":\"Nagel-Group\"},\"image\":{\"@id\":\"https:\/\/www.nagel-group.com\/#\/schema\/logo\/image\/\"},\"sameAs\":[\"https:\/\/www.facebook.com\/Nagel-Group-1686584368272784\",\"https:\/\/x.com\/NagelGroup\",\"https:\/\/www.instagram.com\/nagelgroup\/\",\"https:\/\/www.linkedin.com\/company\/nagel-group\",\"https:\/\/de.wikipedia.org\/wiki\/Nagel-Group\"]}]}<\/script>\n<!-- \/ Yoast SEO plugin. -->","yoast_head_json":{"title":"Compliance - Nagel-Group","description":"Nagel-Group Compliance -","robots":{"index":"index","follow":"follow","max-snippet":"max-snippet:-1","max-image-preview":"max-image-preview:large","max-video-preview":"max-video-preview:-1"},"canonical":"https:\/\/www.nagel-group.com\/en\/compliance\/","og_locale":"en_US","og_type":"article","og_title":"Compliance - Nagel-Group","og_description":"Nagel-Group Compliance -","og_url":"https:\/\/www.nagel-group.com\/en\/compliance\/","og_site_name":"Nagel-Group","article_publisher":"https:\/\/www.facebook.com\/Nagel-Group-1686584368272784","article_modified_time":"2025-06-02T14:29:56+00:00","twitter_card":"summary_large_image","twitter_site":"@NagelGroup","twitter_misc":{"Est. reading time":"3 minutes"},"schema":{"@context":"https:\/\/schema.org","@graph":[{"@type":"WebPage","@id":"https:\/\/www.nagel-group.com\/en\/compliance\/","url":"https:\/\/www.nagel-group.com\/en\/compliance\/","name":"Compliance - Nagel-Group","isPartOf":{"@id":"https:\/\/www.nagel-group.com\/#website"},"datePublished":"2020-11-20T21:27:17+00:00","dateModified":"2025-06-02T14:29:56+00:00","description":"Nagel-Group Compliance -","breadcrumb":{"@id":"https:\/\/www.nagel-group.com\/en\/compliance\/#breadcrumb"},"inLanguage":"en-US","potentialAction":[{"@type":"ReadAction","target":["https:\/\/www.nagel-group.com\/en\/compliance\/"]}]},{"@type":"BreadcrumbList","@id":"https:\/\/www.nagel-group.com\/en\/compliance\/#breadcrumb","itemListElement":[{"@type":"ListItem","position":1,"name":"Startseite","item":"https:\/\/www.nagel-group.com\/en\/"},{"@type":"ListItem","position":2,"name":"Compliance"}]},{"@type":"WebSite","@id":"https:\/\/www.nagel-group.com\/#website","url":"https:\/\/www.nagel-group.com\/","name":"Nagel-Group","description":"Connecting the world of food\u00ae","publisher":{"@id":"https:\/\/www.nagel-group.com\/#organization"},"potentialAction":[{"@type":"SearchAction","target":{"@type":"EntryPoint","urlTemplate":"https:\/\/www.nagel-group.com\/?s={search_term_string}"},"query-input":{"@type":"PropertyValueSpecification","valueRequired":true,"valueName":"search_term_string"}}],"inLanguage":"en-US"},{"@type":"Organization","@id":"https:\/\/www.nagel-group.com\/#organization","name":"Nagel-Group","url":"https:\/\/www.nagel-group.com\/","logo":{"@type":"ImageObject","inLanguage":"en-US","@id":"https:\/\/www.nagel-group.com\/#\/schema\/logo\/image\/","url":"https:\/\/www.nagel-group.com\/wp-content\/uploads\/2020\/09\/Nagel-Group_Logo@2x.png","contentUrl":"https:\/\/www.nagel-group.com\/wp-content\/uploads\/2020\/09\/Nagel-Group_Logo@2x.png","width":361,"height":100,"caption":"Nagel-Group"},"image":{"@id":"https:\/\/www.nagel-group.com\/#\/schema\/logo\/image\/"},"sameAs":["https:\/\/www.facebook.com\/Nagel-Group-1686584368272784","https:\/\/x.com\/NagelGroup","https:\/\/www.instagram.com\/nagelgroup\/","https:\/\/www.linkedin.com\/company\/nagel-group","https:\/\/de.wikipedia.org\/wiki\/Nagel-Group"]}]}},"_links":{"self":[{"href":"https:\/\/www.nagel-group.com\/en\/wp-json\/wp\/v2\/pages\/5383","targetHints":{"allow":["GET"]}}],"collection":[{"href":"https:\/\/www.nagel-group.com\/en\/wp-json\/wp\/v2\/pages"}],"about":[{"href":"https:\/\/www.nagel-group.com\/en\/wp-json\/wp\/v2\/types\/page"}],"author":[{"embeddable":true,"href":"https:\/\/www.nagel-group.com\/en\/wp-json\/wp\/v2\/users\/2"}],"replies":[{"embeddable":true,"href":"https:\/\/www.nagel-group.com\/en\/wp-json\/wp\/v2\/comments?post=5383"}],"version-history":[{"count":31,"href":"https:\/\/www.nagel-group.com\/en\/wp-json\/wp\/v2\/pages\/5383\/revisions"}],"predecessor-version":[{"id":43404,"href":"https:\/\/www.nagel-group.com\/en\/wp-json\/wp\/v2\/pages\/5383\/revisions\/43404"}],"wp:attachment":[{"href":"https:\/\/www.nagel-group.com\/en\/wp-json\/wp\/v2\/media?parent=5383"}],"curies":[{"name":"wp","href":"https:\/\/api.w.org\/{rel}","templated":true}]}}