{"id":53014,"date":"2026-02-06T13:41:33","date_gmt":"2026-02-06T12:41:33","guid":{"rendered":"https:\/\/www.nagel-group.com\/?page_id=53014"},"modified":"2026-02-09T08:47:41","modified_gmt":"2026-02-09T07:47:41","slug":"imprint-nagel-cesko-s-r-o","status":"publish","type":"page","link":"https:\/\/www.nagel-group.com\/en\/imprint-nagel-cesko-s-r-o\/","title":{"rendered":"Imprint Nagel \u010cesko s.r.o"},"content":{"rendered":"<div class=\"wpb-content-wrapper\"><p>[vc_row full_width=&#8221;stretch_row_content_no_spaces&#8221; el_class=&#8221;zerti&#8211;top&#8221;][vc_column]<div class=\"herosection--inner style11 \" paddingstyle=\"ein--hero\"><div class=\"site-content-center\"><div class=\"herosection-right\"><div class=\"h-r-inner\"><img decoding=\"async\" class=\"first--hero--img blendmode--normal\" src=\"\" alt=\"Imprint Nagel \u010cesko s.r.o\" \/><\/div><\/div><div class=\"herosection-left\"><div class=\"h-l-inner\"><h1 class=\"inherit\">Imprint Nagel \u010cesko s.r.o<\/h1><h2 class=\"inherit\"><\/h2><\/div><\/div><\/div><\/div>[\/vc_column][\/vc_row][vc_row el_class=&#8221;ein&#8211;second zertifikate-second&#8221;][vc_column][vc_column_text css=&#8221;&#8221;]<\/p>\n<h2>Responsible for website content<\/h2>\n<p>Nagel \u010cesko s.r.o.<br \/>\nD1 Logistics Commerce Park<br \/>\nZd\u011bbradsk\u00e1 68<br \/>\nCZ-251 01 \u0158\u00ed\u010dany-Ja\u017elovice<\/p>\n<p>&nbsp;<\/p>\n<p>T: +420 323 576 000<br \/>\nE: info.cz@nagel-group.com<\/p>\n<p>&nbsp;<\/p>\n<p>Managing Director: Luk\u00e1\u0161 Rek<\/p>\n<p>&nbsp;<\/p>\n<p>VAT ID: CZ25742574<\/p>\n<p>&nbsp;<\/p>\n<p>Legal form: Limited liability company<\/p>\n<p>&nbsp;<\/p>\n<p>Company ID: 25742574<\/p>\n<p>&nbsp;<\/p>\n<p>Registered at the Commercial Register in Prague under file number C 66135[\/vc_column_text][\/vc_column][\/vc_row]<\/p>\n<\/div>","protected":false},"excerpt":{"rendered":"<p> Responsible for website content Nagel \u010cesko s.r.o. D1 Logistics Commerce Park Zd\u011bbradsk\u00e1 68 CZ-251<\/p>\n","protected":false},"author":26,"featured_media":0,"parent":0,"menu_order":0,"comment_status":"closed","ping_status":"closed","template":"","meta":{"_acf_changed":false,"inline_featured_image":false,"footnotes":""},"class_list":["post-53014","page","type-page","status-publish","hentry"],"acf":[],"yoast_head":"<!-- This site is optimized with the Yoast SEO plugin v26.8 - https:\/\/yoast.com\/product\/yoast-seo-wordpress\/ -->\n<title>Imprint Nagel \u010cesko s.r.o - Nagel-Group<\/title>\n<meta name=\"description\" content=\"Nagel-Group Imprint Nagel \u010cesko s.r.o -\" \/>\n<meta name=\"robots\" content=\"index, follow, max-snippet:-1, max-image-preview:large, max-video-preview:-1\" \/>\n<link rel=\"canonical\" href=\"https:\/\/www.nagel-group.com\/en\/imprint-nagel-cesko-s-r-o\/\" \/>\n<meta property=\"og:locale\" content=\"en_US\" \/>\n<meta property=\"og:type\" content=\"article\" \/>\n<meta property=\"og:title\" content=\"Imprint Nagel \u010cesko s.r.o - Nagel-Group\" \/>\n<meta property=\"og:description\" content=\"Nagel-Group Imprint Nagel \u010cesko s.r.o -\" \/>\n<meta property=\"og:url\" content=\"https:\/\/www.nagel-group.com\/en\/imprint-nagel-cesko-s-r-o\/\" \/>\n<meta property=\"og:site_name\" content=\"Nagel-Group\" \/>\n<meta property=\"article:publisher\" content=\"https:\/\/www.facebook.com\/Nagel-Group-1686584368272784\" \/>\n<meta property=\"article:modified_time\" content=\"2026-02-09T07:47:41+00:00\" \/>\n<meta name=\"twitter:card\" content=\"summary_large_image\" \/>\n<meta name=\"twitter:site\" content=\"@NagelGroup\" \/>\n<meta name=\"twitter:label1\" content=\"Est. reading time\" \/>\n\t<meta name=\"twitter:data1\" content=\"1 minute\" \/>\n<script type=\"application\/ld+json\" class=\"yoast-schema-graph\">{\"@context\":\"https:\/\/schema.org\",\"@graph\":[{\"@type\":\"WebPage\",\"@id\":\"https:\/\/www.nagel-group.com\/en\/imprint-nagel-cesko-s-r-o\/\",\"url\":\"https:\/\/www.nagel-group.com\/en\/imprint-nagel-cesko-s-r-o\/\",\"name\":\"Imprint Nagel \u010cesko s.r.o - Nagel-Group\",\"isPartOf\":{\"@id\":\"https:\/\/www.nagel-group.com\/#website\"},\"datePublished\":\"2026-02-06T12:41:33+00:00\",\"dateModified\":\"2026-02-09T07:47:41+00:00\",\"description\":\"Nagel-Group Imprint Nagel \u010cesko s.r.o -\",\"breadcrumb\":{\"@id\":\"https:\/\/www.nagel-group.com\/en\/imprint-nagel-cesko-s-r-o\/#breadcrumb\"},\"inLanguage\":\"en-US\",\"potentialAction\":[{\"@type\":\"ReadAction\",\"target\":[\"https:\/\/www.nagel-group.com\/en\/imprint-nagel-cesko-s-r-o\/\"]}]},{\"@type\":\"BreadcrumbList\",\"@id\":\"https:\/\/www.nagel-group.com\/en\/imprint-nagel-cesko-s-r-o\/#breadcrumb\",\"itemListElement\":[{\"@type\":\"ListItem\",\"position\":1,\"name\":\"Startseite\",\"item\":\"https:\/\/www.nagel-group.com\/en\/\"},{\"@type\":\"ListItem\",\"position\":2,\"name\":\"Imprint Nagel \u010cesko s.r.o\"}]},{\"@type\":\"WebSite\",\"@id\":\"https:\/\/www.nagel-group.com\/#website\",\"url\":\"https:\/\/www.nagel-group.com\/\",\"name\":\"Nagel-Group\",\"description\":\"Connecting the world of food\u00ae\",\"publisher\":{\"@id\":\"https:\/\/www.nagel-group.com\/#organization\"},\"potentialAction\":[{\"@type\":\"SearchAction\",\"target\":{\"@type\":\"EntryPoint\",\"urlTemplate\":\"https:\/\/www.nagel-group.com\/?s={search_term_string}\"},\"query-input\":{\"@type\":\"PropertyValueSpecification\",\"valueRequired\":true,\"valueName\":\"search_term_string\"}}],\"inLanguage\":\"en-US\"},{\"@type\":\"Organization\",\"@id\":\"https:\/\/www.nagel-group.com\/#organization\",\"name\":\"Nagel-Group\",\"url\":\"https:\/\/www.nagel-group.com\/\",\"logo\":{\"@type\":\"ImageObject\",\"inLanguage\":\"en-US\",\"@id\":\"https:\/\/www.nagel-group.com\/#\/schema\/logo\/image\/\",\"url\":\"https:\/\/www.nagel-group.com\/wp-content\/uploads\/2020\/09\/Nagel-Group_Logo@2x.png\",\"contentUrl\":\"https:\/\/www.nagel-group.com\/wp-content\/uploads\/2020\/09\/Nagel-Group_Logo@2x.png\",\"width\":361,\"height\":100,\"caption\":\"Nagel-Group\"},\"image\":{\"@id\":\"https:\/\/www.nagel-group.com\/#\/schema\/logo\/image\/\"},\"sameAs\":[\"https:\/\/www.facebook.com\/Nagel-Group-1686584368272784\",\"https:\/\/x.com\/NagelGroup\",\"https:\/\/www.instagram.com\/nagelgroup\/\",\"https:\/\/www.linkedin.com\/company\/nagel-group\",\"https:\/\/de.wikipedia.org\/wiki\/Nagel-Group\"]}]}<\/script>\n<!-- \/ Yoast SEO plugin. -->","yoast_head_json":{"title":"Imprint Nagel \u010cesko s.r.o - Nagel-Group","description":"Nagel-Group Imprint Nagel \u010cesko s.r.o -","robots":{"index":"index","follow":"follow","max-snippet":"max-snippet:-1","max-image-preview":"max-image-preview:large","max-video-preview":"max-video-preview:-1"},"canonical":"https:\/\/www.nagel-group.com\/en\/imprint-nagel-cesko-s-r-o\/","og_locale":"en_US","og_type":"article","og_title":"Imprint Nagel \u010cesko s.r.o - Nagel-Group","og_description":"Nagel-Group Imprint Nagel \u010cesko s.r.o -","og_url":"https:\/\/www.nagel-group.com\/en\/imprint-nagel-cesko-s-r-o\/","og_site_name":"Nagel-Group","article_publisher":"https:\/\/www.facebook.com\/Nagel-Group-1686584368272784","article_modified_time":"2026-02-09T07:47:41+00:00","twitter_card":"summary_large_image","twitter_site":"@NagelGroup","twitter_misc":{"Est. reading time":"1 minute"},"schema":{"@context":"https:\/\/schema.org","@graph":[{"@type":"WebPage","@id":"https:\/\/www.nagel-group.com\/en\/imprint-nagel-cesko-s-r-o\/","url":"https:\/\/www.nagel-group.com\/en\/imprint-nagel-cesko-s-r-o\/","name":"Imprint Nagel \u010cesko s.r.o - Nagel-Group","isPartOf":{"@id":"https:\/\/www.nagel-group.com\/#website"},"datePublished":"2026-02-06T12:41:33+00:00","dateModified":"2026-02-09T07:47:41+00:00","description":"Nagel-Group Imprint Nagel \u010cesko s.r.o -","breadcrumb":{"@id":"https:\/\/www.nagel-group.com\/en\/imprint-nagel-cesko-s-r-o\/#breadcrumb"},"inLanguage":"en-US","potentialAction":[{"@type":"ReadAction","target":["https:\/\/www.nagel-group.com\/en\/imprint-nagel-cesko-s-r-o\/"]}]},{"@type":"BreadcrumbList","@id":"https:\/\/www.nagel-group.com\/en\/imprint-nagel-cesko-s-r-o\/#breadcrumb","itemListElement":[{"@type":"ListItem","position":1,"name":"Startseite","item":"https:\/\/www.nagel-group.com\/en\/"},{"@type":"ListItem","position":2,"name":"Imprint Nagel \u010cesko s.r.o"}]},{"@type":"WebSite","@id":"https:\/\/www.nagel-group.com\/#website","url":"https:\/\/www.nagel-group.com\/","name":"Nagel-Group","description":"Connecting the world of food\u00ae","publisher":{"@id":"https:\/\/www.nagel-group.com\/#organization"},"potentialAction":[{"@type":"SearchAction","target":{"@type":"EntryPoint","urlTemplate":"https:\/\/www.nagel-group.com\/?s={search_term_string}"},"query-input":{"@type":"PropertyValueSpecification","valueRequired":true,"valueName":"search_term_string"}}],"inLanguage":"en-US"},{"@type":"Organization","@id":"https:\/\/www.nagel-group.com\/#organization","name":"Nagel-Group","url":"https:\/\/www.nagel-group.com\/","logo":{"@type":"ImageObject","inLanguage":"en-US","@id":"https:\/\/www.nagel-group.com\/#\/schema\/logo\/image\/","url":"https:\/\/www.nagel-group.com\/wp-content\/uploads\/2020\/09\/Nagel-Group_Logo@2x.png","contentUrl":"https:\/\/www.nagel-group.com\/wp-content\/uploads\/2020\/09\/Nagel-Group_Logo@2x.png","width":361,"height":100,"caption":"Nagel-Group"},"image":{"@id":"https:\/\/www.nagel-group.com\/#\/schema\/logo\/image\/"},"sameAs":["https:\/\/www.facebook.com\/Nagel-Group-1686584368272784","https:\/\/x.com\/NagelGroup","https:\/\/www.instagram.com\/nagelgroup\/","https:\/\/www.linkedin.com\/company\/nagel-group","https:\/\/de.wikipedia.org\/wiki\/Nagel-Group"]}]}},"_links":{"self":[{"href":"https:\/\/www.nagel-group.com\/en\/wp-json\/wp\/v2\/pages\/53014","targetHints":{"allow":["GET"]}}],"collection":[{"href":"https:\/\/www.nagel-group.com\/en\/wp-json\/wp\/v2\/pages"}],"about":[{"href":"https:\/\/www.nagel-group.com\/en\/wp-json\/wp\/v2\/types\/page"}],"author":[{"embeddable":true,"href":"https:\/\/www.nagel-group.com\/en\/wp-json\/wp\/v2\/users\/26"}],"replies":[{"embeddable":true,"href":"https:\/\/www.nagel-group.com\/en\/wp-json\/wp\/v2\/comments?post=53014"}],"version-history":[{"count":3,"href":"https:\/\/www.nagel-group.com\/en\/wp-json\/wp\/v2\/pages\/53014\/revisions"}],"predecessor-version":[{"id":53484,"href":"https:\/\/www.nagel-group.com\/en\/wp-json\/wp\/v2\/pages\/53014\/revisions\/53484"}],"wp:attachment":[{"href":"https:\/\/www.nagel-group.com\/en\/wp-json\/wp\/v2\/media?parent=53014"}],"curies":[{"name":"wp","href":"https:\/\/api.w.org\/{rel}","templated":true}]}}