{"id":53008,"date":"2026-02-06T13:41:29","date_gmt":"2026-02-06T12:41:29","guid":{"rendered":"https:\/\/www.nagel-group.com\/?page_id=53008"},"modified":"2026-02-06T13:41:29","modified_gmt":"2026-02-06T12:41:29","slug":"imprint-nagel-hungaria","status":"publish","type":"page","link":"https:\/\/www.nagel-group.com\/en\/imprint-nagel-hungaria\/","title":{"rendered":"Imprint Nagel Hung\u00e1ria"},"content":{"rendered":"<div class=\"wpb-content-wrapper\"><p>[vc_row full_width=&#8221;stretch_row_content_no_spaces&#8221; el_class=&#8221;zerti&#8211;top&#8221;][vc_column]<div class=\"herosection--inner style11 \" paddingstyle=\"ein--hero\"><div class=\"site-content-center\"><div class=\"herosection-right\"><div class=\"h-r-inner\"><img decoding=\"async\" class=\"first--hero--img blendmode--normal\" src=\"\" alt=\"Imprint Nagel Hung\u00e1ria\" \/><\/div><\/div><div class=\"herosection-left\"><div class=\"h-l-inner\"><h1 class=\"inherit\">Imprint Nagel Hung\u00e1ria<\/h1><h2 class=\"inherit\"><\/h2><\/div><\/div><\/div><\/div>[\/vc_column][\/vc_row][vc_row el_class=&#8221;ein&#8211;second zertifikate-second&#8221;][vc_column][vc_column_text css=&#8221;&#8221;]<\/p>\n<h2>Responsible for website content<\/h2>\n<p>Nagel Hung\u00e1ria Logisztikai Kft.<br \/>\nTankcsapda utca 2<br \/>\nHU-2351 Als\u00f3n\u00e9medi<\/p>\n<p>&nbsp;<\/p>\n<p>T: +36 29 886 200<br \/>\nF: +36 29 886 201<br \/>\nE: <a href=\"mailto:budapest@nagel-group.com\">budapest@nagel-group.com<\/a><\/p>\n<p>&nbsp;<\/p>\n<p>Managing Director: Zolt\u00e1n B\u00e1ndli<\/p>\n<p>&nbsp;<\/p>\n<p>Company type: Limited Liability Company<\/p>\n<p>VAT ID: 13323260-2-13<\/p>\n<p>Company registration number: Cg. 13-09-103453[\/vc_column_text][\/vc_column][\/vc_row]<\/p>\n<\/div>","protected":false},"excerpt":{"rendered":"<p> Responsible for website content Nagel Hung\u00e1ria Logisztikai Kft. Tankcsapda utca 2 HU-2351 Als\u00f3n\u00e9medi &nbsp;<\/p>\n","protected":false},"author":26,"featured_media":0,"parent":0,"menu_order":0,"comment_status":"closed","ping_status":"closed","template":"","meta":{"_acf_changed":false,"inline_featured_image":false,"footnotes":""},"class_list":["post-53008","page","type-page","status-publish","hentry"],"acf":[],"yoast_head":"<!-- This site is optimized with the Yoast SEO plugin v26.8 - https:\/\/yoast.com\/product\/yoast-seo-wordpress\/ -->\n<title>Imprint Nagel Hung\u00e1ria - Nagel-Group<\/title>\n<meta name=\"description\" content=\"Nagel-Group Imprint Nagel Hung\u00e1ria -\" \/>\n<meta name=\"robots\" content=\"index, follow, max-snippet:-1, max-image-preview:large, max-video-preview:-1\" \/>\n<link rel=\"canonical\" href=\"https:\/\/www.nagel-group.com\/en\/imprint-nagel-hungaria\/\" \/>\n<meta property=\"og:locale\" content=\"en_US\" \/>\n<meta property=\"og:type\" content=\"article\" \/>\n<meta property=\"og:title\" content=\"Imprint Nagel Hung\u00e1ria - Nagel-Group\" \/>\n<meta property=\"og:description\" content=\"Nagel-Group Imprint Nagel Hung\u00e1ria -\" \/>\n<meta property=\"og:url\" content=\"https:\/\/www.nagel-group.com\/en\/imprint-nagel-hungaria\/\" \/>\n<meta property=\"og:site_name\" content=\"Nagel-Group\" \/>\n<meta property=\"article:publisher\" content=\"https:\/\/www.facebook.com\/Nagel-Group-1686584368272784\" \/>\n<meta name=\"twitter:card\" content=\"summary_large_image\" \/>\n<meta name=\"twitter:site\" content=\"@NagelGroup\" \/>\n<meta name=\"twitter:label1\" content=\"Est. reading time\" \/>\n\t<meta name=\"twitter:data1\" content=\"1 minute\" \/>\n<script type=\"application\/ld+json\" class=\"yoast-schema-graph\">{\"@context\":\"https:\/\/schema.org\",\"@graph\":[{\"@type\":\"WebPage\",\"@id\":\"https:\/\/www.nagel-group.com\/en\/imprint-nagel-hungaria\/\",\"url\":\"https:\/\/www.nagel-group.com\/en\/imprint-nagel-hungaria\/\",\"name\":\"Imprint Nagel Hung\u00e1ria - Nagel-Group\",\"isPartOf\":{\"@id\":\"https:\/\/www.nagel-group.com\/#website\"},\"datePublished\":\"2026-02-06T12:41:29+00:00\",\"description\":\"Nagel-Group Imprint Nagel Hung\u00e1ria -\",\"breadcrumb\":{\"@id\":\"https:\/\/www.nagel-group.com\/en\/imprint-nagel-hungaria\/#breadcrumb\"},\"inLanguage\":\"en-US\",\"potentialAction\":[{\"@type\":\"ReadAction\",\"target\":[\"https:\/\/www.nagel-group.com\/en\/imprint-nagel-hungaria\/\"]}]},{\"@type\":\"BreadcrumbList\",\"@id\":\"https:\/\/www.nagel-group.com\/en\/imprint-nagel-hungaria\/#breadcrumb\",\"itemListElement\":[{\"@type\":\"ListItem\",\"position\":1,\"name\":\"Startseite\",\"item\":\"https:\/\/www.nagel-group.com\/en\/\"},{\"@type\":\"ListItem\",\"position\":2,\"name\":\"Imprint Nagel Hung\u00e1ria\"}]},{\"@type\":\"WebSite\",\"@id\":\"https:\/\/www.nagel-group.com\/#website\",\"url\":\"https:\/\/www.nagel-group.com\/\",\"name\":\"Nagel-Group\",\"description\":\"Connecting the world of food\u00ae\",\"publisher\":{\"@id\":\"https:\/\/www.nagel-group.com\/#organization\"},\"potentialAction\":[{\"@type\":\"SearchAction\",\"target\":{\"@type\":\"EntryPoint\",\"urlTemplate\":\"https:\/\/www.nagel-group.com\/?s={search_term_string}\"},\"query-input\":{\"@type\":\"PropertyValueSpecification\",\"valueRequired\":true,\"valueName\":\"search_term_string\"}}],\"inLanguage\":\"en-US\"},{\"@type\":\"Organization\",\"@id\":\"https:\/\/www.nagel-group.com\/#organization\",\"name\":\"Nagel-Group\",\"url\":\"https:\/\/www.nagel-group.com\/\",\"logo\":{\"@type\":\"ImageObject\",\"inLanguage\":\"en-US\",\"@id\":\"https:\/\/www.nagel-group.com\/#\/schema\/logo\/image\/\",\"url\":\"https:\/\/www.nagel-group.com\/wp-content\/uploads\/2020\/09\/Nagel-Group_Logo@2x.png\",\"contentUrl\":\"https:\/\/www.nagel-group.com\/wp-content\/uploads\/2020\/09\/Nagel-Group_Logo@2x.png\",\"width\":361,\"height\":100,\"caption\":\"Nagel-Group\"},\"image\":{\"@id\":\"https:\/\/www.nagel-group.com\/#\/schema\/logo\/image\/\"},\"sameAs\":[\"https:\/\/www.facebook.com\/Nagel-Group-1686584368272784\",\"https:\/\/x.com\/NagelGroup\",\"https:\/\/www.instagram.com\/nagelgroup\/\",\"https:\/\/www.linkedin.com\/company\/nagel-group\",\"https:\/\/de.wikipedia.org\/wiki\/Nagel-Group\"]}]}<\/script>\n<!-- \/ Yoast SEO plugin. -->","yoast_head_json":{"title":"Imprint Nagel Hung\u00e1ria - Nagel-Group","description":"Nagel-Group Imprint Nagel Hung\u00e1ria -","robots":{"index":"index","follow":"follow","max-snippet":"max-snippet:-1","max-image-preview":"max-image-preview:large","max-video-preview":"max-video-preview:-1"},"canonical":"https:\/\/www.nagel-group.com\/en\/imprint-nagel-hungaria\/","og_locale":"en_US","og_type":"article","og_title":"Imprint Nagel Hung\u00e1ria - Nagel-Group","og_description":"Nagel-Group Imprint Nagel Hung\u00e1ria -","og_url":"https:\/\/www.nagel-group.com\/en\/imprint-nagel-hungaria\/","og_site_name":"Nagel-Group","article_publisher":"https:\/\/www.facebook.com\/Nagel-Group-1686584368272784","twitter_card":"summary_large_image","twitter_site":"@NagelGroup","twitter_misc":{"Est. reading time":"1 minute"},"schema":{"@context":"https:\/\/schema.org","@graph":[{"@type":"WebPage","@id":"https:\/\/www.nagel-group.com\/en\/imprint-nagel-hungaria\/","url":"https:\/\/www.nagel-group.com\/en\/imprint-nagel-hungaria\/","name":"Imprint Nagel Hung\u00e1ria - Nagel-Group","isPartOf":{"@id":"https:\/\/www.nagel-group.com\/#website"},"datePublished":"2026-02-06T12:41:29+00:00","description":"Nagel-Group Imprint Nagel Hung\u00e1ria -","breadcrumb":{"@id":"https:\/\/www.nagel-group.com\/en\/imprint-nagel-hungaria\/#breadcrumb"},"inLanguage":"en-US","potentialAction":[{"@type":"ReadAction","target":["https:\/\/www.nagel-group.com\/en\/imprint-nagel-hungaria\/"]}]},{"@type":"BreadcrumbList","@id":"https:\/\/www.nagel-group.com\/en\/imprint-nagel-hungaria\/#breadcrumb","itemListElement":[{"@type":"ListItem","position":1,"name":"Startseite","item":"https:\/\/www.nagel-group.com\/en\/"},{"@type":"ListItem","position":2,"name":"Imprint Nagel Hung\u00e1ria"}]},{"@type":"WebSite","@id":"https:\/\/www.nagel-group.com\/#website","url":"https:\/\/www.nagel-group.com\/","name":"Nagel-Group","description":"Connecting the world of food\u00ae","publisher":{"@id":"https:\/\/www.nagel-group.com\/#organization"},"potentialAction":[{"@type":"SearchAction","target":{"@type":"EntryPoint","urlTemplate":"https:\/\/www.nagel-group.com\/?s={search_term_string}"},"query-input":{"@type":"PropertyValueSpecification","valueRequired":true,"valueName":"search_term_string"}}],"inLanguage":"en-US"},{"@type":"Organization","@id":"https:\/\/www.nagel-group.com\/#organization","name":"Nagel-Group","url":"https:\/\/www.nagel-group.com\/","logo":{"@type":"ImageObject","inLanguage":"en-US","@id":"https:\/\/www.nagel-group.com\/#\/schema\/logo\/image\/","url":"https:\/\/www.nagel-group.com\/wp-content\/uploads\/2020\/09\/Nagel-Group_Logo@2x.png","contentUrl":"https:\/\/www.nagel-group.com\/wp-content\/uploads\/2020\/09\/Nagel-Group_Logo@2x.png","width":361,"height":100,"caption":"Nagel-Group"},"image":{"@id":"https:\/\/www.nagel-group.com\/#\/schema\/logo\/image\/"},"sameAs":["https:\/\/www.facebook.com\/Nagel-Group-1686584368272784","https:\/\/x.com\/NagelGroup","https:\/\/www.instagram.com\/nagelgroup\/","https:\/\/www.linkedin.com\/company\/nagel-group","https:\/\/de.wikipedia.org\/wiki\/Nagel-Group"]}]}},"_links":{"self":[{"href":"https:\/\/www.nagel-group.com\/en\/wp-json\/wp\/v2\/pages\/53008","targetHints":{"allow":["GET"]}}],"collection":[{"href":"https:\/\/www.nagel-group.com\/en\/wp-json\/wp\/v2\/pages"}],"about":[{"href":"https:\/\/www.nagel-group.com\/en\/wp-json\/wp\/v2\/types\/page"}],"author":[{"embeddable":true,"href":"https:\/\/www.nagel-group.com\/en\/wp-json\/wp\/v2\/users\/26"}],"replies":[{"embeddable":true,"href":"https:\/\/www.nagel-group.com\/en\/wp-json\/wp\/v2\/comments?post=53008"}],"version-history":[{"count":2,"href":"https:\/\/www.nagel-group.com\/en\/wp-json\/wp\/v2\/pages\/53008\/revisions"}],"predecessor-version":[{"id":53010,"href":"https:\/\/www.nagel-group.com\/en\/wp-json\/wp\/v2\/pages\/53008\/revisions\/53010"}],"wp:attachment":[{"href":"https:\/\/www.nagel-group.com\/en\/wp-json\/wp\/v2\/media?parent=53008"}],"curies":[{"name":"wp","href":"https:\/\/api.w.org\/{rel}","templated":true}]}}