{"id":42399,"date":"2024-11-15T12:16:39","date_gmt":"2024-11-15T11:16:39","guid":{"rendered":"https:\/\/www.nagel-group.com\/?page_id=42399"},"modified":"2024-12-16T09:01:30","modified_gmt":"2024-12-16T08:01:30","slug":"christmas-2024","status":"publish","type":"page","link":"https:\/\/www.nagel-group.com\/en\/christmas-2024\/","title":{"rendered":"Christmas 2024"},"content":{"rendered":"<div class=\"wpb-content-wrapper\"><p>[vc_row el_class=&#8221;poll&#8211;page&#8221;][vc_column][vc_column_text css=&#8221;&#8221;]<\/p>\n<h1>Christmas donation 2024<\/h1>\n<p>We have been actively supporting SOS-Kinderdorf e. V. projects in various countries since 2013. As part of our Christmas donation campaign, we invited all Nagel-Group customers and employees to vote on which project should receive the most support. This year, projects from Denmark, Germany, Austria, Poland and the Czech Republic were available for selection. You could cast your vote until December 15, 2024 (11:59 pm).<\/p>\n<p>The initiative with the most votes will receive 20,000 euros, the project in second place will receive 10,000 euros, third place will receive 10,000 euros and the two remaining projects will each receive 5,000 euros.[\/vc_column_text][vc_raw_html css=&#8221;&#8221;]JTVCeW9wX3BvbGwlMjBpZCUzRCUyMjglMjIlNUQ=[\/vc_raw_html][\/vc_column][\/vc_row][vc_row el_class=&#8221;list&#8211;style nag-danmark-title&#8221;][vc_column][vc_column_text css=&#8221;&#8221;]<\/p>\n<h2><strong>Find out more about the individual projects:<br \/>\n<\/strong><\/h2>\n<p>[\/vc_column_text][\/vc_column][\/vc_row][vc_row][vc_column][vc_row_inner el_class=&#8221;new&#8211;second engagement-boxes&#8221;][vc_column_inner width=&#8221;1\/3&#8243;]<div class=\"img-text-section \"><div class=\"each--img-text\"><div class=\"imgtxt-img lazyload\" style=\"background-image:inherit;\" data-bg-image=\"url(https:\/\/www.nagel-group.com\/wp-content\/uploads\/2023\/10\/Projektuebersicht-Weihnachtsspende-2024_Daenemark.png)\"><\/div><div class=\"each--infos\"><h3 class=\"inherit\">Denmark<\/h3><h4 class=\"inherit\">Help vulnerable families stay together!<\/h4><div class=\"box--content\"><p>Help some of the most vulnerable families in Laos towards self-reliance so they can take care of their children and prevent the family from falling apart. Together with Nagel-Group, we can empower families in need by offering livelihood support, access to education and family counselling &#8211; so the children do not lose parental care as a result of, for example, poverty.<\/p>\n<p>&nbsp;<\/p>\n<p>\u00a9 SOS-Kinderdorf e.V. \/ photo: Agnete Schlichtkrull<\/p>\n<\/div><\/div><\/div><\/div><div class=\"img-text-section \"><div class=\"each--img-text\"><div class=\"imgtxt-img lazyload\" style=\"background-image:inherit;\" data-bg-image=\"url(https:\/\/www.nagel-group.com\/wp-content\/uploads\/2023\/10\/Projektuebersicht-Weihnachtsspende-2024_Polen.png)\"><\/div><div class=\"each--infos\"><h3 class=\"inherit\">Poland<\/h3><h4 class=\"inherit\">SOS Family Support Karlino<\/h4><div class=\"box--content\"><p>Within SOS Family Strengthening (FSP) we provide children and youth with daily warm meals, from Monday to Friday. Children who attend FSP come from families with low income, facing many challenges. For many of those children the meal in FSP, is the only warm meal during the day.<\/p>\n<p>Thanks to your support we will be able to ensure an adequate, balanced nutrition of children and youth from around Karlino, north of Poland. Everyone deserves a warm meal.<\/p>\n<p>&nbsp;<\/p>\n<p>\u00a9 SOS-Kinderdorf e.V.<\/p>\n<\/div><\/div><\/div><\/div>[\/vc_column_inner][vc_column_inner width=&#8221;1\/3&#8243;]<div class=\"img-text-section \"><div class=\"each--img-text\"><div class=\"imgtxt-img lazyload\" style=\"background-image:inherit;\" data-bg-image=\"url(https:\/\/www.nagel-group.com\/wp-content\/uploads\/2024\/11\/Projektuebersicht-Weihnachtsspende-2024_Deutschland.png)\"><\/div><div class=\"each--infos\"><h3 class=\"inherit\">Germany<\/h3><h4 class=\"inherit\">Counselling and support for children and families<\/h4><div class=\"box--content\"><p>Right in the centre of Gera, the Women&#8217;s Communication Centre offers advice and training for families in need. It organises health courses as well as leisure and social activities for all age groups and all walks of life. Lunch is served daily in the neighbouring \u2018Cafe Kr\u00fcmel\u2019. The clothing exchange is also located here. The varied and inexpensive range of services is mainly used by people in need and migrants. At the same time, we offer a healthy lunch every day, which is aimed at socially disadvantaged families and individuals.<\/p>\n<p>&nbsp;<\/p>\n<p>\u00a9 SOS-Kinderdorf e.V. \/ photo: Berger<\/p>\n<\/div><\/div><\/div><\/div><div class=\"img-text-section \"><div class=\"each--img-text\"><div class=\"imgtxt-img lazyload\" style=\"background-image:inherit;\" data-bg-image=\"url(https:\/\/www.nagel-group.com\/wp-content\/uploads\/2023\/10\/Projektuebersicht-Weihnachtsspende-2024_Tschechien.png)\"><\/div><div class=\"each--infos\"><h3 class=\"inherit\">Czech Republic<\/h3><h4 class=\"inherit\">A home for young mothers with small children<\/h4><div class=\"box--content\"><p>The aim of SOS Children&#8217;s Village Horne is to provide support in family crises and to prevent children from being placed in state care. Here, parents can stabilise their circumstances while their children are cared for in a safe and loving environment. Horne takes in 7 to 10 children and their families each month and covers all costs until they are able to stand on their own two feet again.<\/p>\n<p>&nbsp;<\/p>\n<p>\u00a9 SOS-Kinderdorf e.V. \/ <span data-teams=\"true\">photo: D\u011btsk\u00e9 Vesni\u010dky<\/span><\/p>\n<\/div><\/div><\/div><\/div>[\/vc_column_inner][vc_column_inner width=&#8221;1\/3&#8243;]<div class=\"img-text-section \"><div class=\"each--img-text\"><div class=\"imgtxt-img lazyload\" style=\"background-image:inherit;\" data-bg-image=\"url(https:\/\/www.nagel-group.com\/wp-content\/uploads\/2023\/10\/Projektuebersicht-Weihnachtsspende-2024_Oesterreich.png)\"><\/div><div class=\"each--infos\"><h3 class=\"inherit\">Austria<\/h3><h4 class=\"inherit\">Mobile SOS family support<\/h4><div class=\"box--content\"><p>When families get into difficulties, they need targeted support. The SOS Children&#8217;s Villages offer parents and children who find themselves in particularly stressful life situations mobile support, professional help and counselling. The aim is to help families stabilise in the long term and manage their lives independently. In 2023, SOS Children&#8217;s Villages Austria was able to support 1,456 children, young people and families with mobile family support and counselling!<\/p>\n<p>&nbsp;<\/p>\n<p>\u00a9 SOS-Kinderdorf e.V. \/ photo: Marina Draschl<\/p>\n<\/div><\/div><\/div><\/div>[\/vc_column_inner][\/vc_row_inner][\/vc_column][\/vc_row]<\/p>\n<\/div>","protected":false},"excerpt":{"rendered":"<p> Christmas donation 2024 We have been actively supporting SOS-Kinderdorf e. V. projects in various countries since 2013.<\/p>\n","protected":false},"author":26,"featured_media":42992,"parent":0,"menu_order":43,"comment_status":"closed","ping_status":"closed","template":"","meta":{"_acf_changed":false,"inline_featured_image":false,"footnotes":""},"class_list":["post-42399","page","type-page","status-publish","has-post-thumbnail","hentry"],"acf":[],"yoast_head":"<!-- This site is optimized with the Yoast SEO plugin v26.8 - https:\/\/yoast.com\/product\/yoast-seo-wordpress\/ -->\n<title>Christmas 2024 - Nagel-Group<\/title>\n<meta name=\"description\" content=\"Nagel-Group Christmas 2024 -\" \/>\n<meta name=\"robots\" content=\"index, follow, max-snippet:-1, max-image-preview:large, max-video-preview:-1\" \/>\n<link rel=\"canonical\" href=\"https:\/\/www.nagel-group.com\/en\/christmas-2024\/\" \/>\n<meta property=\"og:locale\" content=\"en_US\" \/>\n<meta property=\"og:type\" content=\"article\" \/>\n<meta property=\"og:title\" content=\"Christmas 2024 - Nagel-Group\" \/>\n<meta property=\"og:description\" content=\"Nagel-Group Christmas 2024 -\" \/>\n<meta property=\"og:url\" content=\"https:\/\/www.nagel-group.com\/en\/christmas-2024\/\" \/>\n<meta property=\"og:site_name\" content=\"Nagel-Group\" \/>\n<meta property=\"article:publisher\" content=\"https:\/\/www.facebook.com\/Nagel-Group-1686584368272784\" \/>\n<meta property=\"article:modified_time\" content=\"2024-12-16T08:01:30+00:00\" \/>\n<meta property=\"og:image\" content=\"https:\/\/www.nagel-group.com\/wp-content\/uploads\/2024\/12\/Weihnachtsspende-2024_Website-Header-gross-1024x643.png\" \/>\n\t<meta property=\"og:image:width\" content=\"1024\" \/>\n\t<meta property=\"og:image:height\" content=\"643\" \/>\n\t<meta property=\"og:image:type\" content=\"image\/png\" \/>\n<meta name=\"twitter:card\" content=\"summary_large_image\" \/>\n<meta name=\"twitter:site\" content=\"@NagelGroup\" \/>\n<meta name=\"twitter:label1\" content=\"Est. reading time\" \/>\n\t<meta name=\"twitter:data1\" content=\"5 minutes\" \/>\n<script type=\"application\/ld+json\" class=\"yoast-schema-graph\">{\"@context\":\"https:\/\/schema.org\",\"@graph\":[{\"@type\":\"WebPage\",\"@id\":\"https:\/\/www.nagel-group.com\/en\/christmas-2024\/\",\"url\":\"https:\/\/www.nagel-group.com\/en\/christmas-2024\/\",\"name\":\"Christmas 2024 - Nagel-Group\",\"isPartOf\":{\"@id\":\"https:\/\/www.nagel-group.com\/#website\"},\"primaryImageOfPage\":{\"@id\":\"https:\/\/www.nagel-group.com\/en\/christmas-2024\/#primaryimage\"},\"image\":{\"@id\":\"https:\/\/www.nagel-group.com\/en\/christmas-2024\/#primaryimage\"},\"thumbnailUrl\":\"https:\/\/www.nagel-group.com\/wp-content\/uploads\/2024\/12\/Weihnachtsspende-2024_Website-Header-gross.png\",\"datePublished\":\"2024-11-15T11:16:39+00:00\",\"dateModified\":\"2024-12-16T08:01:30+00:00\",\"description\":\"Nagel-Group Christmas 2024 -\",\"breadcrumb\":{\"@id\":\"https:\/\/www.nagel-group.com\/en\/christmas-2024\/#breadcrumb\"},\"inLanguage\":\"en-US\",\"potentialAction\":[{\"@type\":\"ReadAction\",\"target\":[\"https:\/\/www.nagel-group.com\/en\/christmas-2024\/\"]}]},{\"@type\":\"ImageObject\",\"inLanguage\":\"en-US\",\"@id\":\"https:\/\/www.nagel-group.com\/en\/christmas-2024\/#primaryimage\",\"url\":\"https:\/\/www.nagel-group.com\/wp-content\/uploads\/2024\/12\/Weihnachtsspende-2024_Website-Header-gross.png\",\"contentUrl\":\"https:\/\/www.nagel-group.com\/wp-content\/uploads\/2024\/12\/Weihnachtsspende-2024_Website-Header-gross.png\",\"width\":1920,\"height\":1205,\"caption\":\"Weihnachtsspende 2024\"},{\"@type\":\"BreadcrumbList\",\"@id\":\"https:\/\/www.nagel-group.com\/en\/christmas-2024\/#breadcrumb\",\"itemListElement\":[{\"@type\":\"ListItem\",\"position\":1,\"name\":\"Startseite\",\"item\":\"https:\/\/www.nagel-group.com\/en\/\"},{\"@type\":\"ListItem\",\"position\":2,\"name\":\"Christmas 2024\"}]},{\"@type\":\"WebSite\",\"@id\":\"https:\/\/www.nagel-group.com\/#website\",\"url\":\"https:\/\/www.nagel-group.com\/\",\"name\":\"Nagel-Group\",\"description\":\"Connecting the world of food\u00ae\",\"publisher\":{\"@id\":\"https:\/\/www.nagel-group.com\/#organization\"},\"potentialAction\":[{\"@type\":\"SearchAction\",\"target\":{\"@type\":\"EntryPoint\",\"urlTemplate\":\"https:\/\/www.nagel-group.com\/?s={search_term_string}\"},\"query-input\":{\"@type\":\"PropertyValueSpecification\",\"valueRequired\":true,\"valueName\":\"search_term_string\"}}],\"inLanguage\":\"en-US\"},{\"@type\":\"Organization\",\"@id\":\"https:\/\/www.nagel-group.com\/#organization\",\"name\":\"Nagel-Group\",\"url\":\"https:\/\/www.nagel-group.com\/\",\"logo\":{\"@type\":\"ImageObject\",\"inLanguage\":\"en-US\",\"@id\":\"https:\/\/www.nagel-group.com\/#\/schema\/logo\/image\/\",\"url\":\"https:\/\/www.nagel-group.com\/wp-content\/uploads\/2020\/09\/Nagel-Group_Logo@2x.png\",\"contentUrl\":\"https:\/\/www.nagel-group.com\/wp-content\/uploads\/2020\/09\/Nagel-Group_Logo@2x.png\",\"width\":361,\"height\":100,\"caption\":\"Nagel-Group\"},\"image\":{\"@id\":\"https:\/\/www.nagel-group.com\/#\/schema\/logo\/image\/\"},\"sameAs\":[\"https:\/\/www.facebook.com\/Nagel-Group-1686584368272784\",\"https:\/\/x.com\/NagelGroup\",\"https:\/\/www.instagram.com\/nagelgroup\/\",\"https:\/\/www.linkedin.com\/company\/nagel-group\",\"https:\/\/de.wikipedia.org\/wiki\/Nagel-Group\"]}]}<\/script>\n<!-- \/ Yoast SEO plugin. -->","yoast_head_json":{"title":"Christmas 2024 - Nagel-Group","description":"Nagel-Group Christmas 2024 -","robots":{"index":"index","follow":"follow","max-snippet":"max-snippet:-1","max-image-preview":"max-image-preview:large","max-video-preview":"max-video-preview:-1"},"canonical":"https:\/\/www.nagel-group.com\/en\/christmas-2024\/","og_locale":"en_US","og_type":"article","og_title":"Christmas 2024 - Nagel-Group","og_description":"Nagel-Group Christmas 2024 -","og_url":"https:\/\/www.nagel-group.com\/en\/christmas-2024\/","og_site_name":"Nagel-Group","article_publisher":"https:\/\/www.facebook.com\/Nagel-Group-1686584368272784","article_modified_time":"2024-12-16T08:01:30+00:00","og_image":[{"width":1024,"height":643,"url":"https:\/\/www.nagel-group.com\/wp-content\/uploads\/2024\/12\/Weihnachtsspende-2024_Website-Header-gross-1024x643.png","type":"image\/png"}],"twitter_card":"summary_large_image","twitter_site":"@NagelGroup","twitter_misc":{"Est. reading time":"5 minutes"},"schema":{"@context":"https:\/\/schema.org","@graph":[{"@type":"WebPage","@id":"https:\/\/www.nagel-group.com\/en\/christmas-2024\/","url":"https:\/\/www.nagel-group.com\/en\/christmas-2024\/","name":"Christmas 2024 - Nagel-Group","isPartOf":{"@id":"https:\/\/www.nagel-group.com\/#website"},"primaryImageOfPage":{"@id":"https:\/\/www.nagel-group.com\/en\/christmas-2024\/#primaryimage"},"image":{"@id":"https:\/\/www.nagel-group.com\/en\/christmas-2024\/#primaryimage"},"thumbnailUrl":"https:\/\/www.nagel-group.com\/wp-content\/uploads\/2024\/12\/Weihnachtsspende-2024_Website-Header-gross.png","datePublished":"2024-11-15T11:16:39+00:00","dateModified":"2024-12-16T08:01:30+00:00","description":"Nagel-Group Christmas 2024 -","breadcrumb":{"@id":"https:\/\/www.nagel-group.com\/en\/christmas-2024\/#breadcrumb"},"inLanguage":"en-US","potentialAction":[{"@type":"ReadAction","target":["https:\/\/www.nagel-group.com\/en\/christmas-2024\/"]}]},{"@type":"ImageObject","inLanguage":"en-US","@id":"https:\/\/www.nagel-group.com\/en\/christmas-2024\/#primaryimage","url":"https:\/\/www.nagel-group.com\/wp-content\/uploads\/2024\/12\/Weihnachtsspende-2024_Website-Header-gross.png","contentUrl":"https:\/\/www.nagel-group.com\/wp-content\/uploads\/2024\/12\/Weihnachtsspende-2024_Website-Header-gross.png","width":1920,"height":1205,"caption":"Weihnachtsspende 2024"},{"@type":"BreadcrumbList","@id":"https:\/\/www.nagel-group.com\/en\/christmas-2024\/#breadcrumb","itemListElement":[{"@type":"ListItem","position":1,"name":"Startseite","item":"https:\/\/www.nagel-group.com\/en\/"},{"@type":"ListItem","position":2,"name":"Christmas 2024"}]},{"@type":"WebSite","@id":"https:\/\/www.nagel-group.com\/#website","url":"https:\/\/www.nagel-group.com\/","name":"Nagel-Group","description":"Connecting the world of food\u00ae","publisher":{"@id":"https:\/\/www.nagel-group.com\/#organization"},"potentialAction":[{"@type":"SearchAction","target":{"@type":"EntryPoint","urlTemplate":"https:\/\/www.nagel-group.com\/?s={search_term_string}"},"query-input":{"@type":"PropertyValueSpecification","valueRequired":true,"valueName":"search_term_string"}}],"inLanguage":"en-US"},{"@type":"Organization","@id":"https:\/\/www.nagel-group.com\/#organization","name":"Nagel-Group","url":"https:\/\/www.nagel-group.com\/","logo":{"@type":"ImageObject","inLanguage":"en-US","@id":"https:\/\/www.nagel-group.com\/#\/schema\/logo\/image\/","url":"https:\/\/www.nagel-group.com\/wp-content\/uploads\/2020\/09\/Nagel-Group_Logo@2x.png","contentUrl":"https:\/\/www.nagel-group.com\/wp-content\/uploads\/2020\/09\/Nagel-Group_Logo@2x.png","width":361,"height":100,"caption":"Nagel-Group"},"image":{"@id":"https:\/\/www.nagel-group.com\/#\/schema\/logo\/image\/"},"sameAs":["https:\/\/www.facebook.com\/Nagel-Group-1686584368272784","https:\/\/x.com\/NagelGroup","https:\/\/www.instagram.com\/nagelgroup\/","https:\/\/www.linkedin.com\/company\/nagel-group","https:\/\/de.wikipedia.org\/wiki\/Nagel-Group"]}]}},"_links":{"self":[{"href":"https:\/\/www.nagel-group.com\/en\/wp-json\/wp\/v2\/pages\/42399","targetHints":{"allow":["GET"]}}],"collection":[{"href":"https:\/\/www.nagel-group.com\/en\/wp-json\/wp\/v2\/pages"}],"about":[{"href":"https:\/\/www.nagel-group.com\/en\/wp-json\/wp\/v2\/types\/page"}],"author":[{"embeddable":true,"href":"https:\/\/www.nagel-group.com\/en\/wp-json\/wp\/v2\/users\/26"}],"replies":[{"embeddable":true,"href":"https:\/\/www.nagel-group.com\/en\/wp-json\/wp\/v2\/comments?post=42399"}],"version-history":[{"count":12,"href":"https:\/\/www.nagel-group.com\/en\/wp-json\/wp\/v2\/pages\/42399\/revisions"}],"predecessor-version":[{"id":43060,"href":"https:\/\/www.nagel-group.com\/en\/wp-json\/wp\/v2\/pages\/42399\/revisions\/43060"}],"wp:featuredmedia":[{"embeddable":true,"href":"https:\/\/www.nagel-group.com\/en\/wp-json\/wp\/v2\/media\/42992"}],"wp:attachment":[{"href":"https:\/\/www.nagel-group.com\/en\/wp-json\/wp\/v2\/media?parent=42399"}],"curies":[{"name":"wp","href":"https:\/\/api.w.org\/{rel}","templated":true}]}}