{"id":2653,"date":"2020-09-01T09:24:22","date_gmt":"2020-09-01T09:24:22","guid":{"rendered":"https:\/\/www.nagel-group.com\/home\/"},"modified":"2022-09-05T10:17:12","modified_gmt":"2022-09-05T09:17:12","slug":"home","status":"publish","type":"page","link":"https:\/\/www.nagel-group.com\/en\/home\/","title":{"rendered":"Home"},"content":{"rendered":"<div class=\"wpb-content-wrapper\"><p>[vc_row full_width=&#8221;stretch_row_content_no_spaces&#8221;][vc_column]<div class=\"herosection--inner style11 blendmode--class\" paddingstyle=\"home--1\"><div class=\"site-content-center\"><div class=\"herosection-right\"><div class=\"h-r-inner\"><img decoding=\"async\" class=\"first--hero--img blendmode--normal lazyload\" data-src=\"https:\/\/www.nagel-group.com\/wp-content\/uploads\/2020\/11\/Nagel-Group_Europa_Vordergrund.png\" alt=\"LKW\" src=\"data:image\/svg+xml;base64,PHN2ZyB3aWR0aD0iMSIgaGVpZ2h0PSIxIiB4bWxucz0iaHR0cDovL3d3dy53My5vcmcvMjAwMC9zdmciPjwvc3ZnPg==\" style=\"--smush-placeholder-width: 1473px; --smush-placeholder-aspect-ratio: 1473\/1283;\" \/><img decoding=\"async\" class=\"second--hero--img blendmode--screen lazyload\" data-src=\"https:\/\/www.nagel-group.com\/wp-content\/uploads\/2020\/11\/Nagel-Group_Europa_Hintergrund.png\" alt=\"Schnelligkeit\" src=\"data:image\/svg+xml;base64,PHN2ZyB3aWR0aD0iMSIgaGVpZ2h0PSIxIiB4bWxucz0iaHR0cDovL3d3dy53My5vcmcvMjAwMC9zdmciPjwvc3ZnPg==\" style=\"--smush-placeholder-width: 1473px; --smush-placeholder-aspect-ratio: 1473\/1283;\" \/><\/div><\/div><div class=\"herosection-left\"><div class=\"h-l-inner\"><h1 class=\"inherit\">Europas gro\u00dfer Food-Logistiker<\/h1><h2 class=\"inherit\">F\u00fcr neue Mehrwerte entlang der Supply-Chain.<\/h2><p>Wir stehen f\u00fcr eine europaweit perfekt vernetzte Lebensmittellogistik, die unseren Kunden entscheidende Wettbewerbsvorteile bringt. F\u00fcr Sie denken wir weiter, tiefer, vernetzter, wirtschaftlicher &#8211; bei allen Herausforderungen und Zukunftstrends. Profitieren Sie von unserer jahrzehntelangen Erfahrung in allen Temperaturbereichen und einem einzigartigen internationalen Netzwerk. Mit frischem Denken schafft unsere Logistik f\u00fcr Sie zukunftssichere Mehrwerte. Vertrauen Sie auf einen der f\u00fchrenden Lebensmittel-Logistiker Europas: die Nagel-Group.<\/p>\n<\/div><\/div><\/div><\/div>[\/vc_column][\/vc_row][vc_row el_class=&#8221;new&#8211;second&#8221;][vc_column][vc_row_inner][vc_column_inner width=&#8221;1\/3&#8243;]<div class=\"img-text-section \"><a class=\"full-box-link\" href=\"https:\/\/www.nagel-group.com\/frachtfuehrer\/\"><\/a><div class=\"each--img-text\"><div class=\"imgtxt-img lazyload\" style=\"background-image:inherit;\" data-bg-image=\"url(https:\/\/www.nagel-group.com\/wp-content\/uploads\/2020\/10\/Platzhalter@2x.jpg)\"><\/div><div class=\"each--infos\"><h3 class=\"inherit\">Frachtf\u00fchrer gesucht<\/h3><div class=\"box--content\"><p>Fahren Sie f\u00fcr die Nagel-Group! Wir bieten Ihrem Transportunternehmen im Bereich Lebensmittellogistik viele Vorteile wie feste Strecken und faire Konditionen.<\/p>\n<\/div><a class=\"box--link inherit\" href=\"https:\/\/www.nagel-group.com\/frachtfuehrer\/\">Mehr<\/a><\/div><\/div><\/div>[\/vc_column_inner][vc_column_inner width=&#8221;1\/3&#8243;]<div class=\"img-text-section \"><div class=\"each--img-text\"><div class=\"imgtxt-img lazyload\" style=\"background-image:inherit;\" data-bg-image=\"url(https:\/\/www.nagel-group.com\/wp-content\/uploads\/2020\/11\/Deutschland_SebastianPfuetze-scaled-e1604606426653.jpg)\"><div class=\"image--caption\">SOS Kinderdorf e.V.  SebastianPfuetze<\/div><\/div><div class=\"each--infos\"><h3 class=\"inherit\">Weihnachtsspende 2020<\/h3><div class=\"box--content\"><p>Auch dieses Jahr k\u00f6nnen Sie wieder abstimmen, welchen SOS-Kinderdorf-Projekten weltweit unsere Weihnachtsspende zu Gute kommen soll.<\/p>\n<\/div><\/div><\/div><\/div>[\/vc_column_inner][vc_column_inner width=&#8221;1\/3&#8243;]<div class=\"img-text-section \"><a class=\"full-box-link\" href=\"https:\/\/www.nagel-group.com\/transport\/\"><\/a><div class=\"each--img-text\"><div class=\"imgtxt-img lazyload\" style=\"background-image:inherit;\" data-bg-image=\"url(https:\/\/www.nagel-group.com\/wp-content\/uploads\/2020\/11\/200819_Raetzke_NAGEL_GROUP_0551-scaled-scaled.jpg)\"><\/div><div class=\"each--infos\"><h3 class=\"inherit\">Lebensmittel-Transporte<\/h3><div class=\"box--content\"><p>Europas Spezialist f\u00fcr Lebensmittel-Transporte. Frische- und Tiefk\u00fchllogistik. In 30 L\u00e4nder.<\/p>\n<\/div><a class=\"box--link inherit\" href=\"https:\/\/www.nagel-group.com\/transport\/\">Mehr<\/a><\/div><\/div><\/div>[\/vc_column_inner][\/vc_row_inner][\/vc_column][\/vc_row][vc_row full_width=&#8221;stretch_row_content_no_spaces&#8221; el_class=&#8221;home&#8211;third last home-2 new&#8211;hero&#8221;][vc_column]<div class=\"herosection--inner style11 \" paddingstyle=\"home--1\"><div class=\"site-content-center\"><div class=\"herosection-right\"><div class=\"h-r-inner\"><img decoding=\"async\" class=\"first--hero--img blendmode--normal lazyload\" data-src=\"https:\/\/www.nagel-group.com\/wp-content\/uploads\/2020\/10\/Bild-Einzigartiges-Netzwerk@2x.png\" alt=\"Bild (Einzigartiges Netzwerk)@2x\" src=\"data:image\/svg+xml;base64,PHN2ZyB3aWR0aD0iMSIgaGVpZ2h0PSIxIiB4bWxucz0iaHR0cDovL3d3dy53My5vcmcvMjAwMC9zdmciPjwvc3ZnPg==\" style=\"--smush-placeholder-width: 543px; --smush-placeholder-aspect-ratio: 543\/543;\" \/><\/div><\/div><div class=\"herosection-left\"><div class=\"h-l-inner\"><h1 class=\"inherit\">Connecting the<br \/>\nworld of food \u00ae<\/h1><h2 class=\"inherit\">130 internationale Standorte f\u00fcr Frische- und Tiefk\u00fchllogistik<\/h2><p>Wir leben Europa! Grenzenlose Zuverl\u00e4ssigkeit und Wirtschaftlichkeit f\u00fcr den Transport und das Warehousing Ihrer temperatursensiblen Lebensmittel. Daf\u00fcr sind wir national und international immer in Ihrer N\u00e4he. Sehen Sie selbst!<\/p>\n<\/div><\/div><\/div><\/div>[\/vc_column][\/vc_row][vc_row el_class=&#8221;home&#8211;form&#8221;][vc_column]<div class=\"small-cc\"><div class=\"standort--section  bg-inherit\"><h2 class=\"inherit\">Site finder<\/h2><form action=\"\/en\/site-finder\/\" method=\"GET\" enctype=\"multipart\/form-data\"><div class=\"standort--form\"><div class=\"homepage--standort--col1 select--container\"><select name=\"land\" id=\"stand-land\" class=\"custom--select\"><option value=\"0\">Choose Country<\/option><option value=\"320\">Austria<\/option><option value=\"315\">Czech Republic<\/option><option value=\"294\">Denmark<\/option><option value=\"292\">Germany<\/option><option value=\"317\">Hungary<\/option><option value=\"306\">Netherlands<\/option><option value=\"308\">Poland<\/option><option value=\"314\">Slovakia<\/option><option value=\"310\">Sweden<\/option><option value=\"312\">Switzerland<\/option><\/select><\/div><div class=\"homepage--standort--col2 select--container\"><select name=\"standort\" id=\"stand-aus\" class=\"custom--select\"><option value=\"0\" id=\"stand\">Choose Site<\/option><\/select><\/div><input placeholder=\"Enter site or postcode\" name=\"postcode\" id=\"stand-postleit\" type=\"text\" min=\"3\" max=\"30\"\/><button id=\"form--sub\" type=\"submit\" value=\"Site finder\"><span>Site finder<\/span><\/button><\/div><\/form><\/div><\/div>[\/vc_column][\/vc_row]<\/p>\n<\/div>","protected":false},"excerpt":{"rendered":"<p><\/p>\n","protected":false},"author":1,"featured_media":0,"parent":0,"menu_order":212,"comment_status":"closed","ping_status":"closed","template":"","meta":{"_acf_changed":false,"inline_featured_image":false,"footnotes":""},"class_list":["post-2653","page","type-page","status-publish","hentry"],"acf":[],"yoast_head":"<!-- This site is optimized with the Yoast SEO plugin v26.8 - https:\/\/yoast.com\/product\/yoast-seo-wordpress\/ -->\n<title>Home - Nagel-Group<\/title>\n<meta name=\"description\" content=\"Nagel-Group Home -\" \/>\n<meta name=\"robots\" content=\"index, follow, max-snippet:-1, max-image-preview:large, max-video-preview:-1\" \/>\n<link rel=\"canonical\" href=\"https:\/\/www.nagel-group.com\/en\/home\/\" \/>\n<meta property=\"og:locale\" content=\"en_US\" \/>\n<meta property=\"og:type\" content=\"article\" \/>\n<meta property=\"og:title\" content=\"Home - Nagel-Group\" \/>\n<meta property=\"og:description\" content=\"Nagel-Group Home -\" \/>\n<meta property=\"og:url\" content=\"https:\/\/www.nagel-group.com\/en\/home\/\" \/>\n<meta property=\"og:site_name\" content=\"Nagel-Group\" \/>\n<meta property=\"article:publisher\" content=\"https:\/\/www.facebook.com\/Nagel-Group-1686584368272784\" \/>\n<meta property=\"article:modified_time\" content=\"2022-09-05T09:17:12+00:00\" \/>\n<meta name=\"twitter:card\" content=\"summary_large_image\" \/>\n<meta name=\"twitter:site\" content=\"@NagelGroup\" \/>\n<meta name=\"twitter:label1\" content=\"Est. reading time\" \/>\n\t<meta name=\"twitter:data1\" content=\"1 minute\" \/>\n<script type=\"application\/ld+json\" class=\"yoast-schema-graph\">{\"@context\":\"https:\/\/schema.org\",\"@graph\":[{\"@type\":\"WebPage\",\"@id\":\"https:\/\/www.nagel-group.com\/en\/home\/\",\"url\":\"https:\/\/www.nagel-group.com\/en\/home\/\",\"name\":\"Home - Nagel-Group\",\"isPartOf\":{\"@id\":\"https:\/\/www.nagel-group.com\/#website\"},\"datePublished\":\"2020-09-01T09:24:22+00:00\",\"dateModified\":\"2022-09-05T09:17:12+00:00\",\"description\":\"Nagel-Group Home -\",\"breadcrumb\":{\"@id\":\"https:\/\/www.nagel-group.com\/en\/home\/#breadcrumb\"},\"inLanguage\":\"en-US\",\"potentialAction\":[{\"@type\":\"ReadAction\",\"target\":[\"https:\/\/www.nagel-group.com\/en\/home\/\"]}]},{\"@type\":\"BreadcrumbList\",\"@id\":\"https:\/\/www.nagel-group.com\/en\/home\/#breadcrumb\",\"itemListElement\":[{\"@type\":\"ListItem\",\"position\":1,\"name\":\"Startseite\",\"item\":\"https:\/\/www.nagel-group.com\/en\/\"},{\"@type\":\"ListItem\",\"position\":2,\"name\":\"Home\"}]},{\"@type\":\"WebSite\",\"@id\":\"https:\/\/www.nagel-group.com\/#website\",\"url\":\"https:\/\/www.nagel-group.com\/\",\"name\":\"Nagel-Group\",\"description\":\"Connecting the world of food\u00ae\",\"publisher\":{\"@id\":\"https:\/\/www.nagel-group.com\/#organization\"},\"potentialAction\":[{\"@type\":\"SearchAction\",\"target\":{\"@type\":\"EntryPoint\",\"urlTemplate\":\"https:\/\/www.nagel-group.com\/?s={search_term_string}\"},\"query-input\":{\"@type\":\"PropertyValueSpecification\",\"valueRequired\":true,\"valueName\":\"search_term_string\"}}],\"inLanguage\":\"en-US\"},{\"@type\":\"Organization\",\"@id\":\"https:\/\/www.nagel-group.com\/#organization\",\"name\":\"Nagel-Group\",\"url\":\"https:\/\/www.nagel-group.com\/\",\"logo\":{\"@type\":\"ImageObject\",\"inLanguage\":\"en-US\",\"@id\":\"https:\/\/www.nagel-group.com\/#\/schema\/logo\/image\/\",\"url\":\"https:\/\/www.nagel-group.com\/wp-content\/uploads\/2020\/09\/Nagel-Group_Logo@2x.png\",\"contentUrl\":\"https:\/\/www.nagel-group.com\/wp-content\/uploads\/2020\/09\/Nagel-Group_Logo@2x.png\",\"width\":361,\"height\":100,\"caption\":\"Nagel-Group\"},\"image\":{\"@id\":\"https:\/\/www.nagel-group.com\/#\/schema\/logo\/image\/\"},\"sameAs\":[\"https:\/\/www.facebook.com\/Nagel-Group-1686584368272784\",\"https:\/\/x.com\/NagelGroup\",\"https:\/\/www.instagram.com\/nagelgroup\/\",\"https:\/\/www.linkedin.com\/company\/nagel-group\",\"https:\/\/de.wikipedia.org\/wiki\/Nagel-Group\"]}]}<\/script>\n<!-- \/ Yoast SEO plugin. -->","yoast_head_json":{"title":"Home - Nagel-Group","description":"Nagel-Group Home -","robots":{"index":"index","follow":"follow","max-snippet":"max-snippet:-1","max-image-preview":"max-image-preview:large","max-video-preview":"max-video-preview:-1"},"canonical":"https:\/\/www.nagel-group.com\/en\/home\/","og_locale":"en_US","og_type":"article","og_title":"Home - Nagel-Group","og_description":"Nagel-Group Home -","og_url":"https:\/\/www.nagel-group.com\/en\/home\/","og_site_name":"Nagel-Group","article_publisher":"https:\/\/www.facebook.com\/Nagel-Group-1686584368272784","article_modified_time":"2022-09-05T09:17:12+00:00","twitter_card":"summary_large_image","twitter_site":"@NagelGroup","twitter_misc":{"Est. reading time":"1 minute"},"schema":{"@context":"https:\/\/schema.org","@graph":[{"@type":"WebPage","@id":"https:\/\/www.nagel-group.com\/en\/home\/","url":"https:\/\/www.nagel-group.com\/en\/home\/","name":"Home - Nagel-Group","isPartOf":{"@id":"https:\/\/www.nagel-group.com\/#website"},"datePublished":"2020-09-01T09:24:22+00:00","dateModified":"2022-09-05T09:17:12+00:00","description":"Nagel-Group Home -","breadcrumb":{"@id":"https:\/\/www.nagel-group.com\/en\/home\/#breadcrumb"},"inLanguage":"en-US","potentialAction":[{"@type":"ReadAction","target":["https:\/\/www.nagel-group.com\/en\/home\/"]}]},{"@type":"BreadcrumbList","@id":"https:\/\/www.nagel-group.com\/en\/home\/#breadcrumb","itemListElement":[{"@type":"ListItem","position":1,"name":"Startseite","item":"https:\/\/www.nagel-group.com\/en\/"},{"@type":"ListItem","position":2,"name":"Home"}]},{"@type":"WebSite","@id":"https:\/\/www.nagel-group.com\/#website","url":"https:\/\/www.nagel-group.com\/","name":"Nagel-Group","description":"Connecting the world of food\u00ae","publisher":{"@id":"https:\/\/www.nagel-group.com\/#organization"},"potentialAction":[{"@type":"SearchAction","target":{"@type":"EntryPoint","urlTemplate":"https:\/\/www.nagel-group.com\/?s={search_term_string}"},"query-input":{"@type":"PropertyValueSpecification","valueRequired":true,"valueName":"search_term_string"}}],"inLanguage":"en-US"},{"@type":"Organization","@id":"https:\/\/www.nagel-group.com\/#organization","name":"Nagel-Group","url":"https:\/\/www.nagel-group.com\/","logo":{"@type":"ImageObject","inLanguage":"en-US","@id":"https:\/\/www.nagel-group.com\/#\/schema\/logo\/image\/","url":"https:\/\/www.nagel-group.com\/wp-content\/uploads\/2020\/09\/Nagel-Group_Logo@2x.png","contentUrl":"https:\/\/www.nagel-group.com\/wp-content\/uploads\/2020\/09\/Nagel-Group_Logo@2x.png","width":361,"height":100,"caption":"Nagel-Group"},"image":{"@id":"https:\/\/www.nagel-group.com\/#\/schema\/logo\/image\/"},"sameAs":["https:\/\/www.facebook.com\/Nagel-Group-1686584368272784","https:\/\/x.com\/NagelGroup","https:\/\/www.instagram.com\/nagelgroup\/","https:\/\/www.linkedin.com\/company\/nagel-group","https:\/\/de.wikipedia.org\/wiki\/Nagel-Group"]}]}},"_links":{"self":[{"href":"https:\/\/www.nagel-group.com\/en\/wp-json\/wp\/v2\/pages\/2653","targetHints":{"allow":["GET"]}}],"collection":[{"href":"https:\/\/www.nagel-group.com\/en\/wp-json\/wp\/v2\/pages"}],"about":[{"href":"https:\/\/www.nagel-group.com\/en\/wp-json\/wp\/v2\/types\/page"}],"author":[{"embeddable":true,"href":"https:\/\/www.nagel-group.com\/en\/wp-json\/wp\/v2\/users\/1"}],"replies":[{"embeddable":true,"href":"https:\/\/www.nagel-group.com\/en\/wp-json\/wp\/v2\/comments?post=2653"}],"version-history":[{"count":21,"href":"https:\/\/www.nagel-group.com\/en\/wp-json\/wp\/v2\/pages\/2653\/revisions"}],"predecessor-version":[{"id":25138,"href":"https:\/\/www.nagel-group.com\/en\/wp-json\/wp\/v2\/pages\/2653\/revisions\/25138"}],"wp:attachment":[{"href":"https:\/\/www.nagel-group.com\/en\/wp-json\/wp\/v2\/media?parent=2653"}],"curies":[{"name":"wp","href":"https:\/\/api.w.org\/{rel}","templated":true}]}}