{"id":6093,"date":"2020-11-23T12:38:41","date_gmt":"2020-11-23T11:38:41","guid":{"rendered":"https:\/\/www.nagel-group.com\/?page_id=6093"},"modified":"2026-02-06T15:00:01","modified_gmt":"2026-02-06T14:00:01","slug":"nagel-danmark","status":"publish","type":"page","link":"https:\/\/www.nagel-group.com\/da\/nagel-danmark\/nagel-danmark\/","title":{"rendered":"Nagel Danmark"},"content":{"rendered":"<div class=\"wpb-content-wrapper\"><p>[vc_row full_width=&#8221;stretch_row_content_no_spaces&#8221; el_class=&#8221;nag-location-banner&#8221;][vc_column]<div class=\"top-banner lazyload\" style=\"background-image:inherit;\" data-bg-image=\"url(https:\/\/www.nagel-group.com\/wp-content\/uploads\/2020\/11\/nagel_dk9061-1-scaled-e1604607118637-scaled.jpg)\"><\/div>[\/vc_column][\/vc_row][vc_row el_class=&#8221;list&#8211;style nag-danmark-title&#8221;][vc_column][vc_column_text]<\/p>\n<h1>Nagel Danmark<\/h1>\n<h2>For Danmark. For hele Europa.<\/h2>\n<p>Nagel Danmark er et af Skandinaviens st\u00f8rste Transport- og speditionsvirksomheder inden for distribution af temperaturregulerede varer. Vi er p\u00e5 vej til dig med state-of-the-art k\u00f8ret\u00f8jer, herunder telematik. Logistik, det er ogs\u00e5 state-of-the-art i vores lagre og sikrer j\u00e6vn dataudveksling.<\/p>\n<p>Nagel Danmark har hovedkontor i Padborg, direkte ved den tysk-danske gr\u00e6nse. Integrationen i Nagel koncernens internationale netv\u00e6rk g\u00f8r os til en af de vigtigste kontakter ogs\u00e5 til internationale logistikopgaver. Vores markedskendskab og omkostningsfordelene ved netv\u00e6rket giver vores kunder relevante konkurrencefordele.<\/p>\n<p>[\/vc_column_text][\/vc_column][\/vc_row][vc_row el_class=&#8221;list&#8211;style nag&#8211;inner&#8211;c dan&#8211;mid&#8221;][vc_column]<div class=\"country--box\"><div class=\"small-cc\"><div class=\"each-c-box inherit\"><div class=\"content-c-tab\"><h3>Portef\u00f8lje<\/h3>\n<p>Din kompetente partner for alle logistikydelser i forsyningsk\u00e6den: Transport, distribution og oplagring.<\/p>\n<\/div><a class=\"box-c-link inherit\" href=\"https:\/\/www.nagel-group.com\/da\/nagel-danmark\/nagel-danmark\/danmark-portefoelje\/\">Mere<\/a><\/div><div class=\"each-c-box inherit\"><div class=\"content-c-tab\"><h3>Netv\u00e6rk<\/h3>\n<p>Nagel Danmark i Padborg er integreret i hele Nagel koncernens internationale netv\u00e6rk med 130 lokationer.<\/p>\n<\/div><a class=\"box-c-link inherit\" href=\"https:\/\/www.nagel-group.com\/da\/nagel-danmark\/nagel-danmark\/danmark-kontorer\/\">Mere<\/a><\/div><div class=\"each-c-box inherit\"><div class=\"content-c-tab\"><h3>Downloads<\/h3>\n<p>Almindelige betingelser, Godkendelser, trafikplaner og oplysninger om dieseltill\u00e6gget<\/p>\n<\/div><a class=\"box-c-link inherit\" href=\"https:\/\/www.nagel-group.com\/da\/nagel-danmark\/nagel-danmark\/danmark-downloads\/\">Mere<\/a><\/div><div class=\"each-c-box inherit\"><div class=\"content-c-tab\"><h3>InternetBooking<\/h3>\n<p>Log ind, og du kan starte med det samme &#8211; uden lange ventetider.<\/p>\n<\/div><a class=\"box-c-link inherit\" href=\"https:\/\/www.nagel-group.com\/da\/nagel-danmark\/nagel-danmark\/danmark-internetbooking\/\">Mere<\/a><\/div><div class=\"each-c-box inherit\"><div class=\"content-c-tab\"><h3>Kontakt<\/h3>\n<p>Har du sp\u00f8rgsm\u00e5l eller \u00f8nsker et tilbud? Find her hurtigt frem til den respektive ansvarlige kontaktperson.<\/p>\n<\/div><a class=\"box-c-link inherit\" href=\"https:\/\/www.nagel-group.com\/da\/nagel-danmark\/nagel-danmark\/danmark-kontakt\/\">Mere<\/a><\/div>\n<\/div><\/div>[\/vc_column][\/vc_row]<\/p>\n<\/div>","protected":false},"excerpt":{"rendered":"<p> Nagel Danmark For Danmark. For hele Europa. Nagel Danmark er et af Skandinaviens st\u00f8rste Transport-<\/p>\n","protected":false},"author":2,"featured_media":0,"parent":5785,"menu_order":183,"comment_status":"closed","ping_status":"closed","template":"","meta":{"_acf_changed":false,"inline_featured_image":false,"footnotes":""},"class_list":["post-6093","page","type-page","status-publish","hentry"],"acf":[],"yoast_head":"<!-- This site is optimized with the Yoast SEO plugin v26.8 - https:\/\/yoast.com\/product\/yoast-seo-wordpress\/ -->\n<title>Nagel Danmark - Nagel-Group<\/title>\n<meta name=\"description\" content=\"Nagel-Group Nagel Danmark -\" \/>\n<meta name=\"robots\" content=\"index, follow, max-snippet:-1, max-image-preview:large, max-video-preview:-1\" \/>\n<link rel=\"canonical\" href=\"https:\/\/www.nagel-group.com\/da\/nagel-danmark\/nagel-danmark\/\" \/>\n<meta property=\"og:locale\" content=\"da_DK\" \/>\n<meta property=\"og:type\" content=\"article\" \/>\n<meta property=\"og:title\" content=\"Nagel Danmark - Nagel-Group\" \/>\n<meta property=\"og:description\" content=\"Nagel-Group Nagel Danmark -\" \/>\n<meta property=\"og:url\" content=\"https:\/\/www.nagel-group.com\/da\/nagel-danmark\/nagel-danmark\/\" \/>\n<meta property=\"og:site_name\" content=\"Nagel-Group\" \/>\n<meta property=\"article:publisher\" content=\"https:\/\/www.facebook.com\/Nagel-Group-1686584368272784\" \/>\n<meta property=\"article:modified_time\" content=\"2026-02-06T14:00:01+00:00\" \/>\n<meta name=\"twitter:card\" content=\"summary_large_image\" \/>\n<meta name=\"twitter:site\" content=\"@NagelGroup\" \/>\n<meta name=\"twitter:label1\" content=\"Estimeret l\u00e6setid\" \/>\n\t<meta name=\"twitter:data1\" content=\"1 minut\" \/>\n<script type=\"application\/ld+json\" class=\"yoast-schema-graph\">{\"@context\":\"https:\/\/schema.org\",\"@graph\":[{\"@type\":\"WebPage\",\"@id\":\"https:\/\/www.nagel-group.com\/da\/nagel-danmark\/nagel-danmark\/\",\"url\":\"https:\/\/www.nagel-group.com\/da\/nagel-danmark\/nagel-danmark\/\",\"name\":\"Nagel Danmark - Nagel-Group\",\"isPartOf\":{\"@id\":\"https:\/\/www.nagel-group.com\/#website\"},\"datePublished\":\"2020-11-23T11:38:41+00:00\",\"dateModified\":\"2026-02-06T14:00:01+00:00\",\"description\":\"Nagel-Group Nagel Danmark -\",\"breadcrumb\":{\"@id\":\"https:\/\/www.nagel-group.com\/da\/nagel-danmark\/nagel-danmark\/#breadcrumb\"},\"inLanguage\":\"da-DK\",\"potentialAction\":[{\"@type\":\"ReadAction\",\"target\":[\"https:\/\/www.nagel-group.com\/da\/nagel-danmark\/nagel-danmark\/\"]}]},{\"@type\":\"BreadcrumbList\",\"@id\":\"https:\/\/www.nagel-group.com\/da\/nagel-danmark\/nagel-danmark\/#breadcrumb\",\"itemListElement\":[{\"@type\":\"ListItem\",\"position\":1,\"name\":\"Startseite\",\"item\":\"https:\/\/www.nagel-group.com\/\"},{\"@type\":\"ListItem\",\"position\":2,\"name\":\"Nagel Danmark\",\"item\":\"https:\/\/www.nagel-group.com\/da\/nagel-danmark\/\"},{\"@type\":\"ListItem\",\"position\":3,\"name\":\"Nagel Danmark\"}]},{\"@type\":\"WebSite\",\"@id\":\"https:\/\/www.nagel-group.com\/#website\",\"url\":\"https:\/\/www.nagel-group.com\/\",\"name\":\"Nagel-Group\",\"description\":\"Connecting the world of food\u00ae\",\"publisher\":{\"@id\":\"https:\/\/www.nagel-group.com\/#organization\"},\"potentialAction\":[{\"@type\":\"SearchAction\",\"target\":{\"@type\":\"EntryPoint\",\"urlTemplate\":\"https:\/\/www.nagel-group.com\/?s={search_term_string}\"},\"query-input\":{\"@type\":\"PropertyValueSpecification\",\"valueRequired\":true,\"valueName\":\"search_term_string\"}}],\"inLanguage\":\"da-DK\"},{\"@type\":\"Organization\",\"@id\":\"https:\/\/www.nagel-group.com\/#organization\",\"name\":\"Nagel-Group\",\"url\":\"https:\/\/www.nagel-group.com\/\",\"logo\":{\"@type\":\"ImageObject\",\"inLanguage\":\"da-DK\",\"@id\":\"https:\/\/www.nagel-group.com\/#\/schema\/logo\/image\/\",\"url\":\"https:\/\/www.nagel-group.com\/wp-content\/uploads\/2020\/09\/Nagel-Group_Logo@2x.png\",\"contentUrl\":\"https:\/\/www.nagel-group.com\/wp-content\/uploads\/2020\/09\/Nagel-Group_Logo@2x.png\",\"width\":361,\"height\":100,\"caption\":\"Nagel-Group\"},\"image\":{\"@id\":\"https:\/\/www.nagel-group.com\/#\/schema\/logo\/image\/\"},\"sameAs\":[\"https:\/\/www.facebook.com\/Nagel-Group-1686584368272784\",\"https:\/\/x.com\/NagelGroup\",\"https:\/\/www.instagram.com\/nagelgroup\/\",\"https:\/\/www.linkedin.com\/company\/nagel-group\",\"https:\/\/de.wikipedia.org\/wiki\/Nagel-Group\"]}]}<\/script>\n<!-- \/ Yoast SEO plugin. -->","yoast_head_json":{"title":"Nagel Danmark - Nagel-Group","description":"Nagel-Group Nagel Danmark -","robots":{"index":"index","follow":"follow","max-snippet":"max-snippet:-1","max-image-preview":"max-image-preview:large","max-video-preview":"max-video-preview:-1"},"canonical":"https:\/\/www.nagel-group.com\/da\/nagel-danmark\/nagel-danmark\/","og_locale":"da_DK","og_type":"article","og_title":"Nagel Danmark - Nagel-Group","og_description":"Nagel-Group Nagel Danmark -","og_url":"https:\/\/www.nagel-group.com\/da\/nagel-danmark\/nagel-danmark\/","og_site_name":"Nagel-Group","article_publisher":"https:\/\/www.facebook.com\/Nagel-Group-1686584368272784","article_modified_time":"2026-02-06T14:00:01+00:00","twitter_card":"summary_large_image","twitter_site":"@NagelGroup","twitter_misc":{"Estimeret l\u00e6setid":"1 minut"},"schema":{"@context":"https:\/\/schema.org","@graph":[{"@type":"WebPage","@id":"https:\/\/www.nagel-group.com\/da\/nagel-danmark\/nagel-danmark\/","url":"https:\/\/www.nagel-group.com\/da\/nagel-danmark\/nagel-danmark\/","name":"Nagel Danmark - Nagel-Group","isPartOf":{"@id":"https:\/\/www.nagel-group.com\/#website"},"datePublished":"2020-11-23T11:38:41+00:00","dateModified":"2026-02-06T14:00:01+00:00","description":"Nagel-Group Nagel Danmark -","breadcrumb":{"@id":"https:\/\/www.nagel-group.com\/da\/nagel-danmark\/nagel-danmark\/#breadcrumb"},"inLanguage":"da-DK","potentialAction":[{"@type":"ReadAction","target":["https:\/\/www.nagel-group.com\/da\/nagel-danmark\/nagel-danmark\/"]}]},{"@type":"BreadcrumbList","@id":"https:\/\/www.nagel-group.com\/da\/nagel-danmark\/nagel-danmark\/#breadcrumb","itemListElement":[{"@type":"ListItem","position":1,"name":"Startseite","item":"https:\/\/www.nagel-group.com\/"},{"@type":"ListItem","position":2,"name":"Nagel Danmark","item":"https:\/\/www.nagel-group.com\/da\/nagel-danmark\/"},{"@type":"ListItem","position":3,"name":"Nagel Danmark"}]},{"@type":"WebSite","@id":"https:\/\/www.nagel-group.com\/#website","url":"https:\/\/www.nagel-group.com\/","name":"Nagel-Group","description":"Connecting the world of food\u00ae","publisher":{"@id":"https:\/\/www.nagel-group.com\/#organization"},"potentialAction":[{"@type":"SearchAction","target":{"@type":"EntryPoint","urlTemplate":"https:\/\/www.nagel-group.com\/?s={search_term_string}"},"query-input":{"@type":"PropertyValueSpecification","valueRequired":true,"valueName":"search_term_string"}}],"inLanguage":"da-DK"},{"@type":"Organization","@id":"https:\/\/www.nagel-group.com\/#organization","name":"Nagel-Group","url":"https:\/\/www.nagel-group.com\/","logo":{"@type":"ImageObject","inLanguage":"da-DK","@id":"https:\/\/www.nagel-group.com\/#\/schema\/logo\/image\/","url":"https:\/\/www.nagel-group.com\/wp-content\/uploads\/2020\/09\/Nagel-Group_Logo@2x.png","contentUrl":"https:\/\/www.nagel-group.com\/wp-content\/uploads\/2020\/09\/Nagel-Group_Logo@2x.png","width":361,"height":100,"caption":"Nagel-Group"},"image":{"@id":"https:\/\/www.nagel-group.com\/#\/schema\/logo\/image\/"},"sameAs":["https:\/\/www.facebook.com\/Nagel-Group-1686584368272784","https:\/\/x.com\/NagelGroup","https:\/\/www.instagram.com\/nagelgroup\/","https:\/\/www.linkedin.com\/company\/nagel-group","https:\/\/de.wikipedia.org\/wiki\/Nagel-Group"]}]}},"_links":{"self":[{"href":"https:\/\/www.nagel-group.com\/da\/wp-json\/wp\/v2\/pages\/6093","targetHints":{"allow":["GET"]}}],"collection":[{"href":"https:\/\/www.nagel-group.com\/da\/wp-json\/wp\/v2\/pages"}],"about":[{"href":"https:\/\/www.nagel-group.com\/da\/wp-json\/wp\/v2\/types\/page"}],"author":[{"embeddable":true,"href":"https:\/\/www.nagel-group.com\/da\/wp-json\/wp\/v2\/users\/2"}],"replies":[{"embeddable":true,"href":"https:\/\/www.nagel-group.com\/da\/wp-json\/wp\/v2\/comments?post=6093"}],"version-history":[{"count":8,"href":"https:\/\/www.nagel-group.com\/da\/wp-json\/wp\/v2\/pages\/6093\/revisions"}],"predecessor-version":[{"id":53465,"href":"https:\/\/www.nagel-group.com\/da\/wp-json\/wp\/v2\/pages\/6093\/revisions\/53465"}],"up":[{"embeddable":true,"href":"https:\/\/www.nagel-group.com\/da\/wp-json\/wp\/v2\/pages\/5785"}],"wp:attachment":[{"href":"https:\/\/www.nagel-group.com\/da\/wp-json\/wp\/v2\/media?parent=6093"}],"curies":[{"name":"wp","href":"https:\/\/api.w.org\/{rel}","templated":true}]}}