{"id":5921,"date":"2020-11-23T12:10:57","date_gmt":"2020-11-23T11:10:57","guid":{"rendered":"https:\/\/www.nagel-group.com\/?page_id=5921"},"modified":"2026-04-13T08:09:08","modified_gmt":"2026-04-13T06:09:08","slug":"danmark-downloads","status":"publish","type":"page","link":"https:\/\/www.nagel-group.com\/da\/nagel-danmark\/nagel-danmark\/danmark-downloads\/","title":{"rendered":"Danmark Downloads"},"content":{"rendered":"<div class=\"wpb-content-wrapper\"><p>[vc_row el_class=&#8221;list&#8211;style nag&#8211;inner&#8211;c big-top&#8221;][vc_column][vc_column_text]<\/p>\n<h1>Godkendelse<\/h1>\n<p>Nagel Danmark er godkendt af F\u00f8devarestyrelsen til transport, omladning og opbevaring af f\u00f8devarer. Kontoret for f\u00f8devarer er en institution i Ministeriet for F\u00f8devarer, Landbrug og fiskeri.[\/vc_column_text][vc_column_text css=&#8221;&#8221;]<\/p>\n<h2>Dieselolietill\u00e6g<\/h2>\n<table>\n<tbody>\n<tr>\n<th>Dato<\/th>\n<th>Takst<\/th>\n<th>Stigning \/ fald p\u00e5 %<\/th>\n<\/tr>\n<\/tbody>\n<tbody>\n<tr>\n<td>13.04.2026<\/td>\n<td>\u00a030,8 %<\/td>\n<td>0,30 %<\/td>\n<\/tr>\n<\/tbody>\n<\/table>\n<p>Vores transportpriser beregnes altid eksklusivt dieseltill\u00e6g. Dette beregnes hver mandag p\u00e5 grundlag af udviklingen i oliepriserne i den foreg\u00e5ende uge. Det beregnede dieseltill\u00e6g g\u00e6lder for den aktuelle uge.<\/p>\n<p>Olietill\u00e6get tager udgangspunkt i en dieselpris p\u00e5 6,95 kr.\/L (eksl. Moms og afgifter), som var prisen da det blev indf\u00f8rt i 2016. Vi holder os hver uge opdateret om den aktuelle listepris som udgangspunkt for olietill\u00e6gget.Udviklingen er angivet <a href=\"https:\/\/www.shell.dk\/priser-pa-benzin-og-diesel.html#vanity-aHR0cHM6Ly93d3cuc2hlbGwuZGsvY3VzdG9tZXItc2VydmljZS9wcmlzZXItcGEtYmVuemluLW9nLWRpZXNlbC5odG1s\">her<\/a>.[\/vc_column_text][vc_column_text]<\/p>\n<h3>Godkendelserne g\u00e6lder bl. a. for:<\/h3>\n<ul>\n<li>\u00d8kologiske f\u00f8devarer<\/li>\n<li>Opmagasinering<\/li>\n<li>Toldoplagring<\/li>\n<li>Eksport til visse tredjelande<\/li>\n<\/ul>\n<p>[\/vc_column_text][vc_column_text]<\/p>\n<h3>Almindelig<\/h3>\n<p>[\/vc_column_text]<div class=\"download-top-section style333 inherit\"><div class=\"small-cc\"><a download href=\"https:\/\/www.nagel-group.com\/wp-content\/uploads\/2023\/10\/Nagel-Danmark-Almindelige-Betingelser.pdf\">Almindelige Betingelser<\/a><\/div><\/div><div class=\"download-top-section style333 inherit\"><div class=\"small-cc\"><a download href=\"https:\/\/www.nagel-group.com\/wp-content\/uploads\/2023\/10\/Logistikmanual_PL.pdf\">Logistikmanual <strong>(01-01-2025)<\/strong><\/a><\/div><\/div><div class=\"download-top-section style333 inherit\"><div class=\"small-cc\"><a download href=\"https:\/\/www.nagel-group.com\/wp-content\/uploads\/2023\/10\/Logistikmanual_takstblad.pdf\">Logistikmanual takstblad<strong>(01-01-2025)<\/strong><\/a><\/div><\/div>[vc_column_text]<\/p>\n<h3>Transport<\/h3>\n<p>[\/vc_column_text]<div class=\"download-top-section style333 inherit\"><div class=\"small-cc\"><a download href=\"https:\/\/www.nagel-group.com\/wp-content\/uploads\/2023\/10\/Autorisation-af-fodevarevirksomhed-D8756023.pdf\">Autorisation af fodevarevirksomhed<\/a><\/div><\/div><div class=\"download-top-section style333 inherit\"><div class=\"small-cc\"><a download href=\"https:\/\/www.nagel-group.com\/wp-content\/uploads\/2023\/03\/Registrering-som-fodervirksomhed-Thorsvej-19.pdf\">Registrering til transport af foderstoffer <strong>(25-04-2018)<\/strong><\/a><\/div><\/div><div class=\"download-top-section style333 inherit\"><div class=\"small-cc\"><a download href=\"https:\/\/www.nagel-group.com\/wp-content\/uploads\/2023\/03\/Registrering-som-transportor-af-animalske-biprodukter-kategori-3-D8368746.pdf\">Registrering som transport\u00f8r af animalske biprodukter katagori 3 <strong>(06-02-2024)<\/strong><\/a><\/div><\/div><div class=\"download-top-section style333 inherit\"><div class=\"small-cc\"><a download href=\"https:\/\/www.nagel-group.com\/wp-content\/uploads\/2023\/10\/VB-2026-VKH_Nagel-Danmark-A_S_Versicherungsbestaetigung_5_Mio_deutsch_englisch-43-44.pdf\">Fragtf\u00f8reransvarsforsikring <strong>(2026)<\/strong><\/a><\/div><\/div>[vc_column_text]<\/p>\n<h3>Thorsvej 19, 6330 Padborg<\/h3>\n<p>[\/vc_column_text]<div class=\"download-top-section style333 inherit\"><div class=\"small-cc\"><a download href=\"https:\/\/www.nagel-group.com\/wp-content\/uploads\/2023\/10\/59914msIFSLogistic_V3_en14.pdf\">Certificate IFS Logistics <strong>(30-06-2025)<\/strong><\/a><\/div><\/div><div class=\"download-top-section style333 inherit\"><div class=\"small-cc\"><a download href=\"https:\/\/www.nagel-group.com\/wp-content\/uploads\/2023\/10\/59914msHACCP_V2020_en14.pdf\">HACCP<strong>(30-06-2025)<\/strong><\/a><\/div><\/div><div class=\"download-top-section style333 inherit\"><div class=\"small-cc\"><a download href=\"http:\/\/www.findsmiley.dk\/da-DK\/Searching\/DetailsView.htm?virk=70300392\">F\u00f8devarestyrelsens Smiley-rapporter<\/a><\/div><\/div><div class=\"download-top-section style333 inherit\"><div class=\"small-cc\"><a download href=\"https:\/\/www.nagel-group.com\/wp-content\/uploads\/2020\/08\/Arbejdstilsynets_Grnne_Smiley_for_overholdelse_af_arbejdsmilj.pdf\">Arbejdstilsynets Gr\u00f8nne Smiley for overholdelse af arbejdsmilj\u00f8<\/a><\/div><\/div><div class=\"download-top-section style333 inherit\"><div class=\"small-cc\"><a download href=\"https:\/\/www.nagel-group.com\/wp-content\/uploads\/2020\/08\/Bekrftelse_p_registrering_som_importr_29-08-2016.pdf\">Bekr\u00e6ftelse p\u00e5 registrering som import\u00f8r <strong>(29-08-2016)<\/strong><\/a><\/div><\/div><div class=\"download-top-section style333 inherit\"><div class=\"small-cc\"><a download href=\"https:\/\/www.nagel-group.com\/wp-content\/uploads\/2023\/10\/Autorisation-af-fodevarevirksomhed-D8756023.pdf\">Autorisation af fodevarevirksomhed<\/a><\/div><\/div><div class=\"download-top-section style333 inherit\"><div class=\"small-cc\"><a download href=\"https:\/\/www.nagel-group.com\/wp-content\/uploads\/2020\/08\/Tilladelse_til_omettikttering_og_etikettering_13-10-2010.pdf\">Tilladelse til omettikttering og etikettering <strong>(13-10-2010)<\/strong><\/a><\/div><\/div><div class=\"download-top-section style333 inherit\"><div class=\"small-cc\"><a download href=\"https:\/\/www.nagel-group.com\/wp-content\/uploads\/2020\/08\/Godkendelse_til_omlsning_og_opbevaring_af_frdigpakkede_kologisk_fdevarer_2016.pdf\">Godkendelse til oml\u00e6sning og opbevaring af f\u00e6rdigpakkede \u00f8kologisk f\u00f8devarer <strong>(29-08-2016)<\/strong><\/a><\/div><\/div><div class=\"download-top-section style333 inherit\"><div class=\"small-cc\"><a download href=\"https:\/\/www.nagel-group.com\/wp-content\/uploads\/2021\/01\/Traces-Okologi-Padborg-Thorsvej-19.pdf\">Godkendelse \u00f8kologi \u00e5rlig <strong>(gyldig 2024)<\/strong><\/a><\/div><\/div><div class=\"download-top-section style333 inherit\"><div class=\"small-cc\"><a download href=\"https:\/\/www.nagel-group.com\/wp-content\/uploads\/2020\/08\/Godkendelse_til_eksport_til_srlige_trejdelande_2016.pdf\">Godkendelse til eksport til s\u00e6rlige trejdelande <strong>(05-08-2016)<\/strong><\/a><\/div><\/div><div class=\"download-top-section style333 inherit\"><div class=\"small-cc\"><a download href=\"https:\/\/www.nagel-group.com\/wp-content\/uploads\/2020\/08\/Registrering_som_modtager_af_animalske_fdevarer_fra_andre_samhandelslande_05-02-2008.pdf\">Registrering som modtager af animalske f\u00f8devarer fra andre samhandelslande <strong>(05-02-2008)<\/strong><\/a><\/div><\/div><div class=\"download-top-section style333 inherit\"><div class=\"small-cc\"><a download href=\"https:\/\/www.nagel-group.com\/wp-content\/uploads\/2020\/08\/Registrering_som_fodervirksomhed.pdf\">Registrering som fodervirksomhed <strong>(25.04.2018)<\/strong><\/a><\/div><\/div><div class=\"download-top-section style333 inherit\"><div class=\"small-cc\"><a download href=\"https:\/\/www.nagel-group.com\/wp-content\/uploads\/2023\/03\/Registrering-til-oplagring-af-foder-med-animalsk-indholdD8348695.pdf\">Registrering til oplagring af foder med animalsk indhold<strong>(02.02.2024)<\/strong><\/a><\/div><\/div><div class=\"download-top-section style333 inherit\"><div class=\"small-cc\"><a download href=\"https:\/\/www.nagel-group.com\/wp-content\/uploads\/2020\/10\/1883_001.pdf\">CW1 \u2013 Bevilling til drift af lagerfaciliteter til toldoplagring af varer i et offentligt toldoplag af type I <strong>(14.09.2023)<\/strong><\/a><\/div><\/div><div class=\"download-top-section style333 inherit\"><div class=\"small-cc\"><a download href=\"https:\/\/www.nagel-group.com\/wp-content\/uploads\/2021\/01\/Registrering-til-oplagring-af-ABP-kat-3-D8504817.pdf\">Registrering til oplagring af ABP kat 3 <strong>(02.02.2024)<\/strong><\/a><\/div><\/div>[vc_column_text]<\/p>\n<h2>Trafikplaner<\/h2>\n<p>Her finder du de nye trafikplaner, der er anf\u00f8rt i alfabetisk r\u00e6kkef\u00f8lge. For en oversigt over zoner, afgange med afhentning og levering er der ogs\u00e5 reservationsfrister samt et detaljeret zonekort i slutningen af \u200b\u200bhver oversigt. Vi g\u00f8r opm\u00e6rksom p\u00e5, at trafikplanerne ikke g\u00e6lder i weekender og helligdage. Helligdagsplaner finder du separat nedenfor.[\/vc_column_text]<div class=\"download-top-section style333 inherit\"><div class=\"small-cc\"><a download href=\"https:\/\/www.nagel-group.com\/wp-content\/uploads\/2021\/01\/Trafikplan-Baltikum.pdf\">Baltikum <strong>(01\/2022<\/strong><\/a><\/div><\/div><div class=\"download-top-section style333 inherit\"><div class=\"small-cc\"><a download href=\"https:\/\/www.nagel-group.com\/wp-content\/uploads\/2021\/01\/Trafikplan_Belgien.pdf\">Belgien <strong>(01\/2022)<\/strong><\/a><\/div><\/div><div class=\"download-top-section style333 inherit\"><div class=\"small-cc\"><a download href=\"https:\/\/www.nagel-group.com\/wp-content\/uploads\/2021\/01\/Trafikplan-Tyskland.pdf\">Tyskland <strong>(01\/2022)<\/strong><\/a><\/div><\/div><div class=\"download-top-section style333 inherit\"><div class=\"small-cc\"><a download href=\"https:\/\/www.nagel-group.com\/wp-content\/uploads\/2021\/01\/Trafikplan_England.pdf\">England <strong>(01\/2022)<\/strong><\/a><\/div><\/div><div class=\"download-top-section style333 inherit\"><div class=\"small-cc\"><a download href=\"https:\/\/www.nagel-group.com\/wp-content\/uploads\/2021\/01\/Trafikplan-Finland.pdf\">Finland <strong>(01\/2022)<\/strong><\/a><\/div><\/div><div class=\"download-top-section style333 inherit\"><div class=\"small-cc\"><a download href=\"https:\/\/www.nagel-group.com\/wp-content\/uploads\/2021\/01\/Trafikplan_Frankrig.pdf\">Frankrig <strong>(01\/2019)<\/strong><\/a><\/div><\/div><div class=\"download-top-section style333 inherit\"><div class=\"small-cc\"><a download href=\"https:\/\/www.nagel-group.com\/wp-content\/uploads\/2021\/01\/Trafikplan_Italien.pdf\">Italien <strong>(01\/2022)<\/strong><\/a><\/div><\/div><div class=\"download-top-section style333 inherit\"><div class=\"small-cc\"><a download href=\"https:\/\/www.nagel-group.com\/wp-content\/uploads\/2021\/01\/Trafikplan_Holland.pdf\">Holland <strong>(01\/2022)<\/strong><\/a><\/div><\/div><div class=\"download-top-section style333 inherit\"><div class=\"small-cc\"><a download href=\"https:\/\/www.nagel-group.com\/wp-content\/uploads\/2021\/01\/Trafikplan-Norge.pdf\">Norge <strong>(01\/2022)<\/strong><\/a><\/div><\/div><div class=\"download-top-section style333 inherit\"><div class=\"small-cc\"><a download href=\"https:\/\/www.nagel-group.com\/wp-content\/uploads\/2021\/01\/Trafikplan_Ostrig.pdf\">Ostrig <strong>(01\/2022)<\/strong><\/a><\/div><\/div><div class=\"download-top-section style333 inherit\"><div class=\"small-cc\"><a download href=\"https:\/\/www.nagel-group.com\/wp-content\/uploads\/2021\/01\/Trafikplan-Polen.pdf\">Polen <strong>(01\/2022)<\/strong><\/a><\/div><\/div><div class=\"download-top-section style333 inherit\"><div class=\"small-cc\"><a download href=\"https:\/\/www.nagel-group.com\/wp-content\/uploads\/2021\/01\/Trafikplan-Sverige.pdf\">Sverige <strong>(01\/2022)<\/strong><\/a><\/div><\/div><div class=\"download-top-section style333 inherit\"><div class=\"small-cc\"><a download href=\"https:\/\/www.nagel-group.com\/wp-content\/uploads\/2021\/01\/Trafikplan_Schweiz.pdf\">Schweiz <strong>(01\/2022)<\/strong><\/a><\/div><\/div><div class=\"download-top-section style333 inherit\"><div class=\"small-cc\"><a download href=\"https:\/\/www.nagel-group.com\/wp-content\/uploads\/2021\/01\/Trafikplan_Slovenien.pdf\">Slovenien <strong>(01\/2022)<\/strong><\/a><\/div><\/div><div class=\"download-top-section style333 inherit\"><div class=\"small-cc\"><a download href=\"https:\/\/www.nagel-group.com\/wp-content\/uploads\/2021\/01\/Trafikplan_Spanien.pdf\">Spanien <strong>(01\/2022)<\/strong><\/a><\/div><\/div><div class=\"download-top-section style333 inherit\"><div class=\"small-cc\"><a download href=\"https:\/\/www.nagel-group.com\/wp-content\/uploads\/2021\/01\/Trafikplan_Tjekkiet.pdf\">Tjekkiet<strong>(01\/2022)<\/strong><\/a><\/div><\/div><div class=\"download-top-section style333 inherit\"><div class=\"small-cc\"><a download href=\"https:\/\/www.nagel-group.com\/wp-content\/uploads\/2021\/01\/Trafikplan_Ungarn.pdf\">Ungarn <strong>(01\/2022)<\/strong><\/a><\/div><\/div>[vc_empty_space][vc_column_text css=&#8221;&#8221;]<\/p>\n<h2>Helligdagsplan<\/h2>\n<p>[\/vc_column_text]<div class=\"download-top-section style333 inherit\"><div class=\"small-cc\"><a download href=\"https:\/\/www.nagel-group.com\/wp-content\/uploads\/2023\/10\/Helligdagsplaner_forar-2026_DK_komplet.pdf\">Helligdagsplan p\u00e5ske 02.04.26 - 06.04.26<\/a><\/div><\/div>[\/vc_column][\/vc_row]<\/p>\n<\/div>","protected":false},"excerpt":{"rendered":"<p> Godkendelse Nagel Danmark er godkendt af F\u00f8devarestyrelsen til transport, omladning og opbevaring af f\u00f8devarer. Kontoret for<\/p>\n","protected":false},"author":4,"featured_media":0,"parent":6093,"menu_order":123,"comment_status":"closed","ping_status":"closed","template":"","meta":{"_acf_changed":false,"inline_featured_image":false,"footnotes":""},"class_list":["post-5921","page","type-page","status-publish","hentry"],"acf":[],"yoast_head":"<!-- This site is optimized with the Yoast SEO plugin v26.8 - https:\/\/yoast.com\/product\/yoast-seo-wordpress\/ -->\n<title>Nagel-Group - Danmark Downloads<\/title>\n<meta name=\"description\" content=\"Nagel-Group Danmark Downloads -\" \/>\n<meta name=\"robots\" content=\"index, follow, max-snippet:-1, max-image-preview:large, max-video-preview:-1\" \/>\n<link rel=\"canonical\" href=\"https:\/\/www.nagel-group.com\/da\/nagel-danmark\/nagel-danmark\/danmark-downloads\/\" \/>\n<meta property=\"og:locale\" content=\"da_DK\" \/>\n<meta property=\"og:type\" content=\"article\" \/>\n<meta property=\"og:title\" content=\"Nagel-Group - Danmark Downloads\" \/>\n<meta property=\"og:description\" content=\"Nagel-Group Danmark Downloads -\" \/>\n<meta property=\"og:url\" content=\"https:\/\/www.nagel-group.com\/da\/nagel-danmark\/nagel-danmark\/danmark-downloads\/\" \/>\n<meta property=\"og:site_name\" content=\"Nagel-Group\" \/>\n<meta property=\"article:publisher\" content=\"https:\/\/www.facebook.com\/Nagel-Group-1686584368272784\" \/>\n<meta property=\"article:modified_time\" content=\"2026-04-13T06:09:08+00:00\" \/>\n<meta name=\"twitter:card\" content=\"summary_large_image\" \/>\n<meta name=\"twitter:site\" content=\"@NagelGroup\" \/>\n<meta name=\"twitter:label1\" content=\"Estimeret l\u00e6setid\" \/>\n\t<meta name=\"twitter:data1\" content=\"3 minutter\" \/>\n<script type=\"application\/ld+json\" class=\"yoast-schema-graph\">{\"@context\":\"https:\/\/schema.org\",\"@graph\":[{\"@type\":\"WebPage\",\"@id\":\"https:\/\/www.nagel-group.com\/da\/nagel-danmark\/nagel-danmark\/danmark-downloads\/\",\"url\":\"https:\/\/www.nagel-group.com\/da\/nagel-danmark\/nagel-danmark\/danmark-downloads\/\",\"name\":\"Nagel-Group - Danmark Downloads\",\"isPartOf\":{\"@id\":\"https:\/\/www.nagel-group.com\/#website\"},\"datePublished\":\"2020-11-23T11:10:57+00:00\",\"dateModified\":\"2026-04-13T06:09:08+00:00\",\"description\":\"Nagel-Group Danmark Downloads -\",\"breadcrumb\":{\"@id\":\"https:\/\/www.nagel-group.com\/da\/nagel-danmark\/nagel-danmark\/danmark-downloads\/#breadcrumb\"},\"inLanguage\":\"da-DK\",\"potentialAction\":[{\"@type\":\"ReadAction\",\"target\":[\"https:\/\/www.nagel-group.com\/da\/nagel-danmark\/nagel-danmark\/danmark-downloads\/\"]}]},{\"@type\":\"BreadcrumbList\",\"@id\":\"https:\/\/www.nagel-group.com\/da\/nagel-danmark\/nagel-danmark\/danmark-downloads\/#breadcrumb\",\"itemListElement\":[{\"@type\":\"ListItem\",\"position\":1,\"name\":\"Startseite\",\"item\":\"https:\/\/www.nagel-group.com\/\"},{\"@type\":\"ListItem\",\"position\":2,\"name\":\"Nagel Danmark\",\"item\":\"https:\/\/www.nagel-group.com\/da\/nagel-danmark\/\"},{\"@type\":\"ListItem\",\"position\":3,\"name\":\"Nagel Danmark\",\"item\":\"https:\/\/www.nagel-group.com\/da\/nagel-danmark\/nagel-danmark\/\"},{\"@type\":\"ListItem\",\"position\":4,\"name\":\"Danmark Downloads\"}]},{\"@type\":\"WebSite\",\"@id\":\"https:\/\/www.nagel-group.com\/#website\",\"url\":\"https:\/\/www.nagel-group.com\/\",\"name\":\"Nagel-Group\",\"description\":\"Connecting the world of food\u00ae\",\"publisher\":{\"@id\":\"https:\/\/www.nagel-group.com\/#organization\"},\"potentialAction\":[{\"@type\":\"SearchAction\",\"target\":{\"@type\":\"EntryPoint\",\"urlTemplate\":\"https:\/\/www.nagel-group.com\/?s={search_term_string}\"},\"query-input\":{\"@type\":\"PropertyValueSpecification\",\"valueRequired\":true,\"valueName\":\"search_term_string\"}}],\"inLanguage\":\"da-DK\"},{\"@type\":\"Organization\",\"@id\":\"https:\/\/www.nagel-group.com\/#organization\",\"name\":\"Nagel-Group\",\"url\":\"https:\/\/www.nagel-group.com\/\",\"logo\":{\"@type\":\"ImageObject\",\"inLanguage\":\"da-DK\",\"@id\":\"https:\/\/www.nagel-group.com\/#\/schema\/logo\/image\/\",\"url\":\"https:\/\/www.nagel-group.com\/wp-content\/uploads\/2020\/09\/Nagel-Group_Logo@2x.png\",\"contentUrl\":\"https:\/\/www.nagel-group.com\/wp-content\/uploads\/2020\/09\/Nagel-Group_Logo@2x.png\",\"width\":361,\"height\":100,\"caption\":\"Nagel-Group\"},\"image\":{\"@id\":\"https:\/\/www.nagel-group.com\/#\/schema\/logo\/image\/\"},\"sameAs\":[\"https:\/\/www.facebook.com\/Nagel-Group-1686584368272784\",\"https:\/\/x.com\/NagelGroup\",\"https:\/\/www.instagram.com\/nagelgroup\/\",\"https:\/\/www.linkedin.com\/company\/nagel-group\",\"https:\/\/de.wikipedia.org\/wiki\/Nagel-Group\"]}]}<\/script>\n<!-- \/ Yoast SEO plugin. -->","yoast_head_json":{"title":"Nagel-Group - Danmark Downloads","description":"Nagel-Group Danmark Downloads -","robots":{"index":"index","follow":"follow","max-snippet":"max-snippet:-1","max-image-preview":"max-image-preview:large","max-video-preview":"max-video-preview:-1"},"canonical":"https:\/\/www.nagel-group.com\/da\/nagel-danmark\/nagel-danmark\/danmark-downloads\/","og_locale":"da_DK","og_type":"article","og_title":"Nagel-Group - Danmark Downloads","og_description":"Nagel-Group Danmark Downloads -","og_url":"https:\/\/www.nagel-group.com\/da\/nagel-danmark\/nagel-danmark\/danmark-downloads\/","og_site_name":"Nagel-Group","article_publisher":"https:\/\/www.facebook.com\/Nagel-Group-1686584368272784","article_modified_time":"2026-04-13T06:09:08+00:00","twitter_card":"summary_large_image","twitter_site":"@NagelGroup","twitter_misc":{"Estimeret l\u00e6setid":"3 minutter"},"schema":{"@context":"https:\/\/schema.org","@graph":[{"@type":"WebPage","@id":"https:\/\/www.nagel-group.com\/da\/nagel-danmark\/nagel-danmark\/danmark-downloads\/","url":"https:\/\/www.nagel-group.com\/da\/nagel-danmark\/nagel-danmark\/danmark-downloads\/","name":"Nagel-Group - Danmark Downloads","isPartOf":{"@id":"https:\/\/www.nagel-group.com\/#website"},"datePublished":"2020-11-23T11:10:57+00:00","dateModified":"2026-04-13T06:09:08+00:00","description":"Nagel-Group Danmark Downloads -","breadcrumb":{"@id":"https:\/\/www.nagel-group.com\/da\/nagel-danmark\/nagel-danmark\/danmark-downloads\/#breadcrumb"},"inLanguage":"da-DK","potentialAction":[{"@type":"ReadAction","target":["https:\/\/www.nagel-group.com\/da\/nagel-danmark\/nagel-danmark\/danmark-downloads\/"]}]},{"@type":"BreadcrumbList","@id":"https:\/\/www.nagel-group.com\/da\/nagel-danmark\/nagel-danmark\/danmark-downloads\/#breadcrumb","itemListElement":[{"@type":"ListItem","position":1,"name":"Startseite","item":"https:\/\/www.nagel-group.com\/"},{"@type":"ListItem","position":2,"name":"Nagel Danmark","item":"https:\/\/www.nagel-group.com\/da\/nagel-danmark\/"},{"@type":"ListItem","position":3,"name":"Nagel Danmark","item":"https:\/\/www.nagel-group.com\/da\/nagel-danmark\/nagel-danmark\/"},{"@type":"ListItem","position":4,"name":"Danmark Downloads"}]},{"@type":"WebSite","@id":"https:\/\/www.nagel-group.com\/#website","url":"https:\/\/www.nagel-group.com\/","name":"Nagel-Group","description":"Connecting the world of food\u00ae","publisher":{"@id":"https:\/\/www.nagel-group.com\/#organization"},"potentialAction":[{"@type":"SearchAction","target":{"@type":"EntryPoint","urlTemplate":"https:\/\/www.nagel-group.com\/?s={search_term_string}"},"query-input":{"@type":"PropertyValueSpecification","valueRequired":true,"valueName":"search_term_string"}}],"inLanguage":"da-DK"},{"@type":"Organization","@id":"https:\/\/www.nagel-group.com\/#organization","name":"Nagel-Group","url":"https:\/\/www.nagel-group.com\/","logo":{"@type":"ImageObject","inLanguage":"da-DK","@id":"https:\/\/www.nagel-group.com\/#\/schema\/logo\/image\/","url":"https:\/\/www.nagel-group.com\/wp-content\/uploads\/2020\/09\/Nagel-Group_Logo@2x.png","contentUrl":"https:\/\/www.nagel-group.com\/wp-content\/uploads\/2020\/09\/Nagel-Group_Logo@2x.png","width":361,"height":100,"caption":"Nagel-Group"},"image":{"@id":"https:\/\/www.nagel-group.com\/#\/schema\/logo\/image\/"},"sameAs":["https:\/\/www.facebook.com\/Nagel-Group-1686584368272784","https:\/\/x.com\/NagelGroup","https:\/\/www.instagram.com\/nagelgroup\/","https:\/\/www.linkedin.com\/company\/nagel-group","https:\/\/de.wikipedia.org\/wiki\/Nagel-Group"]}]}},"_links":{"self":[{"href":"https:\/\/www.nagel-group.com\/da\/wp-json\/wp\/v2\/pages\/5921","targetHints":{"allow":["GET"]}}],"collection":[{"href":"https:\/\/www.nagel-group.com\/da\/wp-json\/wp\/v2\/pages"}],"about":[{"href":"https:\/\/www.nagel-group.com\/da\/wp-json\/wp\/v2\/types\/page"}],"author":[{"embeddable":true,"href":"https:\/\/www.nagel-group.com\/da\/wp-json\/wp\/v2\/users\/4"}],"replies":[{"embeddable":true,"href":"https:\/\/www.nagel-group.com\/da\/wp-json\/wp\/v2\/comments?post=5921"}],"version-history":[{"count":97,"href":"https:\/\/www.nagel-group.com\/da\/wp-json\/wp\/v2\/pages\/5921\/revisions"}],"predecessor-version":[{"id":54577,"href":"https:\/\/www.nagel-group.com\/da\/wp-json\/wp\/v2\/pages\/5921\/revisions\/54577"}],"up":[{"embeddable":true,"href":"https:\/\/www.nagel-group.com\/da\/wp-json\/wp\/v2\/pages\/6093"}],"wp:attachment":[{"href":"https:\/\/www.nagel-group.com\/da\/wp-json\/wp\/v2\/media?parent=5921"}],"curies":[{"name":"wp","href":"https:\/\/api.w.org\/{rel}","templated":true}]}}