{"id":5905,"date":"2020-11-23T12:05:28","date_gmt":"2020-11-23T11:05:28","guid":{"rendered":"https:\/\/www.nagel-group.com\/?page_id=5905"},"modified":"2020-11-23T12:55:40","modified_gmt":"2020-11-23T11:55:40","slug":"danmark-kontorer","status":"publish","type":"page","link":"https:\/\/www.nagel-group.com\/da\/nagel-danmark\/nagel-danmark\/danmark-kontorer\/","title":{"rendered":"Danmark kontorer"},"content":{"rendered":"<div class=\"wpb-content-wrapper\"><p>[vc_section][vc_row el_class=&#8221;list&#8211;style nag&#8211;inner&#8211;c danmark&#8211;content-top&#8221;][vc_column][vc_column_text]<\/p>\n<h1><strong>Beliggenhed<\/strong><\/h1>\n<h2><strong>Ideel til din ruteplanl\u00e6gning<\/strong><\/h2>\n<p>Vi har et netv\u00e6rk af kontorer i Europa, som udg\u00f8r et uundv\u00e6rligt grundlag for vores europ\u00e6iske Transport- og distributionsl\u00f8sninger. Her kan vi indl\u00e6se varerne hurtigt. Lagrene er godkendt til omladning af friske og frosne f\u00f8devarer.<\/p>\n<ul>\n<li>Direkte tjenester til de vigtigste byomr\u00e5der i Europa<\/li>\n<li>Adgang til Nagel koncernens europ\u00e6iske netv\u00e6rk med regionspecifikke leveringsmuligheder<\/li>\n<li>240 internationale linjer dagligt<\/li>\n<li>Daglige afgange til alle europ\u00e6iske destinationer<strong>\u00a0<\/strong><\/li>\n<\/ul>\n<p>[\/vc_column_text]       \r\n       <div class=\"standorte--table  \">\r\n       \t   <div class=\"stan-table-top bg-inherit\">\r\n                              \t\t<div class=\"stan-left\">\r\n                  \t\t<h3>3.714 m<sup>2<\/sup><\/h3>\r\n                  \t\t<p>Lagerplads<\/p>\r\n                  \t<\/div>\r\n                                               \t\t<div class=\"stan-right\">\r\n                  \t\t<h3>75<\/h3>   \t\t\r\n                  \t\t<p>medarbejdere<\/p>\r\n                  \t<\/div>\r\n                      \t\t<\/div>\r\n       <div class=\"stan-table-bot\">\r\n       \t       \t        <div class=\"table-bot-inner inherit\">\r\n       \t        \t<div class=\"bot--first\">Nagel Danmark A\/S<\/div>\r\n       \t        \t       \t        \t\t<div class=\"bot--mid link--to--maps\">\r\n                                                        <a href=\"https:\/\/www.google.com\/maps\/search\/?api=1&query=Nagel%2BDanmark%2BA%2FS%2BThorsvej%2B19%2C%2B6330%2BPadborg%2C%2BD%C3%A4nemark\" target=\"_blank\">\r\n                                Nagel Danmark A\/S<br \/>\r\nThorsvej 19<br \/>\r\n6330 Padborg                            <\/a> \r\n                        <\/div>\r\n       \t        \t       \t        \t<div class=\"bot-right\"><p><span>T:<\/span> <a href=\"tel:+45 7430 7430\">+45 7430 7430<\/a><br \/>\n<span>F:<\/span> +45 7430 7400<\/p>\n<\/div>\r\n       \t        <\/div>\r\n       \t               <\/div>\r\n       \t\t\r\n       <\/div>\r\n       \r\n             \r\n      [\/vc_column][\/vc_row][\/vc_section]<\/p>\n<\/div>","protected":false},"excerpt":{"rendered":"<p> Beliggenhed Ideel til din ruteplanl\u00e6gning Vi har et netv\u00e6rk af kontorer i Europa, som udg\u00f8r et<\/p>\n","protected":false},"author":4,"featured_media":0,"parent":6093,"menu_order":124,"comment_status":"closed","ping_status":"closed","template":"","meta":{"_acf_changed":false,"inline_featured_image":false,"footnotes":""},"class_list":["post-5905","page","type-page","status-publish","hentry"],"acf":[],"yoast_head":"<!-- This site is optimized with the Yoast SEO plugin v26.8 - https:\/\/yoast.com\/product\/yoast-seo-wordpress\/ -->\n<title>Nagel-Group - Danmark Kontore<\/title>\n<meta name=\"description\" content=\"Nagel-Group Danmark kontorer -\" \/>\n<meta name=\"robots\" content=\"index, follow, max-snippet:-1, max-image-preview:large, max-video-preview:-1\" \/>\n<link rel=\"canonical\" href=\"https:\/\/www.nagel-group.com\/da\/nagel-danmark\/nagel-danmark\/danmark-kontorer\/\" \/>\n<meta property=\"og:locale\" content=\"da_DK\" \/>\n<meta property=\"og:type\" content=\"article\" \/>\n<meta property=\"og:title\" content=\"Nagel-Group - Danmark Kontore\" \/>\n<meta property=\"og:description\" content=\"Nagel-Group Danmark kontorer -\" \/>\n<meta property=\"og:url\" content=\"https:\/\/www.nagel-group.com\/da\/nagel-danmark\/nagel-danmark\/danmark-kontorer\/\" \/>\n<meta property=\"og:site_name\" content=\"Nagel-Group\" \/>\n<meta property=\"article:publisher\" content=\"https:\/\/www.facebook.com\/Nagel-Group-1686584368272784\" \/>\n<meta property=\"article:modified_time\" content=\"2020-11-23T11:55:40+00:00\" \/>\n<meta name=\"twitter:card\" content=\"summary_large_image\" \/>\n<meta name=\"twitter:site\" content=\"@NagelGroup\" \/>\n<meta name=\"twitter:label1\" content=\"Estimeret l\u00e6setid\" \/>\n\t<meta name=\"twitter:data1\" content=\"1 minut\" \/>\n<script type=\"application\/ld+json\" class=\"yoast-schema-graph\">{\"@context\":\"https:\/\/schema.org\",\"@graph\":[{\"@type\":\"WebPage\",\"@id\":\"https:\/\/www.nagel-group.com\/da\/nagel-danmark\/nagel-danmark\/danmark-kontorer\/\",\"url\":\"https:\/\/www.nagel-group.com\/da\/nagel-danmark\/nagel-danmark\/danmark-kontorer\/\",\"name\":\"Nagel-Group - Danmark Kontore\",\"isPartOf\":{\"@id\":\"https:\/\/www.nagel-group.com\/#website\"},\"datePublished\":\"2020-11-23T11:05:28+00:00\",\"dateModified\":\"2020-11-23T11:55:40+00:00\",\"description\":\"Nagel-Group Danmark kontorer -\",\"breadcrumb\":{\"@id\":\"https:\/\/www.nagel-group.com\/da\/nagel-danmark\/nagel-danmark\/danmark-kontorer\/#breadcrumb\"},\"inLanguage\":\"da-DK\",\"potentialAction\":[{\"@type\":\"ReadAction\",\"target\":[\"https:\/\/www.nagel-group.com\/da\/nagel-danmark\/nagel-danmark\/danmark-kontorer\/\"]}]},{\"@type\":\"BreadcrumbList\",\"@id\":\"https:\/\/www.nagel-group.com\/da\/nagel-danmark\/nagel-danmark\/danmark-kontorer\/#breadcrumb\",\"itemListElement\":[{\"@type\":\"ListItem\",\"position\":1,\"name\":\"Startseite\",\"item\":\"https:\/\/www.nagel-group.com\/\"},{\"@type\":\"ListItem\",\"position\":2,\"name\":\"Nagel Danmark\",\"item\":\"https:\/\/www.nagel-group.com\/da\/nagel-danmark\/\"},{\"@type\":\"ListItem\",\"position\":3,\"name\":\"Nagel Danmark\",\"item\":\"https:\/\/www.nagel-group.com\/da\/nagel-danmark\/nagel-danmark\/\"},{\"@type\":\"ListItem\",\"position\":4,\"name\":\"Danmark kontorer\"}]},{\"@type\":\"WebSite\",\"@id\":\"https:\/\/www.nagel-group.com\/#website\",\"url\":\"https:\/\/www.nagel-group.com\/\",\"name\":\"Nagel-Group\",\"description\":\"Connecting the world of food\u00ae\",\"publisher\":{\"@id\":\"https:\/\/www.nagel-group.com\/#organization\"},\"potentialAction\":[{\"@type\":\"SearchAction\",\"target\":{\"@type\":\"EntryPoint\",\"urlTemplate\":\"https:\/\/www.nagel-group.com\/?s={search_term_string}\"},\"query-input\":{\"@type\":\"PropertyValueSpecification\",\"valueRequired\":true,\"valueName\":\"search_term_string\"}}],\"inLanguage\":\"da-DK\"},{\"@type\":\"Organization\",\"@id\":\"https:\/\/www.nagel-group.com\/#organization\",\"name\":\"Nagel-Group\",\"url\":\"https:\/\/www.nagel-group.com\/\",\"logo\":{\"@type\":\"ImageObject\",\"inLanguage\":\"da-DK\",\"@id\":\"https:\/\/www.nagel-group.com\/#\/schema\/logo\/image\/\",\"url\":\"https:\/\/www.nagel-group.com\/wp-content\/uploads\/2020\/09\/Nagel-Group_Logo@2x.png\",\"contentUrl\":\"https:\/\/www.nagel-group.com\/wp-content\/uploads\/2020\/09\/Nagel-Group_Logo@2x.png\",\"width\":361,\"height\":100,\"caption\":\"Nagel-Group\"},\"image\":{\"@id\":\"https:\/\/www.nagel-group.com\/#\/schema\/logo\/image\/\"},\"sameAs\":[\"https:\/\/www.facebook.com\/Nagel-Group-1686584368272784\",\"https:\/\/x.com\/NagelGroup\",\"https:\/\/www.instagram.com\/nagelgroup\/\",\"https:\/\/www.linkedin.com\/company\/nagel-group\",\"https:\/\/de.wikipedia.org\/wiki\/Nagel-Group\"]}]}<\/script>\n<!-- \/ Yoast SEO plugin. -->","yoast_head_json":{"title":"Nagel-Group - Danmark Kontore","description":"Nagel-Group Danmark kontorer -","robots":{"index":"index","follow":"follow","max-snippet":"max-snippet:-1","max-image-preview":"max-image-preview:large","max-video-preview":"max-video-preview:-1"},"canonical":"https:\/\/www.nagel-group.com\/da\/nagel-danmark\/nagel-danmark\/danmark-kontorer\/","og_locale":"da_DK","og_type":"article","og_title":"Nagel-Group - Danmark Kontore","og_description":"Nagel-Group Danmark kontorer -","og_url":"https:\/\/www.nagel-group.com\/da\/nagel-danmark\/nagel-danmark\/danmark-kontorer\/","og_site_name":"Nagel-Group","article_publisher":"https:\/\/www.facebook.com\/Nagel-Group-1686584368272784","article_modified_time":"2020-11-23T11:55:40+00:00","twitter_card":"summary_large_image","twitter_site":"@NagelGroup","twitter_misc":{"Estimeret l\u00e6setid":"1 minut"},"schema":{"@context":"https:\/\/schema.org","@graph":[{"@type":"WebPage","@id":"https:\/\/www.nagel-group.com\/da\/nagel-danmark\/nagel-danmark\/danmark-kontorer\/","url":"https:\/\/www.nagel-group.com\/da\/nagel-danmark\/nagel-danmark\/danmark-kontorer\/","name":"Nagel-Group - Danmark Kontore","isPartOf":{"@id":"https:\/\/www.nagel-group.com\/#website"},"datePublished":"2020-11-23T11:05:28+00:00","dateModified":"2020-11-23T11:55:40+00:00","description":"Nagel-Group Danmark kontorer -","breadcrumb":{"@id":"https:\/\/www.nagel-group.com\/da\/nagel-danmark\/nagel-danmark\/danmark-kontorer\/#breadcrumb"},"inLanguage":"da-DK","potentialAction":[{"@type":"ReadAction","target":["https:\/\/www.nagel-group.com\/da\/nagel-danmark\/nagel-danmark\/danmark-kontorer\/"]}]},{"@type":"BreadcrumbList","@id":"https:\/\/www.nagel-group.com\/da\/nagel-danmark\/nagel-danmark\/danmark-kontorer\/#breadcrumb","itemListElement":[{"@type":"ListItem","position":1,"name":"Startseite","item":"https:\/\/www.nagel-group.com\/"},{"@type":"ListItem","position":2,"name":"Nagel Danmark","item":"https:\/\/www.nagel-group.com\/da\/nagel-danmark\/"},{"@type":"ListItem","position":3,"name":"Nagel Danmark","item":"https:\/\/www.nagel-group.com\/da\/nagel-danmark\/nagel-danmark\/"},{"@type":"ListItem","position":4,"name":"Danmark kontorer"}]},{"@type":"WebSite","@id":"https:\/\/www.nagel-group.com\/#website","url":"https:\/\/www.nagel-group.com\/","name":"Nagel-Group","description":"Connecting the world of food\u00ae","publisher":{"@id":"https:\/\/www.nagel-group.com\/#organization"},"potentialAction":[{"@type":"SearchAction","target":{"@type":"EntryPoint","urlTemplate":"https:\/\/www.nagel-group.com\/?s={search_term_string}"},"query-input":{"@type":"PropertyValueSpecification","valueRequired":true,"valueName":"search_term_string"}}],"inLanguage":"da-DK"},{"@type":"Organization","@id":"https:\/\/www.nagel-group.com\/#organization","name":"Nagel-Group","url":"https:\/\/www.nagel-group.com\/","logo":{"@type":"ImageObject","inLanguage":"da-DK","@id":"https:\/\/www.nagel-group.com\/#\/schema\/logo\/image\/","url":"https:\/\/www.nagel-group.com\/wp-content\/uploads\/2020\/09\/Nagel-Group_Logo@2x.png","contentUrl":"https:\/\/www.nagel-group.com\/wp-content\/uploads\/2020\/09\/Nagel-Group_Logo@2x.png","width":361,"height":100,"caption":"Nagel-Group"},"image":{"@id":"https:\/\/www.nagel-group.com\/#\/schema\/logo\/image\/"},"sameAs":["https:\/\/www.facebook.com\/Nagel-Group-1686584368272784","https:\/\/x.com\/NagelGroup","https:\/\/www.instagram.com\/nagelgroup\/","https:\/\/www.linkedin.com\/company\/nagel-group","https:\/\/de.wikipedia.org\/wiki\/Nagel-Group"]}]}},"_links":{"self":[{"href":"https:\/\/www.nagel-group.com\/da\/wp-json\/wp\/v2\/pages\/5905","targetHints":{"allow":["GET"]}}],"collection":[{"href":"https:\/\/www.nagel-group.com\/da\/wp-json\/wp\/v2\/pages"}],"about":[{"href":"https:\/\/www.nagel-group.com\/da\/wp-json\/wp\/v2\/types\/page"}],"author":[{"embeddable":true,"href":"https:\/\/www.nagel-group.com\/da\/wp-json\/wp\/v2\/users\/4"}],"replies":[{"embeddable":true,"href":"https:\/\/www.nagel-group.com\/da\/wp-json\/wp\/v2\/comments?post=5905"}],"version-history":[{"count":4,"href":"https:\/\/www.nagel-group.com\/da\/wp-json\/wp\/v2\/pages\/5905\/revisions"}],"predecessor-version":[{"id":45116,"href":"https:\/\/www.nagel-group.com\/da\/wp-json\/wp\/v2\/pages\/5905\/revisions\/45116"}],"up":[{"embeddable":true,"href":"https:\/\/www.nagel-group.com\/da\/wp-json\/wp\/v2\/pages\/6093"}],"wp:attachment":[{"href":"https:\/\/www.nagel-group.com\/da\/wp-json\/wp\/v2\/media?parent=5905"}],"curies":[{"name":"wp","href":"https:\/\/api.w.org\/{rel}","templated":true}]}}