{"id":5888,"date":"2020-11-23T12:02:06","date_gmt":"2020-11-23T11:02:06","guid":{"rendered":"https:\/\/www.nagel-group.com\/?page_id=5888"},"modified":"2020-11-23T12:54:46","modified_gmt":"2020-11-23T11:54:46","slug":"danmark-portefoelje","status":"publish","type":"page","link":"https:\/\/www.nagel-group.com\/da\/nagel-danmark\/nagel-danmark\/danmark-portefoelje\/","title":{"rendered":"Danmark Portef\u00f8lje"},"content":{"rendered":"<div class=\"wpb-content-wrapper\"><p>[vc_row full_width=&#8221;stretch_row_content_no_spaces&#8221;][vc_column]<div class=\"top-banner lazyload\" style=\"background-image:inherit;\" data-bg-image=\"url(https:\/\/www.nagel-group.com\/wp-content\/uploads\/2020\/11\/NagelDanmark.jpg)\"><\/div>[\/vc_column][\/vc_row][vc_row el_class=&#8221;list&#8211;style nag&#8211;inner&#8211;c nag&#8211;location&#8211;content&#8221;][vc_column][vc_column_text]<\/p>\n<h1><strong>Portef\u00f8lje<\/strong><\/h1>\n<h2><strong>Moderne f\u00f8devarelogistik fra en enkelt kilde.<\/strong><\/h2>\n<p>[\/vc_column_text][vc_column_text]<\/p>\n<h2>Fuld last (FTL)<\/h2>\n<p>Nagel Danmark tilbyder k\u00f8letransport i henhold til Full Load konceptet. Hele lasten transporteres direkte til destinationen. Vi d\u00e6kker alle temperaturomr\u00e5der. Fra frosne f\u00f8devarer ved -25\u00b0C til chokoladeprodukter ved +15\u00b0C. Vi leverer i Danmark eller i hele Europa, inden for netv\u00e6rket af Nagel-Group. Alle vores k\u00f8ret\u00f8jer er udstyret med satellit &#8211; og temperaturoverv\u00e5gning og sikrer problemfri planl\u00e6gning og kvalitetskontrol.[\/vc_column_text][vc_column_text]<\/p>\n<h2><strong>Stykgodstransport (LTL)<\/strong><\/h2>\n<p>For kunder med store m\u00e6ngder varer oprettes der ofte en infrastruktur, der er specifikt skr\u00e6ddersyet til deres produktionsrytme. Mindre kunder foretr\u00e6kker ofte, at deres almindelige fragtforsendelser str\u00f8mmer ind i Nagel koncernens generelle varepool. Som en del af dette fleksible koncept tilbyder vi daglige eller flere gange om ugen afgange mellem alle destinationer i Danmark, Skandinavien og resten af Europa. Alle omr\u00e5der i Danmark kan n\u00e5s inden for mindre end 24 timer, selv med meget sm\u00e5 m\u00e6ngder varer.<\/p>\n<p>[\/vc_column_text][vc_column_text]<\/p>\n<h2><strong>Lagerlogistik\/Lager<\/strong><\/h2>\n<p>Nagel Danmark st\u00e5r ikke kun for transportekspertise, men ogs\u00e5 for moderne lagerlogistikl\u00f8sninger i f\u00f8devaresektoren &#8211; hvad enten det drejer sig om k\u00f8le-, frosne eller t\u00f8rre varer. Fra plukning, emballage til adskillige tjenester med v\u00e6rditilv\u00e6kst:<\/p>\n<ul>\n<li>Modtagelse kontrol i henhold til aftalte kontrolpunkter og kvalitetsaspekter<\/li>\n<li>Opbevaring i henhold til aftalte opbevaringskriterier<\/li>\n<li>Indefrysning<\/li>\n<li>Pick &amp; Pack l\u00f8sninger<\/li>\n<li>Leveringskontrol og udarbejdelse af transportdokumenter<\/li>\n<li>Distribution<\/li>\n<li>Vask af l\u00e6ssehj\u00e6lpemidler<\/li>\n<li>P\u00e5- og afl\u00e6sning af containere<\/li>\n<li>Ompakning ind\/ud af displaybokse<\/li>\n<\/ul>\n<p>[\/vc_column_text][vc_column_text]<\/p>\n<h2><strong>EDI l\u00f8sninger<\/strong><\/h2>\n<p>Arbejder du med et ERP system i daglig praksis? S\u00e5 er en EDI l\u00f8sning en mulighed. Dette giver mange fordele i den daglige Supply Chain Management: 100% automatisk synkronisering af \u00e6ndringer i salgs- eller indk\u00f8bsordrer i ERP systemet. Nagel Danmark kan udskrive dine f\u00f8lgesedler med dit layout og logo. Din f\u00f8lgeseddel vil automatisk blive knyttet til CMR fragtbrevet. Ved overf\u00f8rsel via EDI modtager vi alle relevante oplysninger til fakturering. Dette giver dig mulighed for at kontrollere fakturaer og udf\u00f8re hele regnskabsprocessen automatisk.[\/vc_column_text][\/vc_column][\/vc_row]<\/p>\n<\/div>","protected":false},"excerpt":{"rendered":"<p> Portef\u00f8lje Moderne f\u00f8devarelogistik fra en enkelt kilde.  Fuld last (FTL) Nagel Danmark tilbyder k\u00f8letransport<\/p>\n","protected":false},"author":4,"featured_media":0,"parent":6093,"menu_order":125,"comment_status":"closed","ping_status":"closed","template":"","meta":{"_acf_changed":false,"inline_featured_image":false,"footnotes":""},"class_list":["post-5888","page","type-page","status-publish","hentry"],"acf":[],"yoast_head":"<!-- This site is optimized with the Yoast SEO plugin v26.8 - https:\/\/yoast.com\/product\/yoast-seo-wordpress\/ -->\n<title>Nagel-Group - Danmark Portef\u00f8lje<\/title>\n<meta name=\"description\" content=\"Nagel-Group Danmark Portef\u00f8lje -\" \/>\n<meta name=\"robots\" content=\"index, follow, max-snippet:-1, max-image-preview:large, max-video-preview:-1\" \/>\n<link rel=\"canonical\" href=\"https:\/\/www.nagel-group.com\/da\/nagel-danmark\/nagel-danmark\/danmark-portefoelje\/\" \/>\n<meta property=\"og:locale\" content=\"da_DK\" \/>\n<meta property=\"og:type\" content=\"article\" \/>\n<meta property=\"og:title\" content=\"Nagel-Group - Danmark Portef\u00f8lje\" \/>\n<meta property=\"og:description\" content=\"Nagel-Group Danmark Portef\u00f8lje -\" \/>\n<meta property=\"og:url\" content=\"https:\/\/www.nagel-group.com\/da\/nagel-danmark\/nagel-danmark\/danmark-portefoelje\/\" \/>\n<meta property=\"og:site_name\" content=\"Nagel-Group\" \/>\n<meta property=\"article:publisher\" content=\"https:\/\/www.facebook.com\/Nagel-Group-1686584368272784\" \/>\n<meta property=\"article:modified_time\" content=\"2020-11-23T11:54:46+00:00\" \/>\n<meta name=\"twitter:card\" content=\"summary_large_image\" \/>\n<meta name=\"twitter:site\" content=\"@NagelGroup\" \/>\n<meta name=\"twitter:label1\" content=\"Estimeret l\u00e6setid\" \/>\n\t<meta name=\"twitter:data1\" content=\"2 minutter\" \/>\n<script type=\"application\/ld+json\" class=\"yoast-schema-graph\">{\"@context\":\"https:\/\/schema.org\",\"@graph\":[{\"@type\":\"WebPage\",\"@id\":\"https:\/\/www.nagel-group.com\/da\/nagel-danmark\/nagel-danmark\/danmark-portefoelje\/\",\"url\":\"https:\/\/www.nagel-group.com\/da\/nagel-danmark\/nagel-danmark\/danmark-portefoelje\/\",\"name\":\"Nagel-Group - Danmark Portef\u00f8lje\",\"isPartOf\":{\"@id\":\"https:\/\/www.nagel-group.com\/#website\"},\"datePublished\":\"2020-11-23T11:02:06+00:00\",\"dateModified\":\"2020-11-23T11:54:46+00:00\",\"description\":\"Nagel-Group Danmark Portef\u00f8lje -\",\"breadcrumb\":{\"@id\":\"https:\/\/www.nagel-group.com\/da\/nagel-danmark\/nagel-danmark\/danmark-portefoelje\/#breadcrumb\"},\"inLanguage\":\"da-DK\",\"potentialAction\":[{\"@type\":\"ReadAction\",\"target\":[\"https:\/\/www.nagel-group.com\/da\/nagel-danmark\/nagel-danmark\/danmark-portefoelje\/\"]}]},{\"@type\":\"BreadcrumbList\",\"@id\":\"https:\/\/www.nagel-group.com\/da\/nagel-danmark\/nagel-danmark\/danmark-portefoelje\/#breadcrumb\",\"itemListElement\":[{\"@type\":\"ListItem\",\"position\":1,\"name\":\"Startseite\",\"item\":\"https:\/\/www.nagel-group.com\/\"},{\"@type\":\"ListItem\",\"position\":2,\"name\":\"Nagel Danmark\",\"item\":\"https:\/\/www.nagel-group.com\/da\/nagel-danmark\/\"},{\"@type\":\"ListItem\",\"position\":3,\"name\":\"Nagel Danmark\",\"item\":\"https:\/\/www.nagel-group.com\/da\/nagel-danmark\/nagel-danmark\/\"},{\"@type\":\"ListItem\",\"position\":4,\"name\":\"Danmark Portef\u00f8lje\"}]},{\"@type\":\"WebSite\",\"@id\":\"https:\/\/www.nagel-group.com\/#website\",\"url\":\"https:\/\/www.nagel-group.com\/\",\"name\":\"Nagel-Group\",\"description\":\"Connecting the world of food\u00ae\",\"publisher\":{\"@id\":\"https:\/\/www.nagel-group.com\/#organization\"},\"potentialAction\":[{\"@type\":\"SearchAction\",\"target\":{\"@type\":\"EntryPoint\",\"urlTemplate\":\"https:\/\/www.nagel-group.com\/?s={search_term_string}\"},\"query-input\":{\"@type\":\"PropertyValueSpecification\",\"valueRequired\":true,\"valueName\":\"search_term_string\"}}],\"inLanguage\":\"da-DK\"},{\"@type\":\"Organization\",\"@id\":\"https:\/\/www.nagel-group.com\/#organization\",\"name\":\"Nagel-Group\",\"url\":\"https:\/\/www.nagel-group.com\/\",\"logo\":{\"@type\":\"ImageObject\",\"inLanguage\":\"da-DK\",\"@id\":\"https:\/\/www.nagel-group.com\/#\/schema\/logo\/image\/\",\"url\":\"https:\/\/www.nagel-group.com\/wp-content\/uploads\/2020\/09\/Nagel-Group_Logo@2x.png\",\"contentUrl\":\"https:\/\/www.nagel-group.com\/wp-content\/uploads\/2020\/09\/Nagel-Group_Logo@2x.png\",\"width\":361,\"height\":100,\"caption\":\"Nagel-Group\"},\"image\":{\"@id\":\"https:\/\/www.nagel-group.com\/#\/schema\/logo\/image\/\"},\"sameAs\":[\"https:\/\/www.facebook.com\/Nagel-Group-1686584368272784\",\"https:\/\/x.com\/NagelGroup\",\"https:\/\/www.instagram.com\/nagelgroup\/\",\"https:\/\/www.linkedin.com\/company\/nagel-group\",\"https:\/\/de.wikipedia.org\/wiki\/Nagel-Group\"]}]}<\/script>\n<!-- \/ Yoast SEO plugin. -->","yoast_head_json":{"title":"Nagel-Group - Danmark Portef\u00f8lje","description":"Nagel-Group Danmark Portef\u00f8lje -","robots":{"index":"index","follow":"follow","max-snippet":"max-snippet:-1","max-image-preview":"max-image-preview:large","max-video-preview":"max-video-preview:-1"},"canonical":"https:\/\/www.nagel-group.com\/da\/nagel-danmark\/nagel-danmark\/danmark-portefoelje\/","og_locale":"da_DK","og_type":"article","og_title":"Nagel-Group - Danmark Portef\u00f8lje","og_description":"Nagel-Group Danmark Portef\u00f8lje -","og_url":"https:\/\/www.nagel-group.com\/da\/nagel-danmark\/nagel-danmark\/danmark-portefoelje\/","og_site_name":"Nagel-Group","article_publisher":"https:\/\/www.facebook.com\/Nagel-Group-1686584368272784","article_modified_time":"2020-11-23T11:54:46+00:00","twitter_card":"summary_large_image","twitter_site":"@NagelGroup","twitter_misc":{"Estimeret l\u00e6setid":"2 minutter"},"schema":{"@context":"https:\/\/schema.org","@graph":[{"@type":"WebPage","@id":"https:\/\/www.nagel-group.com\/da\/nagel-danmark\/nagel-danmark\/danmark-portefoelje\/","url":"https:\/\/www.nagel-group.com\/da\/nagel-danmark\/nagel-danmark\/danmark-portefoelje\/","name":"Nagel-Group - Danmark Portef\u00f8lje","isPartOf":{"@id":"https:\/\/www.nagel-group.com\/#website"},"datePublished":"2020-11-23T11:02:06+00:00","dateModified":"2020-11-23T11:54:46+00:00","description":"Nagel-Group Danmark Portef\u00f8lje -","breadcrumb":{"@id":"https:\/\/www.nagel-group.com\/da\/nagel-danmark\/nagel-danmark\/danmark-portefoelje\/#breadcrumb"},"inLanguage":"da-DK","potentialAction":[{"@type":"ReadAction","target":["https:\/\/www.nagel-group.com\/da\/nagel-danmark\/nagel-danmark\/danmark-portefoelje\/"]}]},{"@type":"BreadcrumbList","@id":"https:\/\/www.nagel-group.com\/da\/nagel-danmark\/nagel-danmark\/danmark-portefoelje\/#breadcrumb","itemListElement":[{"@type":"ListItem","position":1,"name":"Startseite","item":"https:\/\/www.nagel-group.com\/"},{"@type":"ListItem","position":2,"name":"Nagel Danmark","item":"https:\/\/www.nagel-group.com\/da\/nagel-danmark\/"},{"@type":"ListItem","position":3,"name":"Nagel Danmark","item":"https:\/\/www.nagel-group.com\/da\/nagel-danmark\/nagel-danmark\/"},{"@type":"ListItem","position":4,"name":"Danmark Portef\u00f8lje"}]},{"@type":"WebSite","@id":"https:\/\/www.nagel-group.com\/#website","url":"https:\/\/www.nagel-group.com\/","name":"Nagel-Group","description":"Connecting the world of food\u00ae","publisher":{"@id":"https:\/\/www.nagel-group.com\/#organization"},"potentialAction":[{"@type":"SearchAction","target":{"@type":"EntryPoint","urlTemplate":"https:\/\/www.nagel-group.com\/?s={search_term_string}"},"query-input":{"@type":"PropertyValueSpecification","valueRequired":true,"valueName":"search_term_string"}}],"inLanguage":"da-DK"},{"@type":"Organization","@id":"https:\/\/www.nagel-group.com\/#organization","name":"Nagel-Group","url":"https:\/\/www.nagel-group.com\/","logo":{"@type":"ImageObject","inLanguage":"da-DK","@id":"https:\/\/www.nagel-group.com\/#\/schema\/logo\/image\/","url":"https:\/\/www.nagel-group.com\/wp-content\/uploads\/2020\/09\/Nagel-Group_Logo@2x.png","contentUrl":"https:\/\/www.nagel-group.com\/wp-content\/uploads\/2020\/09\/Nagel-Group_Logo@2x.png","width":361,"height":100,"caption":"Nagel-Group"},"image":{"@id":"https:\/\/www.nagel-group.com\/#\/schema\/logo\/image\/"},"sameAs":["https:\/\/www.facebook.com\/Nagel-Group-1686584368272784","https:\/\/x.com\/NagelGroup","https:\/\/www.instagram.com\/nagelgroup\/","https:\/\/www.linkedin.com\/company\/nagel-group","https:\/\/de.wikipedia.org\/wiki\/Nagel-Group"]}]}},"_links":{"self":[{"href":"https:\/\/www.nagel-group.com\/da\/wp-json\/wp\/v2\/pages\/5888","targetHints":{"allow":["GET"]}}],"collection":[{"href":"https:\/\/www.nagel-group.com\/da\/wp-json\/wp\/v2\/pages"}],"about":[{"href":"https:\/\/www.nagel-group.com\/da\/wp-json\/wp\/v2\/types\/page"}],"author":[{"embeddable":true,"href":"https:\/\/www.nagel-group.com\/da\/wp-json\/wp\/v2\/users\/4"}],"replies":[{"embeddable":true,"href":"https:\/\/www.nagel-group.com\/da\/wp-json\/wp\/v2\/comments?post=5888"}],"version-history":[{"count":3,"href":"https:\/\/www.nagel-group.com\/da\/wp-json\/wp\/v2\/pages\/5888\/revisions"}],"predecessor-version":[{"id":6146,"href":"https:\/\/www.nagel-group.com\/da\/wp-json\/wp\/v2\/pages\/5888\/revisions\/6146"}],"up":[{"embeddable":true,"href":"https:\/\/www.nagel-group.com\/da\/wp-json\/wp\/v2\/pages\/6093"}],"wp:attachment":[{"href":"https:\/\/www.nagel-group.com\/da\/wp-json\/wp\/v2\/media?parent=5888"}],"curies":[{"name":"wp","href":"https:\/\/api.w.org\/{rel}","templated":true}]}}