{"id":12301,"date":"2021-06-29T07:27:46","date_gmt":"2021-06-29T06:27:46","guid":{"rendered":"https:\/\/www.nagel-group.com\/?page_id=12301"},"modified":"2026-04-07T07:46:17","modified_gmt":"2026-04-07T05:46:17","slug":"nagel-liller-downloads","status":"publish","type":"page","link":"https:\/\/www.nagel-group.com\/da\/nagel-danmark\/nagel-liller\/nagel-liller-downloads\/","title":{"rendered":"Nagel Liller Downloads"},"content":{"rendered":"<div class=\"wpb-content-wrapper\"><p>[vc_row el_class=&#8221;list&#8211;style nag&#8211;inner&#8211;c big-top&#8221; css=&#8221;.vc_custom_1649313796935{margin-bottom: 10px !important;}&#8221;][vc_column][vc_column_text]<\/p>\n<h1 id=\"cc-m-header-13026585135\" class=\"\">Godkendelser<\/h1>\n<p>Nagel Liller A\/S er godkendt af F\u00f8devarestyrelsen til transport, oml\u00e6sning og opbevaring af f\u00f8devarer. F\u00f8devarestyrelsen er en instans under Ministeriet f\u00f8devarer, landbrug og fiskeri.[\/vc_column_text][vc_column_text css=&#8221;&#8221;]<\/p>\n<h2>Dieselolietill\u00e6g<\/h2>\n<table>\n<tbody>\n<tr>\n<th>Dato<\/th>\n<th>Takst<\/th>\n<th>Stigning \/ fald p\u00e5 %<\/th>\n<\/tr>\n<\/tbody>\n<tbody>\n<tr>\n<td>06.04.2026<\/td>\n<td>42,58 %<\/td>\n<td>0,26 %<\/td>\n<\/tr>\n<\/tbody>\n<\/table>\n<p>Olietill\u00e6gget tager udgangspunkt i en dieselpris p\u00e5 6,05 kr.\/L (inkl. Moms og afgifter), som var prisen da det blev indf\u00f8rt i 1999. Vi holder os hver uge opdateret om den aktuelle listepris som udgangspunkt for olietill\u00e6gget. Udviklingen er angivet\u00a0<a href=\"https:\/\/deu01.safelinks.protection.outlook.com\/?url=https%3A%2F%2Fwww.shell.dk%2Fpriser-pa-benzin-og-diesel.html%23vanity-aHR0cHM6Ly93d3cuc2hlbGwuZGsvY3VzdG9tZXItc2VydmljZS9wcmlzZXItcGEtYmVuemluLW9nLWRpZXNlbC5odG1s&amp;data=05%7C01%7Ceva.twesten-weber%40nagel-group.com%7Cc158f81eb86c4abb2e5108dbbe64179d%7C1143b60946fc43eea1f8a20ba405faf0%7C0%7C0%7C638313109317162192%7CUnknown%7CTWFpbGZsb3d8eyJWIjoiMC4wLjAwMDAiLCJQIjoiV2luMzIiLCJBTiI6Ik1haWwiLCJXVCI6Mn0%3D%7C3000%7C%7C%7C&amp;sdata=Ek%2BpZymy35B0nG61OqyK5b3yUnkR7J3r%2BNS4eBdWnY4%3D&amp;reserved=0\">her<\/a>.[\/vc_column_text][vc_column_text]<\/p>\n<h3>Almindelig<\/h3>\n<p>[\/vc_column_text]<div class=\"download-top-section style333 inherit\"><div class=\"small-cc\"><a download href=\"https:\/\/www.nagel-group.com\/wp-content\/uploads\/2024\/09\/Nagel-Liller-Almindelige-Betingelser.pdf\">Almindelige Betingelser <strong><\/a><\/div><\/div>[vc_column_text]<\/strong><\/p>\n<h3>Nagel Liller Vejle | Nimvej 2<\/h3>\n<p>[\/vc_column_text]<div class=\"download-top-section style333 inherit\"><div class=\"small-cc\"><a download href=\"https:\/\/www.nagel-group.com\/wp-content\/uploads\/2023\/10\/2025-IFS-Nagel-Liller-Nimvej-2-1.pdf\">IFS certifikat<\/a><\/div><\/div><div class=\"download-top-section style333 inherit\"><div class=\"small-cc\"><a download href=\"https:\/\/www.nagel-group.com\/wp-content\/uploads\/2021\/01\/2024-Nimvej-2-Registrering-som-fodervirksomhed-efter-foderhygiejneforordningen.-D8333372.pdf\">Registrering som fodervirksomhed efter foderhygiejneforordningen<\/a><\/div><\/div><div class=\"download-top-section style333 inherit\"><div class=\"small-cc\"><a download href=\"https:\/\/www.nagel-group.com\/wp-content\/uploads\/2021\/01\/2024-Nimvej-2-Autorisation-transport-kole-og-frostlagring-af-animalske-og-ikke-animalske-fodevarer.pdf\">Autorisation transport, k\u00f8le- og frostlagring af animalske og ikke animalske f\u00f8devarer<\/a><\/div><\/div><div class=\"download-top-section style333 inherit\"><div class=\"small-cc\"><a download href=\"https:\/\/www.nagel-group.com\/wp-content\/uploads\/2021\/01\/2024-Nimvej-2-Registrering-som-transportor-af-animalske-biprodukter-kategori-3-D8370438.pdf\">Registrering som transport\u00f8r af animalske biprodukter kategori 3<\/a><\/div><\/div><div class=\"download-top-section style333 inherit\"><div class=\"small-cc\"><a download href=\"https:\/\/www.nagel-group.com\/wp-content\/uploads\/2021\/01\/2024-Nimvej-2-Registrering-til-oplagring-af-ABP-kat-3-Nagel-Liller-D8401273.pdf\">Registrering til oplagring af ABP kat 3 Nagel Liller<\/a><\/div><\/div><div class=\"download-top-section style333 inherit\"><div class=\"small-cc\"><a download href=\"https:\/\/www.nagel-group.com\/wp-content\/uploads\/2021\/01\/2024-Nimvej-Registrering-til-oplagring-af-foder-med-animalsk-indhold-D8348856.pdf\">Registrering til oplagring af foder med animalsk indhold<\/a><\/div><\/div><div class=\"download-top-section style333 inherit\"><div class=\"small-cc\"><a download href=\"https:\/\/www.nagel-group.com\/wp-content\/uploads\/2021\/01\/Traces-Okologi-Vejle-Nimvej-2.pdf\">Traces \u00d8kologi Nimvej<\/a><\/div><\/div><div class=\"download-top-section style333 inherit\"><div class=\"small-cc\"><a download href=\"https:\/\/www.nagel-group.com\/wp-content\/uploads\/2021\/01\/2024-Nimvej-2-Okologirapport-D8530303.pdf\">\u00d8kologirapport<\/a><\/div><\/div>[vc_column_text]<\/p>\n<h3>Nagel Liller Vejle | Frostvej 14<\/h3>\n<p>[\/vc_column_text]<div class=\"download-top-section style333 inherit\"><div class=\"small-cc\"><a download href=\"https:\/\/www.nagel-group.com\/wp-content\/uploads\/2023\/10\/2025-IFS-Frostvej-14-Vejle.pdf\">IFS certifikat<\/a><\/div><\/div><div class=\"download-top-section style333 inherit\"><div class=\"small-cc\"><a download href=\"https:\/\/www.nagel-group.com\/wp-content\/uploads\/2020\/10\/Autorisation-22-11-2021-med-rettet-adresse-1.pdf\">Autorisation<\/a><\/div><\/div><div class=\"download-top-section style333 inherit\"><div class=\"small-cc\"><a download href=\"https:\/\/www.nagel-group.com\/wp-content\/uploads\/2021\/01\/2024-Frostvej-14-Registreret-som-fodervirksomhed-efter-foderhygiejneforordningen-D8357255.pdf\">Registreret som fodervirksomhed efter foderhygiejneforordningen<\/a><\/div><\/div><div class=\"download-top-section style333 inherit\"><div class=\"small-cc\"><a download href=\"https:\/\/www.nagel-group.com\/wp-content\/uploads\/2021\/01\/2024-Frostvej-14-Registrering-til-oplagring-af-ABP-kat-3-Nagel-Liller-D8401273.pdf\">Registrering til oplagring af ABP kat 3 Nagel Liller<\/a><\/div><\/div><div class=\"download-top-section style333 inherit\"><div class=\"small-cc\"><a download href=\"https:\/\/www.nagel-group.com\/wp-content\/uploads\/2021\/01\/2024-Frostvej-14-Registrering-til-oplagring-af-foder-med-animalsk-indhold-i-henho.-D8401273.pdf\">Registrering til oplagring af foder med animalsk indhold<\/a><\/div><\/div><div class=\"download-top-section style333 inherit\"><div class=\"small-cc\"><a download href=\"https:\/\/www.nagel-group.com\/wp-content\/uploads\/2021\/01\/Traces-Okologi-Vejle-Frostvej-14.pdf\">Traces \u00d8kologi Frostvej 14<\/a><\/div><\/div>[vc_column_text]<\/p>\n<h3>Nagel Liller Struer<\/h3>\n<p>[\/vc_column_text]<div class=\"download-top-section style333 inherit\"><div class=\"small-cc\"><a download href=\"https:\/\/www.nagel-group.com\/wp-content\/uploads\/2023\/10\/2024-Autorisation-af-fodevarevirksomhed-Struer.pdf\">Autorisation af f\u00f8devarevirksomhed<\/a><\/div><\/div><div class=\"download-top-section style333 inherit\"><div class=\"small-cc\"><a download href=\"https:\/\/www.nagel-group.com\/wp-content\/uploads\/2021\/01\/2024-Struer-Registreret-som-fodervirksomhed-efter-foderhygiejneforordningen-D8357659.pdf\">Registreret som fodervirksomhed efter foderhygiejneforordningen<\/a><\/div><\/div><div class=\"download-top-section style333 inherit\"><div class=\"small-cc\"><a download href=\"https:\/\/www.nagel-group.com\/wp-content\/uploads\/2021\/01\/2024-Struer-Foderlager-med-modtagelse-opbevaring-og-afsendelse-af-kategori-3-animalske-biprodukter.pdf\">Foderlager med modtagelse opbevaring og afsendelse af kategori 3 animalske biprodukter<\/a><\/div><\/div>[vc_column_text]<\/p>\n<h3>Nagel Liller Ringsted | Jordemodervej 40<\/h3>\n<p>[\/vc_column_text]<div class=\"download-top-section style333 inherit\"><div class=\"small-cc\"><a download href=\"https:\/\/www.nagel-group.com\/wp-content\/uploads\/2023\/10\/2025-IFS-Ringsted.pdf\">IFS certifikat<\/a><\/div><\/div><div class=\"download-top-section style333 inherit\"><div class=\"small-cc\"><a download href=\"https:\/\/www.nagel-group.com\/wp-content\/uploads\/2020\/10\/2023-06-Autorisation-Skrivelse-Ringsted.pdf\">Autorisation af f\u00f8devarevirksomhed<\/a><\/div><\/div><div class=\"download-top-section style333 inherit\"><div class=\"small-cc\"><a download href=\"https:\/\/www.nagel-group.com\/wp-content\/uploads\/2021\/01\/2024-Ringsted-Registreret-som-fodervirksomhed-efter-foderhygiejneforordningen-D8357553.pdf\">Registreret som fodervirksomhed efter foderhygiejneforordningen<\/a><\/div><\/div><div class=\"download-top-section style333 inherit\"><div class=\"small-cc\"><a download href=\"https:\/\/www.nagel-group.com\/wp-content\/uploads\/2021\/01\/2024-Ringsted-Registrering-til-oplagring-af-foder-med-animalsk-indhold.pdf\">Registrering til oplagring af foder med animalsk indhold<\/a><\/div><\/div>[vc_column_text]<\/p>\n<h2>Transport<\/h2>\n<p>[\/vc_column_text]<div class=\"download-top-section style333 inherit\"><div class=\"small-cc\"><a download href=\"https:\/\/www.nagel-group.com\/wp-content\/uploads\/2023\/10\/VB-2026-VKH_Nagel-Liller-A_S-Vejle_Versicherungsbestaetigung_5_Mio_deutsch_englisch.pdf\">Fragtf\u00f8reransvarsforsikring <strong>(2026)<\/strong><\/a><\/div><\/div><div class=\"full--tab none inherit\"><h3>Transport k\u00f8ret\u00f8jer<div class=\"arrow---down\"><span><\/span><span><\/span><\/div><\/h3><div class=\"acord-cont\"><p><a href=\"http:\/\/www.findsmiley.dk\/697103\">http:\/\/www.findsmiley.dk\/697103<\/a><\/p>\n<\/div><\/div>[vc_empty_space][vc_column_text]<\/p>\n<h2>Kontrolrapporter<\/h2>\n<p>[\/vc_column_text]<div class=\"full--tab none inherit\"><h3>Ringsted<div class=\"arrow---down\"><span><\/span><span><\/span><\/div><\/h3><div class=\"acord-cont\"><p><a href=\"https:\/\/www.findsmiley.dk\/1277045\" target=\"_blank\" rel=\"noopener\">https:\/\/www.findsmiley.dk\/1277045<\/a><\/p>\n<\/div><\/div><div class=\"full--tab none inherit\"><h3>Struer<div class=\"arrow---down\"><span><\/span><span><\/span><\/div><\/h3><div class=\"acord-cont\"><p><a href=\"http:\/\/www.findsmiley.dk\/987653\">http:\/\/www.findsmiley.dk\/987653<\/a><\/p>\n<\/div><\/div><div class=\"full--tab none inherit\"><h3>Vejle, Frostvej 14<div class=\"arrow---down\"><span><\/span><span><\/span><\/div><\/h3><div class=\"acord-cont\"><p><a href=\"http:\/\/www.findsmiley.dk\/697104\">http:\/\/www.findsmiley.dk\/697104<\/a><\/p>\n<\/div><\/div><div class=\"full--tab none inherit\"><h3>Vejle, Nimvej 2<div class=\"arrow---down\"><span><\/span><span><\/span><\/div><\/h3><div class=\"acord-cont\"><p><a href=\"https:\/\/www.findsmiley.dk\/1269446\">https:\/\/www.findsmiley.dk\/1269446<\/a><\/p>\n<\/div><\/div>[vc_empty_space][vc_column_text css=&#8221;&#8221;]<\/p>\n<h2>Trafikplaner<\/h2>\n<p>[\/vc_column_text]<div class=\"download-top-section style333 inherit\"><div class=\"small-cc\"><a download href=\"https:\/\/www.nagel-group.com\/wp-content\/uploads\/2023\/10\/Helligdagsplan_2026_HP.pdf\">Helligdagsplan 2026<\/a><\/div><\/div>[\/vc_column][\/vc_row]<\/p>\n<\/div>","protected":false},"excerpt":{"rendered":"<p> Godkendelser Nagel Liller A\/S er godkendt af F\u00f8devarestyrelsen til transport, oml\u00e6sning og opbevaring<\/p>\n","protected":false},"author":26,"featured_media":0,"parent":5804,"menu_order":123,"comment_status":"closed","ping_status":"closed","template":"","meta":{"_acf_changed":false,"inline_featured_image":false,"footnotes":""},"class_list":["post-12301","page","type-page","status-publish","hentry"],"acf":[],"yoast_head":"<!-- This site is optimized with the Yoast SEO plugin v26.8 - https:\/\/yoast.com\/product\/yoast-seo-wordpress\/ -->\n<title>Nagel Liller Downloads - Nagel-Group<\/title>\n<meta name=\"description\" content=\"Nagel-Group Nagel Liller Downloads -\" \/>\n<meta name=\"robots\" content=\"index, follow, max-snippet:-1, max-image-preview:large, max-video-preview:-1\" \/>\n<link rel=\"canonical\" href=\"https:\/\/www.nagel-group.com\/da\/nagel-danmark\/nagel-liller\/nagel-liller-downloads\/\" \/>\n<meta property=\"og:locale\" content=\"da_DK\" \/>\n<meta property=\"og:type\" content=\"article\" \/>\n<meta property=\"og:title\" content=\"Nagel Liller Downloads - Nagel-Group\" \/>\n<meta property=\"og:description\" content=\"Nagel-Group Nagel Liller Downloads -\" \/>\n<meta property=\"og:url\" content=\"https:\/\/www.nagel-group.com\/da\/nagel-danmark\/nagel-liller\/nagel-liller-downloads\/\" \/>\n<meta property=\"og:site_name\" content=\"Nagel-Group\" \/>\n<meta property=\"article:publisher\" content=\"https:\/\/www.facebook.com\/Nagel-Group-1686584368272784\" \/>\n<meta property=\"article:modified_time\" content=\"2026-04-07T05:46:17+00:00\" \/>\n<meta name=\"twitter:card\" content=\"summary_large_image\" \/>\n<meta name=\"twitter:site\" content=\"@NagelGroup\" \/>\n<meta name=\"twitter:label1\" content=\"Estimeret l\u00e6setid\" \/>\n\t<meta name=\"twitter:data1\" content=\"2 minutter\" \/>\n<script type=\"application\/ld+json\" class=\"yoast-schema-graph\">{\"@context\":\"https:\/\/schema.org\",\"@graph\":[{\"@type\":\"WebPage\",\"@id\":\"https:\/\/www.nagel-group.com\/da\/nagel-danmark\/nagel-liller\/nagel-liller-downloads\/\",\"url\":\"https:\/\/www.nagel-group.com\/da\/nagel-danmark\/nagel-liller\/nagel-liller-downloads\/\",\"name\":\"Nagel Liller Downloads - Nagel-Group\",\"isPartOf\":{\"@id\":\"https:\/\/www.nagel-group.com\/#website\"},\"datePublished\":\"2021-06-29T06:27:46+00:00\",\"dateModified\":\"2026-04-07T05:46:17+00:00\",\"description\":\"Nagel-Group Nagel Liller Downloads -\",\"breadcrumb\":{\"@id\":\"https:\/\/www.nagel-group.com\/da\/nagel-danmark\/nagel-liller\/nagel-liller-downloads\/#breadcrumb\"},\"inLanguage\":\"da-DK\",\"potentialAction\":[{\"@type\":\"ReadAction\",\"target\":[\"https:\/\/www.nagel-group.com\/da\/nagel-danmark\/nagel-liller\/nagel-liller-downloads\/\"]}]},{\"@type\":\"BreadcrumbList\",\"@id\":\"https:\/\/www.nagel-group.com\/da\/nagel-danmark\/nagel-liller\/nagel-liller-downloads\/#breadcrumb\",\"itemListElement\":[{\"@type\":\"ListItem\",\"position\":1,\"name\":\"Startseite\",\"item\":\"https:\/\/www.nagel-group.com\/\"},{\"@type\":\"ListItem\",\"position\":2,\"name\":\"Nagel Danmark\",\"item\":\"https:\/\/www.nagel-group.com\/da\/nagel-danmark\/\"},{\"@type\":\"ListItem\",\"position\":3,\"name\":\"Nagel Liller\",\"item\":\"https:\/\/www.nagel-group.com\/da\/?page_id=5804\"},{\"@type\":\"ListItem\",\"position\":4,\"name\":\"Nagel Liller Downloads\"}]},{\"@type\":\"WebSite\",\"@id\":\"https:\/\/www.nagel-group.com\/#website\",\"url\":\"https:\/\/www.nagel-group.com\/\",\"name\":\"Nagel-Group\",\"description\":\"Connecting the world of food\u00ae\",\"publisher\":{\"@id\":\"https:\/\/www.nagel-group.com\/#organization\"},\"potentialAction\":[{\"@type\":\"SearchAction\",\"target\":{\"@type\":\"EntryPoint\",\"urlTemplate\":\"https:\/\/www.nagel-group.com\/?s={search_term_string}\"},\"query-input\":{\"@type\":\"PropertyValueSpecification\",\"valueRequired\":true,\"valueName\":\"search_term_string\"}}],\"inLanguage\":\"da-DK\"},{\"@type\":\"Organization\",\"@id\":\"https:\/\/www.nagel-group.com\/#organization\",\"name\":\"Nagel-Group\",\"url\":\"https:\/\/www.nagel-group.com\/\",\"logo\":{\"@type\":\"ImageObject\",\"inLanguage\":\"da-DK\",\"@id\":\"https:\/\/www.nagel-group.com\/#\/schema\/logo\/image\/\",\"url\":\"https:\/\/www.nagel-group.com\/wp-content\/uploads\/2020\/09\/Nagel-Group_Logo@2x.png\",\"contentUrl\":\"https:\/\/www.nagel-group.com\/wp-content\/uploads\/2020\/09\/Nagel-Group_Logo@2x.png\",\"width\":361,\"height\":100,\"caption\":\"Nagel-Group\"},\"image\":{\"@id\":\"https:\/\/www.nagel-group.com\/#\/schema\/logo\/image\/\"},\"sameAs\":[\"https:\/\/www.facebook.com\/Nagel-Group-1686584368272784\",\"https:\/\/x.com\/NagelGroup\",\"https:\/\/www.instagram.com\/nagelgroup\/\",\"https:\/\/www.linkedin.com\/company\/nagel-group\",\"https:\/\/de.wikipedia.org\/wiki\/Nagel-Group\"]}]}<\/script>\n<!-- \/ Yoast SEO plugin. -->","yoast_head_json":{"title":"Nagel Liller Downloads - Nagel-Group","description":"Nagel-Group Nagel Liller Downloads -","robots":{"index":"index","follow":"follow","max-snippet":"max-snippet:-1","max-image-preview":"max-image-preview:large","max-video-preview":"max-video-preview:-1"},"canonical":"https:\/\/www.nagel-group.com\/da\/nagel-danmark\/nagel-liller\/nagel-liller-downloads\/","og_locale":"da_DK","og_type":"article","og_title":"Nagel Liller Downloads - Nagel-Group","og_description":"Nagel-Group Nagel Liller Downloads -","og_url":"https:\/\/www.nagel-group.com\/da\/nagel-danmark\/nagel-liller\/nagel-liller-downloads\/","og_site_name":"Nagel-Group","article_publisher":"https:\/\/www.facebook.com\/Nagel-Group-1686584368272784","article_modified_time":"2026-04-07T05:46:17+00:00","twitter_card":"summary_large_image","twitter_site":"@NagelGroup","twitter_misc":{"Estimeret l\u00e6setid":"2 minutter"},"schema":{"@context":"https:\/\/schema.org","@graph":[{"@type":"WebPage","@id":"https:\/\/www.nagel-group.com\/da\/nagel-danmark\/nagel-liller\/nagel-liller-downloads\/","url":"https:\/\/www.nagel-group.com\/da\/nagel-danmark\/nagel-liller\/nagel-liller-downloads\/","name":"Nagel Liller Downloads - Nagel-Group","isPartOf":{"@id":"https:\/\/www.nagel-group.com\/#website"},"datePublished":"2021-06-29T06:27:46+00:00","dateModified":"2026-04-07T05:46:17+00:00","description":"Nagel-Group Nagel Liller Downloads -","breadcrumb":{"@id":"https:\/\/www.nagel-group.com\/da\/nagel-danmark\/nagel-liller\/nagel-liller-downloads\/#breadcrumb"},"inLanguage":"da-DK","potentialAction":[{"@type":"ReadAction","target":["https:\/\/www.nagel-group.com\/da\/nagel-danmark\/nagel-liller\/nagel-liller-downloads\/"]}]},{"@type":"BreadcrumbList","@id":"https:\/\/www.nagel-group.com\/da\/nagel-danmark\/nagel-liller\/nagel-liller-downloads\/#breadcrumb","itemListElement":[{"@type":"ListItem","position":1,"name":"Startseite","item":"https:\/\/www.nagel-group.com\/"},{"@type":"ListItem","position":2,"name":"Nagel Danmark","item":"https:\/\/www.nagel-group.com\/da\/nagel-danmark\/"},{"@type":"ListItem","position":3,"name":"Nagel Liller","item":"https:\/\/www.nagel-group.com\/da\/?page_id=5804"},{"@type":"ListItem","position":4,"name":"Nagel Liller Downloads"}]},{"@type":"WebSite","@id":"https:\/\/www.nagel-group.com\/#website","url":"https:\/\/www.nagel-group.com\/","name":"Nagel-Group","description":"Connecting the world of food\u00ae","publisher":{"@id":"https:\/\/www.nagel-group.com\/#organization"},"potentialAction":[{"@type":"SearchAction","target":{"@type":"EntryPoint","urlTemplate":"https:\/\/www.nagel-group.com\/?s={search_term_string}"},"query-input":{"@type":"PropertyValueSpecification","valueRequired":true,"valueName":"search_term_string"}}],"inLanguage":"da-DK"},{"@type":"Organization","@id":"https:\/\/www.nagel-group.com\/#organization","name":"Nagel-Group","url":"https:\/\/www.nagel-group.com\/","logo":{"@type":"ImageObject","inLanguage":"da-DK","@id":"https:\/\/www.nagel-group.com\/#\/schema\/logo\/image\/","url":"https:\/\/www.nagel-group.com\/wp-content\/uploads\/2020\/09\/Nagel-Group_Logo@2x.png","contentUrl":"https:\/\/www.nagel-group.com\/wp-content\/uploads\/2020\/09\/Nagel-Group_Logo@2x.png","width":361,"height":100,"caption":"Nagel-Group"},"image":{"@id":"https:\/\/www.nagel-group.com\/#\/schema\/logo\/image\/"},"sameAs":["https:\/\/www.facebook.com\/Nagel-Group-1686584368272784","https:\/\/x.com\/NagelGroup","https:\/\/www.instagram.com\/nagelgroup\/","https:\/\/www.linkedin.com\/company\/nagel-group","https:\/\/de.wikipedia.org\/wiki\/Nagel-Group"]}]}},"_links":{"self":[{"href":"https:\/\/www.nagel-group.com\/da\/wp-json\/wp\/v2\/pages\/12301","targetHints":{"allow":["GET"]}}],"collection":[{"href":"https:\/\/www.nagel-group.com\/da\/wp-json\/wp\/v2\/pages"}],"about":[{"href":"https:\/\/www.nagel-group.com\/da\/wp-json\/wp\/v2\/types\/page"}],"author":[{"embeddable":true,"href":"https:\/\/www.nagel-group.com\/da\/wp-json\/wp\/v2\/users\/26"}],"replies":[{"embeddable":true,"href":"https:\/\/www.nagel-group.com\/da\/wp-json\/wp\/v2\/comments?post=12301"}],"version-history":[{"count":90,"href":"https:\/\/www.nagel-group.com\/da\/wp-json\/wp\/v2\/pages\/12301\/revisions"}],"predecessor-version":[{"id":54509,"href":"https:\/\/www.nagel-group.com\/da\/wp-json\/wp\/v2\/pages\/12301\/revisions\/54509"}],"up":[{"embeddable":true,"href":"https:\/\/www.nagel-group.com\/da\/wp-json\/wp\/v2\/pages\/5804"}],"wp:attachment":[{"href":"https:\/\/www.nagel-group.com\/da\/wp-json\/wp\/v2\/media?parent=12301"}],"curies":[{"name":"wp","href":"https:\/\/api.w.org\/{rel}","templated":true}]}}