{"id":12105,"date":"2021-06-28T08:33:24","date_gmt":"2021-06-28T07:33:24","guid":{"rendered":"https:\/\/www.nagel-group.com\/?page_id=12105"},"modified":"2025-08-07T16:01:32","modified_gmt":"2025-08-07T14:01:32","slug":"nagel-liller-services-2","status":"publish","type":"page","link":"https:\/\/www.nagel-group.com\/da\/nagel-danmark\/nagel-liller\/nagel-liller-services-2\/","title":{"rendered":"Nagel Liller Services"},"content":{"rendered":"<div class=\"wpb-content-wrapper\"><p>[vc_row full_width=&#8221;stretch_row_content_no_spaces&#8221;][vc_column]<div class=\"top-banner big lazyload\" style=\"background-image:inherit;\" data-bg-image=\"url(https:\/\/www.nagel-group.com\/wp-content\/uploads\/2021\/07\/Nagel-Group-Nagel-Danmark-Nagel-Liller_lkw_Kreisel.png)\"><div class=\"small-cc\"><h1>Services<\/h1><\/div><\/div>[\/vc_column][\/vc_row][vc_row full_width=&#8221;stretch_row&#8221; el_class=&#8221;blue&#8211;inner&#8221;][vc_column][vc_column_text]<\/p>\n<h2><strong>Find os p\u00e5 de danske veje<\/strong><\/h2>\n<p>Nagel Liller A\/S tilbyder f\u00f8devarelogistik i b\u00e5de \u00e5bne og dedikerede systemer. Vi d\u00e6kker alt fra frosne f\u00f8devarer ved -22\u00b0C til k\u00f8l ved +2\u00b0C. Vores k\u00f8ret\u00f8jer er udstyret med satellit GPS og temperaturoverv\u00e5gning, som sikrer problemfri planl\u00e6gning og kvalitetskontrol.<\/p>\n<p>&nbsp;<\/p>\n<p>I Danmark tilbydes 24 timers service. Skandinavien og resten af Europa kan n\u00e5s med Nagel-Groups internationale netv\u00e6rk. Vores specialiserede fokus p\u00e5 f\u00f8devarelogistik g\u00f8r, at vi kender markedskravene og agerer derefter.<\/p>\n<p>&nbsp;<\/p>\n<p>Vi tilbyder dig skr\u00e6ddersyede lager- og logistikl\u00f8sninger, som du kan l\u00e6se mere om nedenst\u00e5ende.[\/vc_column_text][vc_empty_space][vc_empty_space][vc_empty_space][\/vc_column][\/vc_row][vc_row el_class=&#8221;logistik&#8211;second list&#8211;style first&#8221;][vc_column][vc_column_text]<\/p>\n<h2>Vores temperaturklasser<\/h2>\n<p>[\/vc_column_text][vc_row_inner el_class=&#8221;full&#8211;img gese&#8211;bot management&#8211;section&#8221;][vc_column_inner width=&#8221;1\/2&#8243;]<div class=\"img-text-section \"><div class=\"each--img-text\"><div class=\"imgtxt-img lazyload\" style=\"background-image:inherit;\" data-bg-image=\"url(https:\/\/www.nagel-group.com\/wp-content\/uploads\/2021\/07\/Nagel-Group_Temperaturbereiche_Ultrafrische-scaled.jpg)\"><\/div><div class=\"each--infos\"><h3 class=\"inherit\">K\u00f8levarer (0\u00b0 C til +4\u00b0 C)<\/h3><div class=\"box--content\"><p>Ost<br \/>\nK\u00f8d<br \/>\nP\u00e5l\u00e6g<\/p>\n<\/div><\/div><\/div><\/div>[\/vc_column_inner][vc_column_inner width=&#8221;1\/2&#8243;]<div class=\"img-text-section \"><div class=\"each--img-text\"><div class=\"imgtxt-img lazyload\" style=\"background-image:inherit;\" data-bg-image=\"url(https:\/\/www.nagel-group.com\/wp-content\/uploads\/2020\/11\/Leistung_Temperaturbereiche_Tiefkuehl_396x255px.png)\"><\/div><div class=\"each--infos\"><h3 class=\"inherit\">Dybfrost (-18 \u00b0C og koldere)<\/h3><div class=\"box--content\"><p>Br\u00f8d<br \/>\nK\u00f8d<br \/>\nIs<\/p>\n<\/div><\/div><\/div><\/div>[\/vc_column_inner][\/vc_row_inner][\/vc_column][\/vc_row][vc_row el_class=&#8221;list&#8211;style direct&#8211;list&#8221;][vc_column][vc_column_text]<\/p>\n<h2>Transport<\/h2>\n<p>[\/vc_column_text][vc_column_text]<strong>Vores trailerfl\u00e5de er udstyret med:<\/strong><\/p>\n<ul>\n<li>Dobbelt-compartment<\/li>\n<li>Lift og dobbeltd\u00e6k<\/li>\n<li>Satellit-overv\u00e5gning<\/li>\n<li>Automatisk log af k\u00f8letemperaturer, indstillet temperatur, indbl\u00e6sningstemperatur, temperatur midt\u00a0og bag i trailer samt returluft<\/li>\n<li>ATP godkendelse<\/li>\n<li>El stablere<\/li>\n<\/ul>\n<p>[\/vc_column_text][vc_empty_space][vc_column_text]<img decoding=\"async\" class=\"aligncenter wp-image-12736 lazyload\" data-src=\"https:\/\/www.nagel-group.com\/wp-content\/uploads\/2021\/07\/Nagel-Group_Lkw_Personal_Mitarbeiter.jpg\" alt=\"\" width=\"971\" height=\"647\" data-srcset=\"https:\/\/www.nagel-group.com\/wp-content\/uploads\/2021\/07\/Nagel-Group_Lkw_Personal_Mitarbeiter.jpg 300w, https:\/\/www.nagel-group.com\/wp-content\/uploads\/2021\/07\/Nagel-Group_Lkw_Personal_Mitarbeiter.jpg 1024w, https:\/\/www.nagel-group.com\/wp-content\/uploads\/2021\/07\/Nagel-Group_Lkw_Personal_Mitarbeiter.jpg 768w, https:\/\/www.nagel-group.com\/wp-content\/uploads\/2021\/07\/Nagel-Group_Lkw_Personal_Mitarbeiter.jpg 1536w, https:\/\/www.nagel-group.com\/wp-content\/uploads\/2021\/07\/Nagel-Group_Lkw_Personal_Mitarbeiter-scaled.jpg 2048w, https:\/\/www.nagel-group.com\/wp-content\/uploads\/2021\/07\/Nagel-Group_Lkw_Personal_Mitarbeiter.jpg 1320w\" data-sizes=\"(max-width: 971px) 100vw, 971px\" src=\"data:image\/svg+xml;base64,PHN2ZyB3aWR0aD0iMSIgaGVpZ2h0PSIxIiB4bWxucz0iaHR0cDovL3d3dy53My5vcmcvMjAwMC9zdmciPjwvc3ZnPg==\" style=\"--smush-placeholder-width: 971px; --smush-placeholder-aspect-ratio: 971\/647;\" \/>[\/vc_column_text][\/vc_column][\/vc_row][vc_row full_width=&#8221;stretch_row&#8221; el_class=&#8221;list&#8211;style&#8221;][vc_column][vc_row_inner][vc_column_inner][vc_column_text]<\/p>\n<h2>Lagerlogistik<\/h2>\n<p>Ud over transportlogistik tilbyder Nagel Liller A \/ S ogs\u00e5 moderne lagerl\u00f8sninger. Dette inkluderer kontrol og overv\u00e5gning af dine varer, opbevaring deraf samt l\u00e6sning og losning af dine containere. Derudover underst\u00f8tter vi dig ved plukning, pakning og m\u00e6rkning af dine produkter.<\/p>\n<p>&nbsp;<\/p>\n<p><img decoding=\"async\" class=\"aligncenter wp-image-12740 lazyload\" data-src=\"https:\/\/www.nagel-group.com\/wp-content\/uploads\/2021\/07\/Nagel-Group_Lager_Personal_Team.jpg\" alt=\"\" width=\"971\" height=\"647\" data-srcset=\"https:\/\/www.nagel-group.com\/wp-content\/uploads\/2021\/07\/Nagel-Group_Lager_Personal_Team.jpg 300w, https:\/\/www.nagel-group.com\/wp-content\/uploads\/2021\/07\/Nagel-Group_Lager_Personal_Team.jpg 1024w, https:\/\/www.nagel-group.com\/wp-content\/uploads\/2021\/07\/Nagel-Group_Lager_Personal_Team.jpg 768w, https:\/\/www.nagel-group.com\/wp-content\/uploads\/2021\/07\/Nagel-Group_Lager_Personal_Team.jpg 1536w, https:\/\/www.nagel-group.com\/wp-content\/uploads\/2021\/07\/Nagel-Group_Lager_Personal_Team-scaled.jpg 2048w, https:\/\/www.nagel-group.com\/wp-content\/uploads\/2021\/07\/Nagel-Group_Lager_Personal_Team.jpg 1320w\" data-sizes=\"(max-width: 971px) 100vw, 971px\" src=\"data:image\/svg+xml;base64,PHN2ZyB3aWR0aD0iMSIgaGVpZ2h0PSIxIiB4bWxucz0iaHR0cDovL3d3dy53My5vcmcvMjAwMC9zdmciPjwvc3ZnPg==\" style=\"--smush-placeholder-width: 971px; --smush-placeholder-aspect-ratio: 971\/647;\" \/>[\/vc_column_text][\/vc_column_inner][\/vc_row_inner][vc_row_inner][vc_column_inner][vc_column_text el_class=&#8221;list&#8211;style&#8221;]<strong>Ud over transportekspertise udbyder Nagel Liller A\/S ogs\u00e5 moderne logistikl\u00f8sninger, som indeb\u00e6rer:<\/strong><\/p>\n<ul>\n<li>Varemodtagelse\u00a0og\u00a0kontrol<\/li>\n<li>Lagring<\/li>\n<li>Ekspedition herunder:\u00a0Pick\u00a0&amp; Pack l\u00f8sninger<\/li>\n<li>Copack\u00a0af displaybokse<\/li>\n<li>Leveringskontrol og udarbejdelse af transportdokumenter<\/li>\n<li>Vask af genbrugsemballage<\/li>\n<li>P\u00e5- og afl\u00e6sning af containere<\/li>\n<\/ul>\n<p>[\/vc_column_text][\/vc_column_inner][\/vc_row_inner][\/vc_column][\/vc_row][vc_row][vc_column][vc_column_text]<\/p>\n<h2>Der er mange fordele ved at samarbejde med Nagel Liller A\/S!<\/h2>\n<p>[\/vc_column_text][\/vc_column][\/vc_row][vc_row full_width=&#8221;stretch_row&#8221; el_class=&#8221;left-form home&#8211;second img-box-direct&#8221;][vc_column][vc_row_inner][vc_column_inner width=&#8221;1\/3&#8243;]<div class=\"img-text-section \"><div class=\"each--img-text\"><div class=\"imgtxt-img lazyload\" style=\"background-image:inherit;\" data-bg-image=\"url(https:\/\/www.nagel-group.com\/wp-content\/uploads\/2021\/07\/Nagel-Group_Nagel_Liller_Contact_Personal-scaled.jpg)\"><\/div><div class=\"each--infos\"><h3 class=\"inherit\">Kom i kontakt med os!<\/h3><div class=\"box--content\"><p>Nimvej 2<br \/>\n7120 Vejle \u00d8st<\/p>\n<p>T: +45 88 72 80 00<\/p>\n<p>E: <a href=\"mailto:post@nagel-liller.dk\">post@nagel-liller.dk<\/a><\/p>\n<\/div><\/div><\/div><\/div>[\/vc_column_inner][vc_column_inner width=&#8221;1\/3&#8243;]<div class=\"img-text-section \"><a class=\"full-box-link\" href=\"https:\/\/www.nagel-group.com\/da\/nagel-danmark\/nagel-danmark\/\"><\/a><div class=\"each--img-text\"><div class=\"imgtxt-img lazyload\" style=\"background-image:inherit;\" data-bg-image=\"url(https:\/\/www.nagel-group.com\/wp-content\/uploads\/2020\/10\/Nagel-Group_Personal_Tiefkuehl_Lager-scaled.jpg)\"><\/div><div class=\"each--infos\"><h3 class=\"inherit\">Vil du ogs\u00e5 gerne g\u00f8re brug af vores tjenester internationalt<\/h3><div class=\"box--content\"><p>For mere information om international h\u00e5ndtering bedes du kontakte Nagel Danmark.<\/p>\n<\/div><a class=\"box--link inherit\" href=\"https:\/\/www.nagel-group.com\/da\/nagel-danmark\/nagel-danmark\/\">Mere<\/a><\/div><\/div><\/div>[\/vc_column_inner][vc_column_inner width=&#8221;1\/3&#8243;]<div class=\"img-text-section \"><a class=\"full-box-link\" href=\"https:\/\/www.nagel-group.com\/da\/nagel-danmark\/nagel-liller\/nagel-liller-internetbooking\/\"><\/a><div class=\"each--img-text\"><div class=\"imgtxt-img lazyload\" style=\"background-image:inherit;\" data-bg-image=\"url(https:\/\/www.nagel-group.com\/wp-content\/uploads\/2020\/10\/Nagel-Group_Tiefkuehl_Lager_Stapler_Willich_Stapler-scaled.jpg)\"><div class=\"image--caption\">Foto: Behrendt &amp; Rausch Fotografie<\/div><\/div><div class=\"each--infos\"><h3 class=\"inherit\">InternetBooking<\/h3><div class=\"box--content\"><div class=\"wpb_column vc_column_container vc_col-sm-12\">\n<div class=\"vc_column-inner\">\n<div class=\"wpb_wrapper\">\n<div class=\"wpb_text_column wpb_content_element \">\n<div class=\"wpb_wrapper\">\n<p>Den st\u00f8rste fordel ved InternetBooking: Du logger ind, og kan starte med det samme- uden lange ventetider.<\/p>\n<p>&nbsp;<\/p>\n<\/div>\n<\/div>\n<\/div>\n<\/div>\n<\/div>\n<\/div><a class=\"box--link inherit\" href=\"https:\/\/www.nagel-group.com\/da\/nagel-danmark\/nagel-liller\/nagel-liller-internetbooking\/\">Mere<\/a><\/div><\/div><\/div>[\/vc_column_inner][\/vc_row_inner][\/vc_column][\/vc_row]<\/p>\n<\/div>","protected":false},"excerpt":{"rendered":"<p> Find os p\u00e5 de danske veje Nagel Liller A\/S tilbyder f\u00f8devarelogistik i b\u00e5de \u00e5bne og dedikerede<\/p>\n","protected":false},"author":26,"featured_media":12727,"parent":5804,"menu_order":125,"comment_status":"closed","ping_status":"closed","template":"","meta":{"_acf_changed":false,"inline_featured_image":false,"footnotes":""},"class_list":["post-12105","page","type-page","status-publish","has-post-thumbnail","hentry"],"acf":[],"yoast_head":"<!-- This site is optimized with the Yoast SEO plugin v26.8 - https:\/\/yoast.com\/product\/yoast-seo-wordpress\/ -->\n<title>Nagel Liller Services - Nagel-Group<\/title>\n<meta name=\"description\" content=\"Nagel-Group Nagel Liller Services -\" \/>\n<meta name=\"robots\" content=\"index, follow, max-snippet:-1, max-image-preview:large, max-video-preview:-1\" \/>\n<link rel=\"canonical\" href=\"https:\/\/www.nagel-group.com\/da\/nagel-danmark\/nagel-liller\/nagel-liller-services-2\/\" \/>\n<meta property=\"og:locale\" content=\"da_DK\" \/>\n<meta property=\"og:type\" content=\"article\" \/>\n<meta property=\"og:title\" content=\"Nagel Liller Services - Nagel-Group\" \/>\n<meta property=\"og:description\" content=\"Nagel-Group Nagel Liller Services -\" \/>\n<meta property=\"og:url\" content=\"https:\/\/www.nagel-group.com\/da\/nagel-danmark\/nagel-liller\/nagel-liller-services-2\/\" \/>\n<meta property=\"og:site_name\" content=\"Nagel-Group\" \/>\n<meta property=\"article:publisher\" content=\"https:\/\/www.facebook.com\/Nagel-Group-1686584368272784\" \/>\n<meta property=\"article:modified_time\" content=\"2025-08-07T14:01:32+00:00\" \/>\n<meta property=\"og:image\" content=\"https:\/\/www.nagel-group.com\/wp-content\/uploads\/2021\/07\/Nagel-Group-Nagel-Danmark-Nagel-Liller_lkw_Kreisel.png\" \/>\n\t<meta property=\"og:image:width\" content=\"1920\" \/>\n\t<meta property=\"og:image:height\" content=\"587\" \/>\n\t<meta property=\"og:image:type\" content=\"image\/png\" \/>\n<meta name=\"twitter:card\" content=\"summary_large_image\" \/>\n<meta name=\"twitter:site\" content=\"@NagelGroup\" \/>\n<meta name=\"twitter:label1\" content=\"Estimeret l\u00e6setid\" \/>\n\t<meta name=\"twitter:data1\" content=\"3 minutter\" \/>\n<script type=\"application\/ld+json\" class=\"yoast-schema-graph\">{\"@context\":\"https:\/\/schema.org\",\"@graph\":[{\"@type\":\"WebPage\",\"@id\":\"https:\/\/www.nagel-group.com\/da\/nagel-danmark\/nagel-liller\/nagel-liller-services-2\/\",\"url\":\"https:\/\/www.nagel-group.com\/da\/nagel-danmark\/nagel-liller\/nagel-liller-services-2\/\",\"name\":\"Nagel Liller Services - Nagel-Group\",\"isPartOf\":{\"@id\":\"https:\/\/www.nagel-group.com\/#website\"},\"primaryImageOfPage\":{\"@id\":\"https:\/\/www.nagel-group.com\/da\/nagel-danmark\/nagel-liller\/nagel-liller-services-2\/#primaryimage\"},\"image\":{\"@id\":\"https:\/\/www.nagel-group.com\/da\/nagel-danmark\/nagel-liller\/nagel-liller-services-2\/#primaryimage\"},\"thumbnailUrl\":\"https:\/\/www.nagel-group.com\/wp-content\/uploads\/2021\/07\/Nagel-Group-Nagel-Danmark-Nagel-Liller_lkw_Kreisel.png\",\"datePublished\":\"2021-06-28T07:33:24+00:00\",\"dateModified\":\"2025-08-07T14:01:32+00:00\",\"description\":\"Nagel-Group Nagel Liller Services -\",\"breadcrumb\":{\"@id\":\"https:\/\/www.nagel-group.com\/da\/nagel-danmark\/nagel-liller\/nagel-liller-services-2\/#breadcrumb\"},\"inLanguage\":\"da-DK\",\"potentialAction\":[{\"@type\":\"ReadAction\",\"target\":[\"https:\/\/www.nagel-group.com\/da\/nagel-danmark\/nagel-liller\/nagel-liller-services-2\/\"]}]},{\"@type\":\"ImageObject\",\"inLanguage\":\"da-DK\",\"@id\":\"https:\/\/www.nagel-group.com\/da\/nagel-danmark\/nagel-liller\/nagel-liller-services-2\/#primaryimage\",\"url\":\"https:\/\/www.nagel-group.com\/wp-content\/uploads\/2021\/07\/Nagel-Group-Nagel-Danmark-Nagel-Liller_lkw_Kreisel.png\",\"contentUrl\":\"https:\/\/www.nagel-group.com\/wp-content\/uploads\/2021\/07\/Nagel-Group-Nagel-Danmark-Nagel-Liller_lkw_Kreisel.png\",\"width\":1920,\"height\":587},{\"@type\":\"BreadcrumbList\",\"@id\":\"https:\/\/www.nagel-group.com\/da\/nagel-danmark\/nagel-liller\/nagel-liller-services-2\/#breadcrumb\",\"itemListElement\":[{\"@type\":\"ListItem\",\"position\":1,\"name\":\"Startseite\",\"item\":\"https:\/\/www.nagel-group.com\/\"},{\"@type\":\"ListItem\",\"position\":2,\"name\":\"Nagel Danmark\",\"item\":\"https:\/\/www.nagel-group.com\/da\/nagel-danmark\/\"},{\"@type\":\"ListItem\",\"position\":3,\"name\":\"Nagel Liller\",\"item\":\"https:\/\/www.nagel-group.com\/da\/?page_id=5804\"},{\"@type\":\"ListItem\",\"position\":4,\"name\":\"Nagel Liller Services\"}]},{\"@type\":\"WebSite\",\"@id\":\"https:\/\/www.nagel-group.com\/#website\",\"url\":\"https:\/\/www.nagel-group.com\/\",\"name\":\"Nagel-Group\",\"description\":\"Connecting the world of food\u00ae\",\"publisher\":{\"@id\":\"https:\/\/www.nagel-group.com\/#organization\"},\"potentialAction\":[{\"@type\":\"SearchAction\",\"target\":{\"@type\":\"EntryPoint\",\"urlTemplate\":\"https:\/\/www.nagel-group.com\/?s={search_term_string}\"},\"query-input\":{\"@type\":\"PropertyValueSpecification\",\"valueRequired\":true,\"valueName\":\"search_term_string\"}}],\"inLanguage\":\"da-DK\"},{\"@type\":\"Organization\",\"@id\":\"https:\/\/www.nagel-group.com\/#organization\",\"name\":\"Nagel-Group\",\"url\":\"https:\/\/www.nagel-group.com\/\",\"logo\":{\"@type\":\"ImageObject\",\"inLanguage\":\"da-DK\",\"@id\":\"https:\/\/www.nagel-group.com\/#\/schema\/logo\/image\/\",\"url\":\"https:\/\/www.nagel-group.com\/wp-content\/uploads\/2020\/09\/Nagel-Group_Logo@2x.png\",\"contentUrl\":\"https:\/\/www.nagel-group.com\/wp-content\/uploads\/2020\/09\/Nagel-Group_Logo@2x.png\",\"width\":361,\"height\":100,\"caption\":\"Nagel-Group\"},\"image\":{\"@id\":\"https:\/\/www.nagel-group.com\/#\/schema\/logo\/image\/\"},\"sameAs\":[\"https:\/\/www.facebook.com\/Nagel-Group-1686584368272784\",\"https:\/\/x.com\/NagelGroup\",\"https:\/\/www.instagram.com\/nagelgroup\/\",\"https:\/\/www.linkedin.com\/company\/nagel-group\",\"https:\/\/de.wikipedia.org\/wiki\/Nagel-Group\"]}]}<\/script>\n<!-- \/ Yoast SEO plugin. -->","yoast_head_json":{"title":"Nagel Liller Services - Nagel-Group","description":"Nagel-Group Nagel Liller Services -","robots":{"index":"index","follow":"follow","max-snippet":"max-snippet:-1","max-image-preview":"max-image-preview:large","max-video-preview":"max-video-preview:-1"},"canonical":"https:\/\/www.nagel-group.com\/da\/nagel-danmark\/nagel-liller\/nagel-liller-services-2\/","og_locale":"da_DK","og_type":"article","og_title":"Nagel Liller Services - Nagel-Group","og_description":"Nagel-Group Nagel Liller Services -","og_url":"https:\/\/www.nagel-group.com\/da\/nagel-danmark\/nagel-liller\/nagel-liller-services-2\/","og_site_name":"Nagel-Group","article_publisher":"https:\/\/www.facebook.com\/Nagel-Group-1686584368272784","article_modified_time":"2025-08-07T14:01:32+00:00","og_image":[{"width":1920,"height":587,"url":"https:\/\/www.nagel-group.com\/wp-content\/uploads\/2021\/07\/Nagel-Group-Nagel-Danmark-Nagel-Liller_lkw_Kreisel.png","type":"image\/png"}],"twitter_card":"summary_large_image","twitter_site":"@NagelGroup","twitter_misc":{"Estimeret l\u00e6setid":"3 minutter"},"schema":{"@context":"https:\/\/schema.org","@graph":[{"@type":"WebPage","@id":"https:\/\/www.nagel-group.com\/da\/nagel-danmark\/nagel-liller\/nagel-liller-services-2\/","url":"https:\/\/www.nagel-group.com\/da\/nagel-danmark\/nagel-liller\/nagel-liller-services-2\/","name":"Nagel Liller Services - Nagel-Group","isPartOf":{"@id":"https:\/\/www.nagel-group.com\/#website"},"primaryImageOfPage":{"@id":"https:\/\/www.nagel-group.com\/da\/nagel-danmark\/nagel-liller\/nagel-liller-services-2\/#primaryimage"},"image":{"@id":"https:\/\/www.nagel-group.com\/da\/nagel-danmark\/nagel-liller\/nagel-liller-services-2\/#primaryimage"},"thumbnailUrl":"https:\/\/www.nagel-group.com\/wp-content\/uploads\/2021\/07\/Nagel-Group-Nagel-Danmark-Nagel-Liller_lkw_Kreisel.png","datePublished":"2021-06-28T07:33:24+00:00","dateModified":"2025-08-07T14:01:32+00:00","description":"Nagel-Group Nagel Liller Services -","breadcrumb":{"@id":"https:\/\/www.nagel-group.com\/da\/nagel-danmark\/nagel-liller\/nagel-liller-services-2\/#breadcrumb"},"inLanguage":"da-DK","potentialAction":[{"@type":"ReadAction","target":["https:\/\/www.nagel-group.com\/da\/nagel-danmark\/nagel-liller\/nagel-liller-services-2\/"]}]},{"@type":"ImageObject","inLanguage":"da-DK","@id":"https:\/\/www.nagel-group.com\/da\/nagel-danmark\/nagel-liller\/nagel-liller-services-2\/#primaryimage","url":"https:\/\/www.nagel-group.com\/wp-content\/uploads\/2021\/07\/Nagel-Group-Nagel-Danmark-Nagel-Liller_lkw_Kreisel.png","contentUrl":"https:\/\/www.nagel-group.com\/wp-content\/uploads\/2021\/07\/Nagel-Group-Nagel-Danmark-Nagel-Liller_lkw_Kreisel.png","width":1920,"height":587},{"@type":"BreadcrumbList","@id":"https:\/\/www.nagel-group.com\/da\/nagel-danmark\/nagel-liller\/nagel-liller-services-2\/#breadcrumb","itemListElement":[{"@type":"ListItem","position":1,"name":"Startseite","item":"https:\/\/www.nagel-group.com\/"},{"@type":"ListItem","position":2,"name":"Nagel Danmark","item":"https:\/\/www.nagel-group.com\/da\/nagel-danmark\/"},{"@type":"ListItem","position":3,"name":"Nagel Liller","item":"https:\/\/www.nagel-group.com\/da\/?page_id=5804"},{"@type":"ListItem","position":4,"name":"Nagel Liller Services"}]},{"@type":"WebSite","@id":"https:\/\/www.nagel-group.com\/#website","url":"https:\/\/www.nagel-group.com\/","name":"Nagel-Group","description":"Connecting the world of food\u00ae","publisher":{"@id":"https:\/\/www.nagel-group.com\/#organization"},"potentialAction":[{"@type":"SearchAction","target":{"@type":"EntryPoint","urlTemplate":"https:\/\/www.nagel-group.com\/?s={search_term_string}"},"query-input":{"@type":"PropertyValueSpecification","valueRequired":true,"valueName":"search_term_string"}}],"inLanguage":"da-DK"},{"@type":"Organization","@id":"https:\/\/www.nagel-group.com\/#organization","name":"Nagel-Group","url":"https:\/\/www.nagel-group.com\/","logo":{"@type":"ImageObject","inLanguage":"da-DK","@id":"https:\/\/www.nagel-group.com\/#\/schema\/logo\/image\/","url":"https:\/\/www.nagel-group.com\/wp-content\/uploads\/2020\/09\/Nagel-Group_Logo@2x.png","contentUrl":"https:\/\/www.nagel-group.com\/wp-content\/uploads\/2020\/09\/Nagel-Group_Logo@2x.png","width":361,"height":100,"caption":"Nagel-Group"},"image":{"@id":"https:\/\/www.nagel-group.com\/#\/schema\/logo\/image\/"},"sameAs":["https:\/\/www.facebook.com\/Nagel-Group-1686584368272784","https:\/\/x.com\/NagelGroup","https:\/\/www.instagram.com\/nagelgroup\/","https:\/\/www.linkedin.com\/company\/nagel-group","https:\/\/de.wikipedia.org\/wiki\/Nagel-Group"]}]}},"_links":{"self":[{"href":"https:\/\/www.nagel-group.com\/da\/wp-json\/wp\/v2\/pages\/12105","targetHints":{"allow":["GET"]}}],"collection":[{"href":"https:\/\/www.nagel-group.com\/da\/wp-json\/wp\/v2\/pages"}],"about":[{"href":"https:\/\/www.nagel-group.com\/da\/wp-json\/wp\/v2\/types\/page"}],"author":[{"embeddable":true,"href":"https:\/\/www.nagel-group.com\/da\/wp-json\/wp\/v2\/users\/26"}],"replies":[{"embeddable":true,"href":"https:\/\/www.nagel-group.com\/da\/wp-json\/wp\/v2\/comments?post=12105"}],"version-history":[{"count":27,"href":"https:\/\/www.nagel-group.com\/da\/wp-json\/wp\/v2\/pages\/12105\/revisions"}],"predecessor-version":[{"id":49241,"href":"https:\/\/www.nagel-group.com\/da\/wp-json\/wp\/v2\/pages\/12105\/revisions\/49241"}],"up":[{"embeddable":true,"href":"https:\/\/www.nagel-group.com\/da\/wp-json\/wp\/v2\/pages\/5804"}],"wp:featuredmedia":[{"embeddable":true,"href":"https:\/\/www.nagel-group.com\/da\/wp-json\/wp\/v2\/media\/12727"}],"wp:attachment":[{"href":"https:\/\/www.nagel-group.com\/da\/wp-json\/wp\/v2\/media?parent=12105"}],"curies":[{"name":"wp","href":"https:\/\/api.w.org\/{rel}","templated":true}]}}