{"id":12104,"date":"2021-06-28T08:25:44","date_gmt":"2021-06-28T07:25:44","guid":{"rendered":"https:\/\/www.nagel-group.com\/?page_id=12104"},"modified":"2025-08-07T16:09:32","modified_gmt":"2025-08-07T14:09:32","slug":"nagel-liller-locations","status":"publish","type":"page","link":"https:\/\/www.nagel-group.com\/da\/nagel-danmark\/nagel-liller\/nagel-liller-locations\/","title":{"rendered":"Nagel Liller Locations"},"content":{"rendered":"<div class=\"wpb-content-wrapper\"><p>[vc_row full_width=&#8221;stretch_row_content_no_spaces&#8221; el_class=&#8221;count-list-top&#8221;][vc_column]<div class=\"top-banner big lazyload\" style=\"background-image:inherit;\" data-bg-image=\"url(https:\/\/www.nagel-group.com\/wp-content\/uploads\/2021\/07\/Nagel-Liller_Nagel-Group_Drohnenaufnahme_Lager.jpg)\"><div class=\"small-cc\"><h1>Lokationer<\/h1><\/div><\/div>[\/vc_column][\/vc_row][vc_row el_class=&#8221;list&#8211;style nag&#8211;inner&#8211;c&#8221;][vc_column][vc_column_text]Nagel Liller A\/S r\u00e5der over tre strategisk placerede filialer, i henholdsvis Vejle, Struer og Ringsted. De tre filialer udg\u00f8r en samlet kapacitet p\u00e5 30.000 m\u00b2 crossdock terminal og logistik, som kontinuerligt udvides i takt med den stigende eftersp\u00f8rgsel.<\/p>\n<p>Nagel Liller A\/S har egen vognpark med mere end 100 tr\u00e6kkere og forvogne samt +400 trailere. Desuden har vi et l\u00e6ngerevarende samarbejde med selvst\u00e6ndige vognm\u00e6nd, som har stor ekspertise inden for transport af f\u00f8devarer.<\/p>\n<p>Alle vores transporter og andre ydelser gennemf\u00f8res naturligvis i overensstemmelse med g\u00e6ldende dansk og international lovgivning.[\/vc_column_text]       \r\n       <div class=\"standorte--table  \">\r\n       \t   <div class=\"stan-table-top bg-inherit\">\r\n                              \t\t<div class=\"stan-left\">\r\n                  \t\t<h3>30.000 m<sup>2<\/sup><\/h3>\r\n                  \t\t<p>Lagerplads<\/p>\r\n                  \t<\/div>\r\n                                               \t\t<div class=\"stan-right\">\r\n                  \t\t<h3>400<\/h3>   \t\t\r\n                  \t\t<p>medarbejdere<\/p>\r\n                  \t<\/div>\r\n                      \t\t<\/div>\r\n       <div class=\"stan-table-bot\">\r\n       \t       \t        <div class=\"table-bot-inner inherit\">\r\n       \t        \t<div class=\"bot--first\">Nagel Liller Ringsted<\/div>\r\n       \t        \t       \t        \t\t<div class=\"bot--mid link--to--maps\">\r\n                                                        <a href=\"https:\/\/www.google.com\/maps\/search\/?api=1&query=Nagel%2BLiller%2BRingsted%2BAfdeling%2BBj%C3%A6verskov%2BTingbjergvej%2B1%2B%2B4632%2BBj%C3%A6verskov%2B\" target=\"_blank\">\r\n                                Nagel Liller A\/S<br \/>\r\nAfdeling Ringsted<br \/>\r\nJordemodervej 40<br \/>\r\n4100 Ringsted                            <\/a> \r\n                        <\/div>\r\n       \t        \t       \t        \t<div class=\"bot-right\"><p><a href=\"mailto:dk.east@nagel-liller.dk\"><span>T:<\/span> <\/a><a href=\"tel:+45 (0) 88 7280 70\">+45 (0) 88 72 80 70<\/a><a href=\"mailto:dk.east@nagel-liller.dk\"><br \/>\n<span>E:<\/span> <\/a><a href=\"mailto:dk.east@nagel-liller.dk\">dk.east@nagel-liller.dk<\/a><\/p>\n<p>&nbsp;<\/p>\n<p>&nbsp;<\/p>\n<p>&nbsp;<\/p>\n<\/div>\r\n       \t        <\/div>\r\n       \t               \t        <div class=\"table-bot-inner inherit\">\r\n       \t        \t<div class=\"bot--first\">Nagel Liller Struer<\/div>\r\n       \t        \t       \t        \t\t<div class=\"bot--mid link--to--maps\">\r\n                                                        <a href=\"https:\/\/www.google.com\/maps\/search\/?api=1&query=Nagel%2BLiller%2BStruer%2BAfdeling%2BStruer%2BF%C3%A6lledvej%2B27%2B7600%2BStruer\" target=\"_blank\">\r\n                                Nagel Liller A\/S<br \/>\r\nAfdeling Struer<br \/>\r\nF\u00e6lledvej 27<br \/>\r\n7600 Struer                             <\/a> \r\n                        <\/div>\r\n       \t        \t       \t        \t<div class=\"bot-right\"><p><span>T:<\/span> <a href=\"tel:+45 88 72 80 22\">+45 88 72 80 22<\/a><br \/>\n<span>E:<\/span> <a href=\"mailto:dk.north@nagel-liller.dk\">dk.north@nagel-liller.dk<\/a><\/p>\n<p>&nbsp;<\/p>\n<\/div>\r\n       \t        <\/div>\r\n       \t               \t        <div class=\"table-bot-inner inherit\">\r\n       \t        \t<div class=\"bot--first\">Nagel Liller Vejle<\/div>\r\n       \t        \t       \t        \t\t<div class=\"bot--mid link--to--maps\">\r\n                                                        <a href=\"https:\/\/www.google.com\/maps\/search\/?api=1&query=Nagel%2BLiller%2BVejle%2BAfdeling%2BVejle%2BFrostvej%2B14%2B7100%2BVejle\" target=\"_blank\">\r\n                                Nagel Liller A\/S<br \/>\r\nAfdeling Vejle<br \/>\r\nNimvej 2<br \/>\r\n7120 Vejle \u00d8st                            <\/a> \r\n                        <\/div>\r\n       \t        \t       \t        \t<div class=\"bot-right\"><p><span>T:<\/span> <a href=\"tel:+45 88 72 80 22\">+45 88 72 80 22<\/a><br \/>\n<span>E:<\/span> <a href=\"mailto:dk.south@nagel-liller.dk\">dk.south@nagel-liller.dk<\/a><\/p>\n<p>&nbsp;<\/p>\n<\/div>\r\n       \t        <\/div>\r\n       \t               \t        <div class=\"table-bot-inner inherit\">\r\n       \t        \t<div class=\"bot--first\">Nagel Liller Vejle<\/div>\r\n       \t        \t       \t        \t\t<div class=\"bot--mid link--to--maps\">\r\n                                                        <a href=\"https:\/\/www.google.com\/maps\/search\/?api=1&query=Nagel%2BLiller%2BVejle%2BFrostvej%2B14%2B7100%2BVejle\" target=\"_blank\">\r\n                                Nagel Liller A\/S<br \/>\r\nAfdeling Vejle<br \/>\r\nFrostvej 14<br \/>\r\n7100 Vejle                            <\/a> \r\n                        <\/div>\r\n       \t        \t       \t        \t<div class=\"bot-right\"><p><span>T:<\/span> <a href=\"tel:+45 88 72 80 23\">+45 88 72 80 23<\/a><br \/>\n<span>E:<\/span> <a href=\"mailto:dk.south@nagel-liller.dk\">dk.south@nagel-liller.dk<\/a><\/p>\n<p>&nbsp;<\/p>\n<\/div>\r\n       \t        <\/div>\r\n       \t               <\/div>\r\n       \t\t\r\n       <\/div>\r\n       \r\n             \r\n      [\/vc_column][\/vc_row]<\/p>\n<\/div>","protected":false},"excerpt":{"rendered":"<p>Nagel Liller A\/S r\u00e5der over tre strategisk placerede filialer, i henholdsvis Vejle, Struer og Ringsted. De<\/p>\n","protected":false},"author":26,"featured_media":12750,"parent":5804,"menu_order":99,"comment_status":"closed","ping_status":"closed","template":"","meta":{"_acf_changed":false,"inline_featured_image":false,"footnotes":""},"class_list":["post-12104","page","type-page","status-publish","has-post-thumbnail","hentry"],"acf":[],"yoast_head":"<!-- This site is optimized with the Yoast SEO plugin v26.8 - https:\/\/yoast.com\/product\/yoast-seo-wordpress\/ -->\n<title>Nagel Liller Locations - Nagel-Group<\/title>\n<meta name=\"description\" content=\"Nagel-Group Nagel Liller Locations -\" \/>\n<meta name=\"robots\" content=\"index, follow, max-snippet:-1, max-image-preview:large, max-video-preview:-1\" \/>\n<link rel=\"canonical\" href=\"https:\/\/www.nagel-group.com\/da\/nagel-danmark\/nagel-liller\/nagel-liller-locations\/\" \/>\n<meta property=\"og:locale\" content=\"da_DK\" \/>\n<meta property=\"og:type\" content=\"article\" \/>\n<meta property=\"og:title\" content=\"Nagel Liller Locations - Nagel-Group\" \/>\n<meta property=\"og:description\" content=\"Nagel-Group Nagel Liller Locations -\" \/>\n<meta property=\"og:url\" content=\"https:\/\/www.nagel-group.com\/da\/nagel-danmark\/nagel-liller\/nagel-liller-locations\/\" \/>\n<meta property=\"og:site_name\" content=\"Nagel-Group\" \/>\n<meta property=\"article:publisher\" content=\"https:\/\/www.facebook.com\/Nagel-Group-1686584368272784\" \/>\n<meta property=\"article:modified_time\" content=\"2025-08-07T14:09:32+00:00\" \/>\n<meta property=\"og:image\" content=\"https:\/\/www.nagel-group.com\/wp-content\/uploads\/2021\/07\/Nagel-Liller_Nagel-Group_Drohnenaufnahme_Lager.jpg\" \/>\n\t<meta property=\"og:image:width\" content=\"1920\" \/>\n\t<meta property=\"og:image:height\" content=\"587\" \/>\n\t<meta property=\"og:image:type\" content=\"image\/jpeg\" \/>\n<meta name=\"twitter:card\" content=\"summary_large_image\" \/>\n<meta name=\"twitter:site\" content=\"@NagelGroup\" \/>\n<meta name=\"twitter:label1\" content=\"Estimeret l\u00e6setid\" \/>\n\t<meta name=\"twitter:data1\" content=\"1 minut\" \/>\n<script type=\"application\/ld+json\" class=\"yoast-schema-graph\">{\"@context\":\"https:\/\/schema.org\",\"@graph\":[{\"@type\":\"WebPage\",\"@id\":\"https:\/\/www.nagel-group.com\/da\/nagel-danmark\/nagel-liller\/nagel-liller-locations\/\",\"url\":\"https:\/\/www.nagel-group.com\/da\/nagel-danmark\/nagel-liller\/nagel-liller-locations\/\",\"name\":\"Nagel Liller Locations - Nagel-Group\",\"isPartOf\":{\"@id\":\"https:\/\/www.nagel-group.com\/#website\"},\"primaryImageOfPage\":{\"@id\":\"https:\/\/www.nagel-group.com\/da\/nagel-danmark\/nagel-liller\/nagel-liller-locations\/#primaryimage\"},\"image\":{\"@id\":\"https:\/\/www.nagel-group.com\/da\/nagel-danmark\/nagel-liller\/nagel-liller-locations\/#primaryimage\"},\"thumbnailUrl\":\"https:\/\/www.nagel-group.com\/wp-content\/uploads\/2021\/07\/Nagel-Liller_Nagel-Group_Drohnenaufnahme_Lager.jpg\",\"datePublished\":\"2021-06-28T07:25:44+00:00\",\"dateModified\":\"2025-08-07T14:09:32+00:00\",\"description\":\"Nagel-Group Nagel Liller Locations -\",\"breadcrumb\":{\"@id\":\"https:\/\/www.nagel-group.com\/da\/nagel-danmark\/nagel-liller\/nagel-liller-locations\/#breadcrumb\"},\"inLanguage\":\"da-DK\",\"potentialAction\":[{\"@type\":\"ReadAction\",\"target\":[\"https:\/\/www.nagel-group.com\/da\/nagel-danmark\/nagel-liller\/nagel-liller-locations\/\"]}]},{\"@type\":\"ImageObject\",\"inLanguage\":\"da-DK\",\"@id\":\"https:\/\/www.nagel-group.com\/da\/nagel-danmark\/nagel-liller\/nagel-liller-locations\/#primaryimage\",\"url\":\"https:\/\/www.nagel-group.com\/wp-content\/uploads\/2021\/07\/Nagel-Liller_Nagel-Group_Drohnenaufnahme_Lager.jpg\",\"contentUrl\":\"https:\/\/www.nagel-group.com\/wp-content\/uploads\/2021\/07\/Nagel-Liller_Nagel-Group_Drohnenaufnahme_Lager.jpg\",\"width\":1920,\"height\":587},{\"@type\":\"BreadcrumbList\",\"@id\":\"https:\/\/www.nagel-group.com\/da\/nagel-danmark\/nagel-liller\/nagel-liller-locations\/#breadcrumb\",\"itemListElement\":[{\"@type\":\"ListItem\",\"position\":1,\"name\":\"Startseite\",\"item\":\"https:\/\/www.nagel-group.com\/\"},{\"@type\":\"ListItem\",\"position\":2,\"name\":\"Nagel Danmark\",\"item\":\"https:\/\/www.nagel-group.com\/da\/nagel-danmark\/\"},{\"@type\":\"ListItem\",\"position\":3,\"name\":\"Nagel Liller\",\"item\":\"https:\/\/www.nagel-group.com\/da\/?page_id=5804\"},{\"@type\":\"ListItem\",\"position\":4,\"name\":\"Nagel Liller Locations\"}]},{\"@type\":\"WebSite\",\"@id\":\"https:\/\/www.nagel-group.com\/#website\",\"url\":\"https:\/\/www.nagel-group.com\/\",\"name\":\"Nagel-Group\",\"description\":\"Connecting the world of food\u00ae\",\"publisher\":{\"@id\":\"https:\/\/www.nagel-group.com\/#organization\"},\"potentialAction\":[{\"@type\":\"SearchAction\",\"target\":{\"@type\":\"EntryPoint\",\"urlTemplate\":\"https:\/\/www.nagel-group.com\/?s={search_term_string}\"},\"query-input\":{\"@type\":\"PropertyValueSpecification\",\"valueRequired\":true,\"valueName\":\"search_term_string\"}}],\"inLanguage\":\"da-DK\"},{\"@type\":\"Organization\",\"@id\":\"https:\/\/www.nagel-group.com\/#organization\",\"name\":\"Nagel-Group\",\"url\":\"https:\/\/www.nagel-group.com\/\",\"logo\":{\"@type\":\"ImageObject\",\"inLanguage\":\"da-DK\",\"@id\":\"https:\/\/www.nagel-group.com\/#\/schema\/logo\/image\/\",\"url\":\"https:\/\/www.nagel-group.com\/wp-content\/uploads\/2020\/09\/Nagel-Group_Logo@2x.png\",\"contentUrl\":\"https:\/\/www.nagel-group.com\/wp-content\/uploads\/2020\/09\/Nagel-Group_Logo@2x.png\",\"width\":361,\"height\":100,\"caption\":\"Nagel-Group\"},\"image\":{\"@id\":\"https:\/\/www.nagel-group.com\/#\/schema\/logo\/image\/\"},\"sameAs\":[\"https:\/\/www.facebook.com\/Nagel-Group-1686584368272784\",\"https:\/\/x.com\/NagelGroup\",\"https:\/\/www.instagram.com\/nagelgroup\/\",\"https:\/\/www.linkedin.com\/company\/nagel-group\",\"https:\/\/de.wikipedia.org\/wiki\/Nagel-Group\"]}]}<\/script>\n<!-- \/ Yoast SEO plugin. -->","yoast_head_json":{"title":"Nagel Liller Locations - Nagel-Group","description":"Nagel-Group Nagel Liller Locations -","robots":{"index":"index","follow":"follow","max-snippet":"max-snippet:-1","max-image-preview":"max-image-preview:large","max-video-preview":"max-video-preview:-1"},"canonical":"https:\/\/www.nagel-group.com\/da\/nagel-danmark\/nagel-liller\/nagel-liller-locations\/","og_locale":"da_DK","og_type":"article","og_title":"Nagel Liller Locations - Nagel-Group","og_description":"Nagel-Group Nagel Liller Locations -","og_url":"https:\/\/www.nagel-group.com\/da\/nagel-danmark\/nagel-liller\/nagel-liller-locations\/","og_site_name":"Nagel-Group","article_publisher":"https:\/\/www.facebook.com\/Nagel-Group-1686584368272784","article_modified_time":"2025-08-07T14:09:32+00:00","og_image":[{"width":1920,"height":587,"url":"https:\/\/www.nagel-group.com\/wp-content\/uploads\/2021\/07\/Nagel-Liller_Nagel-Group_Drohnenaufnahme_Lager.jpg","type":"image\/jpeg"}],"twitter_card":"summary_large_image","twitter_site":"@NagelGroup","twitter_misc":{"Estimeret l\u00e6setid":"1 minut"},"schema":{"@context":"https:\/\/schema.org","@graph":[{"@type":"WebPage","@id":"https:\/\/www.nagel-group.com\/da\/nagel-danmark\/nagel-liller\/nagel-liller-locations\/","url":"https:\/\/www.nagel-group.com\/da\/nagel-danmark\/nagel-liller\/nagel-liller-locations\/","name":"Nagel Liller Locations - Nagel-Group","isPartOf":{"@id":"https:\/\/www.nagel-group.com\/#website"},"primaryImageOfPage":{"@id":"https:\/\/www.nagel-group.com\/da\/nagel-danmark\/nagel-liller\/nagel-liller-locations\/#primaryimage"},"image":{"@id":"https:\/\/www.nagel-group.com\/da\/nagel-danmark\/nagel-liller\/nagel-liller-locations\/#primaryimage"},"thumbnailUrl":"https:\/\/www.nagel-group.com\/wp-content\/uploads\/2021\/07\/Nagel-Liller_Nagel-Group_Drohnenaufnahme_Lager.jpg","datePublished":"2021-06-28T07:25:44+00:00","dateModified":"2025-08-07T14:09:32+00:00","description":"Nagel-Group Nagel Liller Locations -","breadcrumb":{"@id":"https:\/\/www.nagel-group.com\/da\/nagel-danmark\/nagel-liller\/nagel-liller-locations\/#breadcrumb"},"inLanguage":"da-DK","potentialAction":[{"@type":"ReadAction","target":["https:\/\/www.nagel-group.com\/da\/nagel-danmark\/nagel-liller\/nagel-liller-locations\/"]}]},{"@type":"ImageObject","inLanguage":"da-DK","@id":"https:\/\/www.nagel-group.com\/da\/nagel-danmark\/nagel-liller\/nagel-liller-locations\/#primaryimage","url":"https:\/\/www.nagel-group.com\/wp-content\/uploads\/2021\/07\/Nagel-Liller_Nagel-Group_Drohnenaufnahme_Lager.jpg","contentUrl":"https:\/\/www.nagel-group.com\/wp-content\/uploads\/2021\/07\/Nagel-Liller_Nagel-Group_Drohnenaufnahme_Lager.jpg","width":1920,"height":587},{"@type":"BreadcrumbList","@id":"https:\/\/www.nagel-group.com\/da\/nagel-danmark\/nagel-liller\/nagel-liller-locations\/#breadcrumb","itemListElement":[{"@type":"ListItem","position":1,"name":"Startseite","item":"https:\/\/www.nagel-group.com\/"},{"@type":"ListItem","position":2,"name":"Nagel Danmark","item":"https:\/\/www.nagel-group.com\/da\/nagel-danmark\/"},{"@type":"ListItem","position":3,"name":"Nagel Liller","item":"https:\/\/www.nagel-group.com\/da\/?page_id=5804"},{"@type":"ListItem","position":4,"name":"Nagel Liller Locations"}]},{"@type":"WebSite","@id":"https:\/\/www.nagel-group.com\/#website","url":"https:\/\/www.nagel-group.com\/","name":"Nagel-Group","description":"Connecting the world of food\u00ae","publisher":{"@id":"https:\/\/www.nagel-group.com\/#organization"},"potentialAction":[{"@type":"SearchAction","target":{"@type":"EntryPoint","urlTemplate":"https:\/\/www.nagel-group.com\/?s={search_term_string}"},"query-input":{"@type":"PropertyValueSpecification","valueRequired":true,"valueName":"search_term_string"}}],"inLanguage":"da-DK"},{"@type":"Organization","@id":"https:\/\/www.nagel-group.com\/#organization","name":"Nagel-Group","url":"https:\/\/www.nagel-group.com\/","logo":{"@type":"ImageObject","inLanguage":"da-DK","@id":"https:\/\/www.nagel-group.com\/#\/schema\/logo\/image\/","url":"https:\/\/www.nagel-group.com\/wp-content\/uploads\/2020\/09\/Nagel-Group_Logo@2x.png","contentUrl":"https:\/\/www.nagel-group.com\/wp-content\/uploads\/2020\/09\/Nagel-Group_Logo@2x.png","width":361,"height":100,"caption":"Nagel-Group"},"image":{"@id":"https:\/\/www.nagel-group.com\/#\/schema\/logo\/image\/"},"sameAs":["https:\/\/www.facebook.com\/Nagel-Group-1686584368272784","https:\/\/x.com\/NagelGroup","https:\/\/www.instagram.com\/nagelgroup\/","https:\/\/www.linkedin.com\/company\/nagel-group","https:\/\/de.wikipedia.org\/wiki\/Nagel-Group"]}]}},"_links":{"self":[{"href":"https:\/\/www.nagel-group.com\/da\/wp-json\/wp\/v2\/pages\/12104","targetHints":{"allow":["GET"]}}],"collection":[{"href":"https:\/\/www.nagel-group.com\/da\/wp-json\/wp\/v2\/pages"}],"about":[{"href":"https:\/\/www.nagel-group.com\/da\/wp-json\/wp\/v2\/types\/page"}],"author":[{"embeddable":true,"href":"https:\/\/www.nagel-group.com\/da\/wp-json\/wp\/v2\/users\/26"}],"replies":[{"embeddable":true,"href":"https:\/\/www.nagel-group.com\/da\/wp-json\/wp\/v2\/comments?post=12104"}],"version-history":[{"count":11,"href":"https:\/\/www.nagel-group.com\/da\/wp-json\/wp\/v2\/pages\/12104\/revisions"}],"predecessor-version":[{"id":49243,"href":"https:\/\/www.nagel-group.com\/da\/wp-json\/wp\/v2\/pages\/12104\/revisions\/49243"}],"up":[{"embeddable":true,"href":"https:\/\/www.nagel-group.com\/da\/wp-json\/wp\/v2\/pages\/5804"}],"wp:featuredmedia":[{"embeddable":true,"href":"https:\/\/www.nagel-group.com\/da\/wp-json\/wp\/v2\/media\/12750"}],"wp:attachment":[{"href":"https:\/\/www.nagel-group.com\/da\/wp-json\/wp\/v2\/media?parent=12104"}],"curies":[{"name":"wp","href":"https:\/\/api.w.org\/{rel}","templated":true}]}}