{"id":11772,"date":"2021-06-28T08:23:58","date_gmt":"2021-06-28T07:23:58","guid":{"rendered":"https:\/\/www.nagel-group.com\/?page_id=11772"},"modified":"2026-02-06T15:00:04","modified_gmt":"2026-02-06T14:00:04","slug":"nagel-liller-2","status":"publish","type":"page","link":"https:\/\/www.nagel-group.com\/da\/nagel-danmark\/nagel-liller-2\/","title":{"rendered":"Nagel Liller"},"content":{"rendered":"<div class=\"wpb-content-wrapper\"><p>[vc_row full_width=&#8221;stretch_row_content_no_spaces&#8221; el_class=&#8221;nag-location-banner&#8221;][vc_column]<div class=\"top-banner lazyload\" style=\"background-image:inherit;\" data-bg-image=\"url(https:\/\/www.nagel-group.com\/wp-content\/uploads\/2021\/07\/Nagel-Group_Nagel_Danmark_hh_lkw_hafen.jpg)\"><\/div>[\/vc_column][\/vc_row][vc_row el_class=&#8221;list&#8211;style nag-danmark-title&#8221;][vc_column][vc_column_text]<\/p>\n<h1>Nagel Liller<\/h1>\n<h2>F\u00f8devaredistribution i Danmark<\/h2>\n<p>Nagel Liller A\/S er f\u00f8rende inden for temperaturreguleret transport- og logistikl\u00f8sninger i Danmark. Vores kundetilpassede l\u00f8sninger inkluderer alt fra Full-load (FTL), Part-load (LTL) og distribution samt logistik og oplagring af mange typer dagligvarer.<\/p>\n<p>Energieffektivitet, b\u00e6redygtighed og reduktion af CO2-emissioner er en integreret del af dagligdagen ved Nagel Liller A\/S. L\u00e6s mere om vores CSR ambitioner <a href=\"https:\/\/www.nagel-group.com\/en\/sustainability\/\">her.<\/a><\/p>\n<p>Derudover er Nagel Liller A\/S en\u00a0 del af Nagel-Groups<a href=\"https:\/\/www.nagel-group.com\/da\/nagel-danmark\/nagel-danmark\/\"> internationale netv\u00e6rk<\/a>, hvor der yderligere kan tilbydes en bred vifte af services, inden for f\u00f8devarelogistik videre til hele Europa.[\/vc_column_text][\/vc_column][\/vc_row][vc_row el_class=&#8221;list&#8211;style nag&#8211;inner&#8211;c dan&#8211;mid&#8221;][vc_column]<div class=\"country--box\"><div class=\"small-cc\"><div class=\"each-c-box inherit\"><div class=\"content-c-tab\"><h3>Services<\/h3>\n<p>Din kompetente partner for alle logistikydelser i forsyningsk\u00e6den: Transport, distribution og oplagring.<\/p>\n<\/div><a class=\"box-c-link inherit\" href=\"https:\/\/www.nagel-group.com\/da\/nagel-danmark\/nagel-liller\/nagel-liller-services-2\/\">Mere<\/a><\/div><div class=\"each-c-box inherit\"><div class=\"content-c-tab\"><h3>Lokationer<\/h3>\n<p>Nagel Liller A\/S har tre filialer i Danmark. De er placeret i Vejle, Struer og Ringsted.<\/p>\n<\/div><a class=\"box-c-link inherit\" href=\"https:\/\/www.nagel-group.com\/da\/nagel-danmark\/nagel-liller\/nagel-liller-locations\/\">Mere<\/a><\/div><div class=\"each-c-box inherit\"><div class=\"content-c-tab\"><h3>Godkendelser<\/h3>\n<p>Oliesats, Almindelige betingelser, trafikplaner\/helligdagsplaner, downloads af godkendelser, kontrolrapporter og transportmateriel<\/p>\n<\/div><a class=\"box-c-link inherit\" href=\"https:\/\/www.nagel-group.com\/da\/nagel-danmark\/nagel-liller\/nagel-liller-downloads\/\">Mere<\/a><\/div><div class=\"each-c-box inherit\"><div class=\"content-c-tab\"><h3>InternetBooking<\/h3>\n<p>Log ind, og du kan starte med det samme \u2013 uden lange ventetider.<\/p>\n<\/div><a class=\"box-c-link inherit\" href=\"https:\/\/www.nagel-group.com\/da\/nagel-danmark\/nagel-liller\/nagel-liller-internetbooking\/\">Mere<\/a><\/div><div class=\"each-c-box inherit\"><div class=\"content-c-tab\"><h3>Kontakt<\/h3>\n<p>Har du sp\u00f8rgsm\u00e5l eller \u00f8nsker et tilbud? Find her hurtigt frem til den respektive ansvarlige kontaktperson.<\/p>\n<\/div><a class=\"box-c-link inherit\" href=\"https:\/\/www.nagel-group.com\/da\/nagel-danmark\/nagel-liller\/nagel-liller-kontakt\/\">Mere<\/a><\/div>\n<\/div><\/div>[\/vc_column][\/vc_row]<\/p>\n<\/div>","protected":false},"excerpt":{"rendered":"<p> Nagel Liller F\u00f8devaredistribution i Danmark Nagel Liller A\/S er f\u00f8rende inden for temperaturreguleret transport- og<\/p>\n","protected":false},"author":26,"featured_media":12719,"parent":5785,"menu_order":183,"comment_status":"closed","ping_status":"closed","template":"","meta":{"_acf_changed":false,"inline_featured_image":false,"footnotes":""},"class_list":["post-11772","page","type-page","status-publish","has-post-thumbnail","hentry"],"acf":[],"yoast_head":"<!-- This site is optimized with the Yoast SEO plugin v26.8 - https:\/\/yoast.com\/product\/yoast-seo-wordpress\/ -->\n<title>Nagel Liller - Nagel-Group<\/title>\n<meta name=\"description\" content=\"Nagel-Group Nagel Liller -\" \/>\n<meta name=\"robots\" content=\"index, follow, max-snippet:-1, max-image-preview:large, max-video-preview:-1\" \/>\n<link rel=\"canonical\" href=\"https:\/\/www.nagel-group.com\/da\/nagel-danmark\/nagel-liller-2\/\" \/>\n<meta property=\"og:locale\" content=\"da_DK\" \/>\n<meta property=\"og:type\" content=\"article\" \/>\n<meta property=\"og:title\" content=\"Nagel Liller - Nagel-Group\" \/>\n<meta property=\"og:description\" content=\"Nagel-Group Nagel Liller -\" \/>\n<meta property=\"og:url\" content=\"https:\/\/www.nagel-group.com\/da\/nagel-danmark\/nagel-liller-2\/\" \/>\n<meta property=\"og:site_name\" content=\"Nagel-Group\" \/>\n<meta property=\"article:publisher\" content=\"https:\/\/www.facebook.com\/Nagel-Group-1686584368272784\" \/>\n<meta property=\"article:modified_time\" content=\"2026-02-06T14:00:04+00:00\" \/>\n<meta property=\"og:image\" content=\"https:\/\/www.nagel-group.com\/wp-content\/uploads\/2021\/07\/Nagel-Group_Nagel_Danmark_hh_lkw_hafen.jpg\" \/>\n\t<meta property=\"og:image:width\" content=\"1920\" \/>\n\t<meta property=\"og:image:height\" content=\"587\" \/>\n\t<meta property=\"og:image:type\" content=\"image\/jpeg\" \/>\n<meta name=\"twitter:card\" content=\"summary_large_image\" \/>\n<meta name=\"twitter:site\" content=\"@NagelGroup\" \/>\n<meta name=\"twitter:label1\" content=\"Estimeret l\u00e6setid\" \/>\n\t<meta name=\"twitter:data1\" content=\"1 minut\" \/>\n<script type=\"application\/ld+json\" class=\"yoast-schema-graph\">{\"@context\":\"https:\/\/schema.org\",\"@graph\":[{\"@type\":\"WebPage\",\"@id\":\"https:\/\/www.nagel-group.com\/da\/nagel-danmark\/nagel-liller-2\/\",\"url\":\"https:\/\/www.nagel-group.com\/da\/nagel-danmark\/nagel-liller-2\/\",\"name\":\"Nagel Liller - Nagel-Group\",\"isPartOf\":{\"@id\":\"https:\/\/www.nagel-group.com\/#website\"},\"primaryImageOfPage\":{\"@id\":\"https:\/\/www.nagel-group.com\/da\/nagel-danmark\/nagel-liller-2\/#primaryimage\"},\"image\":{\"@id\":\"https:\/\/www.nagel-group.com\/da\/nagel-danmark\/nagel-liller-2\/#primaryimage\"},\"thumbnailUrl\":\"https:\/\/www.nagel-group.com\/wp-content\/uploads\/2021\/07\/Nagel-Group_Nagel_Danmark_hh_lkw_hafen.jpg\",\"datePublished\":\"2021-06-28T07:23:58+00:00\",\"dateModified\":\"2026-02-06T14:00:04+00:00\",\"description\":\"Nagel-Group Nagel Liller -\",\"breadcrumb\":{\"@id\":\"https:\/\/www.nagel-group.com\/da\/nagel-danmark\/nagel-liller-2\/#breadcrumb\"},\"inLanguage\":\"da-DK\",\"potentialAction\":[{\"@type\":\"ReadAction\",\"target\":[\"https:\/\/www.nagel-group.com\/da\/nagel-danmark\/nagel-liller-2\/\"]}]},{\"@type\":\"ImageObject\",\"inLanguage\":\"da-DK\",\"@id\":\"https:\/\/www.nagel-group.com\/da\/nagel-danmark\/nagel-liller-2\/#primaryimage\",\"url\":\"https:\/\/www.nagel-group.com\/wp-content\/uploads\/2021\/07\/Nagel-Group_Nagel_Danmark_hh_lkw_hafen.jpg\",\"contentUrl\":\"https:\/\/www.nagel-group.com\/wp-content\/uploads\/2021\/07\/Nagel-Group_Nagel_Danmark_hh_lkw_hafen.jpg\",\"width\":1920,\"height\":587},{\"@type\":\"BreadcrumbList\",\"@id\":\"https:\/\/www.nagel-group.com\/da\/nagel-danmark\/nagel-liller-2\/#breadcrumb\",\"itemListElement\":[{\"@type\":\"ListItem\",\"position\":1,\"name\":\"Startseite\",\"item\":\"https:\/\/www.nagel-group.com\/\"},{\"@type\":\"ListItem\",\"position\":2,\"name\":\"Nagel Danmark\",\"item\":\"https:\/\/www.nagel-group.com\/da\/nagel-danmark\/\"},{\"@type\":\"ListItem\",\"position\":3,\"name\":\"Nagel Liller\"}]},{\"@type\":\"WebSite\",\"@id\":\"https:\/\/www.nagel-group.com\/#website\",\"url\":\"https:\/\/www.nagel-group.com\/\",\"name\":\"Nagel-Group\",\"description\":\"Connecting the world of food\u00ae\",\"publisher\":{\"@id\":\"https:\/\/www.nagel-group.com\/#organization\"},\"potentialAction\":[{\"@type\":\"SearchAction\",\"target\":{\"@type\":\"EntryPoint\",\"urlTemplate\":\"https:\/\/www.nagel-group.com\/?s={search_term_string}\"},\"query-input\":{\"@type\":\"PropertyValueSpecification\",\"valueRequired\":true,\"valueName\":\"search_term_string\"}}],\"inLanguage\":\"da-DK\"},{\"@type\":\"Organization\",\"@id\":\"https:\/\/www.nagel-group.com\/#organization\",\"name\":\"Nagel-Group\",\"url\":\"https:\/\/www.nagel-group.com\/\",\"logo\":{\"@type\":\"ImageObject\",\"inLanguage\":\"da-DK\",\"@id\":\"https:\/\/www.nagel-group.com\/#\/schema\/logo\/image\/\",\"url\":\"https:\/\/www.nagel-group.com\/wp-content\/uploads\/2020\/09\/Nagel-Group_Logo@2x.png\",\"contentUrl\":\"https:\/\/www.nagel-group.com\/wp-content\/uploads\/2020\/09\/Nagel-Group_Logo@2x.png\",\"width\":361,\"height\":100,\"caption\":\"Nagel-Group\"},\"image\":{\"@id\":\"https:\/\/www.nagel-group.com\/#\/schema\/logo\/image\/\"},\"sameAs\":[\"https:\/\/www.facebook.com\/Nagel-Group-1686584368272784\",\"https:\/\/x.com\/NagelGroup\",\"https:\/\/www.instagram.com\/nagelgroup\/\",\"https:\/\/www.linkedin.com\/company\/nagel-group\",\"https:\/\/de.wikipedia.org\/wiki\/Nagel-Group\"]}]}<\/script>\n<!-- \/ Yoast SEO plugin. -->","yoast_head_json":{"title":"Nagel Liller - Nagel-Group","description":"Nagel-Group Nagel Liller -","robots":{"index":"index","follow":"follow","max-snippet":"max-snippet:-1","max-image-preview":"max-image-preview:large","max-video-preview":"max-video-preview:-1"},"canonical":"https:\/\/www.nagel-group.com\/da\/nagel-danmark\/nagel-liller-2\/","og_locale":"da_DK","og_type":"article","og_title":"Nagel Liller - Nagel-Group","og_description":"Nagel-Group Nagel Liller -","og_url":"https:\/\/www.nagel-group.com\/da\/nagel-danmark\/nagel-liller-2\/","og_site_name":"Nagel-Group","article_publisher":"https:\/\/www.facebook.com\/Nagel-Group-1686584368272784","article_modified_time":"2026-02-06T14:00:04+00:00","og_image":[{"width":1920,"height":587,"url":"https:\/\/www.nagel-group.com\/wp-content\/uploads\/2021\/07\/Nagel-Group_Nagel_Danmark_hh_lkw_hafen.jpg","type":"image\/jpeg"}],"twitter_card":"summary_large_image","twitter_site":"@NagelGroup","twitter_misc":{"Estimeret l\u00e6setid":"1 minut"},"schema":{"@context":"https:\/\/schema.org","@graph":[{"@type":"WebPage","@id":"https:\/\/www.nagel-group.com\/da\/nagel-danmark\/nagel-liller-2\/","url":"https:\/\/www.nagel-group.com\/da\/nagel-danmark\/nagel-liller-2\/","name":"Nagel Liller - Nagel-Group","isPartOf":{"@id":"https:\/\/www.nagel-group.com\/#website"},"primaryImageOfPage":{"@id":"https:\/\/www.nagel-group.com\/da\/nagel-danmark\/nagel-liller-2\/#primaryimage"},"image":{"@id":"https:\/\/www.nagel-group.com\/da\/nagel-danmark\/nagel-liller-2\/#primaryimage"},"thumbnailUrl":"https:\/\/www.nagel-group.com\/wp-content\/uploads\/2021\/07\/Nagel-Group_Nagel_Danmark_hh_lkw_hafen.jpg","datePublished":"2021-06-28T07:23:58+00:00","dateModified":"2026-02-06T14:00:04+00:00","description":"Nagel-Group Nagel Liller -","breadcrumb":{"@id":"https:\/\/www.nagel-group.com\/da\/nagel-danmark\/nagel-liller-2\/#breadcrumb"},"inLanguage":"da-DK","potentialAction":[{"@type":"ReadAction","target":["https:\/\/www.nagel-group.com\/da\/nagel-danmark\/nagel-liller-2\/"]}]},{"@type":"ImageObject","inLanguage":"da-DK","@id":"https:\/\/www.nagel-group.com\/da\/nagel-danmark\/nagel-liller-2\/#primaryimage","url":"https:\/\/www.nagel-group.com\/wp-content\/uploads\/2021\/07\/Nagel-Group_Nagel_Danmark_hh_lkw_hafen.jpg","contentUrl":"https:\/\/www.nagel-group.com\/wp-content\/uploads\/2021\/07\/Nagel-Group_Nagel_Danmark_hh_lkw_hafen.jpg","width":1920,"height":587},{"@type":"BreadcrumbList","@id":"https:\/\/www.nagel-group.com\/da\/nagel-danmark\/nagel-liller-2\/#breadcrumb","itemListElement":[{"@type":"ListItem","position":1,"name":"Startseite","item":"https:\/\/www.nagel-group.com\/"},{"@type":"ListItem","position":2,"name":"Nagel Danmark","item":"https:\/\/www.nagel-group.com\/da\/nagel-danmark\/"},{"@type":"ListItem","position":3,"name":"Nagel Liller"}]},{"@type":"WebSite","@id":"https:\/\/www.nagel-group.com\/#website","url":"https:\/\/www.nagel-group.com\/","name":"Nagel-Group","description":"Connecting the world of food\u00ae","publisher":{"@id":"https:\/\/www.nagel-group.com\/#organization"},"potentialAction":[{"@type":"SearchAction","target":{"@type":"EntryPoint","urlTemplate":"https:\/\/www.nagel-group.com\/?s={search_term_string}"},"query-input":{"@type":"PropertyValueSpecification","valueRequired":true,"valueName":"search_term_string"}}],"inLanguage":"da-DK"},{"@type":"Organization","@id":"https:\/\/www.nagel-group.com\/#organization","name":"Nagel-Group","url":"https:\/\/www.nagel-group.com\/","logo":{"@type":"ImageObject","inLanguage":"da-DK","@id":"https:\/\/www.nagel-group.com\/#\/schema\/logo\/image\/","url":"https:\/\/www.nagel-group.com\/wp-content\/uploads\/2020\/09\/Nagel-Group_Logo@2x.png","contentUrl":"https:\/\/www.nagel-group.com\/wp-content\/uploads\/2020\/09\/Nagel-Group_Logo@2x.png","width":361,"height":100,"caption":"Nagel-Group"},"image":{"@id":"https:\/\/www.nagel-group.com\/#\/schema\/logo\/image\/"},"sameAs":["https:\/\/www.facebook.com\/Nagel-Group-1686584368272784","https:\/\/x.com\/NagelGroup","https:\/\/www.instagram.com\/nagelgroup\/","https:\/\/www.linkedin.com\/company\/nagel-group","https:\/\/de.wikipedia.org\/wiki\/Nagel-Group"]}]}},"_links":{"self":[{"href":"https:\/\/www.nagel-group.com\/da\/wp-json\/wp\/v2\/pages\/11772","targetHints":{"allow":["GET"]}}],"collection":[{"href":"https:\/\/www.nagel-group.com\/da\/wp-json\/wp\/v2\/pages"}],"about":[{"href":"https:\/\/www.nagel-group.com\/da\/wp-json\/wp\/v2\/types\/page"}],"author":[{"embeddable":true,"href":"https:\/\/www.nagel-group.com\/da\/wp-json\/wp\/v2\/users\/26"}],"replies":[{"embeddable":true,"href":"https:\/\/www.nagel-group.com\/da\/wp-json\/wp\/v2\/comments?post=11772"}],"version-history":[{"count":38,"href":"https:\/\/www.nagel-group.com\/da\/wp-json\/wp\/v2\/pages\/11772\/revisions"}],"predecessor-version":[{"id":49239,"href":"https:\/\/www.nagel-group.com\/da\/wp-json\/wp\/v2\/pages\/11772\/revisions\/49239"}],"up":[{"embeddable":true,"href":"https:\/\/www.nagel-group.com\/da\/wp-json\/wp\/v2\/pages\/5785"}],"wp:featuredmedia":[{"embeddable":true,"href":"https:\/\/www.nagel-group.com\/da\/wp-json\/wp\/v2\/media\/12719"}],"wp:attachment":[{"href":"https:\/\/www.nagel-group.com\/da\/wp-json\/wp\/v2\/media?parent=11772"}],"curies":[{"name":"wp","href":"https:\/\/api.w.org\/{rel}","templated":true}]}}